{"id":3419,"date":"2020-08-08T07:09:46","date_gmt":"2020-08-08T07:09:46","guid":{"rendered":"http:\/\/filliers.wpengine.com\/our-distillery-2\/craftmanship-2\/"},"modified":"2024-09-26T07:15:02","modified_gmt":"2024-09-26T07:15:02","slug":"craftmanship-2","status":"publish","type":"page","link":"https:\/\/filliersdistillery.com\/fr\/our-distillery-2\/craftmanship-2\/","title":{"rendered":"Notre Artisanat"},"content":{"rendered":"<section class=\"c-hero c-hero--left \" id=\"hero-block_5f317c804c29c\" data-aos=\"fade-up\">\n\t<div class=\"c-hero__slider\">\n\t\t<div class=\"swiper-container c-hero__swiper\">\n\t\t\t<div class=\"swiper-wrapper\">\n\n\t\t\t\t\t\t\t\t<div class=\"swiper-slide\">\n\n\t\t\t\t\t\t\t\t\t\t<div class=\"c-hero__slider-image\">\n\t\t\t\t\t\t\n\t\t\n\t<picture>\n\t\t\t\t\t<source media=\"(min-width: 768px)\" data-srcset=\"https:\/\/filliersdistillery.com\/wp-content\/uploads\/2020\/09\/Filliers-een-site-drie-stokerijen-800x0-c-default.webp 1x, https:\/\/filliersdistillery.com\/wp-content\/uploads\/2020\/09\/Filliers-een-site-drie-stokerijen-1600x0-c-default.webp 2x\" \/>\n\t\t\t\t\t\t\t<source media=\"(min-width: 480px)\" data-srcset=\"https:\/\/filliersdistillery.com\/wp-content\/uploads\/2020\/09\/Filliers-een-site-drie-stokerijen-400x0-c-default.webp 1x, https:\/\/filliersdistillery.com\/wp-content\/uploads\/2020\/09\/Filliers-een-site-drie-stokerijen-800x0-c-default.webp 2x\" \/>\n\t\t\t<img class=\"swiper-lazy\" data-src=\"https:\/\/filliersdistillery.com\/wp-content\/uploads\/2020\/09\/Filliers-een-site-drie-stokerijen.jpg\" alt=\"\" \/>\n\t\t\t<\/picture>\n\n\t\t\t\t\t<\/div>\n\t\t\t\t\t\t\t\t\t\t\n\n\t\t\t\t\t<div class=\"c-hero__slider-space\"><\/div>\n\t\t\t\t\t<div class=\"c-hero__slider-content\">\n\t\t\t\t\t\t<div class=\"container\">\n\t\t\t\t\t\t\t\t\t\t\t\t\t\t\t\t\t\t\t\t\t<h1 class=\"c-hero__slider-title\">Un site, <br \/>trois distilleries<\/h1>\n\t\t\t\t\t\t\t\t\t\t\t\t\t\t\t\t\t\t\t\t\t\t\t\t\t\t\t<\/div>\n\t\t\t\t\t<\/div>\n\t\t\t\t<\/div>\n\t\t\t\t\t\t\t<\/div>\n\n\t\t\t<div class=\"c-hero__slider-nav\">\n\t\t\t\t<div class=\"c-hero__slider-nav-container\">\n\n\t\t\t\t\t<div class=\"swiper-scrollbar\"><\/div>\n\t\t\t\t\t<div class=\"c-hero__slider-nav-controls\">\n\t\t\t\t\t\t<div class=\"swiper-fraction\"><\/div>\n\t\t\t\t\t\t<div class=\"swiper-titles\">\n\t\t\t\t\t\t\t\t\t\t\t\t\t\t<div class=\"swiper-title swiper-title--active\" data-index=\"0\">Un site, <br \/>trois distilleries<\/div>\n\t\t\t\t\t\t\t\t\t\t\t\t\t<\/div>\n\t\t\t\t\t\t<div class=\"swiper-buttons\">\n\t\t\t\t\t\t\t<div class=\"swiper-button-prev\">\n\t\t\t\t\t\t\t\t<svg viewbox=\"0 0 16 16\">\n\t\t\t\t\t\t\t\t\t<use xlink:href=\"#circle-chevron-left\"><\/use>\n\t\t\t\t\t\t\t\t<\/svg>\n\t\t\t\t\t\t\t<\/div>\n\t\t\t\t\t\t\t<div class=\"swiper-button-next\">\n\t\t\t\t\t\t\t\t<svg viewbox=\"0 0 16 16\">\n\t\t\t\t\t\t\t\t\t<use xlink:href=\"#circle-chevron-right\"><\/use>\n\t\t\t\t\t\t\t\t<\/svg>\n\t\t\t\t\t\t\t<\/div>\n\t\t\t\t\t\t<\/div>\n\t\t\t\t\t<\/div>\n\t\t\t\t<\/div>\n\t\t\t<\/div>\n\n\t\t<\/div>\n\t<\/div>\n\n\n\t\t<a class=\"c-next-link c-next-link__center\" href=\"#meesterstokers\">\n\t\t<svg viewbox=\"0 0 20 20\">\n\t\t\t<use xlink:href=\"#arrow-down\"><\/use>\n\t\t<\/svg>\n\t<\/a>\n\t\n<\/section>\n\n\n\n\n<section class=\"c-pagenav \" id=\"pagenav-block_5f3181319061b\" data-aos=\"fade-up\">\n  <div class=\"container\">\n    <div class=\"c-pagenav__list c-pagenav__list--left\">\n            <div class=\"c-pagenav__item\">\n        <a class=\"c-pagenav__arrow\" href=\"#meesterstokers\">\n          <svg viewbox=\"0 0 20 20\">\n            <use xlink:href=\"#arrow-down-black\"><\/use>\n          <\/svg>\n        <\/a>\n      <\/div>\n            \n            <div class=\"c-pagenav__item\">\n        <a href=\"#meesterstokers\">Six g\u00e9n\u00e9rations de ma\u00eetres distillateurs<\/a>\n      <\/div>\n            <div class=\"c-pagenav__item\">\n        <a href=\"#drie-stokerijen\">Trois distilleries<\/a>\n      <\/div>\n            <div class=\"c-pagenav__item\">\n        <a href=\"#rijpen-op-vat\">Vieillissement en barriques<\/a>\n      <\/div>\n          <\/div>\n  <\/div>\n<\/section>\n\n\n\n\n<section class=\"c-master-distillers \" id=\"meesterstokers\">\n\t<div class=\"container\" data-aos=\"fade-up\">\n\t\t<div class=\"c-master-distillers__row\">\n\t\t\t<div class=\"c-master-distillers__col\">\n\t\t\t\t\t\t\t<picture class=\"c-intro-home__pic-2\">\n\t\t\t\t\t<img class=\"c-lazy\" data-src=\"https:\/\/filliersdistillery.com\/wp-content\/uploads\/2020\/08\/craftmanship-photo-1.jpg\" alt=\"\"\/>\n\t\t\t\t<\/picture>\n\t\t\t\t\t\t<\/div>\n\t\t\t<div class=\"c-master-distillers__col\">\n\t\t\t\t<div class=\"c-master-distillers__text\">\n\t\t\t\t\t\t\t\t\t\t<h2>Six g\u00e9n\u00e9rations de ma\u00eetres distillateurs<\/h2>\n\t\t\t\t\t\t\t\t\t\t\t\t\t\t\t<p>Les six g\u00e9n\u00e9rations ont chacune laiss\u00e9 leur ADN et ont contribu\u00e9 \u00e0 l&rsquo;entreprise avec ses trois distilleries.<\/p>\r\nLes recettes secr\u00e8tes parlent imm\u00e9diatement \u00e0 l&rsquo;imagination. Mais les connaissances et le savoir-faire accumul\u00e9s sont tout aussi importants.<\/p>\n\t\t\t\t\t\t\t\t\t<\/div>\n\t\t\t\t\t\t\t\t<picture class=\"c-intro-home__pic-2\">\n\t\t\t\t\t<img class=\"c-lazy\" data-src=\"https:\/\/filliersdistillery.com\/wp-content\/uploads\/2020\/08\/craftmanship-photo-2.jpg\" alt=\"\"\/>\n\t\t\t\t<\/picture>\n\t\t\t\t\t\t<\/div>\n\t\t<\/div>\n\t<\/div>\n<\/section>\n\n\n\n\n<section class=\"c-visit c-visit--inverse\" id=\"drie-stokerijen\">\n\t<div class=\"c-visit__row\" data-aos=\"fade-up\">\n\t\t<div class=\"c-visit__col c-visit__col--left\">\n\t\t\t<div class=\"c-visit__inner c-visit__inner--left\">\n\t\t\t\t<div class=\"c-visit__head\">\n\t\t\t\t\t\t\t\t\t\t\t\t\t\t\t<h3>Trois distilleries<\/h3>\n\t\t\t\t\t\t\t\t\t<\/div>\n\t\t\t\t<div class=\"c-visit__desc\">\n\t\t\t\t\t<p>Filliers Distillery compte trois distilleries diff\u00e9rentes, une pour le gin, une pour le geni\u00e8vre et une pour le whisky. Ce qui est unique en Belgique. Bien que ces boissons pr\u00e9sentent de nombreuses similitudes, de nombreuses diff\u00e9rences peuvent \u00e9galement \u00eatre observ\u00e9es. Ces spiritueux passent, par cons\u00e9quent, chacun par leur propre processus.<\/p>\n\n\t\t\t\t\t<div class=\"c-visit__action\">\n\t\t\t\t\t\t\t\t\t\t<\/div>\n\t\t\t\t<\/div>\n\t\t\t<\/div>\n\t\t<\/div>\n\t\t<div class=\"c-visit__col c-visit__col--right\">\n\t\t\t<div class=\"c-visit__inner c-visit__inner--right\">\n\n\t\t\t\t<div class=\"c-visit__slider\">\n\t\t\t\t\t<div class=\"swiper-container c-visit__swiper\">\n\n\t\t\t\t\t\t<div class=\"swiper-wrapper\">\n\t\t\t\t\t\n\t\t\t\t\t\t\t\t\t\t\t\t\t\t<div class=\"swiper-slide\">\n\t\t\t\t\t\t\t\t\t\t\t\t\t\t\t\t\t<picture class=\"c-intro-home__pic-1\">\n\t\t\t\t\t\t\t\t\t\t<source media=\"(min-width: 600px)\" data-srcset=\"https:\/\/filliersdistillery.com\/wp-content\/uploads\/2020\/09\/filliers-drie-stokerijen-1-1.webp\" \/>\n\t\t\t\t\t\t\t\t\t\t<img class=\"c-lazy\" data-src=\"https:\/\/filliersdistillery.com\/wp-content\/uploads\/2020\/09\/filliers-drie-stokerijen-1-1-768x508.webp\" \n\t\t\t\t\t\t\t\t\t\talt=\"\"\/>\n\t\t\t\t\t\t\t\t\t<\/picture>\n\t\t\t\t\t\t\t\t\t\t\t\t\t\t\t\t\t<p class=\"c-visit__slide-footnote\">Distillerie de whisky<\/p>\n\t\t\t\t\t\t\t\t\t\t\t\t\t\t\t<\/div>\n\t\t\t\t\t\t\t\t\t\t\t\t\t\t<div class=\"swiper-slide\">\n\t\t\t\t\t\t\t\t\t\t\t\t\t\t\t\t\t<picture class=\"c-intro-home__pic-1\">\n\t\t\t\t\t\t\t\t\t\t<source media=\"(min-width: 600px)\" data-srcset=\"https:\/\/filliersdistillery.com\/wp-content\/uploads\/2020\/09\/filliers-drie-stokerijen-2-1.webp\" \/>\n\t\t\t\t\t\t\t\t\t\t<img class=\"c-lazy\" data-src=\"https:\/\/filliersdistillery.com\/wp-content\/uploads\/2020\/09\/filliers-drie-stokerijen-2-1-768x508.webp\" \n\t\t\t\t\t\t\t\t\t\talt=\"\"\/>\n\t\t\t\t\t\t\t\t\t<\/picture>\n\t\t\t\t\t\t\t\t\t\t\t\t\t\t\t\t\t<p class=\"c-visit__slide-footnote\">Distillerie de geni\u00e8vre<\/p>\n\t\t\t\t\t\t\t\t\t\t\t\t\t\t\t<\/div>\n\t\t\t\t\t\t\t\t\t\t\t\t\t\t<div class=\"swiper-slide\">\n\t\t\t\t\t\t\t\t\t\t\t\t\t\t\t\t\t<picture class=\"c-intro-home__pic-1\">\n\t\t\t\t\t\t\t\t\t\t<source media=\"(min-width: 600px)\" data-srcset=\"https:\/\/filliersdistillery.com\/wp-content\/uploads\/2020\/09\/filliers-drie-stokerijen-3-1.webp\" \/>\n\t\t\t\t\t\t\t\t\t\t<img class=\"c-lazy\" data-src=\"https:\/\/filliersdistillery.com\/wp-content\/uploads\/2020\/09\/filliers-drie-stokerijen-3-1-768x508.webp\" \n\t\t\t\t\t\t\t\t\t\talt=\"\"\/>\n\t\t\t\t\t\t\t\t\t<\/picture>\n\t\t\t\t\t\t\t\t\t\t\t\t\t\t\t\t\t<p class=\"c-visit__slide-footnote\">Distillerie de gin<\/p>\n\t\t\t\t\t\t\t\t\t\t\t\t\t\t\t<\/div>\n\t\t\t\t\t\t\t\t\t\t\t\t\t<\/div>\n\t\t\t\t\t\t<div class=\"swiper__nav swiper__nav--inverse\">\n\t\t\t\t\t\t\t<div class=\"swiper-fraction\"><\/div>\n\t\t\t\t\t\t\t<div class=\"swiper-scrollbar\"><\/div>\n\t\t\t\t\t\t\t<div class=\"swiper__nav-buttons\">\n\t\t\t\t\t\t\t\t\n\t\t\t\t\t\t\t\t\t\t\t\t\t\t\t\t<div class=\"swiper-button-prev\">\n\t\t\t\t\t\t\t\t\t<svg viewbox=\"0 0 16 16\">\n\t\t\t\t\t\t\t\t\t\t<use xlink:href=\"#icon-chevron-right-circle-black\"><\/use>\n\t\t\t\t\t\t\t\t\t<\/svg>\n\t\t\t\t\t\t\t\t<\/div>\n\t\t\t\t\t\t\t\t<div class=\"swiper-button-next\">\n\t\t\t\t\t\t\t\t\t<svg viewbox=\"0 0 16 16\">\n\t\t\t\t\t\t\t\t\t\t<use xlink:href=\"#icon-chevron-right-circle-black\"><\/use>\n\t\t\t\t\t\t\t\t\t<\/svg>\n\t\t\t\t\t\t\t\t<\/div>\n\t\t\t\t\t\t\t\t\t\t\t\t\t\t\t<\/div>\n\t\t\t\t\t\t<\/div>\n\t\t\t\t\t<\/div>\n\t\t\t\t<\/div>\n\n\t\t\t<\/div>\n\t\t<\/div>\n\t<\/div>\n\t<div class=\"c-visit__footer\">\n\t\t<div class=\"c-visit__desc\">\n\t\t\t<p>Filliers Distillery compte trois distilleries diff\u00e9rentes, une pour le gin, une pour le geni\u00e8vre et une pour le whisky. Ce qui est unique en Belgique. Bien que ces boissons pr\u00e9sentent de nombreuses similitudes, de nombreuses diff\u00e9rences peuvent \u00e9galement \u00eatre observ\u00e9es. Ces spiritueux passent, par cons\u00e9quent, chacun par leur propre processus.<\/p>\n\n\t\t\t<div class=\"c-visit__action\">\n\t\t\t\t\t\t<\/div>\n\t\t<\/div>\n\t<\/div>\n<\/section>\n\n\n\n\n<section class=\"c-videos \" id=\"videos-block_5f32670367b31\" data-aos=\"fade-up\">\n\t<div class=\"container\">\n\t\t<div class=\"c-videos__row\">\n\t\t\n\t\t\t\t\t<div class=\"c-videos__col\">\n\t\t\t\t<div class=\"c-video-card\">\n\t\t\t\t\t<a href=\"https:\/\/filliersdistillery.com\/wp-content\/uploads\/2023\/02\/jenever-frans.mp4\" class=\"glightbox\">\n\t\t\t\t\t\t\t\t\t\t\t\t<picture class=\"c-video-card__poster\">\n\t\t\t\t\t\t\t<img class=\"c-lazy\" data-src=\"https:\/\/filliersdistillery.com\/wp-content\/uploads\/2020\/10\/Tekengebied-1-1.jpg\" alt=\"\" \/>\n\t\t\t\t\t\t<\/picture>\n\t\t\t\t\t\t\t\t\t\t\t\t<div class=\"c-video-card__icon\">\n\t\t\t\t\t\t\t<svg viewbox=\"0 0 72 72\">\n\t\t\t\t\t\t\t\t<use xlink:href=\"#icon-play\"><\/use>\n\t\t\t\t\t\t\t<\/svg>\n\t\t\t\t\t\t<\/div>\n\t\t\t\t\t\t<div class=\"c-video-card__text\">\n\t\t\t\t\t\t\t\t\t\t\t\t\t\t<h4>Geni\u00e8vre<\/h4>\n\t\t\t\t\t\t\t\t\t\t\t\t\t\t\t\t\t\t\t\t\t<p>D\u00e9couvrez comment sont fabriqu\u00e9s nos geni\u00e8vres.<\/p>\n\t\t\t\t\t\t\t\t\t\t\t\t\t<\/div>\n\t\t\t\t\t<\/a>\n\t\t\t\t<\/div>\n\t\t\t\t\t\t\t<\/div>\t\n\t\t\t\t\t<div class=\"c-videos__col\">\n\t\t\t\t<div class=\"c-video-card\">\n\t\t\t\t\t<a href=\"https:\/\/filliersdistillery.com\/wp-content\/uploads\/2023\/02\/gin-frans-1.mp4\" class=\"glightbox\">\n\t\t\t\t\t\t\t\t\t\t\t\t<picture class=\"c-video-card__poster\">\n\t\t\t\t\t\t\t<img class=\"c-lazy\" data-src=\"https:\/\/filliersdistillery.com\/wp-content\/uploads\/2020\/09\/Tekengebied-3-1.jpg\" alt=\"\" \/>\n\t\t\t\t\t\t<\/picture>\n\t\t\t\t\t\t\t\t\t\t\t\t<div class=\"c-video-card__icon\">\n\t\t\t\t\t\t\t<svg viewbox=\"0 0 72 72\">\n\t\t\t\t\t\t\t\t<use xlink:href=\"#icon-play\"><\/use>\n\t\t\t\t\t\t\t<\/svg>\n\t\t\t\t\t\t<\/div>\n\t\t\t\t\t\t<div class=\"c-video-card__text\">\n\t\t\t\t\t\t\t\t\t\t\t\t\t\t<h4>Gin<\/h4>\n\t\t\t\t\t\t\t\t\t\t\t\t\t\t\t\t\t\t\t\t\t<p>Comment notre gin est-il produit?<\/p>\n\t\t\t\t\t\t\t\t\t\t\t\t\t<\/div>\n\t\t\t\t\t<\/a>\n\t\t\t\t<\/div>\n\t\t\t\t\t\t\t<\/div>\t\n\t\t\t\t\t<div class=\"c-videos__col\">\n\t\t\t\t<div class=\"c-video-card\">\n\t\t\t\t\t<a href=\"https:\/\/filliersdistillery.com\/wp-content\/uploads\/2023\/02\/whiskey-frans.mp4\" class=\"glightbox\">\n\t\t\t\t\t\t\t\t\t\t\t\t<picture class=\"c-video-card__poster\">\n\t\t\t\t\t\t\t<img class=\"c-lazy\" data-src=\"https:\/\/filliersdistillery.com\/wp-content\/uploads\/2020\/09\/Tekengebied-2-1.jpg\" alt=\"\" \/>\n\t\t\t\t\t\t<\/picture>\n\t\t\t\t\t\t\t\t\t\t\t\t<div class=\"c-video-card__icon\">\n\t\t\t\t\t\t\t<svg viewbox=\"0 0 72 72\">\n\t\t\t\t\t\t\t\t<use xlink:href=\"#icon-play\"><\/use>\n\t\t\t\t\t\t\t<\/svg>\n\t\t\t\t\t\t<\/div>\n\t\t\t\t\t\t<div class=\"c-video-card__text\">\n\t\t\t\t\t\t\t\t\t\t\t\t\t\t<h4>Whisky<\/h4>\n\t\t\t\t\t\t\t\t\t\t\t\t\t\t\t\t\t\t\t\t\t<p>Voir le processus complet de la fabrication du whisky ici.<\/p>\n\t\t\t\t\t\t\t\t\t\t\t\t\t<\/div>\n\t\t\t\t\t<\/a>\n\t\t\t\t<\/div>\n\t\t\t\t\t\t\t<\/div>\t\n\t\t\n\t\t<\/div>\n\t<\/div>\n<\/section>\n\n\n\n\n<section class=\"c-image-desc c-image-desc--reverse \" id=\"rijpen-op-vat\">\n\n\t<div class=\"container\" data-aos=\"fade-up\">\n\t\t<div class=\"c-image-desc__row\">\n\n\t\t\t<div class=\"c-image-desc__col\">\n\t\t\t\t\t\t\t\t<picture class=\"c-image-desc__image\">\n\t\t\t\t\t<img class=\"c-lazy\" data-src=\"https:\/\/filliersdistillery.com\/wp-content\/uploads\/2020\/09\/Filliers-rijpen-op-vat.jpg\" alt=\"\" \/>\n\t\t\t\t<\/picture>\n\t\t\t\t\t\t\t<\/div>\n\n\t\t\t<div class=\"c-image-desc__col\">\n\t\t\t\t<div class=\"c-image-desc__inner\">\n\t\t\t\t\t<div class=\"c-image-desc__head\">\n\t\t\t\t\t\t\t\t\t\t\t\t\t\t\t\t\t\t<h3>Vieillissement en barriques<\/h3>\n\t\t\t\t\t\t\t\t\t\t\t<\/div>\n\t\t\t\t\t<div class=\"c-image-desc__desc c-image-desc__desc--normal\">\n\t\t\t\t\t\t<p>D\u00e8s les ann\u00e9es 1960, le vieillissement (en barriques) des spiritueux a commenc\u00e9. Initialement, la maturation avait lieu dans d&rsquo;anciens f\u00fbts de Bourbon fabriqu\u00e9s en ch\u00eane am\u00e9ricain, exclusivement r\u00e9serv\u00e9 pour les geni\u00e8vres. Plus tard, des anciens f\u00fbts de Sherry fabriqu\u00e9s en ch\u00eane europ\u00e9en ont \u00e9t\u00e9 introduits. Ces f\u00fbts de Sherry sont toujours d\u00e9di\u00e9s \u00e0 la maturation du Single Malt Whisky.<p>Il nous tient \u00e0 coeur de mentionner que les saveurs de Bourbon et de Sherry, ainsi que la couleur de nos spiritueux sont d\u00fbs au bois qui accueuille nos spiritueux pour leurs vieillissement et non pas \u00e0 l&rsquo;ajout d&rsquo;ar\u00f4mes artificiels ou de colorants. \r\n<p>Gr\u00e2ce au travail pionnier de Carlos &#038; Louis Filliers,  Filliers Distillery poss\u00e8de d\u00e9sormais l&rsquo;une des plus grandes capacit\u00e9s de maturation de vin de malt en Belgique, aux Pays-Bas et au Luxembourg.<\/p>\n\n\t\t\t\t\t\t\t\t\t\t\t<\/div>\n\t\t\t\t<\/div>\n\t\t\t<\/div>\n\t\t\t\n\t\t<\/div>\n\t<\/div>\n\n<\/section>\n\n\n\n\n\n\n<section class=\"c-craftmanship \" id=\"craftmanship-block_5f33cfa51cfd0\" data-aos=\"fade-up\">\n  <div class=\"container\">\n\n    \n    \n    \n      <div class=\"c-craftmanship__desc\">\n              <\/div>\n    \n  <\/div>\n  <div class=\"c-craftmanship__slider\">\n    <div class=\"swiper-container c-craftmanship__swiper\">\n      <div class=\"swiper-wrapper\">\n\n                <div class=\"swiper-slide\">\n          <picture>\n            <img class=\"swiper-lazy\" data-src=\"https:\/\/filliersdistillery.com\/wp-content\/uploads\/2020\/09\/Filliers-rijpen-op-vat-collage-1.jpg\" alt=\"\"\/>\n          <\/picture>\n        <\/div>\n                <div class=\"swiper-slide\">\n          <picture>\n            <img class=\"swiper-lazy\" data-src=\"https:\/\/filliersdistillery.com\/wp-content\/uploads\/2020\/09\/filliers-rijpen-op-vat-2.jpg\" alt=\"\"\/>\n          <\/picture>\n        <\/div>\n                <div class=\"swiper-slide\">\n          <picture>\n            <img class=\"swiper-lazy\" data-src=\"https:\/\/filliersdistillery.com\/wp-content\/uploads\/2020\/09\/filliers-rijpen-op-vat-3.jpg\" alt=\"\"\/>\n          <\/picture>\n        <\/div>\n                \n      <\/div>\n      <div class=\"container\">\n        <div class=\"swiper__nav\">\n          <div class=\"swiper-fraction\"><\/div>\n          <div class=\"swiper-scrollbar\"><\/div>\n          <div class=\"swiper__nav-buttons\">\n            <div class=\"swiper-button-prev\">\n              <svg viewbox=\"0 0 16 16\">\n                <use xlink:href=\"#icon-chevron-right-circle-white\"><\/use>\n              <\/svg>\n            <\/div>\n            <div class=\"swiper-button-next\">\n              <svg viewbox=\"0 0 16 16\">\n                <use xlink:href=\"#icon-chevron-right-circle-white\"><\/use>\n              <\/svg>\n            <\/div>\n          <\/div>\n        <\/div>\n      <\/div>\n      \n    <\/div>\n  <\/div>\n\n  <\/section>","protected":false},"excerpt":{"rendered":"","protected":false},"author":4,"featured_media":0,"parent":3411,"menu_order":0,"comment_status":"closed","ping_status":"closed","template":"","meta":{"footnotes":""},"class_list":["post-3419","page","type-page","status-publish","hentry"],"yoast_head":"<!-- This site is optimized with the Yoast SEO plugin v14.8 - https:\/\/yoast.com\/wordpress\/plugins\/seo\/ -->\n<title>Notre Artisanat | Filliers Distillery<\/title>\n<meta name=\"robots\" content=\"index, follow\" \/>\n<meta name=\"googlebot\" content=\"index, follow, max-snippet:-1, max-image-preview:large, max-video-preview:-1\" \/>\n<meta name=\"bingbot\" content=\"index, follow, max-snippet:-1, max-image-preview:large, max-video-preview:-1\" \/>\n<link rel=\"canonical\" href=\"https:\/\/filliersdistillery.com\/fr\/our-distillery-2\/craftmanship-2\/\" \/>\n<meta property=\"og:locale\" content=\"fr_FR\" \/>\n<meta property=\"og:type\" content=\"article\" \/>\n<meta property=\"og:title\" content=\"Notre Artisanat | Filliers Distillery\" \/>\n<meta property=\"og:url\" content=\"https:\/\/filliersdistillery.com\/fr\/our-distillery-2\/craftmanship-2\/\" \/>\n<meta property=\"og:site_name\" content=\"Filliers Distillery\" \/>\n<meta property=\"article:modified_time\" content=\"2024-09-26T07:15:02+00:00\" \/>\n<meta name=\"twitter:card\" content=\"summary_large_image\" \/>\n<script type=\"application\/ld+json\" class=\"yoast-schema-graph\">{\"@context\":\"https:\/\/schema.org\",\"@graph\":[{\"@type\":\"Organization\",\"@id\":\"https:\/\/filliersdistillery.com\/fr\/#organization\",\"name\":\"Filliers Distillery\",\"url\":\"https:\/\/filliersdistillery.com\/fr\/\",\"sameAs\":[],\"logo\":{\"@type\":\"ImageObject\",\"@id\":\"https:\/\/filliersdistillery.com\/fr\/#logo\",\"inLanguage\":\"fr-FR\",\"url\":\"https:\/\/filliersdistillery.com\/wp-content\/uploads\/2024\/01\/FILLIERSDISTILLERY_black_CMYK.png\",\"width\":2363,\"height\":1182,\"caption\":\"Filliers Distillery\"},\"image\":{\"@id\":\"https:\/\/filliersdistillery.com\/fr\/#logo\"}},{\"@type\":\"WebSite\",\"@id\":\"https:\/\/filliersdistillery.com\/fr\/#website\",\"url\":\"https:\/\/filliersdistillery.com\/fr\/\",\"name\":\"Filliers Distillery\",\"description\":\"Filliers Distillery\",\"publisher\":{\"@id\":\"https:\/\/filliersdistillery.com\/fr\/#organization\"},\"potentialAction\":[{\"@type\":\"SearchAction\",\"target\":\"https:\/\/filliersdistillery.com\/fr\/?s={search_term_string}\",\"query-input\":\"required name=search_term_string\"}],\"inLanguage\":\"fr-FR\"},{\"@type\":\"WebPage\",\"@id\":\"https:\/\/filliersdistillery.com\/fr\/our-distillery-2\/craftmanship-2\/#webpage\",\"url\":\"https:\/\/filliersdistillery.com\/fr\/our-distillery-2\/craftmanship-2\/\",\"name\":\"Notre Artisanat | Filliers Distillery\",\"isPartOf\":{\"@id\":\"https:\/\/filliersdistillery.com\/fr\/#website\"},\"datePublished\":\"2020-08-08T07:09:46+00:00\",\"dateModified\":\"2024-09-26T07:15:02+00:00\",\"breadcrumb\":{\"@id\":\"https:\/\/filliersdistillery.com\/fr\/our-distillery-2\/craftmanship-2\/#breadcrumb\"},\"inLanguage\":\"fr-FR\",\"potentialAction\":[{\"@type\":\"ReadAction\",\"target\":[\"https:\/\/filliersdistillery.com\/fr\/our-distillery-2\/craftmanship-2\/\"]}]},{\"@type\":\"BreadcrumbList\",\"@id\":\"https:\/\/filliersdistillery.com\/fr\/our-distillery-2\/craftmanship-2\/#breadcrumb\",\"itemListElement\":[{\"@type\":\"ListItem\",\"position\":1,\"item\":{\"@type\":\"WebPage\",\"@id\":\"https:\/\/filliersdistillery.com\/fr\/our-distillery-2\/\",\"url\":\"https:\/\/filliersdistillery.com\/fr\/our-distillery-2\/\",\"name\":\"Notre Distillerie\"}},{\"@type\":\"ListItem\",\"position\":2,\"item\":{\"@type\":\"WebPage\",\"@id\":\"https:\/\/filliersdistillery.com\/fr\/our-distillery-2\/craftmanship-2\/\",\"url\":\"https:\/\/filliersdistillery.com\/fr\/our-distillery-2\/craftmanship-2\/\",\"name\":\"Notre Artisanat\"}}]}]}<\/script>\n<!-- \/ Yoast SEO plugin. -->","_links":{"self":[{"href":"https:\/\/filliersdistillery.com\/fr\/wp-json\/wp\/v2\/pages\/3419","targetHints":{"allow":["GET"]}}],"collection":[{"href":"https:\/\/filliersdistillery.com\/fr\/wp-json\/wp\/v2\/pages"}],"about":[{"href":"https:\/\/filliersdistillery.com\/fr\/wp-json\/wp\/v2\/types\/page"}],"author":[{"embeddable":true,"href":"https:\/\/filliersdistillery.com\/fr\/wp-json\/wp\/v2\/users\/4"}],"replies":[{"embeddable":true,"href":"https:\/\/filliersdistillery.com\/fr\/wp-json\/wp\/v2\/comments?post=3419"}],"version-history":[{"count":0,"href":"https:\/\/filliersdistillery.com\/fr\/wp-json\/wp\/v2\/pages\/3419\/revisions"}],"up":[{"embeddable":true,"href":"https:\/\/filliersdistillery.com\/fr\/wp-json\/wp\/v2\/pages\/3411"}],"wp:attachment":[{"href":"https:\/\/filliersdistillery.com\/fr\/wp-json\/wp\/v2\/media?parent=3419"}],"curies":[{"name":"wp","href":"https:\/\/api.w.org\/{rel}","templated":true}]}}