{"id":3441,"date":"2020-08-24T13:25:50","date_gmt":"2020-08-24T13:25:50","guid":{"rendered":"http:\/\/filliers.wpengine.com\/professionals\/producten\/"},"modified":"2023-06-30T11:49:35","modified_gmt":"2023-06-30T11:49:35","slug":"producten","status":"publish","type":"page","link":"https:\/\/filliersdistillery.com\/fr\/professionals\/producten\/","title":{"rendered":"Produits"},"content":{"rendered":"<section class=\"c-hero c-hero--left \" id=\"hero-block_5f5f5a63c8668\" data-aos=\"fade-up\">\n\t<div class=\"c-hero__slider\">\n\t\t<div class=\"swiper-container c-hero__swiper\">\n\t\t\t<div class=\"swiper-wrapper\">\n\n\t\t\t\t\t\t\t\t<div class=\"swiper-slide\">\n\n\t\t\t\t\t\t\t\t\t\t<div class=\"c-hero__slider-image\">\n\t\t\t\t\t\t\n\t\t\n\t<picture>\n\t\t\t\t\t<source media=\"(min-width: 768px)\" data-srcset=\"https:\/\/filliersdistillery.com\/wp-content\/uploads\/2020\/09\/Filliers-header-producten-1-800x0-c-default.webp 1x, https:\/\/filliersdistillery.com\/wp-content\/uploads\/2020\/09\/Filliers-header-producten-1-1600x0-c-default.webp 2x\" \/>\n\t\t\t\t\t\t\t<img class=\"swiper-lazy\" data-src=\"https:\/\/filliersdistillery.com\/wp-content\/uploads\/2020\/09\/Filliers-header-producten-1-800x0-c-default.webp\" alt=\"\" \/>\n\t\t\t<\/picture>\n\n\t\t\t\t\t<\/div>\n\t\t\t\t\t\t\t\t\t\t\n\n\t\t\t\t\t<div class=\"c-hero__slider-space\"><\/div>\n\t\t\t\t\t<div class=\"c-hero__slider-content\">\n\t\t\t\t\t\t<div class=\"container\">\n\t\t\t\t\t\t\t\t\t\t\t\t\t\t\t\t\t\t\t\t\t<h1 class=\"c-hero__slider-title\">Produits<\/h1>\n\t\t\t\t\t\t\t\t\t\t\t\t\t\t\t\t\t\t\t\t\t<p>En plus des produits finis que nous apportons au consommateur, nous proposons \u00e9galement divers produits que nous fabriquons pour les professionnels du secteur des spiritueux (Spirits Raw Materials).<\/p>\n\t\t\t\t\t\t\t\t\t\t\t\t\t\t\t\t\t\t\t\t<\/div>\n\t\t\t\t\t<\/div>\n\t\t\t\t<\/div>\n\t\t\t\t\t\t\t<\/div>\n\n\t\t\t<div class=\"c-hero__slider-nav\">\n\t\t\t\t<div class=\"c-hero__slider-nav-container\">\n\n\t\t\t\t\t<div class=\"swiper-scrollbar\"><\/div>\n\t\t\t\t\t<div class=\"c-hero__slider-nav-controls\">\n\t\t\t\t\t\t<div class=\"swiper-fraction\"><\/div>\n\t\t\t\t\t\t<div class=\"swiper-titles\">\n\t\t\t\t\t\t\t\t\t\t\t\t\t\t<div class=\"swiper-title swiper-title--active\" data-index=\"0\">Produits<\/div>\n\t\t\t\t\t\t\t\t\t\t\t\t\t<\/div>\n\t\t\t\t\t\t<div class=\"swiper-buttons\">\n\t\t\t\t\t\t\t<div class=\"swiper-button-prev\">\n\t\t\t\t\t\t\t\t<svg viewbox=\"0 0 16 16\">\n\t\t\t\t\t\t\t\t\t<use xlink:href=\"#circle-chevron-left\"><\/use>\n\t\t\t\t\t\t\t\t<\/svg>\n\t\t\t\t\t\t\t<\/div>\n\t\t\t\t\t\t\t<div class=\"swiper-button-next\">\n\t\t\t\t\t\t\t\t<svg viewbox=\"0 0 16 16\">\n\t\t\t\t\t\t\t\t\t<use xlink:href=\"#circle-chevron-right\"><\/use>\n\t\t\t\t\t\t\t\t<\/svg>\n\t\t\t\t\t\t\t<\/div>\n\t\t\t\t\t\t<\/div>\n\t\t\t\t\t<\/div>\n\t\t\t\t<\/div>\n\t\t\t<\/div>\n\n\t\t<\/div>\n\t<\/div>\n\n\n\t\t<a class=\"c-next-link c-next-link__left\" href=\"#spirits-raw-materials\">\n\t\t<svg viewbox=\"0 0 20 20\">\n\t\t\t<use xlink:href=\"#arrow-down\"><\/use>\n\t\t<\/svg>\n\t<\/a>\n\t\n<\/section>\n\n\n\n\n<section class=\"c-pagenav \" id=\"pagenav-block_5f43c08516dc7\" data-aos=\"fade-up\">\n  <div class=\"container\">\n    <div class=\"c-pagenav__list c-pagenav__list--left\">\n            <div class=\"c-pagenav__item\">\n        <a class=\"c-pagenav__arrow\" href=\"#spirits-raw-materials\">\n          <svg viewbox=\"0 0 20 20\">\n            <use xlink:href=\"#arrow-down-black\"><\/use>\n          <\/svg>\n        <\/a>\n      <\/div>\n            \n            <div class=\"c-pagenav__item\">\n        <a href=\"#spirits-raw-materials\">Spirits Raw Materials<\/a>\n      <\/div>\n          <\/div>\n  <\/div>\n<\/section>\n\n\n\n\n<section class=\"c-spirits-raw-materials \" id=\"spirits-raw-materials\" data-aos=\"fade-up\">\n\n\t<div class=\"container\">\n\n\t\t<div class=\"c-spirits-raw-materials__header\">\n\t\t\t<h3>Spirits Raw Materials<\/h3>\n\t\t\t<p>Dans notre gamme B2B, nous utilisons quatre cat\u00e9gories diff\u00e9rentes qui r\u00e9pondent aux besoins des professionnels actifs dans l&rsquo;industrie des spiritueux.\r\n<\/p>\n\t\t<\/div>\n\n\t<\/div>\n\n\t\t<div class=\"c-tabs\">\n\t\t\t<div class=\"container\">\n\t\t\t\t<div class=\"c-tabs__header\">\n\t\t\t\t\t\t\t\t\t\t\t<div class=\"c-tabs__tab c-tabs__tab--active\" data-tab=\"1\">\n\t\t\t\t\t\t\t<span>New spirits<\/span>\n\t\t\t\t\t\t<\/div>\n\t\t\t\t\t\t\t\t\t\t\t<div class=\"c-tabs__tab \" data-tab=\"2\">\n\t\t\t\t\t\t\t<span>Spiritueux matur\u00e9s<\/span>\n\t\t\t\t\t\t<\/div>\n\t\t\t\t\t\t\t\t\t\t\t<div class=\"c-tabs__tab \" data-tab=\"3\">\n\t\t\t\t\t\t\t<span>Distillats<\/span>\n\t\t\t\t\t\t<\/div>\n\t\t\t\t\t\t\t\t\t\t\t<div class=\"c-tabs__tab \" data-tab=\"4\">\n\t\t\t\t\t\t\t<span>Produits finis<\/span>\n\t\t\t\t\t\t<\/div>\n\t\t\t\t\t\t\t\t\t<\/div>\n\t\t\t<\/div>\n\n\t\t\t<div class=\"c-tabs__content\">\n\t\t\t\t<div class=\"container\">\n\n\t\t\t\t\t\n\t\t\t\t\t\t<div class=\"c-tabs__tab-content c-tabs__tab-content--active\" data-content=\"1\">\n\n\t\t\t\t\t\t\t\t\t\t\t\t\t\t<div class=\"c-tabs__tab-row\">\n\t\t\t\t\t\t\t\t<div class=\"c-tabs__tab-col\">\n\t\t\t\t\t\t\t\t\t\t\t\t\t\t\t\t\t\t\t<picture class=\"c-spirits-raw-materials__photo\">\n\t\t\t\t\t\t\t\t\t\t\t<img class=\"c-lazy\" data-src=\"https:\/\/filliersdistillery.com\/wp-content\/uploads\/2020\/09\/Filliers-new-spirits.jpg\" alt=\"\"\/>\n\t\t\t\t\t\t\t\t\t\t<\/picture>\n\t\t\t\t\t\t\t\t\t\t\t\t\t\t\t\t\t<\/div>\n\t\t\t\t\t\t\t\t<div class=\"c-tabs__tab-col\">\n\t\t\t\t\t\t\t\t\t<div class=\"c-spirits-raw-materials__desc\">\n\t\t\t\t\t\t\t\t\t\t<h4 class=\"c-spirits-raw-materials__subtitle\">New spirits<\/h4>\n\t\t\t\t\t\t\t\t\t\t<ul>\n<li>Bl\u00e9, seigle et ma\u00efs<\/li>\n<li>Seigle, ma\u00efs et malt<\/li>\n<li>Bl\u00e9 &amp; ma\u00efs (disponible en bio \/ non bio)<\/li>\n<li>Seigle<\/li>\n<li>Sarrasin<\/li>\n<li>Sorgho<\/li>\n<li>Avoine<\/li>\n<li>Orge<\/li>\n<li>Bouche d&rsquo;orge<\/li>\n<\/ul>\n\n\t\t\t\t\t\t\t\t\t\t\t\t\t\t\t\t\t\t\t<\/div>\n\t\t\t\t\t\t\t\t<\/div>\n\t\t\t\t\t\t\t<\/div>\n\t\t\t\t\t\t\t\n\t\t\t\t\t\t\t\n\t\t\t\t\t\t<\/div>\n\n\t\t\t\t\t\n\t\t\t\t\t\t<div class=\"c-tabs__tab-content \" data-content=\"2\">\n\n\t\t\t\t\t\t\t\t\t\t\t\t\t\t<div class=\"c-tabs__tab-row\">\n\t\t\t\t\t\t\t\t<div class=\"c-tabs__tab-col\">\n\t\t\t\t\t\t\t\t\t\t\t\t\t\t\t\t\t\t\t<picture class=\"c-spirits-raw-materials__photo\">\n\t\t\t\t\t\t\t\t\t\t\t<img class=\"c-lazy\" data-src=\"https:\/\/filliersdistillery.com\/wp-content\/uploads\/2020\/09\/Filliers-aged-spirits.jpg\" alt=\"\"\/>\n\t\t\t\t\t\t\t\t\t\t<\/picture>\n\t\t\t\t\t\t\t\t\t\t\t\t\t\t\t\t\t<\/div>\n\t\t\t\t\t\t\t\t<div class=\"c-tabs__tab-col\">\n\t\t\t\t\t\t\t\t\t<div class=\"c-spirits-raw-materials__desc\">\n\t\t\t\t\t\t\t\t\t\t<h4 class=\"c-spirits-raw-materials__subtitle\">Spiritueux matur\u00e9s<\/h4>\n\t\t\t\t\t\t\t\t\t\t<ul>\n<li>Seigle<\/li>\n<li>Bl\u00e9, seigle et ma\u00efs<\/li>\n<li>Seigle, ma\u00efs et malt<\/li>\n<li>Bouche d&rsquo;orge<\/li>\n<li>Bl\u00e9 &amp; ma\u00efs (disponible en bio \/ non bio)<\/li>\n<\/ul>\n\n\t\t\t\t\t\t\t\t\t\t\t\t\t\t\t\t\t\t\t<\/div>\n\t\t\t\t\t\t\t\t<\/div>\n\t\t\t\t\t\t\t<\/div>\n\t\t\t\t\t\t\t\n\t\t\t\t\t\t\t\n\t\t\t\t\t\t<\/div>\n\n\t\t\t\t\t\n\t\t\t\t\t\t<div class=\"c-tabs__tab-content \" data-content=\"3\">\n\n\t\t\t\t\t\t\t\n\t\t\t\t\t\t\t\t\t\t\t\t\t\t<div class=\"c-tabs__tab-row\">\n\t\t\t\t\t\t\t\t<div class=\"c-tabs__tab-col\">\n\t\t\t\t\t\t\t\t\t\t\t\t\t\t\t\t\t\t\t<picture class=\"c-spirits-raw-materials__photo\">\n\t\t\t\t\t\t\t\t\t\t\t<img class=\"c-lazy\" data-src=\"https:\/\/filliersdistillery.com\/wp-content\/uploads\/2020\/09\/Filliers-distillates.jpg\" alt=\"\"\/>\n\t\t\t\t\t\t\t\t\t\t<\/picture>\n\t\t\t\t\t\t\t\t\t\t\t\t\t\t\t\t\t<\/div>\n\t\t\t\t\t\t\t\t<div class=\"c-tabs__tab-col\">\n\n\t\t\t\t\t\t\t\t\t<div class=\"c-accordion\">\n\t\t\t\t\t\t\t\t\t\t\t\t\t\t\t\t\t\t\t\t<div class=\"c-accordion-item active\">\n\t\t\t\t\t\t\t\t\t\t\t<div class=\"c-accordion-item__head\">\n\t\t\t\t\t\t\t\t\t\t\t\t<h6>Distillats de fruits<\/h6>\n\t\t\t\t\t\t\t\t\t\t\t\t<div class=\"c-accordion-item__icon\"><\/div>\n\t\t\t\t\t\t\t\t\t\t\t<\/div>\n\t\t\t\t\t\t\t\t\t\t\t<div class=\"c-accordion-item__body\">\n\n\t\t\t\t\t\t\t\t\t\t\t\t<div class=\"c-spirits-raw-materials__accordion-cols\">\n\t\t\t\t\t\t\t\t\t\t\t\t\t\t\t\t\t\t\t\t\t\t\t\t\t<div class=\"c-spirits-raw-materials__accordion-list\">\n\t\t\t\t\t\t\t\t\t\t\t\t\t\t<h4 class=\"c-spirits-raw-materials__subtitle\">Non-bio<\/h4>\n\t\t\t\t\t\t\t\t\t\t\t\t\t\t<ul>\n<li>Cerises 80%<\/li>\n<li>Cacao 80%<\/li>\n<li>Baies de sureau 80%<\/li>\n<li>Baies de goji 80%<\/li>\n<li>Citron 80%<\/li>\n<li>Citron vert 80%<\/li>\n<li>Orange 80%<\/li>\n<li>Poivre rouge 80%<\/li>\n<\/ul>\n\n\t\t\t\t\t\t\t\t\t\t\t\t\t\t\n\t\t\t\t\t\t\t\t\t\t\t\t\t\t\n\t\t\t\t\t\t\t\t\t\t\t\t\t<\/div>\n\t\t\t\t\t\t\t\t\t\t\t\t\t\t\t\t\t\t\t\t\t\t\t\t\t<div class=\"c-spirits-raw-materials__accordion-list\">\n\t\t\t\t\t\t\t\t\t\t\t\t\t\t<h4 class=\"c-spirits-raw-materials__subtitle\">Bio<\/h4>\n\t\t\t\t\t\t\t\t\t\t\t\t\t\t<ul>\n<li>Pomme 80%<\/li>\n<li>Cacao 80%<\/li>\n<li>Citron vert 80%<\/li>\n<li>Mandarine 80%<\/li>\n<li>Orange 80%<\/li>\n<\/ul>\n\n\t\t\t\t\t\t\t\t\t\t\t\t\t\t\n\t\t\t\t\t\t\t\t\t\t\t\t\t\t\n\t\t\t\t\t\t\t\t\t\t\t\t\t<\/div>\n\t\t\t\t\t\t\t\t\t\t\t\t\t\t\t\t\t\t\t\t\t\t\t\t<\/div>\n\t\t\t\t\t\t\t\t\t\t\t\t\n\t\t\t\t\t\t\t\t\t\t\t<\/div>\n\t\t\t\t\t\t\t\t\t\t<\/div>\n\t\t\t\t\t\t\t\t\t\t\t\t\t\t\t\t\t\t\t\t<div class=\"c-accordion-item \">\n\t\t\t\t\t\t\t\t\t\t\t<div class=\"c-accordion-item__head\">\n\t\t\t\t\t\t\t\t\t\t\t\t<h6>Distillats d&rsquo;herbes et d&rsquo;\u00e9pices<\/h6>\n\t\t\t\t\t\t\t\t\t\t\t\t<div class=\"c-accordion-item__icon\"><\/div>\n\t\t\t\t\t\t\t\t\t\t\t<\/div>\n\t\t\t\t\t\t\t\t\t\t\t<div class=\"c-accordion-item__body\">\n\n\t\t\t\t\t\t\t\t\t\t\t\t<div class=\"c-spirits-raw-materials__accordion-cols\">\n\t\t\t\t\t\t\t\t\t\t\t\t\t\t\t\t\t\t\t\t\t\t\t\t\t<div class=\"c-spirits-raw-materials__accordion-list\">\n\t\t\t\t\t\t\t\t\t\t\t\t\t\t<h4 class=\"c-spirits-raw-materials__subtitle\">Non-bio<\/h4>\n\t\t\t\t\t\t\t\t\t\t\t\t\t\t<ul>\n<li>Tout-\u00e9pice 80%<\/li>\n<li>Racine d&rsquo;angelique\u00a0 80%<\/li>\n<li>Anis 80%<\/li>\n<li>Th\u00e9 noir 80%<\/li>\n<li>Cardamome 80%<\/li>\n<li>Coriandre 80%<\/li>\n<li>Gingembre 80%<\/li>\n<li>R\u00e9glisse 80%<\/li>\n<li>Racine d&rsquo;iris\u00a0 80%<\/li>\n<\/ul>\n\n\t\t\t\t\t\t\t\t\t\t\t\t\t\t\n\t\t\t\t\t\t\t\t\t\t\t\t\t\t\n\t\t\t\t\t\t\t\t\t\t\t\t\t<\/div>\n\t\t\t\t\t\t\t\t\t\t\t\t\t\t\t\t\t\t\t\t\t\t\t\t\t<div class=\"c-spirits-raw-materials__accordion-list\">\n\t\t\t\t\t\t\t\t\t\t\t\t\t\t<h4 class=\"c-spirits-raw-materials__subtitle\">Bio<\/h4>\n\t\t\t\t\t\t\t\t\t\t\t\t\t\t<ul>\n<li>Coriandre 80%<\/li>\n<li>Baies de sureau 80%<\/li>\n<li>Baies de geni\u00e8vre 80%<\/li>\n<li>Reglisse 80%<\/li>\n<\/ul>\n\n\t\t\t\t\t\t\t\t\t\t\t\t\t\t\n\t\t\t\t\t\t\t\t\t\t\t\t\t\t\n\t\t\t\t\t\t\t\t\t\t\t\t\t<\/div>\n\t\t\t\t\t\t\t\t\t\t\t\t\t\t\t\t\t\t\t\t\t\t\t\t<\/div>\n\t\t\t\t\t\t\t\t\t\t\t\t\n\t\t\t\t\t\t\t\t\t\t\t<\/div>\n\t\t\t\t\t\t\t\t\t\t<\/div>\n\t\t\t\t\t\t\t\t\t\t\t\t\t\t\t\t\t\t\t\t<div class=\"c-accordion-item \">\n\t\t\t\t\t\t\t\t\t\t\t<div class=\"c-accordion-item__head\">\n\t\t\t\t\t\t\t\t\t\t\t\t<h6>Distillats de nos ma\u00eetres distillateurs<\/h6>\n\t\t\t\t\t\t\t\t\t\t\t\t<div class=\"c-accordion-item__icon\"><\/div>\n\t\t\t\t\t\t\t\t\t\t\t<\/div>\n\t\t\t\t\t\t\t\t\t\t\t<div class=\"c-accordion-item__body\">\n\n\t\t\t\t\t\t\t\t\t\t\t\t<div class=\"c-spirits-raw-materials__accordion-cols\">\n\t\t\t\t\t\t\t\t\t\t\t\t\t\t\t\t\t\t\t\t\t\t\t\t\t<div class=\"c-spirits-raw-materials__accordion-list\">\n\t\t\t\t\t\t\t\t\t\t\t\t\t\t<h4 class=\"c-spirits-raw-materials__subtitle\">Non-bio<\/h4>\n\t\t\t\t\t\t\t\t\t\t\t\t\t\t<ul>\n<li>Distillat style cacao 80%<\/li>\n<li>Style classique + distillat 80%<\/li>\n<li>Distillat style classique 80%<\/li>\n<li>Distillat style ancien 80%<\/li>\n<li>Distillat style vinaigr\u00e9 80%<\/li>\n<li>Distillat style provencial 80%<\/li>\n<li>Distillat gingembre-rhubarbe 80%<\/li>\n<\/ul>\n<p>Des spiritueux sur mesure ou des cr\u00e9ations en dehors de ce qui pr\u00e9c\u00e8de sont \u00e9galement possibles \u00e0 la demande du client.<\/p>\n\n\t\t\t\t\t\t\t\t\t\t\t\t\t\t\n\t\t\t\t\t\t\t\t\t\t\t\t\t\t\n\t\t\t\t\t\t\t\t\t\t\t\t\t<\/div>\n\t\t\t\t\t\t\t\t\t\t\t\t\t\t\t\t\t\t\t\t\t\t\t\t<\/div>\n\t\t\t\t\t\t\t\t\t\t\t\t\n\t\t\t\t\t\t\t\t\t\t\t<\/div>\n\t\t\t\t\t\t\t\t\t\t<\/div>\n\t\t\t\t\t\t\t\t\t\t\t\t\t\t\t\t\t\t\t\t\n\t\t\t\t\t\t\t\t\t<\/div>\n\n\t\t\t\t\t\t\t\t<\/div>\n\t\t\t\t\t\t\t<\/div>\n\t\t\t\t\t\t\t\n\t\t\t\t\t\t<\/div>\n\n\t\t\t\t\t\n\t\t\t\t\t\t<div class=\"c-tabs__tab-content \" data-content=\"4\">\n\n\t\t\t\t\t\t\t\t\t\t\t\t\t\t<div class=\"c-tabs__tab-row\">\n\t\t\t\t\t\t\t\t<div class=\"c-tabs__tab-col\">\n\t\t\t\t\t\t\t\t\t\t\t\t\t\t\t\t\t\t\t<picture class=\"c-spirits-raw-materials__photo\">\n\t\t\t\t\t\t\t\t\t\t\t<img class=\"c-lazy\" data-src=\"https:\/\/filliersdistillery.com\/wp-content\/uploads\/2020\/09\/Filliers-finished-products.jpg\" alt=\"\"\/>\n\t\t\t\t\t\t\t\t\t\t<\/picture>\n\t\t\t\t\t\t\t\t\t\t\t\t\t\t\t\t\t<\/div>\n\t\t\t\t\t\t\t\t<div class=\"c-tabs__tab-col\">\n\t\t\t\t\t\t\t\t\t<div class=\"c-spirits-raw-materials__desc\">\n\t\t\t\t\t\t\t\t\t\t<h4 class=\"c-spirits-raw-materials__subtitle\">Produits finis<\/h4>\n\t\t\t\t\t\t\t\t\t\t<p>En collaboration avec nos clients, nous pouvons \u00e9galement cr\u00e9er un produit fini sur mesure. Nous suivons la production de la mati\u00e8re premi\u00e8re jusqu&rsquo;au produit final au verre. Besoin de plus d&rsquo;informations?<\/p>\n<p>Contactez notre \u00e9quipe.<\/p>\n<div id=\"gtx-trans\" style=\"position: absolute; left: -4px; top: -10px;\">\n<div class=\"gtx-trans-icon\"><\/div>\n<\/div>\n\n\t\t\t\t\t\t\t\t\t\t\t\t\t\t\t\t\t\t\t\t<a class=\"c-button c-button--ghost-dark c-button--large\" href=\"http:\/\/filliers.wpengine.com\/fr\/contact\/\" target=\"_blank\">\n\t\t\t\t\t\t\t\t\t\t<span class=\"c-button__text\">Contactez notre \u00e9quipe<\/span>\n\t\t\t\t\t\t\t\t\t\t<span class=\"c-button__icon\">\n\t\t\t\t\t\t\t\t\t\t\t<svg viewBox=\"0 0 16 16\">\n\t\t\t\t\t\t\t\t\t\t\t\t<use xlink:href=\"#icon-arrow-right-circle-black\"><\/use>\n\t\t\t\t\t\t\t\t\t\t\t<\/svg>\n\t\t\t\t\t\t\t\t\t\t<\/span>\n\t\t\t\t\t\t\t\t\t\t<\/a>\n\t\t\t\t\t\t\t\t\t\t\t\t\t\t\t\t\t\t\t<\/div>\n\t\t\t\t\t\t\t\t<\/div>\n\t\t\t\t\t\t\t<\/div>\n\t\t\t\t\t\t\t\n\t\t\t\t\t\t\t\n\t\t\t\t\t\t<\/div>\n\n\t\t\t\t\t\n\t\t\t\t<\/div>\n\t\t\t\t<!-- \/ container -->\n\t\t\t<\/div>\n\t\t\t<!-- \/ c-tabs__content -->\n\t\t<\/div>\n\t\t<!-- c-tabs -->\n\n\t\n\n<\/section>\n\n","protected":false},"excerpt":{"rendered":"","protected":false},"author":4,"featured_media":0,"parent":3433,"menu_order":0,"comment_status":"closed","ping_status":"closed","template":"","meta":{"footnotes":""},"class_list":["post-3441","page","type-page","status-publish","hentry"],"yoast_head":"<!-- This site is optimized with the Yoast SEO plugin v14.8 - https:\/\/yoast.com\/wordpress\/plugins\/seo\/ -->\n<title>Produits | Filliers Distillery<\/title>\n<meta name=\"robots\" content=\"index, follow\" \/>\n<meta name=\"googlebot\" content=\"index, follow, max-snippet:-1, max-image-preview:large, max-video-preview:-1\" \/>\n<meta name=\"bingbot\" content=\"index, follow, max-snippet:-1, max-image-preview:large, max-video-preview:-1\" \/>\n<link rel=\"canonical\" href=\"https:\/\/filliersdistillery.com\/fr\/professionals\/producten\/\" \/>\n<meta property=\"og:locale\" content=\"fr_FR\" \/>\n<meta property=\"og:type\" content=\"article\" \/>\n<meta property=\"og:title\" content=\"Produits | Filliers Distillery\" \/>\n<meta property=\"og:url\" content=\"https:\/\/filliersdistillery.com\/fr\/professionals\/producten\/\" \/>\n<meta property=\"og:site_name\" content=\"Filliers Distillery\" \/>\n<meta property=\"article:modified_time\" content=\"2023-06-30T11:49:35+00:00\" \/>\n<meta name=\"twitter:card\" content=\"summary_large_image\" \/>\n<script type=\"application\/ld+json\" class=\"yoast-schema-graph\">{\"@context\":\"https:\/\/schema.org\",\"@graph\":[{\"@type\":\"Organization\",\"@id\":\"https:\/\/filliersdistillery.com\/fr\/#organization\",\"name\":\"Filliers Distillery\",\"url\":\"https:\/\/filliersdistillery.com\/fr\/\",\"sameAs\":[],\"logo\":{\"@type\":\"ImageObject\",\"@id\":\"https:\/\/filliersdistillery.com\/fr\/#logo\",\"inLanguage\":\"fr-FR\",\"url\":\"https:\/\/filliersdistillery.com\/wp-content\/uploads\/2024\/01\/FILLIERSDISTILLERY_black_CMYK.png\",\"width\":2363,\"height\":1182,\"caption\":\"Filliers Distillery\"},\"image\":{\"@id\":\"https:\/\/filliersdistillery.com\/fr\/#logo\"}},{\"@type\":\"WebSite\",\"@id\":\"https:\/\/filliersdistillery.com\/fr\/#website\",\"url\":\"https:\/\/filliersdistillery.com\/fr\/\",\"name\":\"Filliers Distillery\",\"description\":\"Filliers Distillery\",\"publisher\":{\"@id\":\"https:\/\/filliersdistillery.com\/fr\/#organization\"},\"potentialAction\":[{\"@type\":\"SearchAction\",\"target\":\"https:\/\/filliersdistillery.com\/fr\/?s={search_term_string}\",\"query-input\":\"required name=search_term_string\"}],\"inLanguage\":\"fr-FR\"},{\"@type\":\"WebPage\",\"@id\":\"https:\/\/filliersdistillery.com\/fr\/professionals\/producten\/#webpage\",\"url\":\"https:\/\/filliersdistillery.com\/fr\/professionals\/producten\/\",\"name\":\"Produits | Filliers Distillery\",\"isPartOf\":{\"@id\":\"https:\/\/filliersdistillery.com\/fr\/#website\"},\"datePublished\":\"2020-08-24T13:25:50+00:00\",\"dateModified\":\"2023-06-30T11:49:35+00:00\",\"breadcrumb\":{\"@id\":\"https:\/\/filliersdistillery.com\/fr\/professionals\/producten\/#breadcrumb\"},\"inLanguage\":\"fr-FR\",\"potentialAction\":[{\"@type\":\"ReadAction\",\"target\":[\"https:\/\/filliersdistillery.com\/fr\/professionals\/producten\/\"]}]},{\"@type\":\"BreadcrumbList\",\"@id\":\"https:\/\/filliersdistillery.com\/fr\/professionals\/producten\/#breadcrumb\",\"itemListElement\":[{\"@type\":\"ListItem\",\"position\":1,\"item\":{\"@type\":\"WebPage\",\"@id\":\"https:\/\/filliersdistillery.com\/fr\/professionals\/\",\"url\":\"https:\/\/filliersdistillery.com\/fr\/professionals\/\",\"name\":\"Professionels\"}},{\"@type\":\"ListItem\",\"position\":2,\"item\":{\"@type\":\"WebPage\",\"@id\":\"https:\/\/filliersdistillery.com\/fr\/professionals\/producten\/\",\"url\":\"https:\/\/filliersdistillery.com\/fr\/professionals\/producten\/\",\"name\":\"Produits\"}}]}]}<\/script>\n<!-- \/ Yoast SEO plugin. -->","_links":{"self":[{"href":"https:\/\/filliersdistillery.com\/fr\/wp-json\/wp\/v2\/pages\/3441","targetHints":{"allow":["GET"]}}],"collection":[{"href":"https:\/\/filliersdistillery.com\/fr\/wp-json\/wp\/v2\/pages"}],"about":[{"href":"https:\/\/filliersdistillery.com\/fr\/wp-json\/wp\/v2\/types\/page"}],"author":[{"embeddable":true,"href":"https:\/\/filliersdistillery.com\/fr\/wp-json\/wp\/v2\/users\/4"}],"replies":[{"embeddable":true,"href":"https:\/\/filliersdistillery.com\/fr\/wp-json\/wp\/v2\/comments?post=3441"}],"version-history":[{"count":0,"href":"https:\/\/filliersdistillery.com\/fr\/wp-json\/wp\/v2\/pages\/3441\/revisions"}],"up":[{"embeddable":true,"href":"https:\/\/filliersdistillery.com\/fr\/wp-json\/wp\/v2\/pages\/3433"}],"wp:attachment":[{"href":"https:\/\/filliersdistillery.com\/fr\/wp-json\/wp\/v2\/media?parent=3441"}],"curies":[{"name":"wp","href":"https:\/\/api.w.org\/{rel}","templated":true}]}}