{"id":3445,"date":"2020-08-24T12:53:15","date_gmt":"2020-08-24T12:53:15","guid":{"rendered":"http:\/\/filliers.wpengine.com\/professionals\/services\/"},"modified":"2020-12-08T12:45:15","modified_gmt":"2020-12-08T12:45:15","slug":"services","status":"publish","type":"page","link":"https:\/\/filliersdistillery.com\/fr\/professionals\/services\/","title":{"rendered":"Services"},"content":{"rendered":"<section class=\"c-hero c-hero--left \" id=\"hero-block_5f5f592eb6139\" data-aos=\"fade-up\">\n\t<div class=\"c-hero__slider\">\n\t\t<div class=\"swiper-container c-hero__swiper\">\n\t\t\t<div class=\"swiper-wrapper\">\n\n\t\t\t\t\t\t\t\t<div class=\"swiper-slide\">\n\n\t\t\t\t\t\t\t\t\t\t<div class=\"c-hero__slider-image\">\n\t\t\t\t\t\t\n\t\t\n\t<picture>\n\t\t\t\t\t<source media=\"(min-width: 768px)\" data-srcset=\"https:\/\/filliersdistillery.com\/wp-content\/uploads\/2020\/09\/Filliers-header-services-1-800x0-c-default.webp 1x, https:\/\/filliersdistillery.com\/wp-content\/uploads\/2020\/09\/Filliers-header-services-1-1600x0-c-default.webp 2x\" \/>\n\t\t\t\t\t\t\t<source media=\"(min-width: 480px)\" data-srcset=\"https:\/\/filliersdistillery.com\/wp-content\/uploads\/2020\/09\/Filliers-header-services-1-400x0-c-default.webp 1x, https:\/\/filliersdistillery.com\/wp-content\/uploads\/2020\/09\/Filliers-header-services-1-800x0-c-default.webp 2x\" \/>\n\t\t\t<img class=\"swiper-lazy\" data-src=\"https:\/\/filliersdistillery.com\/wp-content\/uploads\/2020\/09\/Filliers-header-services-1.jpg\" alt=\"\" \/>\n\t\t\t<\/picture>\n\n\t\t\t\t\t<\/div>\n\t\t\t\t\t\t\t\t\t\t\n\n\t\t\t\t\t<div class=\"c-hero__slider-space\"><\/div>\n\t\t\t\t\t<div class=\"c-hero__slider-content\">\n\t\t\t\t\t\t<div class=\"container\">\n\t\t\t\t\t\t\t\t\t\t\t\t\t\t\t\t\t\t\t\t\t<h1 class=\"c-hero__slider-title\">Services<\/h1>\n\t\t\t\t\t\t\t\t\t\t\t\t\t\t\t\t\t\t\t\t\t<p>En plus d&rsquo;une longue exp\u00e9rience dans la production de ses propres marques, Filliers Distillery peut aider d&rsquo;autres entreprises actives dans le secteur des spiritueux avec divers services. Cela va de la production de produits semi-finis ou finis \u00e0 de nouveaux spiritueux et distillats. Avec une production annuelle de plus de trois millions de litres, Filliers Distillery est l&rsquo;un des plus grands fournisseurs dans son genre.\r\n<\/p>\n\t\t\t\t\t\t\t\t\t\t\t\t\t\t\t\t\t\t\t\t<\/div>\n\t\t\t\t\t<\/div>\n\t\t\t\t<\/div>\n\t\t\t\t\t\t\t<\/div>\n\n\t\t\t<div class=\"c-hero__slider-nav\">\n\t\t\t\t<div class=\"c-hero__slider-nav-container\">\n\n\t\t\t\t\t<div class=\"swiper-scrollbar\"><\/div>\n\t\t\t\t\t<div class=\"c-hero__slider-nav-controls\">\n\t\t\t\t\t\t<div class=\"swiper-fraction\"><\/div>\n\t\t\t\t\t\t<div class=\"swiper-titles\">\n\t\t\t\t\t\t\t\t\t\t\t\t\t\t<div class=\"swiper-title swiper-title--active\" data-index=\"0\">Services<\/div>\n\t\t\t\t\t\t\t\t\t\t\t\t\t<\/div>\n\t\t\t\t\t\t<div class=\"swiper-buttons\">\n\t\t\t\t\t\t\t<div class=\"swiper-button-prev\">\n\t\t\t\t\t\t\t\t<svg viewbox=\"0 0 16 16\">\n\t\t\t\t\t\t\t\t\t<use xlink:href=\"#circle-chevron-left\"><\/use>\n\t\t\t\t\t\t\t\t<\/svg>\n\t\t\t\t\t\t\t<\/div>\n\t\t\t\t\t\t\t<div class=\"swiper-button-next\">\n\t\t\t\t\t\t\t\t<svg viewbox=\"0 0 16 16\">\n\t\t\t\t\t\t\t\t\t<use xlink:href=\"#circle-chevron-right\"><\/use>\n\t\t\t\t\t\t\t\t<\/svg>\n\t\t\t\t\t\t\t<\/div>\n\t\t\t\t\t\t<\/div>\n\t\t\t\t\t<\/div>\n\t\t\t\t<\/div>\n\t\t\t<\/div>\n\n\t\t<\/div>\n\t<\/div>\n\n\n\t\t<a class=\"c-next-link c-next-link__left\" href=\"#fermentatie\">\n\t\t<svg viewbox=\"0 0 20 20\">\n\t\t\t<use xlink:href=\"#arrow-down\"><\/use>\n\t\t<\/svg>\n\t<\/a>\n\t\n<\/section>\n\n\n\n\n<section class=\"c-pagenav \" id=\"pagenav-block_5f43b958867b2\" data-aos=\"fade-up\">\n  <div class=\"container\">\n    <div class=\"c-pagenav__list c-pagenav__list--left\">\n            <div class=\"c-pagenav__item\">\n        <a class=\"c-pagenav__arrow\" href=\"#fermentatie\">\n          <svg viewbox=\"0 0 20 20\">\n            <use xlink:href=\"#arrow-down-black\"><\/use>\n          <\/svg>\n        <\/a>\n      <\/div>\n            \n            <div class=\"c-pagenav__item\">\n        <a href=\"#fermentatie\">Fermentation, distillation, rectification<\/a>\n      <\/div>\n            <div class=\"c-pagenav__item\">\n        <a href=\"#liquid-engineering\">Liquid Engineering<\/a>\n      <\/div>\n            <div class=\"c-pagenav__item\">\n        <a href=\"#bottelen-verpakken\">Embouteillage &amp; Emballage<\/a>\n      <\/div>\n            <div class=\"c-pagenav__item\">\n        <a href=\"#distillaten-rijpen\">Maturation de distillats <\/a>\n      <\/div>\n          <\/div>\n  <\/div>\n<\/section>\n\n\n\n\n<section class=\"c-image-desc  \" id=\"fermentatie\">\n\n\t<div class=\"container\" data-aos=\"fade-up\">\n\t\t<div class=\"c-image-desc__row\">\n\n\t\t\t<div class=\"c-image-desc__col\">\n\t\t\t\t\t\t\t\t<picture class=\"c-image-desc__image\">\n\t\t\t\t\t<img class=\"c-lazy\" data-src=\"https:\/\/filliersdistillery.com\/wp-content\/uploads\/2020\/09\/Filliers-fermentatie.jpg\" alt=\"\" \/>\n\t\t\t\t<\/picture>\n\t\t\t\t\t\t\t<\/div>\n\n\t\t\t<div class=\"c-image-desc__col\">\n\t\t\t\t<div class=\"c-image-desc__inner\">\n\t\t\t\t\t<div class=\"c-image-desc__head\">\n\t\t\t\t\t\t\t\t\t\t\t\t\t\t\t\t\t\t<h3>Fermentation, distillation, rectification<\/h3>\n\t\t\t\t\t\t\t\t\t\t\t<\/div>\n\t\t\t\t\t<div class=\"c-image-desc__desc c-image-desc__desc--small\">\n\t\t\t\t\t\t<p>La fermentation et la distillation des grains est l&rsquo;activit\u00e9 principale de Filliers Distillery depuis 1880. Cela fait de la distillerie l&rsquo;un des principaux acteurs de la production de nouveaux spiritueux \u00e0 l&rsquo;\u00e9chelle mondiale. L&rsquo;entreprise dispose d&rsquo;une vari\u00e9t\u00e9 de m\u00e9thodes de brassage pour presque tous les types de c\u00e9r\u00e9ales (malt, bl\u00e9, seigle, avoine, ma\u00efs, sorgho, &#8230;) aussi bien biologiques que non biologiques. De plus, les ma\u00eetres distillateurs offrent l&rsquo;assistance et les conseils n\u00e9cessaires pour faire le bon choix et les bonnes proportions de grains.<\/p>\r\n<p>La distillerie est un partenaire professionnel pour d&rsquo;autres professionnels qui ont besoin d&rsquo;aide pour distiller ou rectifier des spiritueux. Pour cela, diff\u00e9rents types d&rsquo;installations de combustion sont utilis\u00e9es pour la distillation des grains ainsi que des herbes et des fruits.<\/p>\r\n<p>Au fil des ans, la distillerie a accumul\u00e9 une connaissance approfondie des mati\u00e8res premi\u00e8res et de la \u00ab\u00a0coupe\u00a0\u00bb des spiritueux et d&rsquo;autres techniques de distillation. En plus de la premi\u00e8re distillation, une deuxi\u00e8me et \/ ou une troisi\u00e8me distillation peut \u00eatre pr\u00e9vue, selon les besoins du client.\r\nFilliers Distillery peut faire livrer ces produits en vrac presque partout dans le monde, enti\u00e8rement selon la volont\u00e9 du client.<\/p>\n\n\t\t\t\t\t\t\t\t\t\t\t<\/div>\n\t\t\t\t<\/div>\n\t\t\t<\/div>\n\t\t\t\n\t\t<\/div>\n\t<\/div>\n\n<\/section>\n\n\n\n\n<section class=\"c-image-desc c-image-desc--reverse \" id=\"liquid-engineering\">\n\n\t<div class=\"container\" data-aos=\"fade-up\">\n\t\t<div class=\"c-image-desc__row\">\n\n\t\t\t<div class=\"c-image-desc__col\">\n\t\t\t\t\t\t\t\t<picture class=\"c-image-desc__image\">\n\t\t\t\t\t<img class=\"c-lazy\" data-src=\"https:\/\/filliersdistillery.com\/wp-content\/uploads\/2020\/09\/Filliers-liquid-engineering.jpg\" alt=\"\" \/>\n\t\t\t\t<\/picture>\n\t\t\t\t\t\t\t<\/div>\n\n\t\t\t<div class=\"c-image-desc__col\">\n\t\t\t\t<div class=\"c-image-desc__inner\">\n\t\t\t\t\t<div class=\"c-image-desc__head\">\n\t\t\t\t\t\t\t\t\t\t\t\t\t\t\t\t\t\t<h3>Liquid Engineering<\/h3>\n\t\t\t\t\t\t\t\t\t\t\t<\/div>\n\t\t\t\t\t<div class=\"c-image-desc__desc c-image-desc__desc--small\">\n\t\t\t\t\t\t<p>En plus de guider les besoins sp\u00e9cifiques de diverses entreprises actives dans les spiritueux, Filliers Distillery peut \u00e9galement aider les entreprises avec un processus de d\u00e9veloppement sur mesure pour tout type de spiritueux. <p> Les ma\u00eetres distillateurs ont acc\u00e8s \u00e0 des options de distillation flexibles qui permettent de fabriquer un vaste arsenal de spiritueux tels que: gin, geni\u00e8vre, whisky (nouveaux spiritueux), vodka, spiritueux aromatis\u00e9s, liqueurs, distillats, vin de malt, &#8230;<\/p>\n\n\t\t\t\t\t\t\t\t\t\t\t<\/div>\n\t\t\t\t<\/div>\n\t\t\t<\/div>\n\t\t\t\n\t\t<\/div>\n\t<\/div>\n\n<\/section>\n\n\n\n\n<section class=\"c-image-desc  \" id=\"bottelen-verpakken\">\n\n\t<div class=\"container\" data-aos=\"fade-up\">\n\t\t<div class=\"c-image-desc__row\">\n\n\t\t\t<div class=\"c-image-desc__col\">\n\t\t\t\t\t\t\t\t<picture class=\"c-image-desc__image\">\n\t\t\t\t\t<img class=\"c-lazy\" data-src=\"https:\/\/filliersdistillery.com\/wp-content\/uploads\/2020\/09\/Filliers-bottelen-verpakken.jpg\" alt=\"\" \/>\n\t\t\t\t<\/picture>\n\t\t\t\t\t\t\t<\/div>\n\n\t\t\t<div class=\"c-image-desc__col\">\n\t\t\t\t<div class=\"c-image-desc__inner\">\n\t\t\t\t\t<div class=\"c-image-desc__head\">\n\t\t\t\t\t\t\t\t\t\t\t\t\t\t\t\t\t\t<h3>Embouteillage &#038; Emballage<\/h3>\n\t\t\t\t\t\t\t\t\t\t\t<\/div>\n\t\t\t\t\t<div class=\"c-image-desc__desc c-image-desc__desc--small\">\n\t\t\t\t\t\t<p>Bien que la distillation soit le c\u0153ur de Filliers Distillery, elle poss\u00e8de \u00e9galement sa propre usine d&#8217;embouteillage. Avec diff\u00e9rentes lignes disponibles, la distillerie peut remplir et \u00e9tiqueter des bouteilles selon diff\u00e9rentes m\u00e9thodes. <p>Ce service peut \u00e9galement \u00eatre propos\u00e9 en combinaison avec la production de spiritueux.\r\n<\/p>\n\n\t\t\t\t\t\t\t\t\t\t\t<\/div>\n\t\t\t\t<\/div>\n\t\t\t<\/div>\n\t\t\t\n\t\t<\/div>\n\t<\/div>\n\n<\/section>\n\n\n\n\n<section class=\"c-image-desc c-image-desc--reverse \" id=\"distillaten-rijpen\">\n\n\t<div class=\"container\" data-aos=\"fade-up\">\n\t\t<div class=\"c-image-desc__row\">\n\n\t\t\t<div class=\"c-image-desc__col\">\n\t\t\t\t\t\t\t\t<picture class=\"c-image-desc__image\">\n\t\t\t\t\t<img class=\"c-lazy\" data-src=\"https:\/\/filliersdistillery.com\/wp-content\/uploads\/2020\/09\/Filliers-distillaten-rijpen.jpg\" alt=\"\" \/>\n\t\t\t\t<\/picture>\n\t\t\t\t\t\t\t<\/div>\n\n\t\t\t<div class=\"c-image-desc__col\">\n\t\t\t\t<div class=\"c-image-desc__inner\">\n\t\t\t\t\t<div class=\"c-image-desc__head\">\n\t\t\t\t\t\t\t\t\t\t\t\t\t\t\t\t\t\t<h3>Maturation de distillats <\/h3>\n\t\t\t\t\t\t\t\t\t\t\t<\/div>\n\t\t\t\t\t<div class=\"c-image-desc__desc c-image-desc__desc--small\">\n\t\t\t\t\t\t<p>Filliers Distillery poss\u00e8de l&rsquo;une des plus grandes capacit\u00e9s de maturation en Belgique, aux Pays-Bas et au Luxembourg. Cela permet \u00e0 la distillerie de proposer diverses options de maturation des spiritueux.<p>Filliers Distillery a m\u00fbri pendant des ann\u00e9es et poss\u00e8de les connaissances n\u00e9cessaires et des partenaires fiables pour faire m\u00fbrir les spiritueux de mani\u00e8re efficace. Tant dans des f\u00fbts de Bourbon, des f\u00fbts de Sherry, des f\u00fbts limousins, &#8230; L&rsquo;assemblage correct des diff\u00e9rents f\u00fbts (si n\u00e9cessaire) est bien entendu une \u00e9vidence. <\/p>\n\n\t\t\t\t\t\t\t\t\t\t\t<\/div>\n\t\t\t\t<\/div>\n\t\t\t<\/div>\n\t\t\t\n\t\t<\/div>\n\t<\/div>\n\n<\/section>\n\n\n\n<section class=\"c-cta \" id=\"cta-block_5fa061e61dba2\" data-aos=\"fade-up\">\n\t<div class=\"c-cta__background\">\n\t\t\n\t\t\n\t<picture>\n\t\t\t\t\t<source media=\"(min-width: 768px)\" data-srcset=\"https:\/\/filliersdistillery.com\/wp-content\/uploads\/2020\/08\/cta-scaled-800x0-c-default.webp 1x, https:\/\/filliersdistillery.com\/wp-content\/uploads\/2020\/08\/cta-scaled-1600x0-c-default.webp 2x\" \/>\n\t\t\t\t\t\t\t<source media=\"(min-width: 480px)\" data-srcset=\"https:\/\/filliersdistillery.com\/wp-content\/uploads\/2020\/08\/cta-scaled-400x0-c-default.webp 1x, https:\/\/filliersdistillery.com\/wp-content\/uploads\/2020\/08\/cta-scaled-800x0-c-default.webp 2x\" \/>\n\t\t\t<img class=\"c-lazy\" data-src=\"https:\/\/filliersdistillery.com\/wp-content\/uploads\/2020\/08\/cta-scaled.jpg\" alt=\"\" \/>\n\t\t\t<\/picture>\n\n\t<\/div>\n\t<div class=\"container\">\n\t\t<div class=\"c-cta__content\">\n\t\t\t\t\t\t\t<h3 class=\"c-cta__title\">Avez-vous une question?<\/h3>\n\t\t\t\t\t\t<div class=\"c-cta__desc\">\n\t\t\t\t\t\t\t\t\t<p>Vous cherchez plus d&rsquo;informations sur notre distillerie? Contactez-nous ici. <\/p>\n\t\t\t\t\t\t\t\t\t\t\t\t<a class=\"c-button c-button--ghost-light c-button--large  \" href=\"http:\/\/filliers.wpengine.com\/fr\/contact\/\" >\n\t<span class=\"c-button__text\">Contact<\/span>\n\t<span class=\"c-button__icon\">\n\t\t<svg viewbox=\"0 0 16 16\">\n\t\t\t<use xlink:href=\"#icon-arrow-right-circle-white\"><\/use>\n\t\t<\/svg>\n\t<\/span>\n<\/a>\n\n\t\t\t\t\t\t\t<\/div>\n\t\t<\/div>\n\t<\/div>\n<\/section>\n\n","protected":false},"excerpt":{"rendered":"","protected":false},"author":4,"featured_media":0,"parent":3433,"menu_order":0,"comment_status":"closed","ping_status":"closed","template":"","meta":{"footnotes":""},"class_list":["post-3445","page","type-page","status-publish","hentry"],"yoast_head":"<!-- This site is optimized with the Yoast SEO plugin v14.8 - https:\/\/yoast.com\/wordpress\/plugins\/seo\/ -->\n<title>Services | Filliers Distillery<\/title>\n<meta name=\"robots\" content=\"index, follow\" \/>\n<meta name=\"googlebot\" content=\"index, follow, max-snippet:-1, max-image-preview:large, max-video-preview:-1\" \/>\n<meta name=\"bingbot\" content=\"index, follow, max-snippet:-1, max-image-preview:large, max-video-preview:-1\" \/>\n<link rel=\"canonical\" href=\"http:\/\/filliers.wpengine.com\/fr\/professionals\/services\/\" \/>\n<meta property=\"og:locale\" content=\"fr_FR\" \/>\n<meta property=\"og:type\" content=\"article\" \/>\n<meta property=\"og:title\" content=\"Services | Filliers Distillery\" \/>\n<meta property=\"og:url\" content=\"http:\/\/filliers.wpengine.com\/fr\/professionals\/services\/\" \/>\n<meta property=\"og:site_name\" content=\"Filliers Distillery\" \/>\n<meta property=\"article:modified_time\" content=\"2020-12-08T12:45:15+00:00\" \/>\n<meta name=\"twitter:card\" content=\"summary_large_image\" \/>\n<script type=\"application\/ld+json\" class=\"yoast-schema-graph\">{\"@context\":\"https:\/\/schema.org\",\"@graph\":[{\"@type\":\"Organization\",\"@id\":\"https:\/\/filliersdistillery.com\/fr\/#organization\",\"name\":\"Filliers Distillery\",\"url\":\"https:\/\/filliersdistillery.com\/fr\/\",\"sameAs\":[],\"logo\":{\"@type\":\"ImageObject\",\"@id\":\"https:\/\/filliersdistillery.com\/fr\/#logo\",\"inLanguage\":\"fr-FR\",\"url\":\"https:\/\/filliersdistillery.com\/wp-content\/uploads\/2024\/01\/FILLIERSDISTILLERY_black_CMYK.png\",\"width\":2363,\"height\":1182,\"caption\":\"Filliers Distillery\"},\"image\":{\"@id\":\"https:\/\/filliersdistillery.com\/fr\/#logo\"}},{\"@type\":\"WebSite\",\"@id\":\"https:\/\/filliersdistillery.com\/fr\/#website\",\"url\":\"https:\/\/filliersdistillery.com\/fr\/\",\"name\":\"Filliers Distillery\",\"description\":\"Filliers Distillery\",\"publisher\":{\"@id\":\"https:\/\/filliersdistillery.com\/fr\/#organization\"},\"potentialAction\":[{\"@type\":\"SearchAction\",\"target\":\"https:\/\/filliersdistillery.com\/fr\/?s={search_term_string}\",\"query-input\":\"required name=search_term_string\"}],\"inLanguage\":\"fr-FR\"},{\"@type\":\"WebPage\",\"@id\":\"http:\/\/filliers.wpengine.com\/fr\/professionals\/services\/#webpage\",\"url\":\"http:\/\/filliers.wpengine.com\/fr\/professionals\/services\/\",\"name\":\"Services | Filliers Distillery\",\"isPartOf\":{\"@id\":\"https:\/\/filliersdistillery.com\/fr\/#website\"},\"datePublished\":\"2020-08-24T12:53:15+00:00\",\"dateModified\":\"2020-12-08T12:45:15+00:00\",\"breadcrumb\":{\"@id\":\"http:\/\/filliers.wpengine.com\/fr\/professionals\/services\/#breadcrumb\"},\"inLanguage\":\"fr-FR\",\"potentialAction\":[{\"@type\":\"ReadAction\",\"target\":[\"http:\/\/filliers.wpengine.com\/fr\/professionals\/services\/\"]}]},{\"@type\":\"BreadcrumbList\",\"@id\":\"http:\/\/filliers.wpengine.com\/fr\/professionals\/services\/#breadcrumb\",\"itemListElement\":[{\"@type\":\"ListItem\",\"position\":1,\"item\":{\"@type\":\"WebPage\",\"@id\":\"https:\/\/filliersdistillery.com\/fr\/professionals\/\",\"url\":\"https:\/\/filliersdistillery.com\/fr\/professionals\/\",\"name\":\"Professionels\"}},{\"@type\":\"ListItem\",\"position\":2,\"item\":{\"@type\":\"WebPage\",\"@id\":\"http:\/\/filliers.wpengine.com\/fr\/professionals\/services\/\",\"url\":\"http:\/\/filliers.wpengine.com\/fr\/professionals\/services\/\",\"name\":\"Services\"}}]}]}<\/script>\n<!-- \/ Yoast SEO plugin. -->","_links":{"self":[{"href":"https:\/\/filliersdistillery.com\/fr\/wp-json\/wp\/v2\/pages\/3445","targetHints":{"allow":["GET"]}}],"collection":[{"href":"https:\/\/filliersdistillery.com\/fr\/wp-json\/wp\/v2\/pages"}],"about":[{"href":"https:\/\/filliersdistillery.com\/fr\/wp-json\/wp\/v2\/types\/page"}],"author":[{"embeddable":true,"href":"https:\/\/filliersdistillery.com\/fr\/wp-json\/wp\/v2\/users\/4"}],"replies":[{"embeddable":true,"href":"https:\/\/filliersdistillery.com\/fr\/wp-json\/wp\/v2\/comments?post=3445"}],"version-history":[{"count":0,"href":"https:\/\/filliersdistillery.com\/fr\/wp-json\/wp\/v2\/pages\/3445\/revisions"}],"up":[{"embeddable":true,"href":"https:\/\/filliersdistillery.com\/fr\/wp-json\/wp\/v2\/pages\/3433"}],"wp:attachment":[{"href":"https:\/\/filliersdistillery.com\/fr\/wp-json\/wp\/v2\/media?parent=3445"}],"curies":[{"name":"wp","href":"https:\/\/api.w.org\/{rel}","templated":true}]}}