{"id":3475,"date":"2020-08-21T13:48:06","date_gmt":"2020-08-21T13:48:06","guid":{"rendered":"http:\/\/filliers.wpengine.com\/products\/products\/import-brands\/"},"modified":"2025-12-30T10:20:40","modified_gmt":"2025-12-30T10:20:40","slug":"import-brands","status":"publish","type":"product","link":"https:\/\/filliersdistillery.com\/fr\/products\/import-brands\/","title":{"rendered":"Spiritieux d&rsquo;Import"},"content":{"rendered":"<section class=\"c-hero c-hero--center \" id=\"hero-block_5f3e4fdd48c9d\" data-aos=\"fade-up\">\n\t<div class=\"c-hero__slider\">\n\t\t<div class=\"swiper-container c-hero__swiper\">\n\t\t\t<div class=\"swiper-wrapper\">\n\n\t\t\t\t\t\t\t\t<div class=\"swiper-slide\">\n\n\t\t\t\t\t\t\t\t\t\t<div class=\"c-hero__slider-image\">\n\t\t\t\t\t\t\n\t\t\n\t<picture>\n\t\t\t\t\t<source media=\"(min-width: 768px)\" data-srcset=\"https:\/\/filliersdistillery.com\/wp-content\/uploads\/2020\/08\/Tamdhu_mood_image_2-800x0-c-default.webp 1x, https:\/\/filliersdistillery.com\/wp-content\/uploads\/2020\/08\/Tamdhu_mood_image_2-1600x0-c-default.webp 2x\" \/>\n\t\t\t\t\t\t\t<source media=\"(min-width: 480px)\" data-srcset=\"https:\/\/filliersdistillery.com\/wp-content\/uploads\/2020\/08\/Tamdhu_mood_image_2-400x0-c-default.webp 1x, https:\/\/filliersdistillery.com\/wp-content\/uploads\/2020\/08\/Tamdhu_mood_image_2-800x0-c-default.webp 2x\" \/>\n\t\t\t<img class=\"swiper-lazy\" data-src=\"https:\/\/filliersdistillery.com\/wp-content\/uploads\/2020\/08\/Tamdhu_mood_image_2.jpg\" alt=\"\" \/>\n\t\t\t<\/picture>\n\n\t\t\t\t\t<\/div>\n\t\t\t\t\t\t\t\t\t\t\n\n\t\t\t\t\t<div class=\"c-hero__slider-space\"><\/div>\n\t\t\t\t\t<div class=\"c-hero__slider-content\">\n\t\t\t\t\t\t<div class=\"container\">\n\t\t\t\t\t\t\t\t\t\t\t\t\t\t\t\t\t\t\t\t\t<h1 class=\"c-hero__slider-title\">Spiritieux d&rsquo;Import<\/h1>\n\t\t\t\t\t\t\t\t\t\t\t\t\t\t\t\t\t\t\t\t\t\t\t\t\t\t\t<\/div>\n\t\t\t\t\t<\/div>\n\t\t\t\t<\/div>\n\t\t\t\t\t\t\t<\/div>\n\n\t\t\t<div class=\"c-hero__slider-nav\">\n\t\t\t\t<div class=\"c-hero__slider-nav-container\">\n\n\t\t\t\t\t<div class=\"swiper-scrollbar\"><\/div>\n\t\t\t\t\t<div class=\"c-hero__slider-nav-controls\">\n\t\t\t\t\t\t<div class=\"swiper-fraction\"><\/div>\n\t\t\t\t\t\t<div class=\"swiper-titles\">\n\t\t\t\t\t\t\t\t\t\t\t\t\t\t<div class=\"swiper-title swiper-title--active\" data-index=\"0\">Spiritieux d&rsquo;Import<\/div>\n\t\t\t\t\t\t\t\t\t\t\t\t\t<\/div>\n\t\t\t\t\t\t<div class=\"swiper-buttons\">\n\t\t\t\t\t\t\t<div class=\"swiper-button-prev\">\n\t\t\t\t\t\t\t\t<svg viewbox=\"0 0 16 16\">\n\t\t\t\t\t\t\t\t\t<use xlink:href=\"#circle-chevron-left\"><\/use>\n\t\t\t\t\t\t\t\t<\/svg>\n\t\t\t\t\t\t\t<\/div>\n\t\t\t\t\t\t\t<div class=\"swiper-button-next\">\n\t\t\t\t\t\t\t\t<svg viewbox=\"0 0 16 16\">\n\t\t\t\t\t\t\t\t\t<use xlink:href=\"#circle-chevron-right\"><\/use>\n\t\t\t\t\t\t\t\t<\/svg>\n\t\t\t\t\t\t\t<\/div>\n\t\t\t\t\t\t<\/div>\n\t\t\t\t\t<\/div>\n\t\t\t\t<\/div>\n\t\t\t<\/div>\n\n\t\t<\/div>\n\t<\/div>\n\n\n\t\n<\/section>\n\n\n\n\n<section class=\"c-partners-logos \" id=\"partners-logos-block_5f3e558b26a56\" data-aos=\"fade-up\">\n\t<div class=\"c-partners-logos__inner\">\n\t\t\t\t<a href=\"#glenfarclas\">\n\t\t<picture>\n\t\t\t<img class=\"c-lazy\" data-src=\"https:\/\/filliersdistillery.com\/wp-content\/uploads\/2020\/08\/2-logo-glenfarclas.png\" alt=\"\">\n\t\t<\/picture>\n\t\t<\/a>\n\t\t\t\t<a href=\"#glengoyne\">\n\t\t<picture>\n\t\t\t<img class=\"c-lazy\" data-src=\"https:\/\/filliersdistillery.com\/wp-content\/uploads\/2020\/08\/3-logo-glengoyne.png\" alt=\"\">\n\t\t<\/picture>\n\t\t<\/a>\n\t\t\t\t<a href=\"#tamdhu\">\n\t\t<picture>\n\t\t\t<img class=\"c-lazy\" data-src=\"https:\/\/filliersdistillery.com\/wp-content\/uploads\/2020\/08\/5-logo-tamdhu-2.png\" alt=\"\">\n\t\t<\/picture>\n\t\t<\/a>\n\t\t\t\t<a href=\"#rosebank\">\n\t\t<picture>\n\t\t\t<img class=\"c-lazy\" data-src=\"https:\/\/filliersdistillery.com\/wp-content\/uploads\/2020\/08\/6-logo-rosebank.png\" alt=\"\">\n\t\t<\/picture>\n\t\t<\/a>\n\t\t\t\t<a href=\"#smokehead\">\n\t\t<picture>\n\t\t\t<img class=\"c-lazy\" data-src=\"https:\/\/filliersdistillery.com\/wp-content\/uploads\/2020\/08\/4-logo-smokehead-1.png\" alt=\"\">\n\t\t<\/picture>\n\t\t<\/a>\n\t\t\t\t<a href=\"#tokinoka\">\n\t\t<picture>\n\t\t\t<img class=\"c-lazy\" data-src=\"https:\/\/filliersdistillery.com\/wp-content\/uploads\/2020\/08\/7-logo-tokinoka.png\" alt=\"\">\n\t\t<\/picture>\n\t\t<\/a>\n\t\t\t\t<a href=\"#luxardo\">\n\t\t<picture>\n\t\t\t<img class=\"c-lazy\" data-src=\"https:\/\/filliersdistillery.com\/wp-content\/uploads\/2020\/08\/10-logo-luxardo.png\" alt=\"\">\n\t\t<\/picture>\n\t\t<\/a>\n\t\t\t\t<a href=\"#stroh\">\n\t\t<picture>\n\t\t\t<img class=\"c-lazy\" data-src=\"https:\/\/filliersdistillery.com\/wp-content\/uploads\/2020\/08\/9-logo-STROH.png\" alt=\"\">\n\t\t<\/picture>\n\t\t<\/a>\n\t\t\t\t<a href=\"#remedy\">\n\t\t<picture>\n\t\t\t<img class=\"c-lazy\" data-src=\"https:\/\/filliersdistillery.com\/wp-content\/uploads\/2020\/08\/8-logo-remedy.png\" alt=\"\">\n\t\t<\/picture>\n\t\t<\/a>\n\t\t\t\t<a href=\"#centenario\">\n\t\t<picture>\n\t\t\t<img class=\"c-lazy\" data-src=\"https:\/\/filliersdistillery.com\/wp-content\/uploads\/2020\/08\/Import_centenariologo-400-x-400-1.png\" alt=\"\">\n\t\t<\/picture>\n\t\t<\/a>\n\t\t\t\t<a href=\"#caleno\">\n\t\t<picture>\n\t\t\t<img class=\"c-lazy\" data-src=\"https:\/\/filliersdistillery.com\/wp-content\/uploads\/2020\/08\/Caleno-Logo-1-Line-Dual-Blue-e1691745690864.png\" alt=\"\">\n\t\t<\/picture>\n\t\t<\/a>\n\t\t\t<\/div>\n<\/section>\n\n\n\n\n<section class=\"c-image-desc c-image-desc--reverse \" id=\"glenfarclas\">\n\n\t<div class=\"container\" data-aos=\"fade-up\">\n\t\t<div class=\"c-image-desc__row\">\n\n\t\t\t<div class=\"c-image-desc__col\">\n\t\t\t\t\t\t\t\t<picture class=\"c-image-desc__image\">\n\t\t\t\t\t<img class=\"c-lazy\" data-src=\"https:\/\/filliersdistillery.com\/wp-content\/uploads\/2020\/08\/12-image-glenfarclas.jpg\" alt=\"\" \/>\n\t\t\t\t<\/picture>\n\t\t\t\t\t\t\t<\/div>\n\n\t\t\t<div class=\"c-image-desc__col\">\n\t\t\t\t<div class=\"c-image-desc__inner\">\n\t\t\t\t\t<div class=\"c-image-desc__head\">\n\t\t\t\t\t\t\t\t\t\t\t\t\t\t\t\t\t\t<h3>Glenfarclas<\/h3>\n\t\t\t\t\t\t\t\t\t\t\t<\/div>\n\t\t\t\t\t<div class=\"c-image-desc__desc c-image-desc__desc--normal\">\n\t\t\t\t\t\t<p>Ce whisky single malt traditionnel est distill\u00e9 dans la distillerie Glenfarclas \u00e0 Ballindalloch, la distillerie familiale avec les plus grands alambics du Speyside. Cette r\u00e9gion \u00e9cossaise le long de la Spy River, entre Inverness et Aberdeen, est le berceau des whiskies single malt.<\/p>\r\nLe go\u00fbt du whisky est d\u00e9termin\u00e9 par la douceur de l&rsquo;eau, la puret\u00e9 de l&rsquo;air, la tourbe au-dessus de laquelle les grains de malt sont s\u00e9ch\u00e9s et la maturation en barriques (type de bois et nombre d&rsquo;ann\u00e9es). Glenfarclas (\u00abla vall\u00e9e \u00e0 l&rsquo;herbe verte\u00bb) se caract\u00e9rise par sa forte saveur de sherry.<\/p>\n\n\t\t\t\t\t\t\t\t\t\t\t\t<div class=\"c-image-desc__action\">\n\t\t\t\t\t\t\t<a class=\"c-button c-button--ghost-dark c-button--large  \" href=\"https:\/\/glenfarclas.com\/\" target=\"_blank\">\n\t<span class=\"c-button__text\">Visitez le site web<\/span>\n\t<span class=\"c-button__icon\">\n\t\t<svg viewbox=\"0 0 16 16\">\n\t\t\t<use xlink:href=\"#icon-arrow-right-circle-black\"><\/use>\n\t\t<\/svg>\n\t<\/span>\n<\/a>\n\n\t\t\t\t\t\t<\/div>\n\t\t\t\t\t\t\t\t\t\t\t<\/div>\n\t\t\t\t<\/div>\n\t\t\t<\/div>\n\t\t\t\n\t\t<\/div>\n\t<\/div>\n\n<\/section>\n\n\n\n\n<div class=\"wp-block-group\"><div class=\"wp-block-group__inner-container is-layout-flow wp-block-group-is-layout-flow\"><\/div><\/div>\n\n\n\n<section class=\"c-image-desc c-image-desc--reverse \" id=\"luxardo\">\n\n\t<div class=\"container\" data-aos=\"fade-up\">\n\t\t<div class=\"c-image-desc__row\">\n\n\t\t\t<div class=\"c-image-desc__col\">\n\t\t\t\t\t\t\t\t<picture class=\"c-image-desc__image\">\n\t\t\t\t\t<img class=\"c-lazy\" data-src=\"https:\/\/filliersdistillery.com\/wp-content\/uploads\/2020\/08\/20-image-luxardo.jpg\" alt=\"\" \/>\n\t\t\t\t<\/picture>\n\t\t\t\t\t\t\t<\/div>\n\n\t\t\t<div class=\"c-image-desc__col\">\n\t\t\t\t<div class=\"c-image-desc__inner\">\n\t\t\t\t\t<div class=\"c-image-desc__head\">\n\t\t\t\t\t\t\t\t\t\t\t\t\t\t\t\t\t\t<h3>Luxardo<\/h3>\n\t\t\t\t\t\t\t\t\t\t\t<\/div>\n\t\t\t\t\t<div class=\"c-image-desc__desc c-image-desc__desc--normal\">\n\t\t\t\t\t\t<p>L&rsquo;entreprise familiale italienne a \u00e9t\u00e9 fond\u00e9e en 1821 et est aujourd&rsquo;hui dirig\u00e9e par les trois derni\u00e8res des sept derni\u00e8res g\u00e9n\u00e9rations. Luxardo est donc l&rsquo;un des plus anciens producteurs europ\u00e9ens de liqueurs et spiritueux.<\/p>Des alambics en cuivre authentiques, des cuves de maturation, des recettes et 20 000 cerisiers Marasca perp\u00e9tuent la tradition, tandis que les entrep\u00f4ts, les lignes d&#8217;embouteillage et les op\u00e9rations sont enti\u00e8rement conformes aux normes actuelles. Les deux vont de pair et proposent une gamme de produits typiquement italiens originaux. Liqueur de marasquin, Sambuca, Amaretto, mais aussi le Limoncello de renomm\u00e9e internationale.<\/p>\n\n\t\t\t\t\t\t\t\t\t\t\t\t<div class=\"c-image-desc__action\">\n\t\t\t\t\t\t\t<a class=\"c-button c-button--ghost-dark c-button--large  \" href=\"https:\/\/www.luxardo.it\/\" target=\"_blank\">\n\t<span class=\"c-button__text\">Visitez le site web<\/span>\n\t<span class=\"c-button__icon\">\n\t\t<svg viewbox=\"0 0 16 16\">\n\t\t\t<use xlink:href=\"#icon-arrow-right-circle-black\"><\/use>\n\t\t<\/svg>\n\t<\/span>\n<\/a>\n\n\t\t\t\t\t\t<\/div>\n\t\t\t\t\t\t\t\t\t\t\t<\/div>\n\t\t\t\t<\/div>\n\t\t\t<\/div>\n\t\t\t\n\t\t<\/div>\n\t<\/div>\n\n<\/section>\n\n\n\n\n<p><\/p>\n","protected":false},"parent":3468,"menu_order":0,"template":"","class_list":["post-3475","product","type-product","status-publish","hentry"],"yoast_head":"<!-- This site is optimized with the Yoast SEO plugin v14.8 - https:\/\/yoast.com\/wordpress\/plugins\/seo\/ -->\n<title>Spiritieux d&#039;Import | Filliers Distillery<\/title>\n<meta name=\"robots\" content=\"index, follow\" \/>\n<meta name=\"googlebot\" content=\"index, follow, max-snippet:-1, max-image-preview:large, max-video-preview:-1\" \/>\n<meta name=\"bingbot\" content=\"index, follow, max-snippet:-1, max-image-preview:large, max-video-preview:-1\" \/>\n<link rel=\"canonical\" href=\"https:\/\/filliersdistillery.com\/fr\/products\/import-brands\/\" \/>\n<meta property=\"og:locale\" content=\"fr_FR\" \/>\n<meta property=\"og:type\" content=\"article\" \/>\n<meta property=\"og:title\" content=\"Spiritieux d&#039;Import | Filliers Distillery\" \/>\n<meta property=\"og:url\" content=\"https:\/\/filliersdistillery.com\/fr\/products\/import-brands\/\" \/>\n<meta property=\"og:site_name\" content=\"Filliers Distillery\" \/>\n<meta property=\"article:modified_time\" content=\"2025-12-30T10:20:40+00:00\" \/>\n<meta name=\"twitter:card\" content=\"summary_large_image\" \/>\n<script type=\"application\/ld+json\" class=\"yoast-schema-graph\">{\"@context\":\"https:\/\/schema.org\",\"@graph\":[{\"@type\":\"Organization\",\"@id\":\"https:\/\/filliersdistillery.com\/fr\/#organization\",\"name\":\"Filliers Distillery\",\"url\":\"https:\/\/filliersdistillery.com\/fr\/\",\"sameAs\":[],\"logo\":{\"@type\":\"ImageObject\",\"@id\":\"https:\/\/filliersdistillery.com\/fr\/#logo\",\"inLanguage\":\"fr-FR\",\"url\":\"https:\/\/filliersdistillery.com\/wp-content\/uploads\/2024\/01\/FILLIERSDISTILLERY_black_CMYK.png\",\"width\":2363,\"height\":1182,\"caption\":\"Filliers Distillery\"},\"image\":{\"@id\":\"https:\/\/filliersdistillery.com\/fr\/#logo\"}},{\"@type\":\"WebSite\",\"@id\":\"https:\/\/filliersdistillery.com\/fr\/#website\",\"url\":\"https:\/\/filliersdistillery.com\/fr\/\",\"name\":\"Filliers Distillery\",\"description\":\"Filliers Distillery\",\"publisher\":{\"@id\":\"https:\/\/filliersdistillery.com\/fr\/#organization\"},\"potentialAction\":[{\"@type\":\"SearchAction\",\"target\":\"https:\/\/filliersdistillery.com\/fr\/?s={search_term_string}\",\"query-input\":\"required name=search_term_string\"}],\"inLanguage\":\"fr-FR\"},{\"@type\":\"WebPage\",\"@id\":\"https:\/\/filliersdistillery.com\/fr\/products\/import-brands\/#webpage\",\"url\":\"https:\/\/filliersdistillery.com\/fr\/products\/import-brands\/\",\"name\":\"Spiritieux d'Import | Filliers Distillery\",\"isPartOf\":{\"@id\":\"https:\/\/filliersdistillery.com\/fr\/#website\"},\"datePublished\":\"2020-08-21T13:48:06+00:00\",\"dateModified\":\"2025-12-30T10:20:40+00:00\",\"breadcrumb\":{\"@id\":\"https:\/\/filliersdistillery.com\/fr\/products\/import-brands\/#breadcrumb\"},\"inLanguage\":\"fr-FR\",\"potentialAction\":[{\"@type\":\"ReadAction\",\"target\":[\"https:\/\/filliersdistillery.com\/fr\/products\/import-brands\/\"]}]},{\"@type\":\"BreadcrumbList\",\"@id\":\"https:\/\/filliersdistillery.com\/fr\/products\/import-brands\/#breadcrumb\",\"itemListElement\":[{\"@type\":\"ListItem\",\"position\":1,\"item\":{\"@type\":\"WebPage\",\"@id\":\"https:\/\/filliersdistillery.com\/fr\/products\/\",\"url\":\"https:\/\/filliersdistillery.com\/fr\/products\/\",\"name\":\"Produits\"}},{\"@type\":\"ListItem\",\"position\":2,\"item\":{\"@type\":\"WebPage\",\"@id\":\"https:\/\/filliersdistillery.com\/fr\/products\/import-brands\/\",\"url\":\"https:\/\/filliersdistillery.com\/fr\/products\/import-brands\/\",\"name\":\"Spiritieux d&#8217;Import\"}}]}]}<\/script>\n<!-- \/ Yoast SEO plugin. -->","_links":{"self":[{"href":"https:\/\/filliersdistillery.com\/fr\/wp-json\/wp\/v2\/product\/3475","targetHints":{"allow":["GET"]}}],"collection":[{"href":"https:\/\/filliersdistillery.com\/fr\/wp-json\/wp\/v2\/product"}],"about":[{"href":"https:\/\/filliersdistillery.com\/fr\/wp-json\/wp\/v2\/types\/product"}],"up":[{"embeddable":true,"href":"https:\/\/filliersdistillery.com\/fr\/wp-json\/wp\/v2\/product\/3468"}],"wp:attachment":[{"href":"https:\/\/filliersdistillery.com\/fr\/wp-json\/wp\/v2\/media?parent=3475"}],"curies":[{"name":"wp","href":"https:\/\/api.w.org\/{rel}","templated":true}]}}