{"id":3479,"date":"2020-08-23T12:35:57","date_gmt":"2020-08-23T12:35:57","guid":{"rendered":"http:\/\/filliers.wpengine.com\/products\/products\/other-brands\/"},"modified":"2026-03-24T12:30:57","modified_gmt":"2026-03-24T12:30:57","slug":"other-brands","status":"publish","type":"product","link":"https:\/\/filliersdistillery.com\/fr\/products\/other-brands\/","title":{"rendered":"Autres Spiritueux"},"content":{"rendered":"<section class=\"c-hero c-hero--center \" id=\"hero-block_5f4265b84caca\" data-aos=\"fade-up\">\n\t<div class=\"c-hero__slider\">\n\t\t<div class=\"swiper-container c-hero__swiper\">\n\t\t\t<div class=\"swiper-wrapper\">\n\n\t\t\t\t\t\t\t\t<div class=\"swiper-slide\">\n\n\t\t\t\t\t\t\t\t\t\t<div class=\"c-hero__slider-image\">\n\t\t\t\t\t\t\n\t\t\n\t<picture>\n\t\t\t\t\t<source media=\"(min-width: 768px)\" data-srcset=\"https:\/\/filliersdistillery.com\/wp-content\/uploads\/2020\/08\/0-header-other-spirits-page-800x0-c-default.webp 1x, https:\/\/filliersdistillery.com\/wp-content\/uploads\/2020\/08\/0-header-other-spirits-page-1600x0-c-default.webp 2x\" \/>\n\t\t\t\t\t\t\t<source media=\"(min-width: 480px)\" data-srcset=\"https:\/\/filliersdistillery.com\/wp-content\/uploads\/2020\/08\/0-header-other-spirits-page-400x0-c-default.webp 1x, https:\/\/filliersdistillery.com\/wp-content\/uploads\/2020\/08\/0-header-other-spirits-page-800x0-c-default.webp 2x\" \/>\n\t\t\t<img class=\"swiper-lazy\" data-src=\"https:\/\/filliersdistillery.com\/wp-content\/uploads\/2020\/08\/0-header-other-spirits-page.jpg\" alt=\"\" \/>\n\t\t\t<\/picture>\n\n\t\t\t\t\t<\/div>\n\t\t\t\t\t\t\t\t\t\t\n\n\t\t\t\t\t<div class=\"c-hero__slider-space\"><\/div>\n\t\t\t\t\t<div class=\"c-hero__slider-content\">\n\t\t\t\t\t\t<div class=\"container\">\n\t\t\t\t\t\t\t\t\t\t\t\t\t\t\t\t\t\t\t\t\t<h1 class=\"c-hero__slider-title\">Autres Spiritueux<\/h1>\n\t\t\t\t\t\t\t\t\t\t\t\t\t\t\t\t\t\t\t\t\t\t\t\t\t\t\t<\/div>\n\t\t\t\t\t<\/div>\n\t\t\t\t<\/div>\n\t\t\t\t\t\t\t<\/div>\n\n\t\t\t<div class=\"c-hero__slider-nav\">\n\t\t\t\t<div class=\"c-hero__slider-nav-container\">\n\n\t\t\t\t\t<div class=\"swiper-scrollbar\"><\/div>\n\t\t\t\t\t<div class=\"c-hero__slider-nav-controls\">\n\t\t\t\t\t\t<div class=\"swiper-fraction\"><\/div>\n\t\t\t\t\t\t<div class=\"swiper-titles\">\n\t\t\t\t\t\t\t\t\t\t\t\t\t\t<div class=\"swiper-title swiper-title--active\" data-index=\"0\">Autres Spiritueux<\/div>\n\t\t\t\t\t\t\t\t\t\t\t\t\t<\/div>\n\t\t\t\t\t\t<div class=\"swiper-buttons\">\n\t\t\t\t\t\t\t<div class=\"swiper-button-prev\">\n\t\t\t\t\t\t\t\t<svg viewbox=\"0 0 16 16\">\n\t\t\t\t\t\t\t\t\t<use xlink:href=\"#circle-chevron-left\"><\/use>\n\t\t\t\t\t\t\t\t<\/svg>\n\t\t\t\t\t\t\t<\/div>\n\t\t\t\t\t\t\t<div class=\"swiper-button-next\">\n\t\t\t\t\t\t\t\t<svg viewbox=\"0 0 16 16\">\n\t\t\t\t\t\t\t\t\t<use xlink:href=\"#circle-chevron-right\"><\/use>\n\t\t\t\t\t\t\t\t<\/svg>\n\t\t\t\t\t\t\t<\/div>\n\t\t\t\t\t\t<\/div>\n\t\t\t\t\t<\/div>\n\t\t\t\t<\/div>\n\t\t\t<\/div>\n\n\t\t<\/div>\n\t<\/div>\n\n\n\t\n<\/section>\n\n\n\n\n<section class=\"c-bottles-nav \" id=\"bottles-nav-block_5f42666b4cacc\" data-aos=\"fade-up\">\n\t<div class=\"container\">\n\t\t<div class=\"c-bottles-nav__wrapper\">\n\t\t\t\t\t\t<div class=\"c-bottles-nav__item\">\n\t\t\t\t<a href=\"#wortegemsen\">\n\t\t\t\t\t\t\t\t\t\t\t<picture class=\"c-intro-home__pic-1\">\n\t\t\t\t\t\t\t<source media=\"(min-width: 600px)\" data-srcset=\"https:\/\/filliersdistillery.com\/wp-content\/uploads\/2020\/08\/2-preview-bottle-van-hoo-1.webp\" \/>\n\t\t\t\t\t\t\t<img class=\"c-lazy\" data-src=\"https:\/\/filliersdistillery.com\/wp-content\/uploads\/2020\/08\/2-preview-bottle-van-hoo-1.webp\" \n\t\t\t\t\t\t\talt=\"\"\/>\n\t\t\t\t\t\t<\/picture>\n\t\t\t\t\t<span>Wortegemsen<\/span>\n\t\t\t\t<\/a>\n\t\t\t<\/div>\n\t\t\t\t\t\t<div class=\"c-bottles-nav__item\">\n\t\t\t\t<a href=\"#van-hoo\">\n\t\t\t\t\t\t\t\t\t\t\t<picture class=\"c-intro-home__pic-1\">\n\t\t\t\t\t\t\t<source media=\"(min-width: 600px)\" data-srcset=\"https:\/\/filliersdistillery.com\/wp-content\/uploads\/2020\/08\/2-preview-bottle-van-hoo.webp\" \/>\n\t\t\t\t\t\t\t<img class=\"c-lazy\" data-src=\"https:\/\/filliersdistillery.com\/wp-content\/uploads\/2020\/08\/2-preview-bottle-van-hoo.webp\" \n\t\t\t\t\t\t\talt=\"\"\/>\n\t\t\t\t\t\t<\/picture>\n\t\t\t\t\t<span>Van Hoo<\/span>\n\t\t\t\t<\/a>\n\t\t\t<\/div>\n\t\t\t\t\t\t<div class=\"c-bottles-nav__item\">\n\t\t\t\t<a href=\"#goldlys\">\n\t\t\t\t\t\t\t\t\t\t\t<picture class=\"c-intro-home__pic-1\">\n\t\t\t\t\t\t\t<source media=\"(min-width: 600px)\" data-srcset=\"https:\/\/filliersdistillery.com\/wp-content\/uploads\/2020\/08\/5-preview-bottle-goldlys.webp\" \/>\n\t\t\t\t\t\t\t<img class=\"c-lazy\" data-src=\"https:\/\/filliersdistillery.com\/wp-content\/uploads\/2020\/08\/5-preview-bottle-goldlys.webp\" \n\t\t\t\t\t\t\talt=\"\"\/>\n\t\t\t\t\t\t<\/picture>\n\t\t\t\t\t<span>Goldlys<\/span>\n\t\t\t\t<\/a>\n\t\t\t<\/div>\n\t\t\t\t\t<\/div>\n\t<\/div>\n<\/section>\n\n\n\n\n<section class=\"c-product-preview-v3  \" id=\"wortegemsen\">\n\n\t<div class=\"c-product-preview-v3__item\" data-aos=\"fade-up\">\n\t\t<div class=\"c-product-preview-v3__row\">\n\t\t\t<div class=\"c-product-preview-v3__col\">\n\t\t\t\t<div class=\"c-product-preview-v3__item-desc c-product-preview-v3__item-desc--decor-\">\n\t\t\t\t\t<div class=\"c-product-preview-v3__item-inner\">\n\t\t\t\t\t\t\t\t\t\t\t\t\t<h3>Wortegemsen<\/h3>\n\t\t\t\t\t\t\t\t\t\t\t\t<p>Le Wortegemsen est n\u00e9 par hasard d&rsquo;une tradition festive locale. Ce sont des femmes au foyer qui pr\u00e9paraient une boisson servie chaque ann\u00e9e lors des festivit\u00e9s de Wortegemsen \u00e0 base de jus de citron frais.  <\/p>\r\n\n\t\t\t\t\t\t\t\t\t\t\t\t\t<a class=\"c-button c-button--ghost-grey-light c-button--large js-open-product-popup \" href=\"#\" >\n\t<span class=\"c-button__text\">Lire plus<\/span>\n\t<span class=\"c-button__icon\">\n\t\t<svg viewbox=\"0 0 16 16\">\n\t\t\t<use xlink:href=\"#icon-plus-white\"><\/use>\n\t\t<\/svg>\n\t<\/span>\n<\/a>\n\n\t\t\t\t\t\t\t\t\t\t\t<\/div>\n\t\t\t\t<\/div>\n\t\t\t\t<div class=\"c-product-preview-v3__item-photo\">\n\t\t\t\t\t\t\t\t\t\t\t\t\t\t\t\t\t<picture class=\"c-intro-home__pic-1\">\n\t\t\t\t\t\t\t<source media=\"(min-width: 600px)\" data-srcset=\"https:\/\/filliersdistillery.com\/wp-content\/uploads\/2020\/08\/6-moodshot-wortegemsen.webp\" \/>\n\t\t\t\t\t\t\t<img class=\"c-lazy\" data-src=\"https:\/\/filliersdistillery.com\/wp-content\/uploads\/2020\/08\/6-moodshot-wortegemsen-768x384.webp\" \n\t\t\t\t\t\t\talt=\"\"\/>\n\t\t\t\t\t\t<\/picture>\n\t\t\t\t\t\t\t\t\t<\/div>\n\t\t\t<\/div>\n\t\t\t<div class=\"c-product-preview-v3__col c-product-preview-v3__col--light-gray\">\n\n\t\t\t\t<div class=\"c-product-preview__slider\">\n\n\t\t\t\t\t<div class=\"swiper-container c-product-preview__swiper\" id=\"swiper-block_5f42704a41e64\">\n\t\t\t\t\t\t<div class=\"swiper-wrapper\">\n\n\t\t\t\t\t\t\t\n\t\t\t\t\t\t\t<div class=\"swiper-slide\">\n\t\t\t\t\t\t\t\t\t\t\t\t\t\t\t\t\t\t\t\t\t\t\t\t<picture class=\"c-intro-home__pic-1\">\n\t\t\t\t\t\t\t\t\t<source media=\"(min-width: 600px)\" data-srcset=\"https:\/\/filliersdistillery.com\/wp-content\/uploads\/2020\/08\/Wortegemsen_citroen_landingspagina_preview-bottle.webp\" \/>\n\t\t\t\t\t\t\t\t\t<img class=\"c-lazy\" data-src=\"https:\/\/filliersdistillery.com\/wp-content\/uploads\/2020\/08\/Wortegemsen_citroen_landingspagina_preview-bottle-768x1061.webp\" \n\t\t\t\t\t\t\t\t\talt=\"\"\/>\n\t\t\t\t\t\t\t\t<\/picture>\n\t\t\t\t\t\t\t\t\t\t\t\t\t\t\t\t\t\t\t\t\t\t\t\t<h4>Citron<\/h4>\n\t\t\t\t\t\t\t\t\n\t\t\t\t\t\t\t\t\t\t\t\t\t\t\t\t<a class=\"c-button c-button--ghost-dark c-button--large  \" href=\"http:\/\/filliers.wpengine.com\/fr\/products\/import-brands\/wortegemsen-citroen\/\" >\n\t<span class=\"c-button__text\">plus d&rsquo;informations<\/span>\n\t<span class=\"c-button__icon\">\n\t\t<svg viewbox=\"0 0 16 16\">\n\t\t\t<use xlink:href=\"#icon-arrow-right-circle-black\"><\/use>\n\t\t<\/svg>\n\t<\/span>\n<\/a>\n\n\t\t\t\t\t\t\t\t\n\t\t\t\t\t\t\t<\/div>\n\n\t\t\t\t\t\t\t\n\t\t\t\t\t\t<\/div>\n\n\t\t\t\t\t\t<div class=\"swiper__nav\">\n\t\t\t\t\t\t\t<div class=\"swiper-scrollbar\"><\/div>\n\t\t\t\t\t\t<\/div>\n\n\t\t\t\t\t<\/div>\n\t\t\t\t\t<!-- \/swiper -->\n\n\t\t\t\t\t<div class=\"c-product-preview__swiper-container\">\n\n\t\t\t\t\t\t<div class=\"swiper-container c-product-preview__swiper-thumbs\" id=\"swiper-thumbs-block_5f42704a41e64\">\n\n\t\t\t\t\t\t\t<div class=\"swiper-wrapper\">\n\t\t\t\t\t\t\t\t\n\t\t\t\t\t\t\t\t\t\t\t\t\t\t\t\t<div class=\"swiper-slide\">\n\t\t\t\t\t\t\t\t\t\t\t\t\t\t\t\t<picture class=\"c-intro-home__pic-1\">\n\t\t\t\t\t\t\t\t\t<source media=\"(min-width: 600px)\" data-srcset=\"https:\/\/filliersdistillery.com\/wp-content\/uploads\/2020\/08\/Wortegemsen_citroen_landingspagina_preview-bottle.webp\" \/>\n\t\t\t\t\t\t\t\t\t<img class=\"c-lazy\" data-src=\"https:\/\/filliersdistillery.com\/wp-content\/uploads\/2020\/08\/Wortegemsen_citroen_landingspagina_preview-bottle-768x1061.webp\" \n\t\t\t\t\t\t\t\t\talt=\"\"\/>\n\t\t\t\t\t\t\t\t<\/picture>\n\t\t\t\t\t\t\t\t<\/div>\n\t\t\t\t\t\t\t\t\t\t\t\t\t\t\t\t\n\t\t\t\t\t\t\t<\/div>\n\n\t\t\t\t\t\t<\/div>\n\t\t\t\t\t\t<!-- \/thumbs -->\n\n\t\t\t\t\t\t<div class=\"swiper-brands-button-prev\">\n\t\t\t\t\t\t\t<svg viewbox=\"0 0 16 16\">\n\t\t\t\t\t\t\t\t<use xlink:href=\"#icon-chevron-right-circle-white\"><\/use>\n\t\t\t\t\t\t\t<\/svg>\n\t\t\t\t\t\t<\/div>\n\t\t\t\t\t\t<div class=\"swiper-brands-button-next\">\n\t\t\t\t\t\t\t<svg viewbox=\"0 0 16 16\">\n\t\t\t\t\t\t\t\t<use xlink:href=\"#icon-chevron-right-circle-white\"><\/use>\n\t\t\t\t\t\t\t<\/svg>\n\t\t\t\t\t\t<\/div>\n\t\t\t\t\t<\/div>\n\n\t\t\t\t<\/div>\n\t\t\t\t<!-- \/slider -->\n\n\t\t\t<\/div>\n\t\t<\/div>\n\t<\/div>\n\n\t\t<div class=\"c-product-popup__shadow js-product-shadow\"><\/div>\n\t<div class=\"c-product-popup c-product-popup--white\">\n    <div class=\"c-product-popup__close js-close-product-popup\">\n      <svg viewbox=\"0 0 16 16\">\n        <use xlink:href=\"#menu-close\"><\/use>\n      <\/svg>\n    <\/div>\n\t\t<div class=\"c-product-popup__head\">\n\t\t\t<picture>\n\t\t\t\t<img class=\"c-lazy\" data-src=\"https:\/\/filliersdistillery.com\/wp-content\/uploads\/2020\/08\/6-moodshot-wortegemsen.jpg\" alt=\"\">\n\t\t\t<\/picture>\n\t\t<\/div>\n\t\t<div class=\"c-product-popup__body\">\n\t\t\t\t\t\t<h3>Wortegemsen<\/h3>\n\t\t\t\t\t\t<p class=\"p1\">Apr\u00e8s quelques temps, Albert Kint a r\u00e9uni ces femmes dans l&rsquo;Oude Stokerij, une distillerie locale, et a professionnalis\u00e9 la production. La marque Wortegemsen est n\u00e9e.<\/p>\n<p class=\"p1\">\nLa tradition du geni\u00e8vre et les festivit\u00e9s sont finalement devenues si populaires que le moment \u00e9tait venu de commercialiser davantage cette boisson.<\/p>\n<p class=\"p1\">En 2009, Filliers Distillery a vu une opportunit\u00e9 d&rsquo;ajouter ce produit \u00e0 son portefeuille. La pulpe fra\u00eeche de citron et la culture qui entoure le produit continuent \u00e0 avoir un status culte \u00e0 ce jour.<\/p>\n<div id=\"gtx-trans\" style=\"position: absolute; left: 184px; top: 38px;\">\n<div class=\"gtx-trans-icon\"><\/div>\n<\/div>\n\n\t\t<\/div>\n\t<\/div>  \n<\/section>\n\n\n\n\n<section class=\"c-product-preview-v3 c-product-preview-v3--reversed \" id=\"van-hoo\">\n\n\t<div class=\"c-product-preview-v3__item\" data-aos=\"fade-up\">\n\t\t<div class=\"c-product-preview-v3__row\">\n\t\t\t<div class=\"c-product-preview-v3__col\">\n\t\t\t\t<div class=\"c-product-preview-v3__item-desc c-product-preview-v3__item-desc--decor-\">\n\t\t\t\t\t<div class=\"c-product-preview-v3__item-inner\">\n\t\t\t\t\t\t\t\t\t\t\t\t\t<h3>Van Hoo<\/h3>\n\t\t\t\t\t\t\t\t\t\t\t\t<p>Van Hoo vient \u00e0 l&rsquo;origine de la distillerie Van Hoorebeke qui a commercialis\u00e9 le premier geni\u00e8vre belge ainsi que la premi\u00e8re vodka belge.<\/p>\n\t\t\t\t\t\t\t\t\t\t\t\t\t<a class=\"c-button c-button--ghost-grey-light c-button--large js-open-product-popup \" href=\"#\" >\n\t<span class=\"c-button__text\">Lire plus<\/span>\n\t<span class=\"c-button__icon\">\n\t\t<svg viewbox=\"0 0 16 16\">\n\t\t\t<use xlink:href=\"#icon-plus-white\"><\/use>\n\t\t<\/svg>\n\t<\/span>\n<\/a>\n\n\t\t\t\t\t\t\t\t\t\t\t<\/div>\n\t\t\t\t<\/div>\n\t\t\t\t<div class=\"c-product-preview-v3__item-photo\">\n\t\t\t\t\t\t\t\t\t\t\t\t\t\t\t\t\t<picture class=\"c-intro-home__pic-1\">\n\t\t\t\t\t\t\t<source media=\"(min-width: 600px)\" data-srcset=\"https:\/\/filliersdistillery.com\/wp-content\/uploads\/2020\/08\/9-moodshot-van-hoo.webp\" \/>\n\t\t\t\t\t\t\t<img class=\"c-lazy\" data-src=\"https:\/\/filliersdistillery.com\/wp-content\/uploads\/2020\/08\/9-moodshot-van-hoo-768x384.webp\" \n\t\t\t\t\t\t\talt=\"\"\/>\n\t\t\t\t\t\t<\/picture>\n\t\t\t\t\t\t\t\t\t<\/div>\n\t\t\t<\/div>\n\t\t\t<div class=\"c-product-preview-v3__col c-product-preview-v3__col--white\">\n\n\t\t\t\t<div class=\"c-product-preview__slider\">\n\n\t\t\t\t\t<div class=\"swiper-container c-product-preview__swiper\" id=\"swiper-block_5f48663e9b811\">\n\t\t\t\t\t\t<div class=\"swiper-wrapper\">\n\n\t\t\t\t\t\t\t\n\t\t\t\t\t\t\t<div class=\"swiper-slide\">\n\t\t\t\t\t\t\t\t\t\t\t\t\t\t\t\t\t\t\t\t\t\t\t\t<picture class=\"c-intro-home__pic-1\">\n\t\t\t\t\t\t\t\t\t<source media=\"(min-width: 600px)\" data-srcset=\"https:\/\/filliersdistillery.com\/wp-content\/uploads\/2020\/08\/0-packshot-van-hoo.webp\" \/>\n\t\t\t\t\t\t\t\t\t<img class=\"c-lazy\" data-src=\"https:\/\/filliersdistillery.com\/wp-content\/uploads\/2020\/08\/0-packshot-van-hoo-768x1061.webp\" \n\t\t\t\t\t\t\t\t\talt=\"\"\/>\n\t\t\t\t\t\t\t\t<\/picture>\n\t\t\t\t\t\t\t\t\t\t\t\t\t\t\t\t\t\t\t\t\t\t\t\t<h4>Vodka<\/h4>\n\t\t\t\t\t\t\t\t\n\t\t\t\t\t\t\t\t\t\t\t\t\t\t\t\t<a class=\"c-button c-button--ghost-dark c-button--large  \" href=\"http:\/\/filliers.wpengine.com\/fr\/products\/other-brands\/van-hoo-vodka-2\/\" >\n\t<span class=\"c-button__text\">plus d&rsquo;informations<\/span>\n\t<span class=\"c-button__icon\">\n\t\t<svg viewbox=\"0 0 16 16\">\n\t\t\t<use xlink:href=\"#icon-arrow-right-circle-black\"><\/use>\n\t\t<\/svg>\n\t<\/span>\n<\/a>\n\n\t\t\t\t\t\t\t\t\n\t\t\t\t\t\t\t<\/div>\n\n\t\t\t\t\t\t\t\n\t\t\t\t\t\t<\/div>\n\n\t\t\t\t\t\t<div class=\"swiper__nav\">\n\t\t\t\t\t\t\t<div class=\"swiper-scrollbar\"><\/div>\n\t\t\t\t\t\t<\/div>\n\n\t\t\t\t\t<\/div>\n\t\t\t\t\t<!-- \/swiper -->\n\n\t\t\t\t\t<div class=\"c-product-preview__swiper-container\">\n\n\t\t\t\t\t\t<div class=\"swiper-container c-product-preview__swiper-thumbs\" id=\"swiper-thumbs-block_5f48663e9b811\">\n\n\t\t\t\t\t\t\t<div class=\"swiper-wrapper\">\n\t\t\t\t\t\t\t\t\n\t\t\t\t\t\t\t\t\t\t\t\t\t\t\t\t<div class=\"swiper-slide\">\n\t\t\t\t\t\t\t\t\t\t\t\t\t\t\t\t<picture class=\"c-intro-home__pic-1\">\n\t\t\t\t\t\t\t\t\t<source media=\"(min-width: 600px)\" data-srcset=\"https:\/\/filliersdistillery.com\/wp-content\/uploads\/2020\/08\/0-packshot-van-hoo.webp\" \/>\n\t\t\t\t\t\t\t\t\t<img class=\"c-lazy\" data-src=\"https:\/\/filliersdistillery.com\/wp-content\/uploads\/2020\/08\/0-packshot-van-hoo-768x1061.webp\" \n\t\t\t\t\t\t\t\t\talt=\"\"\/>\n\t\t\t\t\t\t\t\t<\/picture>\n\t\t\t\t\t\t\t\t<\/div>\n\t\t\t\t\t\t\t\t\t\t\t\t\t\t\t\t\n\t\t\t\t\t\t\t<\/div>\n\n\t\t\t\t\t\t<\/div>\n\t\t\t\t\t\t<!-- \/thumbs -->\n\n\t\t\t\t\t\t<div class=\"swiper-brands-button-prev\">\n\t\t\t\t\t\t\t<svg viewbox=\"0 0 16 16\">\n\t\t\t\t\t\t\t\t<use xlink:href=\"#icon-chevron-right-circle-white\"><\/use>\n\t\t\t\t\t\t\t<\/svg>\n\t\t\t\t\t\t<\/div>\n\t\t\t\t\t\t<div class=\"swiper-brands-button-next\">\n\t\t\t\t\t\t\t<svg viewbox=\"0 0 16 16\">\n\t\t\t\t\t\t\t\t<use xlink:href=\"#icon-chevron-right-circle-white\"><\/use>\n\t\t\t\t\t\t\t<\/svg>\n\t\t\t\t\t\t<\/div>\n\t\t\t\t\t<\/div>\n\n\t\t\t\t<\/div>\n\t\t\t\t<!-- \/slider -->\n\n\t\t\t<\/div>\n\t\t<\/div>\n\t<\/div>\n\n\t\t<div class=\"c-product-popup__shadow js-product-shadow\"><\/div>\n\t<div class=\"c-product-popup c-product-popup--white\">\n    <div class=\"c-product-popup__close js-close-product-popup\">\n      <svg viewbox=\"0 0 16 16\">\n        <use xlink:href=\"#menu-close\"><\/use>\n      <\/svg>\n    <\/div>\n\t\t<div class=\"c-product-popup__head\">\n\t\t\t<picture>\n\t\t\t\t<img class=\"c-lazy\" data-src=\"https:\/\/filliersdistillery.com\/wp-content\/uploads\/2020\/08\/9-moodshot-van-hoo.jpg\" alt=\"\">\n\t\t\t<\/picture>\n\t\t<\/div>\n\t\t<div class=\"c-product-popup__body\">\n\t\t\t\t\t\t<h3>Van Hoo<\/h3>\n\t\t\t\t\t\t<p class=\"p1\">Maintenant que cette vodka a \u00e9t\u00e9 ajout\u00e9e au portefeuille de Filliers Distillery, elle est pr\u00e9par\u00e9e, tout comme les autres produits, dans le respect de la tradition &amp; avec une attention \u00e0 chaque \u00e9tape du processus de production. Les proc\u00e9d\u00e9s originaux et la technologie de chauffe contemporaine avanc\u00e9e vont de pair.<\/p>\n\n\t\t<\/div>\n\t<\/div>  \n<\/section>\n\n\n\n\n<section class=\"c-product-preview-v3  \" id=\"goldlys\">\n\n\t<div class=\"c-product-preview-v3__item\" data-aos=\"fade-up\">\n\t\t<div class=\"c-product-preview-v3__row\">\n\t\t\t<div class=\"c-product-preview-v3__col\">\n\t\t\t\t<div class=\"c-product-preview-v3__item-desc c-product-preview-v3__item-desc--decor-\">\n\t\t\t\t\t<div class=\"c-product-preview-v3__item-inner\">\n\t\t\t\t\t\t\t\t\t\t\t\t\t<h3>Goldlys<\/h3>\n\t\t\t\t\t\t\t\t\t\t\t\t<p>Avec Goldlys, Filliers Distillery a lanc\u00e9 le premier whisky belge sur le march\u00e9 en 2007. Goldlys signifie litt\u00e9ralement \u00ab\u00a0la Lys d&rsquo;or\u00a0\u00bb. Ce surnom est n\u00e9 du fait qu&rsquo;\u00e0 certaines \u00e9poques, le lin \u00e9tait jet\u00e9 dans la Lys pour y pourrir avant d&rsquo;en faire du fil. C&rsquo;est ainsi que la rivi\u00e8re a pris une couleur dor\u00e9e et que son nom est apparu.<\/p>\n\t\t\t\t\t\t\t\t\t\t\t\t\t<a class=\"c-button c-button--ghost-grey-light c-button--large js-open-product-popup \" href=\"#\" >\n\t<span class=\"c-button__text\">Lire plus<\/span>\n\t<span class=\"c-button__icon\">\n\t\t<svg viewbox=\"0 0 16 16\">\n\t\t\t<use xlink:href=\"#icon-plus-white\"><\/use>\n\t\t<\/svg>\n\t<\/span>\n<\/a>\n\n\t\t\t\t\t\t\t\t\t\t\t<\/div>\n\t\t\t\t<\/div>\n\t\t\t\t<div class=\"c-product-preview-v3__item-photo\">\n\t\t\t\t\t\t\t\t\t\t\t\t\t\t\t\t\t<picture class=\"c-intro-home__pic-1\">\n\t\t\t\t\t\t\t<source media=\"(min-width: 600px)\" data-srcset=\"https:\/\/filliersdistillery.com\/wp-content\/uploads\/2020\/08\/15-moodshot-goldlys.webp\" \/>\n\t\t\t\t\t\t\t<img class=\"c-lazy\" data-src=\"https:\/\/filliersdistillery.com\/wp-content\/uploads\/2020\/08\/15-moodshot-goldlys-768x384.webp\" \n\t\t\t\t\t\t\talt=\"\"\/>\n\t\t\t\t\t\t<\/picture>\n\t\t\t\t\t\t\t\t\t<\/div>\n\t\t\t<\/div>\n\t\t\t<div class=\"c-product-preview-v3__col c-product-preview-v3__col--light-gray\">\n\n\t\t\t\t<div class=\"c-product-preview__slider\">\n\n\t\t\t\t\t<div class=\"swiper-container c-product-preview__swiper\" id=\"swiper-block_5f486aac9b817\">\n\t\t\t\t\t\t<div class=\"swiper-wrapper\">\n\n\t\t\t\t\t\t\t\n\t\t\t\t\t\t\t<div class=\"swiper-slide\">\n\t\t\t\t\t\t\t\t\t\t\t\t\t\t\t\t\t\t\t\t\t\t\t\t<picture class=\"c-intro-home__pic-1\">\n\t\t\t\t\t\t\t\t\t<source media=\"(min-width: 600px)\" data-srcset=\"https:\/\/filliersdistillery.com\/wp-content\/uploads\/2020\/08\/0-packshot-goldlys.webp\" \/>\n\t\t\t\t\t\t\t\t\t<img class=\"c-lazy\" data-src=\"https:\/\/filliersdistillery.com\/wp-content\/uploads\/2020\/08\/0-packshot-goldlys-768x1061.webp\" \n\t\t\t\t\t\t\t\t\talt=\"\"\/>\n\t\t\t\t\t\t\t\t<\/picture>\n\t\t\t\t\t\t\t\t\t\t\t\t\t\t\t\t\t\t\t\t\t\t\t\t<h4>Family Reserve<\/h4>\n\t\t\t\t\t\t\t\t\n\t\t\t\t\t\t\t\t\t\t\t\t\t\t\t\t<a class=\"c-button c-button--ghost-dark c-button--large  \" href=\"http:\/\/filliers.wpengine.com\/fr\/products\/other-brands\/family-reserve-2\/\" >\n\t<span class=\"c-button__text\">plus d&rsquo;informations<\/span>\n\t<span class=\"c-button__icon\">\n\t\t<svg viewbox=\"0 0 16 16\">\n\t\t\t<use xlink:href=\"#icon-arrow-right-circle-black\"><\/use>\n\t\t<\/svg>\n\t<\/span>\n<\/a>\n\n\t\t\t\t\t\t\t\t\n\t\t\t\t\t\t\t<\/div>\n\n\t\t\t\t\t\t\t\n\t\t\t\t\t\t<\/div>\n\n\t\t\t\t\t\t<div class=\"swiper__nav\">\n\t\t\t\t\t\t\t<div class=\"swiper-scrollbar\"><\/div>\n\t\t\t\t\t\t<\/div>\n\n\t\t\t\t\t<\/div>\n\t\t\t\t\t<!-- \/swiper -->\n\n\t\t\t\t\t<div class=\"c-product-preview__swiper-container\">\n\n\t\t\t\t\t\t<div class=\"swiper-container c-product-preview__swiper-thumbs\" id=\"swiper-thumbs-block_5f486aac9b817\">\n\n\t\t\t\t\t\t\t<div class=\"swiper-wrapper\">\n\t\t\t\t\t\t\t\t\n\t\t\t\t\t\t\t\t\t\t\t\t\t\t\t\t<div class=\"swiper-slide\">\n\t\t\t\t\t\t\t\t\t\t\t\t\t\t\t\t<picture class=\"c-intro-home__pic-1\">\n\t\t\t\t\t\t\t\t\t<source media=\"(min-width: 600px)\" data-srcset=\"https:\/\/filliersdistillery.com\/wp-content\/uploads\/2020\/08\/0-packshot-goldlys.webp\" \/>\n\t\t\t\t\t\t\t\t\t<img class=\"c-lazy\" data-src=\"https:\/\/filliersdistillery.com\/wp-content\/uploads\/2020\/08\/0-packshot-goldlys-768x1061.webp\" \n\t\t\t\t\t\t\t\t\talt=\"\"\/>\n\t\t\t\t\t\t\t\t<\/picture>\n\t\t\t\t\t\t\t\t<\/div>\n\t\t\t\t\t\t\t\t\t\t\t\t\t\t\t\t\n\t\t\t\t\t\t\t<\/div>\n\n\t\t\t\t\t\t<\/div>\n\t\t\t\t\t\t<!-- \/thumbs -->\n\n\t\t\t\t\t\t<div class=\"swiper-brands-button-prev\">\n\t\t\t\t\t\t\t<svg viewbox=\"0 0 16 16\">\n\t\t\t\t\t\t\t\t<use xlink:href=\"#icon-chevron-right-circle-white\"><\/use>\n\t\t\t\t\t\t\t<\/svg>\n\t\t\t\t\t\t<\/div>\n\t\t\t\t\t\t<div class=\"swiper-brands-button-next\">\n\t\t\t\t\t\t\t<svg viewbox=\"0 0 16 16\">\n\t\t\t\t\t\t\t\t<use xlink:href=\"#icon-chevron-right-circle-white\"><\/use>\n\t\t\t\t\t\t\t<\/svg>\n\t\t\t\t\t\t<\/div>\n\t\t\t\t\t<\/div>\n\n\t\t\t\t<\/div>\n\t\t\t\t<!-- \/slider -->\n\n\t\t\t<\/div>\n\t\t<\/div>\n\t<\/div>\n\n\t\t<div class=\"c-product-popup__shadow js-product-shadow\"><\/div>\n\t<div class=\"c-product-popup c-product-popup--white\">\n    <div class=\"c-product-popup__close js-close-product-popup\">\n      <svg viewbox=\"0 0 16 16\">\n        <use xlink:href=\"#menu-close\"><\/use>\n      <\/svg>\n    <\/div>\n\t\t<div class=\"c-product-popup__head\">\n\t\t\t<picture>\n\t\t\t\t<img class=\"c-lazy\" data-src=\"https:\/\/filliersdistillery.com\/wp-content\/uploads\/2020\/08\/15-moodshot-goldlys.jpg\" alt=\"\">\n\t\t\t<\/picture>\n\t\t<\/div>\n\t\t<div class=\"c-product-popup__body\">\n\t\t\t\t\t\t<h3>Goldlys<\/h3>\n\t\t\t\t\t\t<p class=\"p1\">Le Goldlys Whisky est soumis \u00e0 un processus de production unique gr\u00e2ce \u00e0 la double distillation qui lui conf\u00e8re une puret\u00e9 suppl\u00e9mentaire. Il est ensuite plac\u00e9 dans des f\u00fbts de Bourbon de ch\u00eane am\u00e9ricain qui, gr\u00e2ce \u00e0 leur pass\u00e9 savoureux, lib\u00e8rent lentement leur richesse au whisky qui repose et m\u00fbrit en eux pendant des ann\u00e9es. Le caract\u00e8re doux du whisky en fait de ce whisky le whisky parfait au quotidien.<\/p>\n\n\t\t<\/div>\n\t<\/div>  \n<\/section>\n\n","protected":false},"parent":3468,"menu_order":0,"template":"","class_list":["post-3479","product","type-product","status-publish","hentry"],"yoast_head":"<!-- This site is optimized with the Yoast SEO plugin v14.8 - https:\/\/yoast.com\/wordpress\/plugins\/seo\/ -->\n<title>Autres Spiritueux | Filliers Distillery<\/title>\n<meta name=\"robots\" content=\"index, follow\" \/>\n<meta name=\"googlebot\" content=\"index, follow, max-snippet:-1, max-image-preview:large, max-video-preview:-1\" \/>\n<meta name=\"bingbot\" content=\"index, follow, max-snippet:-1, max-image-preview:large, max-video-preview:-1\" \/>\n<link rel=\"canonical\" href=\"https:\/\/filliersdistillery.com\/fr\/products\/other-brands\/\" \/>\n<meta property=\"og:locale\" content=\"fr_FR\" \/>\n<meta property=\"og:type\" content=\"article\" \/>\n<meta property=\"og:title\" content=\"Autres Spiritueux | Filliers Distillery\" \/>\n<meta property=\"og:url\" content=\"https:\/\/filliersdistillery.com\/fr\/products\/other-brands\/\" \/>\n<meta property=\"og:site_name\" content=\"Filliers Distillery\" \/>\n<meta property=\"article:modified_time\" content=\"2026-03-24T12:30:57+00:00\" \/>\n<meta name=\"twitter:card\" content=\"summary_large_image\" \/>\n<script type=\"application\/ld+json\" class=\"yoast-schema-graph\">{\"@context\":\"https:\/\/schema.org\",\"@graph\":[{\"@type\":\"Organization\",\"@id\":\"https:\/\/filliersdistillery.com\/fr\/#organization\",\"name\":\"Filliers Distillery\",\"url\":\"https:\/\/filliersdistillery.com\/fr\/\",\"sameAs\":[],\"logo\":{\"@type\":\"ImageObject\",\"@id\":\"https:\/\/filliersdistillery.com\/fr\/#logo\",\"inLanguage\":\"fr-FR\",\"url\":\"https:\/\/filliersdistillery.com\/wp-content\/uploads\/2024\/01\/FILLIERSDISTILLERY_black_CMYK.png\",\"width\":2363,\"height\":1182,\"caption\":\"Filliers Distillery\"},\"image\":{\"@id\":\"https:\/\/filliersdistillery.com\/fr\/#logo\"}},{\"@type\":\"WebSite\",\"@id\":\"https:\/\/filliersdistillery.com\/fr\/#website\",\"url\":\"https:\/\/filliersdistillery.com\/fr\/\",\"name\":\"Filliers Distillery\",\"description\":\"Filliers Distillery\",\"publisher\":{\"@id\":\"https:\/\/filliersdistillery.com\/fr\/#organization\"},\"potentialAction\":[{\"@type\":\"SearchAction\",\"target\":\"https:\/\/filliersdistillery.com\/fr\/?s={search_term_string}\",\"query-input\":\"required name=search_term_string\"}],\"inLanguage\":\"fr-FR\"},{\"@type\":\"WebPage\",\"@id\":\"https:\/\/filliersdistillery.com\/fr\/products\/other-brands\/#webpage\",\"url\":\"https:\/\/filliersdistillery.com\/fr\/products\/other-brands\/\",\"name\":\"Autres Spiritueux | Filliers Distillery\",\"isPartOf\":{\"@id\":\"https:\/\/filliersdistillery.com\/fr\/#website\"},\"datePublished\":\"2020-08-23T12:35:57+00:00\",\"dateModified\":\"2026-03-24T12:30:57+00:00\",\"breadcrumb\":{\"@id\":\"https:\/\/filliersdistillery.com\/fr\/products\/other-brands\/#breadcrumb\"},\"inLanguage\":\"fr-FR\",\"potentialAction\":[{\"@type\":\"ReadAction\",\"target\":[\"https:\/\/filliersdistillery.com\/fr\/products\/other-brands\/\"]}]},{\"@type\":\"BreadcrumbList\",\"@id\":\"https:\/\/filliersdistillery.com\/fr\/products\/other-brands\/#breadcrumb\",\"itemListElement\":[{\"@type\":\"ListItem\",\"position\":1,\"item\":{\"@type\":\"WebPage\",\"@id\":\"https:\/\/filliersdistillery.com\/fr\/products\/\",\"url\":\"https:\/\/filliersdistillery.com\/fr\/products\/\",\"name\":\"Produits\"}},{\"@type\":\"ListItem\",\"position\":2,\"item\":{\"@type\":\"WebPage\",\"@id\":\"https:\/\/filliersdistillery.com\/fr\/products\/other-brands\/\",\"url\":\"https:\/\/filliersdistillery.com\/fr\/products\/other-brands\/\",\"name\":\"Autres Spiritueux\"}}]}]}<\/script>\n<!-- \/ Yoast SEO plugin. -->","_links":{"self":[{"href":"https:\/\/filliersdistillery.com\/fr\/wp-json\/wp\/v2\/product\/3479","targetHints":{"allow":["GET"]}}],"collection":[{"href":"https:\/\/filliersdistillery.com\/fr\/wp-json\/wp\/v2\/product"}],"about":[{"href":"https:\/\/filliersdistillery.com\/fr\/wp-json\/wp\/v2\/types\/product"}],"up":[{"embeddable":true,"href":"https:\/\/filliersdistillery.com\/fr\/wp-json\/wp\/v2\/product\/3468"}],"wp:attachment":[{"href":"https:\/\/filliersdistillery.com\/fr\/wp-json\/wp\/v2\/media?parent=3479"}],"curies":[{"name":"wp","href":"https:\/\/api.w.org\/{rel}","templated":true}]}}