{"id":3485,"date":"2020-08-20T15:27:53","date_gmt":"2020-08-20T15:27:53","guid":{"rendered":"http:\/\/filliers.wpengine.com\/products\/products\/other-brands\/wortegemsen-citroen\/"},"modified":"2020-12-08T12:37:03","modified_gmt":"2020-12-08T12:37:03","slug":"wortegemsen-citroen","status":"publish","type":"product","link":"https:\/\/filliersdistillery.com\/fr\/products\/other-brands\/wortegemsen-citroen\/","title":{"rendered":"Citron"},"content":{"rendered":"<section class=\"c-product-details \" id=\"product-details-block_5f3ebfb7999e9\" data-aos=\"fade-up\">\n\n\t<div class=\"c-hero-product-detail \">\n\t\t<div class=\"container container--narrow\">\n\t\t\t<div class=\"c-hero-product-detail__row\">\n\t\t\t\t<div class=\"c-hero-product-detail__photo\">\n\n\t\t\t\t\t\t\t\t\t\t\t<picture>\n\t\t\t\t\t\t\t<img class=\"c-lazy\" data-src=\"https:\/\/filliersdistillery.com\/wp-content\/uploads\/2020\/08\/Wortegemsen_citroen_landingspagina_preview-bottle.png\" alt=\"\"\/>\n\t\t\t\t\t\t<\/picture>\n\t\t\t\t\t\n\t\t\t\t<\/div>\n\t\t\t\t<div class=\"c-hero-product-detail__col\">\n\t\t\t\t\t\t\t\t\t\t\t<h1>Citron<\/h1>\n\t\t\t\t\t\t\t\t\t\t<p>Le Wortegemsen est issu d&rsquo;une tradition festive, et se boit traditionellement glac\u00e9. Avant de verser, il est important de bien agiter la bouteille afin de bien m\u00e9langer la pulpe de citron frais. Cela assure une fra\u00eecheur \u00e9pic\u00e9e d&rsquo;une mani\u00e8re tr\u00e8s explicite : le go\u00fbt vif des agrumes.<\/p>\n\t\t\t\t\t\t\t\t\t\t\t<p class=\"c-hero-product-detail__consist\">\n\t\t\t\t\t\t\t<span class=\"c-hero-product-detail__icon\">\n\t\t\t\t\t\t\t\t<svg viewbox=\"0 0 15 19\">\n\t\t\t\t\t\t\t\t\t<use xlink:href=\"#icon-wineglass\"><\/use>\n\t\t\t\t\t\t\t\t<\/svg>\n\t\t\t\t\t\t\t<\/span>\n\t\t\t\t\t\t\t<span class=\"c-hero-product-detail__percents\">24.2 %<\/span>\n\t\t\t\t\t\t\t\t\t\t\t\t\t\t\t\t\t\t\t<span class=\"c-hero-product-detail__label\">VOL ALC<\/span>\n\t\t\t\t\t\t\t\t\t\t\t<\/p>\n\t\t\t\t<\/div>\n\n\t\t\t<\/div>\n\t\t<\/div>\n\t\t<!-- \/ container -->\n\t<\/div>\n\n\n\t<div class=\"c-product-consist\">\n\t\t<div class=\"container container--narrow\">\n\t\t\t<div class=\"c-product-consist__row\">\n\t\t\t\t<div class=\"c-product-consist__col\">\n\t\t\t\t\t<div class=\"c-product-consist__content\">\n\n\t\t\t\t\t\t\n\n              \t\t\t\t\t\t\t\n              \t\t\t\t\t\t\t\t\t\t\t\t\t\t\t\t\t<h4>Notes de d\u00e9gustation<\/h4>\n\t\t\t\t\t\t\t\t\t\t\t\t\t\t\t\t<p>La fra\u00eecheur des agrumes gr\u00e2ce au jus de citron frais et sa pulpe fra\u00eeche cr\u00e9e un effet revigorant dans ce spiritueux.<\/p>\n\t\t\t\t\t\t\t\n\t\t\t\t\t\t\t\t\t\t\t\t\t\n\n              \t\t\t\t\t\t\t\n              \n\t\t\t\t\t\t\t\t\t\t\t\t\t\t\t\t\t\t\t\t\t\t\t\t<h4>Fiches techniques &#038; formats<\/h4>\n\t\t\t\t\t\t\t\t\n\t\t\t\t\t\t\t\t<ul class=\"c-files-list\">\n\t\t\t\t\t\t\t\t\t\t\t\t\t\t\t\t\t\t\t<li class=\"c-files-list__item\">\n\t\t\t\t\t\t\t\t\t\t\t<a class=\"c-files-list__link\" href=\"http:\/\/filliers.wpengine.com\/wp-content\/uploads\/2020\/10\/TF-Others-WORTEGEMSEN-CITROEN-70-CL.pdf\" >\n\t\t\t\t\t\t\t\t\t\t\t\t<span class=\"c-files-list__icon-file\">\n\t\t\t\t\t\t\t\t\t\t\t\t\t<svg viewbox=\"0 0 26 29\">\n\t\t\t\t\t\t\t\t\t\t\t\t\t\t<use xlink:href=\"#icon-pdf\"><\/use>\n\t\t\t\t\t\t\t\t\t\t\t\t\t<\/svg>\n\t\t\t\t\t\t\t\t\t\t\t\t<\/span>\n\t\t\t\t\t\t\t\t\t\t\t\t<span>Format: 70 cl<\/span>\n\t\t\t\t\t\t\t\t\t\t\t\t<span class=\"c-files-list__icon-arrow\">\n\t\t\t\t\t\t\t\t\t\t\t\t\t<svg viewbox=\"0 0 16 16\">\n\t\t\t\t\t\t\t\t\t\t\t\t\t\t<use xlink:href=\"#icon-arrow-external\"><\/use>\n\t\t\t\t\t\t\t\t\t\t\t\t\t<\/svg>\n\t\t\t\t\t\t\t\t\t\t\t\t<\/span>\n\t\t\t\t\t\t\t\t\t\t\t<\/a>\n\t\t\t\t\t\t\t\t\t\t<\/li>\n\t\t\t\t\t\t\t\t\t\t\t\t\t\t\t\t\t\t\t<li class=\"c-files-list__item\">\n\t\t\t\t\t\t\t\t\t\t\t<a class=\"c-files-list__link\" href=\"http:\/\/filliers.wpengine.com\/wp-content\/uploads\/2020\/10\/TF-Others-WORTEGEMSEN-CITROEN-100-CL-II.pdf\" >\n\t\t\t\t\t\t\t\t\t\t\t\t<span class=\"c-files-list__icon-file\">\n\t\t\t\t\t\t\t\t\t\t\t\t\t<svg viewbox=\"0 0 26 29\">\n\t\t\t\t\t\t\t\t\t\t\t\t\t\t<use xlink:href=\"#icon-pdf\"><\/use>\n\t\t\t\t\t\t\t\t\t\t\t\t\t<\/svg>\n\t\t\t\t\t\t\t\t\t\t\t\t<\/span>\n\t\t\t\t\t\t\t\t\t\t\t\t<span>Format: 1 litre<\/span>\n\t\t\t\t\t\t\t\t\t\t\t\t<span class=\"c-files-list__icon-arrow\">\n\t\t\t\t\t\t\t\t\t\t\t\t\t<svg viewbox=\"0 0 16 16\">\n\t\t\t\t\t\t\t\t\t\t\t\t\t\t<use xlink:href=\"#icon-arrow-external\"><\/use>\n\t\t\t\t\t\t\t\t\t\t\t\t\t<\/svg>\n\t\t\t\t\t\t\t\t\t\t\t\t<\/span>\n\t\t\t\t\t\t\t\t\t\t\t<\/a>\n\t\t\t\t\t\t\t\t\t\t<\/li>\n\t\t\t\t\t\t\t\t\t\t\t\t\t\t\t\t\t<\/ul>\n\t\t\t\t\t\t\t\t\t\t\t\t\t\n\t\t\t\t\t<\/div>\n\t\t\t\t<\/div>\n\t\t\t\t<div class=\"c-product-consist__col\"><\/div>\n\t\t\t<\/div>\n\t\t<\/div>\n\t<\/div>\n<\/section>\n\n\n\n\n<section class=\"c-recipes \" id=\"recipes-block_5f3ff30badabe\">\n\t<div class=\"container\" data-aos=\"fade-up\">\n\t\t<h2>Cocktails\/Pure on the rocks<\/h2>\n\n\t\t<!-- slider -->\n\t\t<div class=\"c-recipes__slider\">\n\t\t\t<div class=\"swiper-container c-recipes__swiper\">\n\n\t\t\t\t<div class=\"swiper-wrapper\">\n\t\t\t\t\t\t\t\t\t\t\t<div class=\"swiper-slide\" data-index=\"popup-1\">\n\t\t\t\t\t\t\t<picture>\n\t\t\t\t\t\t\t\t<img class=\"swiper-lazy\" data-src=\"https:\/\/filliersdistillery.com\/wp-content\/uploads\/2020\/08\/Wortegemsen_citroen_preview-mojito.jpg\" alt=\"\"\/>\n\t\t\t\t\t\t\t<\/picture>\n\t\t\t\t\t\t\t<h5 class=\"c-recipes__slider-desc\">Wortegemsen Mojito<\/h5>\n\t\t\t\t\t\t\t\t\t\t\t\t\t\t<a class=\"c-button c-button--ghost-light c-button--large  js-open-recipe-popup\" href=\"#\" >\n\t<span class=\"c-button__text\">Voir la recette<\/span>\n\t<span class=\"c-button__icon\">\n\t\t<svg viewbox=\"0 0 16 16\">\n\t\t\t<use xlink:href=\"#icon-arrow-right-circle-white\"><\/use>\n\t\t<\/svg>\n\t<\/span>\n<\/a>\n\n\t\t\t\t\t\t\t\t\t\t\t\t\t<\/div>\n\t\t\t\t\t\t\t\t\t\t\t<div class=\"swiper-slide\" data-index=\"popup-2\">\n\t\t\t\t\t\t\t<picture>\n\t\t\t\t\t\t\t\t<img class=\"swiper-lazy\" data-src=\"https:\/\/filliersdistillery.com\/wp-content\/uploads\/2020\/08\/Wortegemsen_citroen_preview-on-the-rocks.jpg\" alt=\"\"\/>\n\t\t\t\t\t\t\t<\/picture>\n\t\t\t\t\t\t\t<h5 class=\"c-recipes__slider-desc\">Pure on the rocks<\/h5>\n\t\t\t\t\t\t\t\t\t\t\t\t\t\t<a class=\"c-button c-button--ghost-light c-button--large  js-open-recipe-popup\" href=\"#\" >\n\t<span class=\"c-button__text\">Voir la recette<\/span>\n\t<span class=\"c-button__icon\">\n\t\t<svg viewbox=\"0 0 16 16\">\n\t\t\t<use xlink:href=\"#icon-arrow-right-circle-white\"><\/use>\n\t\t<\/svg>\n\t<\/span>\n<\/a>\n\n\t\t\t\t\t\t\t\t\t\t\t\t\t<\/div>\n\t\t\t\t\t\t\t\t\t<\/div>\n\n\t\t\t\t<div class=\"swiper__nav swiper__nav--inverse\">\n\t\t\t\t\t<div class=\"swiper-fraction\"><\/div>\n\t\t\t\t\t<div class=\"swiper-scrollbar\"><\/div>\n\t\t\t\t\t<div class=\"swiper__nav-buttons\">\n\t\t\t\t\t\t<div class=\"swiper-button-prev\">\n\t\t\t\t\t\t\t<svg viewbox=\"0 0 16 16\">\n\t\t\t\t\t\t\t\t<use xlink:href=\"#icon-chevron-right-circle-black\"><\/use>\n\t\t\t\t\t\t\t<\/svg>\n\t\t\t\t\t\t<\/div>\n\t\t\t\t\t\t<div class=\"swiper-button-next\">\n\t\t\t\t\t\t\t<svg viewbox=\"0 0 16 16\">\n\t\t\t\t\t\t\t\t<use xlink:href=\"#icon-chevron-right-circle-black\"><\/use>\n\t\t\t\t\t\t\t<\/svg>\n\t\t\t\t\t\t<\/div>\n\t\t\t\t\t<\/div>\n\t\t\t\t<\/div>\n\n\t\t\t<\/div>\n\t\t<\/div>\n\t\t<!-- \/slider -->\n\t<\/div>\n\t\n\n\t\t\t\t<div class=\"c-product-popup__container\" data-index=\"popup-1\">\n\t\t<div class=\"c-product-popup__shadow js-recipe-shadow\"><\/div>\n\t\t<div class=\"c-product-popup c-product-popup--white\">\n\t\t\t<div class=\"c-product-popup__close js-close-recipe-popup\">\n\t\t\t\t<svg viewbox=\"0 0 16 16\">\n\t\t\t\t\t<use xlink:href=\"#menu-close\"><\/use>\n\t\t\t\t<\/svg>\n\t\t\t<\/div>\n\t\t\t<div class=\"c-product-popup__head\">\n\t\t\t\t<picture>\n\t\t\t\t\t<img class=\"c-lazy\" data-src=\"https:\/\/filliersdistillery.com\/wp-content\/uploads\/2020\/08\/Wortegemsen_citroen_preview-mojito-1.jpg\" alt=\"\">\n\t\t\t\t<\/picture>\n\t\t\t<\/div>\n\t\t\t<div class=\"c-product-popup__body\">\n\t\t\t\t\t\t\t\t\t<h3>Wortegemsen Mojito<\/h3>\n\t\t\t\t\t\t\t\t<ul>\n<li>10 feuilles de menthe<\/li>\n<li>2 cuill\u00e8res \u00e0 soupe de sucre de canne<\/li>\n<li>15 ml de jus de citron vert<\/li>\n<li>50 ml de Wortegemsen Citron<\/li>\n<li>eau p\u00e9tillante<\/li>\n<\/ul>\n<p>Prenez un verre \u00e0 long drink et \u00e9crasez-y la menthe et le sucre avec un pilon. Ajoutez le jus de citron vert et la glace pil\u00e9e. Ajoutez ensuite le Wortegemsen Citron et l&rsquo;eau p\u00e9tillante et remuez le tout avec une cuill\u00e8re. Terminez en ajoutant des feuilles de menthe.<\/p>\n\n\t\t\t<\/div>\n\t\t<\/div>\n\t<\/div>\n\t\t\t\t<div class=\"c-product-popup__container\" data-index=\"popup-2\">\n\t\t<div class=\"c-product-popup__shadow js-recipe-shadow\"><\/div>\n\t\t<div class=\"c-product-popup c-product-popup--white\">\n\t\t\t<div class=\"c-product-popup__close js-close-recipe-popup\">\n\t\t\t\t<svg viewbox=\"0 0 16 16\">\n\t\t\t\t\t<use xlink:href=\"#menu-close\"><\/use>\n\t\t\t\t<\/svg>\n\t\t\t<\/div>\n\t\t\t<div class=\"c-product-popup__head\">\n\t\t\t\t<picture>\n\t\t\t\t\t<img class=\"c-lazy\" data-src=\"https:\/\/filliersdistillery.com\/wp-content\/uploads\/2020\/08\/Wortegemsen_citroen_preview-on-the-rocks-1.jpg\" alt=\"\">\n\t\t\t\t<\/picture>\n\t\t\t<\/div>\n\t\t\t<div class=\"c-product-popup__body\">\n\t\t\t\t\t\t\t\t\t<h3>Pure on the rocks<\/h3>\n\t\t\t\t\t\t\t\t<ul>\n<li>50 ml de Wortegemsen Citron<\/li>\n<li>Gla\u00e7ons<\/li>\n<\/ul>\n<p>Le Wortegemsen Citron se bo\u00eet traditionnellement glac\u00e9 on the rocks.<\/p>\n\n\t\t\t<\/div>\n\t\t<\/div>\n\t<\/div>\n\t<\/section>\n\n\n\n\n<section class=\"c-other-products  \" id=\"other-products-block_5f3ffc6d0e94c\" data-aos=\"fade-up\">\n\t<div class=\"container\">\n\t\t\t\t<h2>Plus de produits<\/h2>\n\t\t\n\t\t<!-- slider -->\n\t\t<div class=\"c-other-products__slider\">\n\t\t\t<div class=\"swiper-container c-other-products__swiper\">\n\n\t\t\t\t<div class=\"swiper-wrapper\">\n\t\t\t\t\t\t\t\t\t\t\t<div class=\"swiper-slide\">\n\t\t\t\t\t\t\t<picture>\n\t\t\t\t\t\t\t\t<img class=\"swiper-lazy\" data-src=\"https:\/\/filliersdistillery.com\/wp-content\/uploads\/2020\/08\/Wortegemsen_citroen_landingspagina_preview-bottle.png\" alt=\"\"\/>\n\t\t\t\t\t\t\t<\/picture>\n\t\t\t\t\t\t\t<h5 class=\"c-other-products__slider-desc\">Citron<\/h5>\n\t\t\t\t\t\t\t\t\t\t\t\t\t\t<a class=\"c-button c-button--ghost-grey-dark c-button--large  \" href=\"http:\/\/filliers.wpengine.com\/fr\/products\/import-brands\/wortegemsen-citroen\/\" >\n\t<span class=\"c-button__text\">plus d&rsquo;informations<\/span>\n\t<span class=\"c-button__icon\">\n\t\t<svg viewbox=\"0 0 16 16\">\n\t\t\t<use xlink:href=\"#icon-arrow-right-circle-black\"><\/use>\n\t\t<\/svg>\n\t<\/span>\n<\/a>\n\n\t\t\t\t\t\t\t\t\t\t\t\t\t<\/div>\n\t\t\t\t\t\t\t\t\t\t\t<div class=\"swiper-slide\">\n\t\t\t\t\t\t\t<picture>\n\t\t\t\t\t\t\t\t<img class=\"swiper-lazy\" data-src=\"https:\/\/filliersdistillery.com\/wp-content\/uploads\/2020\/08\/Wortegemsen_orange_landingspagina_preview-bottle.png\" alt=\"\"\/>\n\t\t\t\t\t\t\t<\/picture>\n\t\t\t\t\t\t\t<h5 class=\"c-other-products__slider-desc\">Orange<\/h5>\n\t\t\t\t\t\t\t\t\t\t\t\t\t\t<a class=\"c-button c-button--ghost-grey-dark c-button--large  \" href=\"http:\/\/filliers.wpengine.com\/fr\/products\/other-brands\/orange\/\" >\n\t<span class=\"c-button__text\">plus d&rsquo;informations<\/span>\n\t<span class=\"c-button__icon\">\n\t\t<svg viewbox=\"0 0 16 16\">\n\t\t\t<use xlink:href=\"#icon-arrow-right-circle-black\"><\/use>\n\t\t<\/svg>\n\t<\/span>\n<\/a>\n\n\t\t\t\t\t\t\t\t\t\t\t\t\t<\/div>\n\t\t\t\t\t\t\t\t\t<\/div>\n\n\t\t\t\t<div class=\"swiper__nav\">\n\t\t\t\t\t<div class=\"swiper-scrollbar\"><\/div>\n\t\t\t\t\t<div class=\"swiper__nav-buttons\">\n\t\t\t\t\t\t<div class=\"swiper-button-prev\">\n\t\t\t\t\t\t\t<svg viewbox=\"0 0 16 16\">\n\t\t\t\t\t\t\t\t<use xlink:href=\"#icon-chevron-right-circle-white\"><\/use>\n\t\t\t\t\t\t\t<\/svg>\n\t\t\t\t\t\t<\/div>\n\t\t\t\t\t\t<div class=\"swiper-button-next\">\n\t\t\t\t\t\t\t<svg viewbox=\"0 0 16 16\">\n\t\t\t\t\t\t\t\t<use xlink:href=\"#icon-chevron-right-circle-white\"><\/use>\n\t\t\t\t\t\t\t<\/svg>\n\t\t\t\t\t\t<\/div>\n\t\t\t\t\t<\/div>\n\t\t\t\t<\/div>\n\n\t\t\t<\/div>\n\t\t<\/div>\n\t\t<!-- \/slider -->\n\t<\/div>\n<\/section>\n\n","protected":false},"parent":3479,"menu_order":0,"template":"","class_list":["post-3485","product","type-product","status-publish","hentry"],"yoast_head":"<!-- This site is optimized with the Yoast SEO plugin v14.8 - https:\/\/yoast.com\/wordpress\/plugins\/seo\/ -->\n<title>Citron | Filliers Distillery<\/title>\n<meta name=\"robots\" content=\"index, follow\" \/>\n<meta name=\"googlebot\" content=\"index, follow, max-snippet:-1, max-image-preview:large, max-video-preview:-1\" \/>\n<meta name=\"bingbot\" content=\"index, follow, max-snippet:-1, max-image-preview:large, max-video-preview:-1\" \/>\n<link rel=\"canonical\" href=\"http:\/\/filliers.wpengine.com\/fr\/products\/other-brands\/wortegemsen-citroen\/\" \/>\n<meta property=\"og:locale\" content=\"fr_FR\" \/>\n<meta property=\"og:type\" content=\"article\" \/>\n<meta property=\"og:title\" content=\"Citron | Filliers Distillery\" \/>\n<meta property=\"og:url\" content=\"http:\/\/filliers.wpengine.com\/fr\/products\/other-brands\/wortegemsen-citroen\/\" \/>\n<meta property=\"og:site_name\" content=\"Filliers Distillery\" \/>\n<meta property=\"article:modified_time\" content=\"2020-12-08T12:37:03+00:00\" \/>\n<meta name=\"twitter:card\" content=\"summary_large_image\" \/>\n<script type=\"application\/ld+json\" class=\"yoast-schema-graph\">{\"@context\":\"https:\/\/schema.org\",\"@graph\":[{\"@type\":\"Organization\",\"@id\":\"https:\/\/filliersdistillery.com\/fr\/#organization\",\"name\":\"Filliers Distillery\",\"url\":\"https:\/\/filliersdistillery.com\/fr\/\",\"sameAs\":[],\"logo\":{\"@type\":\"ImageObject\",\"@id\":\"https:\/\/filliersdistillery.com\/fr\/#logo\",\"inLanguage\":\"fr-FR\",\"url\":\"https:\/\/filliersdistillery.com\/wp-content\/uploads\/2024\/01\/FILLIERSDISTILLERY_black_CMYK.png\",\"width\":2363,\"height\":1182,\"caption\":\"Filliers Distillery\"},\"image\":{\"@id\":\"https:\/\/filliersdistillery.com\/fr\/#logo\"}},{\"@type\":\"WebSite\",\"@id\":\"https:\/\/filliersdistillery.com\/fr\/#website\",\"url\":\"https:\/\/filliersdistillery.com\/fr\/\",\"name\":\"Filliers Distillery\",\"description\":\"Filliers Distillery\",\"publisher\":{\"@id\":\"https:\/\/filliersdistillery.com\/fr\/#organization\"},\"potentialAction\":[{\"@type\":\"SearchAction\",\"target\":\"https:\/\/filliersdistillery.com\/fr\/?s={search_term_string}\",\"query-input\":\"required name=search_term_string\"}],\"inLanguage\":\"fr-FR\"},{\"@type\":\"WebPage\",\"@id\":\"http:\/\/filliers.wpengine.com\/fr\/products\/other-brands\/wortegemsen-citroen\/#webpage\",\"url\":\"http:\/\/filliers.wpengine.com\/fr\/products\/other-brands\/wortegemsen-citroen\/\",\"name\":\"Citron | Filliers Distillery\",\"isPartOf\":{\"@id\":\"https:\/\/filliersdistillery.com\/fr\/#website\"},\"datePublished\":\"2020-08-20T15:27:53+00:00\",\"dateModified\":\"2020-12-08T12:37:03+00:00\",\"breadcrumb\":{\"@id\":\"http:\/\/filliers.wpengine.com\/fr\/products\/other-brands\/wortegemsen-citroen\/#breadcrumb\"},\"inLanguage\":\"fr-FR\",\"potentialAction\":[{\"@type\":\"ReadAction\",\"target\":[\"http:\/\/filliers.wpengine.com\/fr\/products\/other-brands\/wortegemsen-citroen\/\"]}]},{\"@type\":\"BreadcrumbList\",\"@id\":\"http:\/\/filliers.wpengine.com\/fr\/products\/other-brands\/wortegemsen-citroen\/#breadcrumb\",\"itemListElement\":[{\"@type\":\"ListItem\",\"position\":1,\"item\":{\"@type\":\"WebPage\",\"@id\":\"https:\/\/filliersdistillery.com\/fr\/products\/\",\"url\":\"https:\/\/filliersdistillery.com\/fr\/products\/\",\"name\":\"Produits\"}},{\"@type\":\"ListItem\",\"position\":2,\"item\":{\"@type\":\"WebPage\",\"@id\":\"https:\/\/filliersdistillery.com\/fr\/products\/other-brands\/\",\"url\":\"https:\/\/filliersdistillery.com\/fr\/products\/other-brands\/\",\"name\":\"Autres Spiritueux\"}},{\"@type\":\"ListItem\",\"position\":3,\"item\":{\"@type\":\"WebPage\",\"@id\":\"http:\/\/filliers.wpengine.com\/fr\/products\/other-brands\/wortegemsen-citroen\/\",\"url\":\"http:\/\/filliers.wpengine.com\/fr\/products\/other-brands\/wortegemsen-citroen\/\",\"name\":\"Citron\"}}]}]}<\/script>\n<!-- \/ Yoast SEO plugin. -->","_links":{"self":[{"href":"https:\/\/filliersdistillery.com\/fr\/wp-json\/wp\/v2\/product\/3485","targetHints":{"allow":["GET"]}}],"collection":[{"href":"https:\/\/filliersdistillery.com\/fr\/wp-json\/wp\/v2\/product"}],"about":[{"href":"https:\/\/filliersdistillery.com\/fr\/wp-json\/wp\/v2\/types\/product"}],"up":[{"embeddable":true,"href":"https:\/\/filliersdistillery.com\/fr\/wp-json\/wp\/v2\/product\/3479"}],"wp:attachment":[{"href":"https:\/\/filliersdistillery.com\/fr\/wp-json\/wp\/v2\/media?parent=3485"}],"curies":[{"name":"wp","href":"https:\/\/api.w.org\/{rel}","templated":true}]}}