{"id":3490,"date":"2020-08-28T02:34:13","date_gmt":"2020-08-28T02:34:13","guid":{"rendered":"http:\/\/filliers.wpengine.com\/products\/products\/other-brands\/von-horebeke-jenever\/"},"modified":"2020-11-25T16:10:23","modified_gmt":"2020-11-25T16:10:23","slug":"von-horebeke-jenever","status":"publish","type":"product","link":"https:\/\/filliersdistillery.com\/fr\/products\/other-brands\/von-horebeke-jenever\/","title":{"rendered":"Geni\u00e8vre de grains"},"content":{"rendered":"<section class=\"c-product-details \" id=\"product-details-block_5f40ef47abfad\" data-aos=\"fade-up\">\n\n\t<div class=\"c-hero-product-detail \">\n\t\t<div class=\"container container--narrow\">\n\t\t\t<div class=\"c-hero-product-detail__row\">\n\t\t\t\t<div class=\"c-hero-product-detail__photo\">\n\n\t\t\t\t\t\t\t\t\t\t\t<picture>\n\t\t\t\t\t\t\t<img class=\"c-lazy\" data-src=\"https:\/\/filliersdistillery.com\/wp-content\/uploads\/2020\/08\/0-packshot-van-hoorebeke.png\" alt=\"\"\/>\n\t\t\t\t\t\t<\/picture>\n\t\t\t\t\t\n\t\t\t\t<\/div>\n\t\t\t\t<div class=\"c-hero-product-detail__col\">\n\t\t\t\t\t\t\t\t\t\t\t<h1>Geni\u00e8vre de grains<\/h1>\n\t\t\t\t\t\t\t\t\t\t<p>Ce geni\u00e8vre est distill\u00e9 trois fois dans des alambics en cuivre. Lors de la derni\u00e8re distillation, des baies de gen\u00e9vrier, des grains de coriandre et des herbes sont ajout\u00e9s pour cr\u00e9er son go\u00fbt tr\u00e8s particulier. Comme il ne repose pas dans des f\u00fbts de ch\u00eane, il est cristallin.  <\/p>\r\n\n\t\t\t\t\t\t\t\t\t\t\t<p class=\"c-hero-product-detail__consist\">\n\t\t\t\t\t\t\t<span class=\"c-hero-product-detail__icon\">\n\t\t\t\t\t\t\t\t<svg viewbox=\"0 0 15 19\">\n\t\t\t\t\t\t\t\t\t<use xlink:href=\"#icon-wineglass\"><\/use>\n\t\t\t\t\t\t\t\t<\/svg>\n\t\t\t\t\t\t\t<\/span>\n\t\t\t\t\t\t\t<span class=\"c-hero-product-detail__percents\">35%<\/span>\n\t\t\t\t\t\t\t\t\t\t\t\t\t\t\t\t\t\t\t<span class=\"c-hero-product-detail__label\">VOL ALC<\/span>\n\t\t\t\t\t\t\t\t\t\t\t<\/p>\n\t\t\t\t<\/div>\n\n\t\t\t<\/div>\n\t\t<\/div>\n\t\t<!-- \/ container -->\n\t<\/div>\n\n\n\t<div class=\"c-product-consist\">\n\t\t<div class=\"container container--narrow\">\n\t\t\t<div class=\"c-product-consist__row\">\n\t\t\t\t<div class=\"c-product-consist__col\">\n\t\t\t\t\t<div class=\"c-product-consist__content\">\n\n\t\t\t\t\t\t\n\n              \t\t\t\t\t\t\t\n              \t\t\t\t\t\t\t\t\t\t\t\t\t\t\t\t\t<h4>Notes de d\u00e9gustation<\/h4>\n\t\t\t\t\t\t\t\t\t\t\t\t\t\t\t\t<p>Diff\u00e9rentes nuances du geni\u00e8vre sont perceptibles.\r\nEn plus d&rsquo;un l\u00e9ger ton piquant, des notes d&rsquo;agrumes, de r\u00e9glisse et de vanille sont \u00e9galement pr\u00e9sentes. <\/p>\n\t\t\t\t\t\t\t\n\t\t\t\t\t\t\t\t\t\t\t\t\t\n\n              \t\t\t\t\t\t\t\n              \n\t\t\t\t\t\t\t\t\t\t\t\t\t\t\t\t\t\t\t\t\t\t\t\t<h4>Fiches techniques &#038; formats<\/h4>\n\t\t\t\t\t\t\t\t\n\t\t\t\t\t\t\t\t<ul class=\"c-files-list\">\n\t\t\t\t\t\t\t\t\t\t\t\t\t\t\t\t\t\t\t<li class=\"c-files-list__item\">\n\t\t\t\t\t\t\t\t\t\t\t<a class=\"c-files-list__link\" href=\"http:\/\/filliers.wpengine.com\/wp-content\/uploads\/2020\/10\/TF-Others-VAN-HOOREBEKE-GRAANJENEVER-70-CL.pdf\" >\n\t\t\t\t\t\t\t\t\t\t\t\t<span class=\"c-files-list__icon-file\">\n\t\t\t\t\t\t\t\t\t\t\t\t\t<svg viewbox=\"0 0 26 29\">\n\t\t\t\t\t\t\t\t\t\t\t\t\t\t<use xlink:href=\"#icon-pdf\"><\/use>\n\t\t\t\t\t\t\t\t\t\t\t\t\t<\/svg>\n\t\t\t\t\t\t\t\t\t\t\t\t<\/span>\n\t\t\t\t\t\t\t\t\t\t\t\t<span>Format: 70 cl<\/span>\n\t\t\t\t\t\t\t\t\t\t\t\t<span class=\"c-files-list__icon-arrow\">\n\t\t\t\t\t\t\t\t\t\t\t\t\t<svg viewbox=\"0 0 16 16\">\n\t\t\t\t\t\t\t\t\t\t\t\t\t\t<use xlink:href=\"#icon-arrow-external\"><\/use>\n\t\t\t\t\t\t\t\t\t\t\t\t\t<\/svg>\n\t\t\t\t\t\t\t\t\t\t\t\t<\/span>\n\t\t\t\t\t\t\t\t\t\t\t<\/a>\n\t\t\t\t\t\t\t\t\t\t<\/li>\n\t\t\t\t\t\t\t\t\t\t\t\t\t\t\t\t\t\t\t<li class=\"c-files-list__item\">\n\t\t\t\t\t\t\t\t\t\t\t<a class=\"c-files-list__link\" href=\"http:\/\/filliers.wpengine.com\/wp-content\/uploads\/2020\/10\/TF-Others-VAN-HOOREBEKE-GRAANJENEVER-100-CL.pdf\" >\n\t\t\t\t\t\t\t\t\t\t\t\t<span class=\"c-files-list__icon-file\">\n\t\t\t\t\t\t\t\t\t\t\t\t\t<svg viewbox=\"0 0 26 29\">\n\t\t\t\t\t\t\t\t\t\t\t\t\t\t<use xlink:href=\"#icon-pdf\"><\/use>\n\t\t\t\t\t\t\t\t\t\t\t\t\t<\/svg>\n\t\t\t\t\t\t\t\t\t\t\t\t<\/span>\n\t\t\t\t\t\t\t\t\t\t\t\t<span>Format: 1 litre<\/span>\n\t\t\t\t\t\t\t\t\t\t\t\t<span class=\"c-files-list__icon-arrow\">\n\t\t\t\t\t\t\t\t\t\t\t\t\t<svg viewbox=\"0 0 16 16\">\n\t\t\t\t\t\t\t\t\t\t\t\t\t\t<use xlink:href=\"#icon-arrow-external\"><\/use>\n\t\t\t\t\t\t\t\t\t\t\t\t\t<\/svg>\n\t\t\t\t\t\t\t\t\t\t\t\t<\/span>\n\t\t\t\t\t\t\t\t\t\t\t<\/a>\n\t\t\t\t\t\t\t\t\t\t<\/li>\n\t\t\t\t\t\t\t\t\t\t\t\t\t\t\t\t\t<\/ul>\n\t\t\t\t\t\t\t\t\t\t\t\t\t\n\t\t\t\t\t<\/div>\n\t\t\t\t<\/div>\n\t\t\t\t<div class=\"c-product-consist__col\"><\/div>\n\t\t\t<\/div>\n\t\t<\/div>\n\t<\/div>\n<\/section>\n\n","protected":false},"parent":3479,"menu_order":0,"template":"","class_list":["post-3490","product","type-product","status-publish","hentry"],"yoast_head":"<!-- This site is optimized with the Yoast SEO plugin v14.8 - https:\/\/yoast.com\/wordpress\/plugins\/seo\/ -->\n<title>Geni\u00e8vre de grains | Filliers Distillery<\/title>\n<meta name=\"robots\" content=\"index, follow\" \/>\n<meta name=\"googlebot\" content=\"index, follow, max-snippet:-1, max-image-preview:large, max-video-preview:-1\" \/>\n<meta name=\"bingbot\" content=\"index, follow, max-snippet:-1, max-image-preview:large, max-video-preview:-1\" \/>\n<link rel=\"canonical\" href=\"http:\/\/filliers.wpengine.com\/products\/other-brands\/von-horebeke-jenever\/?lang=fr\" \/>\n<meta property=\"og:locale\" content=\"fr_FR\" \/>\n<meta property=\"og:type\" content=\"article\" \/>\n<meta property=\"og:title\" content=\"Geni\u00e8vre de grains | Filliers Distillery\" \/>\n<meta property=\"og:url\" content=\"http:\/\/filliers.wpengine.com\/products\/other-brands\/von-horebeke-jenever\/?lang=fr\" \/>\n<meta property=\"og:site_name\" content=\"Filliers Distillery\" \/>\n<meta property=\"article:modified_time\" content=\"2020-11-25T16:10:23+00:00\" \/>\n<meta name=\"twitter:card\" content=\"summary_large_image\" \/>\n<script type=\"application\/ld+json\" class=\"yoast-schema-graph\">{\"@context\":\"https:\/\/schema.org\",\"@graph\":[{\"@type\":\"Organization\",\"@id\":\"https:\/\/filliersdistillery.com\/fr\/#organization\",\"name\":\"Filliers Distillery\",\"url\":\"https:\/\/filliersdistillery.com\/fr\/\",\"sameAs\":[],\"logo\":{\"@type\":\"ImageObject\",\"@id\":\"https:\/\/filliersdistillery.com\/fr\/#logo\",\"inLanguage\":\"fr-FR\",\"url\":\"https:\/\/filliersdistillery.com\/wp-content\/uploads\/2024\/01\/FILLIERSDISTILLERY_black_CMYK.png\",\"width\":2363,\"height\":1182,\"caption\":\"Filliers Distillery\"},\"image\":{\"@id\":\"https:\/\/filliersdistillery.com\/fr\/#logo\"}},{\"@type\":\"WebSite\",\"@id\":\"https:\/\/filliersdistillery.com\/fr\/#website\",\"url\":\"https:\/\/filliersdistillery.com\/fr\/\",\"name\":\"Filliers Distillery\",\"description\":\"Filliers Distillery\",\"publisher\":{\"@id\":\"https:\/\/filliersdistillery.com\/fr\/#organization\"},\"potentialAction\":[{\"@type\":\"SearchAction\",\"target\":\"https:\/\/filliersdistillery.com\/fr\/?s={search_term_string}\",\"query-input\":\"required name=search_term_string\"}],\"inLanguage\":\"fr-FR\"},{\"@type\":\"WebPage\",\"@id\":\"http:\/\/filliers.wpengine.com\/products\/other-brands\/von-horebeke-jenever\/?lang=fr\/#webpage\",\"url\":\"http:\/\/filliers.wpengine.com\/products\/other-brands\/von-horebeke-jenever\/?lang=fr\/\",\"name\":\"Geni\\u00e8vre de grains | Filliers Distillery\",\"isPartOf\":{\"@id\":\"https:\/\/filliersdistillery.com\/fr\/#website\"},\"datePublished\":\"2020-08-28T02:34:13+00:00\",\"dateModified\":\"2020-11-25T16:10:23+00:00\",\"breadcrumb\":{\"@id\":\"http:\/\/filliers.wpengine.com\/products\/other-brands\/von-horebeke-jenever\/?lang=fr\/#breadcrumb\"},\"inLanguage\":\"fr-FR\",\"potentialAction\":[{\"@type\":\"ReadAction\",\"target\":[\"http:\/\/filliers.wpengine.com\/products\/other-brands\/von-horebeke-jenever\/?lang=fr\/\"]}]},{\"@type\":\"BreadcrumbList\",\"@id\":\"http:\/\/filliers.wpengine.com\/products\/other-brands\/von-horebeke-jenever\/?lang=fr\/#breadcrumb\",\"itemListElement\":[{\"@type\":\"ListItem\",\"position\":1,\"item\":{\"@type\":\"WebPage\",\"@id\":\"https:\/\/filliersdistillery.com\/fr\/products\/\",\"url\":\"https:\/\/filliersdistillery.com\/fr\/products\/\",\"name\":\"Produits\"}},{\"@type\":\"ListItem\",\"position\":2,\"item\":{\"@type\":\"WebPage\",\"@id\":\"https:\/\/filliersdistillery.com\/fr\/products\/other-brands\/\",\"url\":\"https:\/\/filliersdistillery.com\/fr\/products\/other-brands\/\",\"name\":\"Autres Spiritueux\"}},{\"@type\":\"ListItem\",\"position\":3,\"item\":{\"@type\":\"WebPage\",\"@id\":\"http:\/\/filliers.wpengine.com\/products\/other-brands\/von-horebeke-jenever\/?lang=fr\/\",\"url\":\"http:\/\/filliers.wpengine.com\/products\/other-brands\/von-horebeke-jenever\/?lang=fr\/\",\"name\":\"Geni\\u00e8vre de grains\"}}]}]}<\/script>\n<!-- \/ Yoast SEO plugin. -->","_links":{"self":[{"href":"https:\/\/filliersdistillery.com\/fr\/wp-json\/wp\/v2\/product\/3490","targetHints":{"allow":["GET"]}}],"collection":[{"href":"https:\/\/filliersdistillery.com\/fr\/wp-json\/wp\/v2\/product"}],"about":[{"href":"https:\/\/filliersdistillery.com\/fr\/wp-json\/wp\/v2\/types\/product"}],"up":[{"embeddable":true,"href":"https:\/\/filliersdistillery.com\/fr\/wp-json\/wp\/v2\/product\/3479"}],"wp:attachment":[{"href":"https:\/\/filliersdistillery.com\/fr\/wp-json\/wp\/v2\/media?parent=3490"}],"curies":[{"name":"wp","href":"https:\/\/api.w.org\/{rel}","templated":true}]}}