{"id":3598,"date":"2020-08-27T23:43:03","date_gmt":"2020-08-27T23:43:03","guid":{"rendered":"http:\/\/filliers.wpengine.com\/products\/products\/premium-brands\/genever-12-years-old\/"},"modified":"2020-12-08T11:43:31","modified_gmt":"2020-12-08T11:43:31","slug":"genever-12-years-old","status":"publish","type":"product","link":"https:\/\/filliersdistillery.com\/fr\/products\/premium-brands\/genever-12-years-old\/","title":{"rendered":"12 Years Old"},"content":{"rendered":"<section class=\"c-product-details \" id=\"product-details-block_5f40ef47abfad\" data-aos=\"fade-up\">\n\n\t<div class=\"c-hero-product-detail c-hero-product-detail--premium\">\n\t\t<div class=\"container container--narrow\">\n\t\t\t<div class=\"c-hero-product-detail__row\">\n\t\t\t\t<div class=\"c-hero-product-detail__photo\">\n\n\t\t\t\t\t\t\t\t\t\t\t<picture>\n\t\t\t\t\t\t\t<img class=\"c-lazy\" data-src=\"https:\/\/filliersdistillery.com\/wp-content\/uploads\/2020\/08\/0-packshot-12-yo.png\" alt=\"\"\/>\n\t\t\t\t\t\t<\/picture>\n\t\t\t\t\t\n\t\t\t\t<\/div>\n\t\t\t\t<div class=\"c-hero-product-detail__col\">\n\t\t\t\t\t\t\t\t\t\t\t<h1>12 Years Old<\/h1>\n\t\t\t\t\t\t\t\t\t\t<p>La tradition du vieillissement en barrique prend vie dans ce geni\u00e8vre de douze ans. La maturation a dur\u00e9 douze ans et a eu lieu dans des anciens f\u00fbts de Bourbon de ch\u00eane am\u00e9ricain, qui ont aussi forg\u00e9 son caract\u00e8re. Il en r\u00e9sulte un geni\u00e8vre large et \u00e9quilibr\u00e9, pur et tr\u00e8s puissant. Il rend aussi parfait les short drink cocktails.<\/p>\r\n\n\t\t\t\t\t\t\t\t\t\t\t<p class=\"c-hero-product-detail__consist\">\n\t\t\t\t\t\t\t<span class=\"c-hero-product-detail__icon\">\n\t\t\t\t\t\t\t\t<svg viewbox=\"0 0 15 19\">\n\t\t\t\t\t\t\t\t\t<use xlink:href=\"#icon-wineglass\"><\/use>\n\t\t\t\t\t\t\t\t<\/svg>\n\t\t\t\t\t\t\t<\/span>\n\t\t\t\t\t\t\t<span class=\"c-hero-product-detail__percents\">42%<\/span>\n\t\t\t\t\t\t\t\t\t\t\t\t\t\t\t\t\t\t\t<span class=\"c-hero-product-detail__label\">VOL ALC<\/span>\n\t\t\t\t\t\t\t\t\t\t\t<\/p>\n\t\t\t\t<\/div>\n\n\t\t\t<\/div>\n\t\t<\/div>\n\t\t<!-- \/ container -->\n\t<\/div>\n\n\n\t<div class=\"c-product-consist\">\n\t\t<div class=\"container container--narrow\">\n\t\t\t<div class=\"c-product-consist__row\">\n\t\t\t\t<div class=\"c-product-consist__col\">\n\t\t\t\t\t<div class=\"c-product-consist__content\">\n\n\t\t\t\t\t\t\n\n              \t\t\t\t\t\t\t\n              \t\t\t\t\t\t\t\t\t\t\t\t\t\t\t\t\t<h4>Notes de d\u00e9gustation<\/h4>\n\t\t\t\t\t\t\t\t\t\t\t\t\t\t\t\t<p>Doucement \u00e9pic\u00e9 avec une pointe de gaufres et de vanille et une pointe de cannelle &#038; de speculoos (un biscuit belge typique).<\/p>\n\t\t\t\t\t\t\t\n\t\t\t\t\t\t\t\t\t\t\t\t\t\n\n              \t\t\t\t\t\t\t\n              \n\t\t\t\t\t\t\t\t\t\t\t\t\t\t\t\t\t\t\t\t\t\t\t\t<h4>Fiches techniques &#038; formats<\/h4>\n\t\t\t\t\t\t\t\t\n\t\t\t\t\t\t\t\t<ul class=\"c-files-list\">\n\t\t\t\t\t\t\t\t\t\t\t\t\t\t\t\t\t\t\t<li class=\"c-files-list__item\">\n\t\t\t\t\t\t\t\t\t\t\t<a class=\"c-files-list__link\" href=\"http:\/\/filliers.wpengine.com\/wp-content\/uploads\/2020\/10\/TF-Premium-BARREL-AGED-GENEVER-12-YO.pdf\" >\n\t\t\t\t\t\t\t\t\t\t\t\t<span class=\"c-files-list__icon-file\">\n\t\t\t\t\t\t\t\t\t\t\t\t\t<svg viewbox=\"0 0 26 29\">\n\t\t\t\t\t\t\t\t\t\t\t\t\t\t<use xlink:href=\"#icon-pdf\"><\/use>\n\t\t\t\t\t\t\t\t\t\t\t\t\t<\/svg>\n\t\t\t\t\t\t\t\t\t\t\t\t<\/span>\n\t\t\t\t\t\t\t\t\t\t\t\t<span>Format: 70 cl<\/span>\n\t\t\t\t\t\t\t\t\t\t\t\t<span class=\"c-files-list__icon-arrow\">\n\t\t\t\t\t\t\t\t\t\t\t\t\t<svg viewbox=\"0 0 16 16\">\n\t\t\t\t\t\t\t\t\t\t\t\t\t\t<use xlink:href=\"#icon-arrow-external\"><\/use>\n\t\t\t\t\t\t\t\t\t\t\t\t\t<\/svg>\n\t\t\t\t\t\t\t\t\t\t\t\t<\/span>\n\t\t\t\t\t\t\t\t\t\t\t<\/a>\n\t\t\t\t\t\t\t\t\t\t<\/li>\n\t\t\t\t\t\t\t\t\t\t\t\t\t\t\t\t\t<\/ul>\n\t\t\t\t\t\t\t\t\t\t\t\t\t\n\t\t\t\t\t<\/div>\n\t\t\t\t<\/div>\n\t\t\t\t<div class=\"c-product-consist__col\"><\/div>\n\t\t\t<\/div>\n\t\t<\/div>\n\t<\/div>\n<\/section>\n\n\n\n\n<section class=\"c-awards \" id=\"awards-block_5f40f1da717a7\" data-aos=\"fade-up\">\n\t<div class=\"container container--narrow\">\n\t\t\t\t\t<h3 class=\"c-awards__title\">Prix<\/h3>\n\t\t\n\t\t\n\t\t\t\n\t\t\n\t\t<!-- slider -->\n\t\t<div class=\"c-awards__slider\">\n\t\t\t<div class=\"swiper-container c-awards__swiper\">\n\n\t\t\t\t<div class=\"swiper-wrapper\">\n\t\t\t\t\t\t\t\t\t\t<div class=\"swiper-slide\">\n\t\t\t\t\t\t<div class=\"c-awards__item\">\n\n\t\t\t\t\t\t\t\t\t\t\t\t\t\t\t<picture>\n\t\t\t\t\t\t\t\t\t<img class=\"c-lazy\" data-src=\"https:\/\/filliersdistillery.com\/wp-content\/uploads\/2020\/08\/1-2019-SFWSC-Silver.png\" alt=\"\"\/>\n\t\t\t\t\t\t\t\t<\/picture>\n\t\t\t\t\t\t\t\n\t\t\t\t\t\t\t<div class=\"c-awards__item-desc\">\n\t\t\t\t\t\t\t\t<p class=\"c-awards__item-year\">2019<\/p>\n\t\t\t\t\t\t\t\t<h5 class=\"c-awards__item-title\">Silver &#8211; San Francisco World Spirits Competition<\/h5>\n\t\t\t\t\t\t\t<\/div>\n\t\t\t\t\t\t<\/div>\n\t\t\t\t\t\t<\/div>\n\t\t\t\t\t\t\t\t\t\t<div class=\"swiper-slide\">\n\t\t\t\t\t\t<div class=\"c-awards__item\">\n\n\t\t\t\t\t\t\t\t\t\t\t\t\t\t\t<picture>\n\t\t\t\t\t\t\t\t\t<img class=\"c-lazy\" data-src=\"https:\/\/filliersdistillery.com\/wp-content\/uploads\/2020\/08\/2-2019-tmSilver.png\" alt=\"\"\/>\n\t\t\t\t\t\t\t\t<\/picture>\n\t\t\t\t\t\t\t\n\t\t\t\t\t\t\t<div class=\"c-awards__item-desc\">\n\t\t\t\t\t\t\t\t<p class=\"c-awards__item-year\">2019<\/p>\n\t\t\t\t\t\t\t\t<h5 class=\"c-awards__item-title\">Silver &#8211; SIP Awards <\/h5>\n\t\t\t\t\t\t\t<\/div>\n\t\t\t\t\t\t<\/div>\n\t\t\t\t\t\t<\/div>\n\t\t\t\t\t\t\t\t\t\t<div class=\"swiper-slide\">\n\t\t\t\t\t\t<div class=\"c-awards__item\">\n\n\t\t\t\t\t\t\t\t\t\t\t\t\t\t\t<picture>\n\t\t\t\t\t\t\t\t\t<img class=\"c-lazy\" data-src=\"https:\/\/filliersdistillery.com\/wp-content\/uploads\/2020\/08\/3-ssel2019-silver-medal.png\" alt=\"\"\/>\n\t\t\t\t\t\t\t\t<\/picture>\n\t\t\t\t\t\t\t\n\t\t\t\t\t\t\t<div class=\"c-awards__item-desc\">\n\t\t\t\t\t\t\t\t<p class=\"c-awards__item-year\">2019<\/p>\n\t\t\t\t\t\t\t\t<h5 class=\"c-awards__item-title\">Silver &#8211; Concours Mondial de Bruxelles<\/h5>\n\t\t\t\t\t\t\t<\/div>\n\t\t\t\t\t\t<\/div>\n\t\t\t\t\t\t<\/div>\n\t\t\t\t\t\t\t\t\t<\/div>\n\n\t\t\t\t<div class=\"swiper__nav\">\n\t\t\t\t\t<div class=\"swiper-scrollbar\"><\/div>\n\t\t\t\t\t<div class=\"swiper__nav-buttons\">\n\t\t\t\t\t\t<div class=\"swiper-button-prev\">\n\t\t\t\t\t\t\t<svg viewbox=\"0 0 16 16\">\n\t\t\t\t\t\t\t\t<use xlink:href=\"#icon-chevron-right-circle-white\"><\/use>\n\t\t\t\t\t\t\t<\/svg>\n\t\t\t\t\t\t<\/div>\n\t\t\t\t\t\t<div class=\"swiper-button-next\">\n\t\t\t\t\t\t\t<svg viewbox=\"0 0 16 16\">\n\t\t\t\t\t\t\t\t<use xlink:href=\"#icon-chevron-right-circle-white\"><\/use>\n\t\t\t\t\t\t\t<\/svg>\n\t\t\t\t\t\t<\/div>\n\t\t\t\t\t<\/div>\n\t\t\t\t<\/div>\n\n\t\t\t<\/div>\n\t\t<\/div>\n\t\t<!-- \/slider -->\n\t<\/div>\n<\/section>\n\n\n\n\n<section class=\"c-recipes \" id=\"recipes-block_5f40f237717ac\">\n\t<div class=\"container\" data-aos=\"fade-up\">\n\t\t<h2>Pure on the rocks<\/h2>\n\n\t\t<!-- slider -->\n\t\t<div class=\"c-recipes__slider\">\n\t\t\t<div class=\"swiper-container c-recipes__swiper\">\n\n\t\t\t\t<div class=\"swiper-wrapper\">\n\t\t\t\t\t\t\t\t\t\t\t<div class=\"swiper-slide\" data-index=\"popup-1\">\n\t\t\t\t\t\t\t<picture>\n\t\t\t\t\t\t\t\t<img class=\"swiper-lazy\" data-src=\"https:\/\/filliersdistillery.com\/wp-content\/uploads\/2020\/08\/BAG-12YO-perfect-serve.jpg\" alt=\"\"\/>\n\t\t\t\t\t\t\t<\/picture>\n\t\t\t\t\t\t\t<h5 class=\"c-recipes__slider-desc\">Pure\/On the rocks<\/h5>\n\t\t\t\t\t\t\t\t\t\t\t\t\t\t<a class=\"c-button c-button--ghost-light c-button--large  js-open-recipe-popup\" href=\"#\" >\n\t<span class=\"c-button__text\">Voir la recette<\/span>\n\t<span class=\"c-button__icon\">\n\t\t<svg viewbox=\"0 0 16 16\">\n\t\t\t<use xlink:href=\"#icon-arrow-right-circle-white\"><\/use>\n\t\t<\/svg>\n\t<\/span>\n<\/a>\n\n\t\t\t\t\t\t\t\t\t\t\t\t\t<\/div>\n\t\t\t\t\t\t\t\t\t<\/div>\n\n\t\t\t\t<div class=\"swiper__nav swiper__nav--inverse\">\n\t\t\t\t\t<div class=\"swiper-fraction\"><\/div>\n\t\t\t\t\t<div class=\"swiper-scrollbar\"><\/div>\n\t\t\t\t\t<div class=\"swiper__nav-buttons\">\n\t\t\t\t\t\t<div class=\"swiper-button-prev\">\n\t\t\t\t\t\t\t<svg viewbox=\"0 0 16 16\">\n\t\t\t\t\t\t\t\t<use xlink:href=\"#icon-chevron-right-circle-black\"><\/use>\n\t\t\t\t\t\t\t<\/svg>\n\t\t\t\t\t\t<\/div>\n\t\t\t\t\t\t<div class=\"swiper-button-next\">\n\t\t\t\t\t\t\t<svg viewbox=\"0 0 16 16\">\n\t\t\t\t\t\t\t\t<use xlink:href=\"#icon-chevron-right-circle-black\"><\/use>\n\t\t\t\t\t\t\t<\/svg>\n\t\t\t\t\t\t<\/div>\n\t\t\t\t\t<\/div>\n\t\t\t\t<\/div>\n\n\t\t\t<\/div>\n\t\t<\/div>\n\t\t<!-- \/slider -->\n\t<\/div>\n\t\n\n\t\t\t\t<div class=\"c-product-popup__container\" data-index=\"popup-1\">\n\t\t<div class=\"c-product-popup__shadow js-recipe-shadow\"><\/div>\n\t\t<div class=\"c-product-popup c-product-popup--texture\">\n\t\t\t<div class=\"c-product-popup__close js-close-recipe-popup\">\n\t\t\t\t<svg viewbox=\"0 0 16 16\">\n\t\t\t\t\t<use xlink:href=\"#menu-close\"><\/use>\n\t\t\t\t<\/svg>\n\t\t\t<\/div>\n\t\t\t<div class=\"c-product-popup__head\">\n\t\t\t\t<picture>\n\t\t\t\t\t<img class=\"c-lazy\" data-src=\"https:\/\/filliersdistillery.com\/wp-content\/uploads\/2020\/08\/BAG-12YO-perfect-serve-cover.jpg\" alt=\"\">\n\t\t\t\t<\/picture>\n\t\t\t<\/div>\n\t\t\t<div class=\"c-product-popup__body\">\n\t\t\t\t\t\t\t\t\t<h3>Pure\/On the rocks<\/h3>\n\t\t\t\t\t\t\t\t<ul>\n<li>50 ml Barrel Aged Genever 12 Years Old<\/li>\n<li>Gla\u00e7on en forme de boule (facultatif)<\/li>\n<\/ul>\n<p>Le Barrel Aged Genever 12 Years Old est parfait \u00e0 boire pur ou on the rocks avec des gla\u00e7ons.<\/p>\n\n\t\t\t<\/div>\n\t\t<\/div>\n\t<\/div>\n\t<\/section>\n\n\n\n\n<section class=\"c-other-products  \" id=\"other-products-block_5f40f289717ae\" data-aos=\"fade-up\">\n\t<div class=\"container\">\n\t\t\t\t<h2>Plus de produits<\/h2>\n\t\t\n\t\t<!-- slider -->\n\t\t<div class=\"c-other-products__slider\">\n\t\t\t<div class=\"swiper-container c-other-products__swiper\">\n\n\t\t\t\t<div class=\"swiper-wrapper\">\n\t\t\t\t\t\t\t\t\t\t\t<div class=\"swiper-slide\">\n\t\t\t\t\t\t\t<picture>\n\t\t\t\t\t\t\t\t<img class=\"swiper-lazy\" data-src=\"https:\/\/filliersdistillery.com\/wp-content\/uploads\/2020\/08\/0-packshot-0-yo.png\" alt=\"\"\/>\n\t\t\t\t\t\t\t<\/picture>\n\t\t\t\t\t\t\t<h5 class=\"c-other-products__slider-desc\">Young &#038; Pure<\/h5>\n\t\t\t\t\t\t\t\t\t\t\t\t\t\t<a class=\"c-button c-button--ghost-grey-dark c-button--large  \" href=\"http:\/\/filliers.wpengine.com\/fr\/products\/premium-brands\/genever-young-pure-genever\/\" >\n\t<span class=\"c-button__text\">plus d&rsquo;informations<\/span>\n\t<span class=\"c-button__icon\">\n\t\t<svg viewbox=\"0 0 16 16\">\n\t\t\t<use xlink:href=\"#icon-arrow-right-circle-black\"><\/use>\n\t\t<\/svg>\n\t<\/span>\n<\/a>\n\n\t\t\t\t\t\t\t\t\t\t\t\t\t<\/div>\n\t\t\t\t\t\t\t\t\t\t\t<div class=\"swiper-slide\">\n\t\t\t\t\t\t\t<picture>\n\t\t\t\t\t\t\t\t<img class=\"swiper-lazy\" data-src=\"https:\/\/filliersdistillery.com\/wp-content\/uploads\/2020\/08\/0-packshot-8-yo.png\" alt=\"\"\/>\n\t\t\t\t\t\t\t<\/picture>\n\t\t\t\t\t\t\t<h5 class=\"c-other-products__slider-desc\">8 Years Old<\/h5>\n\t\t\t\t\t\t\t\t\t\t\t\t\t\t<a class=\"c-button c-button--ghost-grey-dark c-button--large  \" href=\"http:\/\/filliers.wpengine.com\/fr\/products\/premium-brands\/genever-8-years-old\/\" >\n\t<span class=\"c-button__text\">plus d&rsquo;informations<\/span>\n\t<span class=\"c-button__icon\">\n\t\t<svg viewbox=\"0 0 16 16\">\n\t\t\t<use xlink:href=\"#icon-arrow-right-circle-black\"><\/use>\n\t\t<\/svg>\n\t<\/span>\n<\/a>\n\n\t\t\t\t\t\t\t\t\t\t\t\t\t<\/div>\n\t\t\t\t\t\t\t\t\t\t\t<div class=\"swiper-slide\">\n\t\t\t\t\t\t\t<picture>\n\t\t\t\t\t\t\t\t<img class=\"swiper-lazy\" data-src=\"https:\/\/filliersdistillery.com\/wp-content\/uploads\/2020\/08\/0-packshot-12-yo.png\" alt=\"\"\/>\n\t\t\t\t\t\t\t<\/picture>\n\t\t\t\t\t\t\t<h5 class=\"c-other-products__slider-desc\">12 Years Old<\/h5>\n\t\t\t\t\t\t\t\t\t\t\t\t\t\t<a class=\"c-button c-button--ghost-grey-dark c-button--large  \" href=\"http:\/\/filliers.wpengine.com\/fr\/products\/premium-brands\/genever-12-years-old\/\" >\n\t<span class=\"c-button__text\">plus d&rsquo;informations<\/span>\n\t<span class=\"c-button__icon\">\n\t\t<svg viewbox=\"0 0 16 16\">\n\t\t\t<use xlink:href=\"#icon-arrow-right-circle-black\"><\/use>\n\t\t<\/svg>\n\t<\/span>\n<\/a>\n\n\t\t\t\t\t\t\t\t\t\t\t\t\t<\/div>\n\t\t\t\t\t\t\t\t\t\t\t<div class=\"swiper-slide\">\n\t\t\t\t\t\t\t<picture>\n\t\t\t\t\t\t\t\t<img class=\"swiper-lazy\" data-src=\"https:\/\/filliersdistillery.com\/wp-content\/uploads\/2020\/08\/0-packshot-17-yo.png\" alt=\"\"\/>\n\t\t\t\t\t\t\t<\/picture>\n\t\t\t\t\t\t\t<h5 class=\"c-other-products__slider-desc\">17 Years Old<\/h5>\n\t\t\t\t\t\t\t\t\t\t\t\t\t\t<a class=\"c-button c-button--ghost-grey-dark c-button--large  \" href=\"http:\/\/filliers.wpengine.com\/fr\/products\/premium-brands\/genever-17-years-old\/\" >\n\t<span class=\"c-button__text\">plus d&rsquo;informations<\/span>\n\t<span class=\"c-button__icon\">\n\t\t<svg viewbox=\"0 0 16 16\">\n\t\t\t<use xlink:href=\"#icon-arrow-right-circle-black\"><\/use>\n\t\t<\/svg>\n\t<\/span>\n<\/a>\n\n\t\t\t\t\t\t\t\t\t\t\t\t\t<\/div>\n\t\t\t\t\t\t\t\t\t\t\t<div class=\"swiper-slide\">\n\t\t\t\t\t\t\t<picture>\n\t\t\t\t\t\t\t\t<img class=\"swiper-lazy\" data-src=\"https:\/\/filliersdistillery.com\/wp-content\/uploads\/2020\/08\/0-packshot-21-yo.png\" alt=\"\"\/>\n\t\t\t\t\t\t\t<\/picture>\n\t\t\t\t\t\t\t<h5 class=\"c-other-products__slider-desc\">21 Years Old<\/h5>\n\t\t\t\t\t\t\t\t\t\t\t\t\t\t<a class=\"c-button c-button--ghost-grey-dark c-button--large  \" href=\"http:\/\/filliers.wpengine.com\/fr\/products\/premium-brands\/genever-21-years-old\/\" >\n\t<span class=\"c-button__text\">plus d&rsquo;informations<\/span>\n\t<span class=\"c-button__icon\">\n\t\t<svg viewbox=\"0 0 16 16\">\n\t\t\t<use xlink:href=\"#icon-arrow-right-circle-black\"><\/use>\n\t\t<\/svg>\n\t<\/span>\n<\/a>\n\n\t\t\t\t\t\t\t\t\t\t\t\t\t<\/div>\n\t\t\t\t\t\t\t\t\t<\/div>\n\n\t\t\t\t<div class=\"swiper__nav\">\n\t\t\t\t\t<div class=\"swiper-scrollbar\"><\/div>\n\t\t\t\t\t<div class=\"swiper__nav-buttons\">\n\t\t\t\t\t\t<div class=\"swiper-button-prev\">\n\t\t\t\t\t\t\t<svg viewbox=\"0 0 16 16\">\n\t\t\t\t\t\t\t\t<use xlink:href=\"#icon-chevron-right-circle-white\"><\/use>\n\t\t\t\t\t\t\t<\/svg>\n\t\t\t\t\t\t<\/div>\n\t\t\t\t\t\t<div class=\"swiper-button-next\">\n\t\t\t\t\t\t\t<svg viewbox=\"0 0 16 16\">\n\t\t\t\t\t\t\t\t<use xlink:href=\"#icon-chevron-right-circle-white\"><\/use>\n\t\t\t\t\t\t\t<\/svg>\n\t\t\t\t\t\t<\/div>\n\t\t\t\t\t<\/div>\n\t\t\t\t<\/div>\n\n\t\t\t<\/div>\n\t\t<\/div>\n\t\t<!-- \/slider -->\n\t<\/div>\n<\/section>\n\n","protected":false},"parent":3592,"menu_order":0,"template":"","class_list":["post-3598","product","type-product","status-publish","hentry"],"yoast_head":"<!-- This site is optimized with the Yoast SEO plugin v14.8 - https:\/\/yoast.com\/wordpress\/plugins\/seo\/ -->\n<title>12 Years Old | Filliers Distillery<\/title>\n<meta name=\"robots\" content=\"index, follow\" \/>\n<meta name=\"googlebot\" content=\"index, follow, max-snippet:-1, max-image-preview:large, max-video-preview:-1\" \/>\n<meta name=\"bingbot\" content=\"index, follow, max-snippet:-1, max-image-preview:large, max-video-preview:-1\" \/>\n<link rel=\"canonical\" href=\"http:\/\/filliers.wpengine.com\/fr\/products\/premium-brands\/genever-12-years-old\/\" \/>\n<meta property=\"og:locale\" content=\"fr_FR\" \/>\n<meta property=\"og:type\" content=\"article\" \/>\n<meta property=\"og:title\" content=\"12 Years Old | Filliers Distillery\" \/>\n<meta property=\"og:url\" content=\"http:\/\/filliers.wpengine.com\/fr\/products\/premium-brands\/genever-12-years-old\/\" \/>\n<meta property=\"og:site_name\" content=\"Filliers Distillery\" \/>\n<meta property=\"article:modified_time\" content=\"2020-12-08T11:43:31+00:00\" \/>\n<meta name=\"twitter:card\" content=\"summary_large_image\" \/>\n<script type=\"application\/ld+json\" class=\"yoast-schema-graph\">{\"@context\":\"https:\/\/schema.org\",\"@graph\":[{\"@type\":\"Organization\",\"@id\":\"https:\/\/filliersdistillery.com\/fr\/#organization\",\"name\":\"Filliers Distillery\",\"url\":\"https:\/\/filliersdistillery.com\/fr\/\",\"sameAs\":[],\"logo\":{\"@type\":\"ImageObject\",\"@id\":\"https:\/\/filliersdistillery.com\/fr\/#logo\",\"inLanguage\":\"fr-FR\",\"url\":\"https:\/\/filliersdistillery.com\/wp-content\/uploads\/2024\/01\/FILLIERSDISTILLERY_black_CMYK.png\",\"width\":2363,\"height\":1182,\"caption\":\"Filliers Distillery\"},\"image\":{\"@id\":\"https:\/\/filliersdistillery.com\/fr\/#logo\"}},{\"@type\":\"WebSite\",\"@id\":\"https:\/\/filliersdistillery.com\/fr\/#website\",\"url\":\"https:\/\/filliersdistillery.com\/fr\/\",\"name\":\"Filliers Distillery\",\"description\":\"Filliers Distillery\",\"publisher\":{\"@id\":\"https:\/\/filliersdistillery.com\/fr\/#organization\"},\"potentialAction\":[{\"@type\":\"SearchAction\",\"target\":\"https:\/\/filliersdistillery.com\/fr\/?s={search_term_string}\",\"query-input\":\"required name=search_term_string\"}],\"inLanguage\":\"fr-FR\"},{\"@type\":\"WebPage\",\"@id\":\"http:\/\/filliers.wpengine.com\/fr\/products\/premium-brands\/genever-12-years-old\/#webpage\",\"url\":\"http:\/\/filliers.wpengine.com\/fr\/products\/premium-brands\/genever-12-years-old\/\",\"name\":\"12 Years Old | Filliers Distillery\",\"isPartOf\":{\"@id\":\"https:\/\/filliersdistillery.com\/fr\/#website\"},\"datePublished\":\"2020-08-27T23:43:03+00:00\",\"dateModified\":\"2020-12-08T11:43:31+00:00\",\"breadcrumb\":{\"@id\":\"http:\/\/filliers.wpengine.com\/fr\/products\/premium-brands\/genever-12-years-old\/#breadcrumb\"},\"inLanguage\":\"fr-FR\",\"potentialAction\":[{\"@type\":\"ReadAction\",\"target\":[\"http:\/\/filliers.wpengine.com\/fr\/products\/premium-brands\/genever-12-years-old\/\"]}]},{\"@type\":\"BreadcrumbList\",\"@id\":\"http:\/\/filliers.wpengine.com\/fr\/products\/premium-brands\/genever-12-years-old\/#breadcrumb\",\"itemListElement\":[{\"@type\":\"ListItem\",\"position\":1,\"item\":{\"@type\":\"WebPage\",\"@id\":\"https:\/\/filliersdistillery.com\/fr\/products\/\",\"url\":\"https:\/\/filliersdistillery.com\/fr\/products\/\",\"name\":\"Produits\"}},{\"@type\":\"ListItem\",\"position\":2,\"item\":{\"@type\":\"WebPage\",\"@id\":\"https:\/\/filliersdistillery.com\/fr\/products\/premium-brands\/\",\"url\":\"https:\/\/filliersdistillery.com\/fr\/products\/premium-brands\/\",\"name\":\"Spiritueux Premium\"}},{\"@type\":\"ListItem\",\"position\":3,\"item\":{\"@type\":\"WebPage\",\"@id\":\"http:\/\/filliers.wpengine.com\/fr\/products\/premium-brands\/genever-12-years-old\/\",\"url\":\"http:\/\/filliers.wpengine.com\/fr\/products\/premium-brands\/genever-12-years-old\/\",\"name\":\"12 Years Old\"}}]}]}<\/script>\n<!-- \/ Yoast SEO plugin. -->","_links":{"self":[{"href":"https:\/\/filliersdistillery.com\/fr\/wp-json\/wp\/v2\/product\/3598","targetHints":{"allow":["GET"]}}],"collection":[{"href":"https:\/\/filliersdistillery.com\/fr\/wp-json\/wp\/v2\/product"}],"about":[{"href":"https:\/\/filliersdistillery.com\/fr\/wp-json\/wp\/v2\/types\/product"}],"up":[{"embeddable":true,"href":"https:\/\/filliersdistillery.com\/fr\/wp-json\/wp\/v2\/product\/3592"}],"wp:attachment":[{"href":"https:\/\/filliersdistillery.com\/fr\/wp-json\/wp\/v2\/media?parent=3598"}],"curies":[{"name":"wp","href":"https:\/\/api.w.org\/{rel}","templated":true}]}}