{"id":3606,"date":"2020-08-27T23:58:25","date_gmt":"2020-08-27T23:58:25","guid":{"rendered":"http:\/\/filliers.wpengine.com\/products\/products\/premium-brands\/genever-21-years-old\/"},"modified":"2021-05-28T05:54:49","modified_gmt":"2021-05-28T05:54:49","slug":"genever-21-years-old","status":"publish","type":"product","link":"https:\/\/filliersdistillery.com\/fr\/products\/premium-brands\/genever-21-years-old\/","title":{"rendered":"21 Years Old"},"content":{"rendered":"<section class=\"c-product-details \" id=\"product-details-block_5f40ef47abfad\" data-aos=\"fade-up\">\n\n\t<div class=\"c-hero-product-detail c-hero-product-detail--premium\">\n\t\t<div class=\"container container--narrow\">\n\t\t\t<div class=\"c-hero-product-detail__row\">\n\t\t\t\t<div class=\"c-hero-product-detail__photo\">\n\n\t\t\t\t\t\t\t\t\t\t\t<picture>\n\t\t\t\t\t\t\t<img class=\"c-lazy\" data-src=\"https:\/\/filliersdistillery.com\/wp-content\/uploads\/2020\/08\/0-packshot-21-yo.png\" alt=\"\"\/>\n\t\t\t\t\t\t<\/picture>\n\t\t\t\t\t\n\t\t\t\t<\/div>\n\t\t\t\t<div class=\"c-hero-product-detail__col\">\n\t\t\t\t\t\t\t\t\t\t\t<h1>21 Years Old<\/h1>\n\t\t\t\t\t\t\t\t\t\t<p>Dans ce geni\u00e8vre, toute la philosophie et l&rsquo;h\u00e9ritage de la riche histoire de la maturation de Filliers Distillery se rejoignent. La maturation en f\u00fbts de Bourbon en ch\u00eane am\u00e9ricain pendant vingt et un ans le transforme en un chef-d&rsquo;\u0153uvre parmi les geni\u00e8vres.<p>Avec ses ar\u00f4mes complexes et torr\u00e9fi\u00e9s, ce geni\u00e8vre compl\u00e8te parfaitement la gamme et se distingue des geni\u00e8vres frais plus jeunes avec leur caract\u00e8re poivr\u00e9. Sa d\u00e9gustation pure est une d\u00e9couverte de saveurs et de profondeur. La couleur verte du verre de la bouteille fait r\u00e9f\u00e9rence \u00e0 l&rsquo;oxydation du cuivre qui se produit au fil du temps.<\/p>\r\n\n\t\t\t\t\t\t\t\t\t\t\t<p class=\"c-hero-product-detail__consist\">\n\t\t\t\t\t\t\t<span class=\"c-hero-product-detail__icon\">\n\t\t\t\t\t\t\t\t<svg viewbox=\"0 0 15 19\">\n\t\t\t\t\t\t\t\t\t<use xlink:href=\"#icon-wineglass\"><\/use>\n\t\t\t\t\t\t\t\t<\/svg>\n\t\t\t\t\t\t\t<\/span>\n\t\t\t\t\t\t\t<span class=\"c-hero-product-detail__percents\">46%<\/span>\n\t\t\t\t\t\t\t\t\t\t\t\t\t\t\t\t\t\t\t<span class=\"c-hero-product-detail__label\">VOL ALC<\/span>\n\t\t\t\t\t\t\t\t\t\t\t<\/p>\n\t\t\t\t<\/div>\n\n\t\t\t<\/div>\n\t\t<\/div>\n\t\t<!-- \/ container -->\n\t<\/div>\n\n\n\t<div class=\"c-product-consist\">\n\t\t<div class=\"container container--narrow\">\n\t\t\t<div class=\"c-product-consist__row\">\n\t\t\t\t<div class=\"c-product-consist__col\">\n\t\t\t\t\t<div class=\"c-product-consist__content\">\n\n\t\t\t\t\t\t\n\n              \t\t\t\t\t\t\t\n              \t\t\t\t\t\t\t\t\t\t\t\t\t\t\t\t\t<h4>Notes de d\u00e9gustation<\/h4>\n\t\t\t\t\t\t\t\t\t\t\t\t\t\t\t\t<p>Un soup\u00e7on de chocolat noir et de noix, avec un go\u00fbt \u00e9quilibr\u00e9 et \u00e9pic\u00e9 et un soup\u00e7on de caramel et d&rsquo;orange m\u00fbre.<\/p>\n\t\t\t\t\t\t\t\n\t\t\t\t\t\t\t\t\t\t\t\t\t\n\n              \t\t\t\t\t\t\t\n              \n\t\t\t\t\t\t\t\t\t\t\t\t\t\t\t\t\t\t\t\t\t\t\t\t<h4>Fiches techniques &#038; formats<\/h4>\n\t\t\t\t\t\t\t\t\n\t\t\t\t\t\t\t\t<ul class=\"c-files-list\">\n\t\t\t\t\t\t\t\t\t\t\t\t\t\t\t\t\t\t\t<li class=\"c-files-list__item\">\n\t\t\t\t\t\t\t\t\t\t\t<a class=\"c-files-list__link\" href=\"http:\/\/filliers.wpengine.com\/wp-content\/uploads\/2020\/10\/TF-Premium-BARREL-AGED-GENEVER-21-YO.pdf\" >\n\t\t\t\t\t\t\t\t\t\t\t\t<span class=\"c-files-list__icon-file\">\n\t\t\t\t\t\t\t\t\t\t\t\t\t<svg viewbox=\"0 0 26 29\">\n\t\t\t\t\t\t\t\t\t\t\t\t\t\t<use xlink:href=\"#icon-pdf\"><\/use>\n\t\t\t\t\t\t\t\t\t\t\t\t\t<\/svg>\n\t\t\t\t\t\t\t\t\t\t\t\t<\/span>\n\t\t\t\t\t\t\t\t\t\t\t\t<span>Format: 70 cl<\/span>\n\t\t\t\t\t\t\t\t\t\t\t\t<span class=\"c-files-list__icon-arrow\">\n\t\t\t\t\t\t\t\t\t\t\t\t\t<svg viewbox=\"0 0 16 16\">\n\t\t\t\t\t\t\t\t\t\t\t\t\t\t<use xlink:href=\"#icon-arrow-external\"><\/use>\n\t\t\t\t\t\t\t\t\t\t\t\t\t<\/svg>\n\t\t\t\t\t\t\t\t\t\t\t\t<\/span>\n\t\t\t\t\t\t\t\t\t\t\t<\/a>\n\t\t\t\t\t\t\t\t\t\t<\/li>\n\t\t\t\t\t\t\t\t\t\t\t\t\t\t\t\t\t<\/ul>\n\t\t\t\t\t\t\t\t\t\t\t\t\t\n\t\t\t\t\t<\/div>\n\t\t\t\t<\/div>\n\t\t\t\t<div class=\"c-product-consist__col\"><\/div>\n\t\t\t<\/div>\n\t\t<\/div>\n\t<\/div>\n<\/section>\n\n\n\n\n<section class=\"c-awards \" id=\"awards-block_5f40f1da717a7\" data-aos=\"fade-up\">\n\t<div class=\"container container--narrow\">\n\t\t\t\t\t<h3 class=\"c-awards__title\">Prix<\/h3>\n\t\t\n\t\t\n\t\t\t\n\t\t\n\t\t<!-- slider -->\n\t\t<div class=\"c-awards__slider\">\n\t\t\t<div class=\"swiper-container c-awards__swiper\">\n\n\t\t\t\t<div class=\"swiper-wrapper\">\n\t\t\t\t\t\t\t\t\t\t<div class=\"swiper-slide\">\n\t\t\t\t\t\t<div class=\"c-awards__item\">\n\n\t\t\t\t\t\t\t\t\t\t\t\t\t\t\t<picture>\n\t\t\t\t\t\t\t\t\t<img class=\"c-lazy\" data-src=\"https:\/\/filliersdistillery.com\/wp-content\/uploads\/2020\/08\/tmPlatinum.png\" alt=\"\"\/>\n\t\t\t\t\t\t\t\t<\/picture>\n\t\t\t\t\t\t\t\n\t\t\t\t\t\t\t<div class=\"c-awards__item-desc\">\n\t\t\t\t\t\t\t\t<p class=\"c-awards__item-year\">2021<\/p>\n\t\t\t\t\t\t\t\t<h5 class=\"c-awards__item-title\">Platinum &#8211; SIP Awards<\/h5>\n\t\t\t\t\t\t\t<\/div>\n\t\t\t\t\t\t<\/div>\n\t\t\t\t\t\t<\/div>\n\t\t\t\t\t\t\t\t\t\t<div class=\"swiper-slide\">\n\t\t\t\t\t\t<div class=\"c-awards__item\">\n\n\t\t\t\t\t\t\t\t\t\t\t\t\t\t\t<picture>\n\t\t\t\t\t\t\t\t\t<img class=\"c-lazy\" data-src=\"https:\/\/filliersdistillery.com\/wp-content\/uploads\/2020\/08\/SFWSC-Double-Gold-Med.-Artwork-Template.png\" alt=\"\"\/>\n\t\t\t\t\t\t\t\t<\/picture>\n\t\t\t\t\t\t\t\n\t\t\t\t\t\t\t<div class=\"c-awards__item-desc\">\n\t\t\t\t\t\t\t\t<p class=\"c-awards__item-year\">2021<\/p>\n\t\t\t\t\t\t\t\t<h5 class=\"c-awards__item-title\">Double Gold &#8211; San Francisco World Spirits Competition<\/h5>\n\t\t\t\t\t\t\t<\/div>\n\t\t\t\t\t\t<\/div>\n\t\t\t\t\t\t<\/div>\n\t\t\t\t\t\t\t\t\t\t<div class=\"swiper-slide\">\n\t\t\t\t\t\t<div class=\"c-awards__item\">\n\n\t\t\t\t\t\t\t\t\t\t\t\t\t\t\t<picture>\n\t\t\t\t\t\t\t\t\t<img class=\"c-lazy\" data-src=\"https:\/\/filliersdistillery.com\/wp-content\/uploads\/2020\/08\/ISC-2021-Medals_Gold.png\" alt=\"\"\/>\n\t\t\t\t\t\t\t\t<\/picture>\n\t\t\t\t\t\t\t\n\t\t\t\t\t\t\t<div class=\"c-awards__item-desc\">\n\t\t\t\t\t\t\t\t<p class=\"c-awards__item-year\">2021<\/p>\n\t\t\t\t\t\t\t\t<h5 class=\"c-awards__item-title\">Gold &#8211; International Spirits Challenge<\/h5>\n\t\t\t\t\t\t\t<\/div>\n\t\t\t\t\t\t<\/div>\n\t\t\t\t\t\t<\/div>\n\t\t\t\t\t\t\t\t\t\t<div class=\"swiper-slide\">\n\t\t\t\t\t\t<div class=\"c-awards__item\">\n\n\t\t\t\t\t\t\t\t\t\t\t\t\t\t\t<picture>\n\t\t\t\t\t\t\t\t\t<img class=\"c-lazy\" data-src=\"https:\/\/filliersdistillery.com\/wp-content\/uploads\/2020\/08\/1-tmGold-double.png\" alt=\"\"\/>\n\t\t\t\t\t\t\t\t<\/picture>\n\t\t\t\t\t\t\t\n\t\t\t\t\t\t\t<div class=\"c-awards__item-desc\">\n\t\t\t\t\t\t\t\t<p class=\"c-awards__item-year\">2019<\/p>\n\t\t\t\t\t\t\t\t<h5 class=\"c-awards__item-title\">Gold &#8211; SIP Awards<\/h5>\n\t\t\t\t\t\t\t<\/div>\n\t\t\t\t\t\t<\/div>\n\t\t\t\t\t\t<\/div>\n\t\t\t\t\t\t\t\t\t\t<div class=\"swiper-slide\">\n\t\t\t\t\t\t<div class=\"c-awards__item\">\n\n\t\t\t\t\t\t\t\t\t\t\t\t\t\t\t<picture>\n\t\t\t\t\t\t\t\t\t<img class=\"c-lazy\" data-src=\"https:\/\/filliersdistillery.com\/wp-content\/uploads\/2020\/08\/2-ssel2019-silver-medal.png\" alt=\"\"\/>\n\t\t\t\t\t\t\t\t<\/picture>\n\t\t\t\t\t\t\t\n\t\t\t\t\t\t\t<div class=\"c-awards__item-desc\">\n\t\t\t\t\t\t\t\t<p class=\"c-awards__item-year\">2019<\/p>\n\t\t\t\t\t\t\t\t<h5 class=\"c-awards__item-title\">Silver &#8211; Concours Mondial de Bruxelles<\/h5>\n\t\t\t\t\t\t\t<\/div>\n\t\t\t\t\t\t<\/div>\n\t\t\t\t\t\t<\/div>\n\t\t\t\t\t\t\t\t\t\t<div class=\"swiper-slide\">\n\t\t\t\t\t\t<div class=\"c-awards__item\">\n\n\t\t\t\t\t\t\t\t\t\t\t\t\t\t\t<picture>\n\t\t\t\t\t\t\t\t\t<img class=\"c-lazy\" data-src=\"https:\/\/filliersdistillery.com\/wp-content\/uploads\/2020\/08\/3-SFWSC-Silver.png\" alt=\"\"\/>\n\t\t\t\t\t\t\t\t<\/picture>\n\t\t\t\t\t\t\t\n\t\t\t\t\t\t\t<div class=\"c-awards__item-desc\">\n\t\t\t\t\t\t\t\t<p class=\"c-awards__item-year\">2019<\/p>\n\t\t\t\t\t\t\t\t<h5 class=\"c-awards__item-title\">Silver &#8211; San Francisco World Spirits Competition <\/h5>\n\t\t\t\t\t\t\t<\/div>\n\t\t\t\t\t\t<\/div>\n\t\t\t\t\t\t<\/div>\n\t\t\t\t\t\t\t\t\t\t<div class=\"swiper-slide\">\n\t\t\t\t\t\t<div class=\"c-awards__item\">\n\n\t\t\t\t\t\t\t\t\t\t\t\t\t\t\t<picture>\n\t\t\t\t\t\t\t\t\t<img class=\"c-lazy\" data-src=\"https:\/\/filliersdistillery.com\/wp-content\/uploads\/2020\/08\/4-SSEL_ARGENT_2018.png\" alt=\"\"\/>\n\t\t\t\t\t\t\t\t<\/picture>\n\t\t\t\t\t\t\t\n\t\t\t\t\t\t\t<div class=\"c-awards__item-desc\">\n\t\t\t\t\t\t\t\t<p class=\"c-awards__item-year\">2018<\/p>\n\t\t\t\t\t\t\t\t<h5 class=\"c-awards__item-title\">Silver &#8211; Concours Mondial de Bruxelles<\/h5>\n\t\t\t\t\t\t\t<\/div>\n\t\t\t\t\t\t<\/div>\n\t\t\t\t\t\t<\/div>\n\t\t\t\t\t\t\t\t\t<\/div>\n\n\t\t\t\t<div class=\"swiper__nav\">\n\t\t\t\t\t<div class=\"swiper-scrollbar\"><\/div>\n\t\t\t\t\t<div class=\"swiper__nav-buttons\">\n\t\t\t\t\t\t<div class=\"swiper-button-prev\">\n\t\t\t\t\t\t\t<svg viewbox=\"0 0 16 16\">\n\t\t\t\t\t\t\t\t<use xlink:href=\"#icon-chevron-right-circle-white\"><\/use>\n\t\t\t\t\t\t\t<\/svg>\n\t\t\t\t\t\t<\/div>\n\t\t\t\t\t\t<div class=\"swiper-button-next\">\n\t\t\t\t\t\t\t<svg viewbox=\"0 0 16 16\">\n\t\t\t\t\t\t\t\t<use xlink:href=\"#icon-chevron-right-circle-white\"><\/use>\n\t\t\t\t\t\t\t<\/svg>\n\t\t\t\t\t\t<\/div>\n\t\t\t\t\t<\/div>\n\t\t\t\t<\/div>\n\n\t\t\t<\/div>\n\t\t<\/div>\n\t\t<!-- \/slider -->\n\t<\/div>\n<\/section>\n\n\n\n\n<section class=\"c-recipes \" id=\"recipes-block_5f40f237717ac\">\n\t<div class=\"container\" data-aos=\"fade-up\">\n\t\t<h2>Pure on the rocks<\/h2>\n\n\t\t<!-- slider -->\n\t\t<div class=\"c-recipes__slider\">\n\t\t\t<div class=\"swiper-container c-recipes__swiper\">\n\n\t\t\t\t<div class=\"swiper-wrapper\">\n\t\t\t\t\t\t\t\t\t\t\t<div class=\"swiper-slide\" data-index=\"popup-1\">\n\t\t\t\t\t\t\t<picture>\n\t\t\t\t\t\t\t\t<img class=\"swiper-lazy\" data-src=\"https:\/\/filliersdistillery.com\/wp-content\/uploads\/2020\/08\/BAG-21YO-perfect-serve.jpg\" alt=\"\"\/>\n\t\t\t\t\t\t\t<\/picture>\n\t\t\t\t\t\t\t<h5 class=\"c-recipes__slider-desc\">Pure\/On the rocks<\/h5>\n\t\t\t\t\t\t\t\t\t\t\t\t\t\t<a class=\"c-button c-button--ghost-light c-button--large  js-open-recipe-popup\" href=\"#\" >\n\t<span class=\"c-button__text\">Voir la recette<\/span>\n\t<span class=\"c-button__icon\">\n\t\t<svg viewbox=\"0 0 16 16\">\n\t\t\t<use xlink:href=\"#icon-arrow-right-circle-white\"><\/use>\n\t\t<\/svg>\n\t<\/span>\n<\/a>\n\n\t\t\t\t\t\t\t\t\t\t\t\t\t<\/div>\n\t\t\t\t\t\t\t\t\t<\/div>\n\n\t\t\t\t<div class=\"swiper__nav swiper__nav--inverse\">\n\t\t\t\t\t<div class=\"swiper-fraction\"><\/div>\n\t\t\t\t\t<div class=\"swiper-scrollbar\"><\/div>\n\t\t\t\t\t<div class=\"swiper__nav-buttons\">\n\t\t\t\t\t\t<div class=\"swiper-button-prev\">\n\t\t\t\t\t\t\t<svg viewbox=\"0 0 16 16\">\n\t\t\t\t\t\t\t\t<use xlink:href=\"#icon-chevron-right-circle-black\"><\/use>\n\t\t\t\t\t\t\t<\/svg>\n\t\t\t\t\t\t<\/div>\n\t\t\t\t\t\t<div class=\"swiper-button-next\">\n\t\t\t\t\t\t\t<svg viewbox=\"0 0 16 16\">\n\t\t\t\t\t\t\t\t<use xlink:href=\"#icon-chevron-right-circle-black\"><\/use>\n\t\t\t\t\t\t\t<\/svg>\n\t\t\t\t\t\t<\/div>\n\t\t\t\t\t<\/div>\n\t\t\t\t<\/div>\n\n\t\t\t<\/div>\n\t\t<\/div>\n\t\t<!-- \/slider -->\n\t<\/div>\n\t\n\n\t\t\t\t<div class=\"c-product-popup__container\" data-index=\"popup-1\">\n\t\t<div class=\"c-product-popup__shadow js-recipe-shadow\"><\/div>\n\t\t<div class=\"c-product-popup c-product-popup--texture\">\n\t\t\t<div class=\"c-product-popup__close js-close-recipe-popup\">\n\t\t\t\t<svg viewbox=\"0 0 16 16\">\n\t\t\t\t\t<use xlink:href=\"#menu-close\"><\/use>\n\t\t\t\t<\/svg>\n\t\t\t<\/div>\n\t\t\t<div class=\"c-product-popup__head\">\n\t\t\t\t<picture>\n\t\t\t\t\t<img class=\"c-lazy\" data-src=\"https:\/\/filliersdistillery.com\/wp-content\/uploads\/2020\/08\/BAG-21YO-perfect-serve-cover.jpg\" alt=\"\">\n\t\t\t\t<\/picture>\n\t\t\t<\/div>\n\t\t\t<div class=\"c-product-popup__body\">\n\t\t\t\t\t\t\t\t\t<h3>Pure\/On the rocks<\/h3>\n\t\t\t\t\t\t\t\t<ul>\n<li>50 ml Barrel Aged Genever 21 Years Old<\/li>\n<li>Gla\u00e7on en forme de boule (facultatif)<\/li>\n<\/ul>\n<p>Le 50 ml Barrel Aged Genever 21 Years Old est parfait \u00e0 boire pur ou on the rocks avec quelques gla\u00e7ons.<\/p>\n\n\t\t\t<\/div>\n\t\t<\/div>\n\t<\/div>\n\t<\/section>\n\n\n\n\n<section class=\"c-other-products  \" id=\"other-products-block_5f40f289717ae\" data-aos=\"fade-up\">\n\t<div class=\"container\">\n\t\t\t\t<h2>Plus de produits<\/h2>\n\t\t\n\t\t<!-- slider -->\n\t\t<div class=\"c-other-products__slider\">\n\t\t\t<div class=\"swiper-container c-other-products__swiper\">\n\n\t\t\t\t<div class=\"swiper-wrapper\">\n\t\t\t\t\t\t\t\t\t\t\t<div class=\"swiper-slide\">\n\t\t\t\t\t\t\t<picture>\n\t\t\t\t\t\t\t\t<img class=\"swiper-lazy\" data-src=\"https:\/\/filliersdistillery.com\/wp-content\/uploads\/2020\/08\/0-packshot-0-yo.png\" alt=\"\"\/>\n\t\t\t\t\t\t\t<\/picture>\n\t\t\t\t\t\t\t<h5 class=\"c-other-products__slider-desc\">Young &#038; Pure<\/h5>\n\t\t\t\t\t\t\t\t\t\t\t\t\t\t<a class=\"c-button c-button--ghost-grey-dark c-button--large  \" href=\"http:\/\/filliers.wpengine.com\/fr\/products\/premium-brands\/genever-young-pure-genever\/\" >\n\t<span class=\"c-button__text\">plus d&rsquo;informations<\/span>\n\t<span class=\"c-button__icon\">\n\t\t<svg viewbox=\"0 0 16 16\">\n\t\t\t<use xlink:href=\"#icon-arrow-right-circle-black\"><\/use>\n\t\t<\/svg>\n\t<\/span>\n<\/a>\n\n\t\t\t\t\t\t\t\t\t\t\t\t\t<\/div>\n\t\t\t\t\t\t\t\t\t\t\t<div class=\"swiper-slide\">\n\t\t\t\t\t\t\t<picture>\n\t\t\t\t\t\t\t\t<img class=\"swiper-lazy\" data-src=\"https:\/\/filliersdistillery.com\/wp-content\/uploads\/2020\/08\/0-packshot-8-yo.png\" alt=\"\"\/>\n\t\t\t\t\t\t\t<\/picture>\n\t\t\t\t\t\t\t<h5 class=\"c-other-products__slider-desc\">8 Years Old<\/h5>\n\t\t\t\t\t\t\t\t\t\t\t\t\t\t<a class=\"c-button c-button--ghost-grey-dark c-button--large  \" href=\"http:\/\/filliers.wpengine.com\/fr\/products\/premium-brands\/genever-8-years-old\/\" >\n\t<span class=\"c-button__text\">plus d&rsquo;informations<\/span>\n\t<span class=\"c-button__icon\">\n\t\t<svg viewbox=\"0 0 16 16\">\n\t\t\t<use xlink:href=\"#icon-arrow-right-circle-black\"><\/use>\n\t\t<\/svg>\n\t<\/span>\n<\/a>\n\n\t\t\t\t\t\t\t\t\t\t\t\t\t<\/div>\n\t\t\t\t\t\t\t\t\t\t\t<div class=\"swiper-slide\">\n\t\t\t\t\t\t\t<picture>\n\t\t\t\t\t\t\t\t<img class=\"swiper-lazy\" data-src=\"https:\/\/filliersdistillery.com\/wp-content\/uploads\/2020\/08\/0-packshot-12-yo.png\" alt=\"\"\/>\n\t\t\t\t\t\t\t<\/picture>\n\t\t\t\t\t\t\t<h5 class=\"c-other-products__slider-desc\">12 Years Old<\/h5>\n\t\t\t\t\t\t\t\t\t\t\t\t\t\t<a class=\"c-button c-button--ghost-grey-dark c-button--large  \" href=\"http:\/\/filliers.wpengine.com\/fr\/products\/premium-brands\/genever-12-years-old\/\" >\n\t<span class=\"c-button__text\">plus d&rsquo;informations<\/span>\n\t<span class=\"c-button__icon\">\n\t\t<svg viewbox=\"0 0 16 16\">\n\t\t\t<use xlink:href=\"#icon-arrow-right-circle-black\"><\/use>\n\t\t<\/svg>\n\t<\/span>\n<\/a>\n\n\t\t\t\t\t\t\t\t\t\t\t\t\t<\/div>\n\t\t\t\t\t\t\t\t\t\t\t<div class=\"swiper-slide\">\n\t\t\t\t\t\t\t<picture>\n\t\t\t\t\t\t\t\t<img class=\"swiper-lazy\" data-src=\"https:\/\/filliersdistillery.com\/wp-content\/uploads\/2020\/08\/0-packshot-17-yo.png\" alt=\"\"\/>\n\t\t\t\t\t\t\t<\/picture>\n\t\t\t\t\t\t\t<h5 class=\"c-other-products__slider-desc\">17 Years Old<\/h5>\n\t\t\t\t\t\t\t\t\t\t\t\t\t\t<a class=\"c-button c-button--ghost-grey-dark c-button--large  \" href=\"http:\/\/filliers.wpengine.com\/fr\/products\/premium-brands\/genever-17-years-old\/\" >\n\t<span class=\"c-button__text\">plus d&rsquo;informations<\/span>\n\t<span class=\"c-button__icon\">\n\t\t<svg viewbox=\"0 0 16 16\">\n\t\t\t<use xlink:href=\"#icon-arrow-right-circle-black\"><\/use>\n\t\t<\/svg>\n\t<\/span>\n<\/a>\n\n\t\t\t\t\t\t\t\t\t\t\t\t\t<\/div>\n\t\t\t\t\t\t\t\t\t\t\t<div class=\"swiper-slide\">\n\t\t\t\t\t\t\t<picture>\n\t\t\t\t\t\t\t\t<img class=\"swiper-lazy\" data-src=\"https:\/\/filliersdistillery.com\/wp-content\/uploads\/2020\/08\/0-packshot-21-yo.png\" alt=\"\"\/>\n\t\t\t\t\t\t\t<\/picture>\n\t\t\t\t\t\t\t<h5 class=\"c-other-products__slider-desc\">21 Years Old<\/h5>\n\t\t\t\t\t\t\t\t\t\t\t\t\t\t<a class=\"c-button c-button--ghost-grey-dark c-button--large  \" href=\"http:\/\/filliers.wpengine.com\/fr\/products\/premium-brands\/genever-21-years-old\/\" >\n\t<span class=\"c-button__text\">plus d&rsquo;informations<\/span>\n\t<span class=\"c-button__icon\">\n\t\t<svg viewbox=\"0 0 16 16\">\n\t\t\t<use xlink:href=\"#icon-arrow-right-circle-black\"><\/use>\n\t\t<\/svg>\n\t<\/span>\n<\/a>\n\n\t\t\t\t\t\t\t\t\t\t\t\t\t<\/div>\n\t\t\t\t\t\t\t\t\t<\/div>\n\n\t\t\t\t<div class=\"swiper__nav\">\n\t\t\t\t\t<div class=\"swiper-scrollbar\"><\/div>\n\t\t\t\t\t<div class=\"swiper__nav-buttons\">\n\t\t\t\t\t\t<div class=\"swiper-button-prev\">\n\t\t\t\t\t\t\t<svg viewbox=\"0 0 16 16\">\n\t\t\t\t\t\t\t\t<use xlink:href=\"#icon-chevron-right-circle-white\"><\/use>\n\t\t\t\t\t\t\t<\/svg>\n\t\t\t\t\t\t<\/div>\n\t\t\t\t\t\t<div class=\"swiper-button-next\">\n\t\t\t\t\t\t\t<svg viewbox=\"0 0 16 16\">\n\t\t\t\t\t\t\t\t<use xlink:href=\"#icon-chevron-right-circle-white\"><\/use>\n\t\t\t\t\t\t\t<\/svg>\n\t\t\t\t\t\t<\/div>\n\t\t\t\t\t<\/div>\n\t\t\t\t<\/div>\n\n\t\t\t<\/div>\n\t\t<\/div>\n\t\t<!-- \/slider -->\n\t<\/div>\n<\/section>\n\n","protected":false},"parent":3592,"menu_order":0,"template":"","class_list":["post-3606","product","type-product","status-publish","hentry"],"yoast_head":"<!-- This site is optimized with the Yoast SEO plugin v14.8 - https:\/\/yoast.com\/wordpress\/plugins\/seo\/ -->\n<title>21 Years Old | Filliers Distillery<\/title>\n<meta name=\"robots\" content=\"index, follow\" \/>\n<meta name=\"googlebot\" content=\"index, follow, max-snippet:-1, max-image-preview:large, max-video-preview:-1\" \/>\n<meta name=\"bingbot\" content=\"index, follow, max-snippet:-1, max-image-preview:large, max-video-preview:-1\" \/>\n<link rel=\"canonical\" href=\"https:\/\/filliersdistillery.com\/fr\/products\/premium-brands\/genever-21-years-old\/\" \/>\n<meta property=\"og:locale\" content=\"fr_FR\" \/>\n<meta property=\"og:type\" content=\"article\" \/>\n<meta property=\"og:title\" content=\"21 Years Old | Filliers Distillery\" \/>\n<meta property=\"og:url\" content=\"https:\/\/filliersdistillery.com\/fr\/products\/premium-brands\/genever-21-years-old\/\" \/>\n<meta property=\"og:site_name\" content=\"Filliers Distillery\" \/>\n<meta property=\"article:modified_time\" content=\"2021-05-28T05:54:49+00:00\" \/>\n<meta name=\"twitter:card\" content=\"summary_large_image\" \/>\n<script type=\"application\/ld+json\" class=\"yoast-schema-graph\">{\"@context\":\"https:\/\/schema.org\",\"@graph\":[{\"@type\":\"Organization\",\"@id\":\"https:\/\/filliersdistillery.com\/fr\/#organization\",\"name\":\"Filliers Distillery\",\"url\":\"https:\/\/filliersdistillery.com\/fr\/\",\"sameAs\":[],\"logo\":{\"@type\":\"ImageObject\",\"@id\":\"https:\/\/filliersdistillery.com\/fr\/#logo\",\"inLanguage\":\"fr-FR\",\"url\":\"https:\/\/filliersdistillery.com\/wp-content\/uploads\/2024\/01\/FILLIERSDISTILLERY_black_CMYK.png\",\"width\":2363,\"height\":1182,\"caption\":\"Filliers Distillery\"},\"image\":{\"@id\":\"https:\/\/filliersdistillery.com\/fr\/#logo\"}},{\"@type\":\"WebSite\",\"@id\":\"https:\/\/filliersdistillery.com\/fr\/#website\",\"url\":\"https:\/\/filliersdistillery.com\/fr\/\",\"name\":\"Filliers Distillery\",\"description\":\"Filliers Distillery\",\"publisher\":{\"@id\":\"https:\/\/filliersdistillery.com\/fr\/#organization\"},\"potentialAction\":[{\"@type\":\"SearchAction\",\"target\":\"https:\/\/filliersdistillery.com\/fr\/?s={search_term_string}\",\"query-input\":\"required name=search_term_string\"}],\"inLanguage\":\"fr-FR\"},{\"@type\":\"WebPage\",\"@id\":\"https:\/\/filliersdistillery.com\/fr\/products\/premium-brands\/genever-21-years-old\/#webpage\",\"url\":\"https:\/\/filliersdistillery.com\/fr\/products\/premium-brands\/genever-21-years-old\/\",\"name\":\"21 Years Old | Filliers Distillery\",\"isPartOf\":{\"@id\":\"https:\/\/filliersdistillery.com\/fr\/#website\"},\"datePublished\":\"2020-08-27T23:58:25+00:00\",\"dateModified\":\"2021-05-28T05:54:49+00:00\",\"breadcrumb\":{\"@id\":\"https:\/\/filliersdistillery.com\/fr\/products\/premium-brands\/genever-21-years-old\/#breadcrumb\"},\"inLanguage\":\"fr-FR\",\"potentialAction\":[{\"@type\":\"ReadAction\",\"target\":[\"https:\/\/filliersdistillery.com\/fr\/products\/premium-brands\/genever-21-years-old\/\"]}]},{\"@type\":\"BreadcrumbList\",\"@id\":\"https:\/\/filliersdistillery.com\/fr\/products\/premium-brands\/genever-21-years-old\/#breadcrumb\",\"itemListElement\":[{\"@type\":\"ListItem\",\"position\":1,\"item\":{\"@type\":\"WebPage\",\"@id\":\"https:\/\/filliersdistillery.com\/fr\/products\/\",\"url\":\"https:\/\/filliersdistillery.com\/fr\/products\/\",\"name\":\"Produits\"}},{\"@type\":\"ListItem\",\"position\":2,\"item\":{\"@type\":\"WebPage\",\"@id\":\"https:\/\/filliersdistillery.com\/fr\/products\/premium-brands\/\",\"url\":\"https:\/\/filliersdistillery.com\/fr\/products\/premium-brands\/\",\"name\":\"Spiritueux Premium\"}},{\"@type\":\"ListItem\",\"position\":3,\"item\":{\"@type\":\"WebPage\",\"@id\":\"https:\/\/filliersdistillery.com\/fr\/products\/premium-brands\/genever-21-years-old\/\",\"url\":\"https:\/\/filliersdistillery.com\/fr\/products\/premium-brands\/genever-21-years-old\/\",\"name\":\"21 Years Old\"}}]}]}<\/script>\n<!-- \/ Yoast SEO plugin. -->","_links":{"self":[{"href":"https:\/\/filliersdistillery.com\/fr\/wp-json\/wp\/v2\/product\/3606","targetHints":{"allow":["GET"]}}],"collection":[{"href":"https:\/\/filliersdistillery.com\/fr\/wp-json\/wp\/v2\/product"}],"about":[{"href":"https:\/\/filliersdistillery.com\/fr\/wp-json\/wp\/v2\/types\/product"}],"up":[{"embeddable":true,"href":"https:\/\/filliersdistillery.com\/fr\/wp-json\/wp\/v2\/product\/3592"}],"wp:attachment":[{"href":"https:\/\/filliersdistillery.com\/fr\/wp-json\/wp\/v2\/media?parent=3606"}],"curies":[{"name":"wp","href":"https:\/\/api.w.org\/{rel}","templated":true}]}}