{"id":3614,"date":"2020-08-27T22:22:42","date_gmt":"2020-08-27T22:22:42","guid":{"rendered":"http:\/\/filliers.wpengine.com\/products\/products\/premium-brands\/barrel-aged\/"},"modified":"2024-05-08T07:44:49","modified_gmt":"2024-05-08T07:44:49","slug":"barrel-aged","status":"publish","type":"product","link":"https:\/\/filliersdistillery.com\/fr\/products\/premium-brands\/barrel-aged\/","title":{"rendered":"Barrel Aged"},"content":{"rendered":"<section class=\"c-product-details \" id=\"product-details-block_5f40ef47abfad\" data-aos=\"fade-up\">\n\n\t<div class=\"c-hero-product-detail c-hero-product-detail--premium\">\n\t\t<div class=\"container container--narrow\">\n\t\t\t<div class=\"c-hero-product-detail__row\">\n\t\t\t\t<div class=\"c-hero-product-detail__photo\">\n\n\t\t\t\t\t\t\t\t\t\t\t<picture>\n\t\t\t\t\t\t\t<img class=\"c-lazy\" data-src=\"https:\/\/filliersdistillery.com\/wp-content\/uploads\/2020\/08\/Filliers-Gin-Packshots-Barrel-Aged_Correct-ABV-5-e1712656018710.png\" alt=\"\"\/>\n\t\t\t\t\t\t<\/picture>\n\t\t\t\t\t\n\t\t\t\t<\/div>\n\t\t\t\t<div class=\"c-hero-product-detail__col\">\n\t\t\t\t\t\t\t\t\t\t\t<h1>Barrel Aged<\/h1>\n\t\t\t\t\t\t\t\t\t\t<p>Filliers Distillery affine ses techniques de vieillissement en f\u00fbt depuis les ann\u00e9es 1960. Des f\u00fbts de Cognac en ch\u00eane du Limousin fran\u00e7ais ont \u00e9t\u00e9 s\u00e9lectionn\u00e9s pour ce gin vieilli en barrique. L&rsquo;influence du Cognac est ind\u00e9niable.<\/p>\r\n<p>Au fur et \u00e0 mesure que le gin m\u00fbrit pendant quatre mois, les tons d&rsquo;agrumes s&rsquo;adoucissent et les tons plus ronds et plus fins sont mis en valeur. Le bois d\u00e9gage une partie de sa couleur qui est absorb\u00e9e par le gin.<\/p>\r\n\n\t\t\t\t\t\t\t\t\t\t\t<p class=\"c-hero-product-detail__consist\">\n\t\t\t\t\t\t\t<span class=\"c-hero-product-detail__icon\">\n\t\t\t\t\t\t\t\t<svg viewbox=\"0 0 15 19\">\n\t\t\t\t\t\t\t\t\t<use xlink:href=\"#icon-wineglass\"><\/use>\n\t\t\t\t\t\t\t\t<\/svg>\n\t\t\t\t\t\t\t<\/span>\n\t\t\t\t\t\t\t<span class=\"c-hero-product-detail__percents\">43.7%<\/span>\n\t\t\t\t\t\t\t\t\t\t\t\t\t\t\t\t\t\t\t<span class=\"c-hero-product-detail__label\">VOL ALC<\/span>\n\t\t\t\t\t\t\t\t\t\t\t<\/p>\n\t\t\t\t<\/div>\n\n\t\t\t<\/div>\n\t\t<\/div>\n\t\t<!-- \/ container -->\n\t<\/div>\n\n\n\t<div class=\"c-product-consist\">\n\t\t<div class=\"container container--narrow\">\n\t\t\t<div class=\"c-product-consist__row\">\n\t\t\t\t<div class=\"c-product-consist__col\">\n\t\t\t\t\t<div class=\"c-product-consist__content\">\n\n\t\t\t\t\t\t\n\n              \t\t\t\t\t\t\t\n              \t\t\t\t\t\t\t\t\t\t\t\t\t\t\t\t\t<h4>Notes de d\u00e9gustation<\/h4>\n\t\t\t\t\t\t\t\t\t\t\t\t\t\t\t\t<p>Un gin sec et puissant avec des notes subtiles de ch\u00eane et d&rsquo;herbes s\u00e9ch\u00e9es. Une touche de vanille et des ar\u00f4mes de fleurs et de r\u00e9glisse compl\u00e8tent ce gin. Un spiritueux aromatique robuste. <\/p>\n\t\t\t\t\t\t\t\n\t\t\t\t\t\t\t\t\t\t\t\t\t\n\n              \t\t\t\t\t\t\t\n              \n\t\t\t\t\t\t\t\t\t\t\t\t\t\t\t\t\t\t\t\t\t\t\t\t<h4>Fiches techniques &#038; formats<\/h4>\n\t\t\t\t\t\t\t\t\n\t\t\t\t\t\t\t\t<ul class=\"c-files-list\">\n\t\t\t\t\t\t\t\t\t\t\t\t\t\t\t\t\t\t\t<li class=\"c-files-list__item\">\n\t\t\t\t\t\t\t\t\t\t\t<a class=\"c-files-list__link\" href=\"http:\/\/filliers.wpengine.com\/wp-content\/uploads\/2020\/10\/TF-Premium-GIN-BARREL-AGED-50-CL.pdf\" >\n\t\t\t\t\t\t\t\t\t\t\t\t<span class=\"c-files-list__icon-file\">\n\t\t\t\t\t\t\t\t\t\t\t\t\t<svg viewbox=\"0 0 26 29\">\n\t\t\t\t\t\t\t\t\t\t\t\t\t\t<use xlink:href=\"#icon-pdf\"><\/use>\n\t\t\t\t\t\t\t\t\t\t\t\t\t<\/svg>\n\t\t\t\t\t\t\t\t\t\t\t\t<\/span>\n\t\t\t\t\t\t\t\t\t\t\t\t<span>Format: 50 cl<\/span>\n\t\t\t\t\t\t\t\t\t\t\t\t<span class=\"c-files-list__icon-arrow\">\n\t\t\t\t\t\t\t\t\t\t\t\t\t<svg viewbox=\"0 0 16 16\">\n\t\t\t\t\t\t\t\t\t\t\t\t\t\t<use xlink:href=\"#icon-arrow-external\"><\/use>\n\t\t\t\t\t\t\t\t\t\t\t\t\t<\/svg>\n\t\t\t\t\t\t\t\t\t\t\t\t<\/span>\n\t\t\t\t\t\t\t\t\t\t\t<\/a>\n\t\t\t\t\t\t\t\t\t\t<\/li>\n\t\t\t\t\t\t\t\t\t\t\t\t\t\t\t\t\t<\/ul>\n\t\t\t\t\t\t\t\t\t\t\t\t\t\n\t\t\t\t\t<\/div>\n\t\t\t\t<\/div>\n\t\t\t\t<div class=\"c-product-consist__col\"><\/div>\n\t\t\t<\/div>\n\t\t<\/div>\n\t<\/div>\n<\/section>\n\n\n\n\n<section class=\"c-awards \" id=\"awards-block_5f40f1da717a7\" data-aos=\"fade-up\">\n\t<div class=\"container container--narrow\">\n\t\t\t\t\t<h3 class=\"c-awards__title\">Prix<\/h3>\n\t\t\n\t\t\n\t\t\t\n\t\t\n\t\t<!-- slider -->\n\t\t<div class=\"c-awards__slider\">\n\t\t\t<div class=\"swiper-container c-awards__swiper\">\n\n\t\t\t\t<div class=\"swiper-wrapper\">\n\t\t\t\t\t\t\t\t\t\t<div class=\"swiper-slide\">\n\t\t\t\t\t\t<div class=\"c-awards__item\">\n\n\t\t\t\t\t\t\t\t\t\t\t\t\t\t\t<picture>\n\t\t\t\t\t\t\t\t\t<img class=\"c-lazy\" data-src=\"https:\/\/filliersdistillery.com\/wp-content\/uploads\/2020\/08\/1-WGinA15_Category_Gold.png\" alt=\"\"\/>\n\t\t\t\t\t\t\t\t<\/picture>\n\t\t\t\t\t\t\t\n\t\t\t\t\t\t\t<div class=\"c-awards__item-desc\">\n\t\t\t\t\t\t\t\t<p class=\"c-awards__item-year\">2015<\/p>\n\t\t\t\t\t\t\t\t<h5 class=\"c-awards__item-title\">Gold &#8211; World Gin Awards<\/h5>\n\t\t\t\t\t\t\t<\/div>\n\t\t\t\t\t\t<\/div>\n\t\t\t\t\t\t<\/div>\n\t\t\t\t\t\t\t\t\t\t<div class=\"swiper-slide\">\n\t\t\t\t\t\t<div class=\"c-awards__item\">\n\n\t\t\t\t\t\t\t\t\t\t\t\t\t\t\t<picture>\n\t\t\t\t\t\t\t\t\t<img class=\"c-lazy\" data-src=\"https:\/\/filliersdistillery.com\/wp-content\/uploads\/2020\/08\/2-ISC15-Brnz-Medal-Hi.png\" alt=\"\"\/>\n\t\t\t\t\t\t\t\t<\/picture>\n\t\t\t\t\t\t\t\n\t\t\t\t\t\t\t<div class=\"c-awards__item-desc\">\n\t\t\t\t\t\t\t\t<p class=\"c-awards__item-year\">2015<\/p>\n\t\t\t\t\t\t\t\t<h5 class=\"c-awards__item-title\">Bronze &#8211; International Spirits Challenge<\/h5>\n\t\t\t\t\t\t\t<\/div>\n\t\t\t\t\t\t<\/div>\n\t\t\t\t\t\t<\/div>\n\t\t\t\t\t\t\t\t\t<\/div>\n\n\t\t\t\t<div class=\"swiper__nav\">\n\t\t\t\t\t<div class=\"swiper-scrollbar\"><\/div>\n\t\t\t\t\t<div class=\"swiper__nav-buttons\">\n\t\t\t\t\t\t<div class=\"swiper-button-prev\">\n\t\t\t\t\t\t\t<svg viewbox=\"0 0 16 16\">\n\t\t\t\t\t\t\t\t<use xlink:href=\"#icon-chevron-right-circle-white\"><\/use>\n\t\t\t\t\t\t\t<\/svg>\n\t\t\t\t\t\t<\/div>\n\t\t\t\t\t\t<div class=\"swiper-button-next\">\n\t\t\t\t\t\t\t<svg viewbox=\"0 0 16 16\">\n\t\t\t\t\t\t\t\t<use xlink:href=\"#icon-chevron-right-circle-white\"><\/use>\n\t\t\t\t\t\t\t<\/svg>\n\t\t\t\t\t\t<\/div>\n\t\t\t\t\t<\/div>\n\t\t\t\t<\/div>\n\n\t\t\t<\/div>\n\t\t<\/div>\n\t\t<!-- \/slider -->\n\t<\/div>\n<\/section>\n\n\n\n\n<section class=\"c-recipes \" id=\"recipes-block_5f40f237717ac\">\n\t<div class=\"container\" data-aos=\"fade-up\">\n\t\t<h2>Cocktails<\/h2>\n\n\t\t<!-- slider -->\n\t\t<div class=\"c-recipes__slider\">\n\t\t\t<div class=\"swiper-container c-recipes__swiper\">\n\n\t\t\t\t<div class=\"swiper-wrapper\">\n\t\t\t\t\t\t\t\t\t\t\t<div class=\"swiper-slide\" data-index=\"popup-1\">\n\t\t\t\t\t\t\t<picture>\n\t\t\t\t\t\t\t\t<img class=\"swiper-lazy\" data-src=\"https:\/\/filliersdistillery.com\/wp-content\/uploads\/2020\/08\/barrel-aged-perfect-serve.jpg\" alt=\"\"\/>\n\t\t\t\t\t\t\t<\/picture>\n\t\t\t\t\t\t\t<h5 class=\"c-recipes__slider-desc\">Barrel Aged Gin &#038; Tonic<\/h5>\n\t\t\t\t\t\t\t\t\t\t\t\t\t\t<a class=\"c-button c-button--ghost-light c-button--large  js-open-recipe-popup\" href=\"#\" >\n\t<span class=\"c-button__text\">Voir la recette<\/span>\n\t<span class=\"c-button__icon\">\n\t\t<svg viewbox=\"0 0 16 16\">\n\t\t\t<use xlink:href=\"#icon-arrow-right-circle-white\"><\/use>\n\t\t<\/svg>\n\t<\/span>\n<\/a>\n\n\t\t\t\t\t\t\t\t\t\t\t\t\t<\/div>\n\t\t\t\t\t\t\t\t\t<\/div>\n\n\t\t\t\t<div class=\"swiper__nav swiper__nav--inverse\">\n\t\t\t\t\t<div class=\"swiper-fraction\"><\/div>\n\t\t\t\t\t<div class=\"swiper-scrollbar\"><\/div>\n\t\t\t\t\t<div class=\"swiper__nav-buttons\">\n\t\t\t\t\t\t<div class=\"swiper-button-prev\">\n\t\t\t\t\t\t\t<svg viewbox=\"0 0 16 16\">\n\t\t\t\t\t\t\t\t<use xlink:href=\"#icon-chevron-right-circle-black\"><\/use>\n\t\t\t\t\t\t\t<\/svg>\n\t\t\t\t\t\t<\/div>\n\t\t\t\t\t\t<div class=\"swiper-button-next\">\n\t\t\t\t\t\t\t<svg viewbox=\"0 0 16 16\">\n\t\t\t\t\t\t\t\t<use xlink:href=\"#icon-chevron-right-circle-black\"><\/use>\n\t\t\t\t\t\t\t<\/svg>\n\t\t\t\t\t\t<\/div>\n\t\t\t\t\t<\/div>\n\t\t\t\t<\/div>\n\n\t\t\t<\/div>\n\t\t<\/div>\n\t\t<!-- \/slider -->\n\t<\/div>\n\t\n\n\t\t\t\t<div class=\"c-product-popup__container\" data-index=\"popup-1\">\n\t\t<div class=\"c-product-popup__shadow js-recipe-shadow\"><\/div>\n\t\t<div class=\"c-product-popup c-product-popup--texture\">\n\t\t\t<div class=\"c-product-popup__close js-close-recipe-popup\">\n\t\t\t\t<svg viewbox=\"0 0 16 16\">\n\t\t\t\t\t<use xlink:href=\"#menu-close\"><\/use>\n\t\t\t\t<\/svg>\n\t\t\t<\/div>\n\t\t\t<div class=\"c-product-popup__head\">\n\t\t\t\t<picture>\n\t\t\t\t\t<img class=\"c-lazy\" data-src=\"https:\/\/filliersdistillery.com\/wp-content\/uploads\/2020\/08\/barrel-aged-perfect-serve-cover.jpg\" alt=\"\">\n\t\t\t\t<\/picture>\n\t\t\t<\/div>\n\t\t\t<div class=\"c-product-popup__body\">\n\t\t\t\t\t\t\t\t\t<h3>Barrel Aged Gin &#038; Tonic<\/h3>\n\t\t\t\t\t\t\t\t<ul>\n<li>50 ml Filliers Dry Gin 28 &#8211; Barrel Aged<\/li>\n<li>150 ml de Tonic neutre<\/li>\n<li>Une tranche d&rsquo;orange et une gousse de vanille<\/li>\n<\/ul>\n<p>Remplissez un verre \u00e0 long drink de gla\u00e7ons, ajoutez 50 ml de gin et remplissez de 150 ml de tonic neutre. Terminez en ajoutant une tranche d&rsquo;orange et une gousse de vanille.<\/p>\n\n\t\t\t<\/div>\n\t\t<\/div>\n\t<\/div>\n\t<\/section>\n\n\n\n\n<section class=\"c-other-products  \" id=\"other-products-block_5f40f289717ae\" data-aos=\"fade-up\">\n\t<div class=\"container\">\n\t\t\t\t<h2>Plus de produits<\/h2>\n\t\t\n\t\t<!-- slider -->\n\t\t<div class=\"c-other-products__slider\">\n\t\t\t<div class=\"swiper-container c-other-products__swiper\">\n\n\t\t\t\t<div class=\"swiper-wrapper\">\n\t\t\t\t\t\t\t\t\t\t\t<div class=\"swiper-slide\">\n\t\t\t\t\t\t\t<picture>\n\t\t\t\t\t\t\t\t<img class=\"swiper-lazy\" data-src=\"https:\/\/filliersdistillery.com\/wp-content\/uploads\/2023\/09\/2-1-e1712673402422.png\" alt=\"\"\/>\n\t\t\t\t\t\t\t<\/picture>\n\t\t\t\t\t\t\t<h5 class=\"c-other-products__slider-desc\">Classic<\/h5>\n\t\t\t\t\t\t\t\t\t\t\t\t\t\t<a class=\"c-button c-button--ghost-grey-dark c-button--large  \" href=\"http:\/\/filliers.wpengine.com\/fr\/products\/premium-brands\/classic\/\" >\n\t<span class=\"c-button__text\">plus d&rsquo;informations<\/span>\n\t<span class=\"c-button__icon\">\n\t\t<svg viewbox=\"0 0 16 16\">\n\t\t\t<use xlink:href=\"#icon-arrow-right-circle-black\"><\/use>\n\t\t<\/svg>\n\t<\/span>\n<\/a>\n\n\t\t\t\t\t\t\t\t\t\t\t\t\t<\/div>\n\t\t\t\t\t\t\t\t\t\t\t<div class=\"swiper-slide\">\n\t\t\t\t\t\t\t<picture>\n\t\t\t\t\t\t\t\t<img class=\"swiper-lazy\" data-src=\"https:\/\/filliersdistillery.com\/wp-content\/uploads\/2020\/08\/PINK-GIN.png\" alt=\"\"\/>\n\t\t\t\t\t\t\t<\/picture>\n\t\t\t\t\t\t\t<h5 class=\"c-other-products__slider-desc\">Pink<\/h5>\n\t\t\t\t\t\t\t\t\t\t\t\t\t\t<a class=\"c-button c-button--ghost-grey-dark c-button--large  \" href=\"http:\/\/filliers.wpengine.com\/fr\/products\/premium-brands\/pink\/\" >\n\t<span class=\"c-button__text\">plus d&rsquo;informations<\/span>\n\t<span class=\"c-button__icon\">\n\t\t<svg viewbox=\"0 0 16 16\">\n\t\t\t<use xlink:href=\"#icon-arrow-right-circle-black\"><\/use>\n\t\t<\/svg>\n\t<\/span>\n<\/a>\n\n\t\t\t\t\t\t\t\t\t\t\t\t\t<\/div>\n\t\t\t\t\t\t\t\t\t\t\t<div class=\"swiper-slide\">\n\t\t\t\t\t\t\t<picture>\n\t\t\t\t\t\t\t\t<img class=\"swiper-lazy\" data-src=\"https:\/\/filliersdistillery.com\/wp-content\/uploads\/2020\/08\/GIN-TRIBUTE-e1715168662714.png\" alt=\"\"\/>\n\t\t\t\t\t\t\t<\/picture>\n\t\t\t\t\t\t\t<h5 class=\"c-other-products__slider-desc\">Tribute<\/h5>\n\t\t\t\t\t\t\t\t\t\t\t\t\t\t<a class=\"c-button c-button--ghost-grey-dark c-button--large  \" href=\"http:\/\/filliers.wpengine.com\/fr\/products\/premium-brands\/tribute\/\" >\n\t<span class=\"c-button__text\">plus d&rsquo;informations<\/span>\n\t<span class=\"c-button__icon\">\n\t\t<svg viewbox=\"0 0 16 16\">\n\t\t\t<use xlink:href=\"#icon-arrow-right-circle-black\"><\/use>\n\t\t<\/svg>\n\t<\/span>\n<\/a>\n\n\t\t\t\t\t\t\t\t\t\t\t\t\t<\/div>\n\t\t\t\t\t\t\t\t\t\t\t<div class=\"swiper-slide\">\n\t\t\t\t\t\t\t<picture>\n\t\t\t\t\t\t\t\t<img class=\"swiper-lazy\" data-src=\"https:\/\/filliersdistillery.com\/wp-content\/uploads\/2020\/08\/Filliers-Gin-Packshots-Barrel-Aged_Correct-ABV-5-e1712656018710-1-e1712674849328.png\" alt=\"\"\/>\n\t\t\t\t\t\t\t<\/picture>\n\t\t\t\t\t\t\t<h5 class=\"c-other-products__slider-desc\">Barrel Aged<\/h5>\n\t\t\t\t\t\t\t\t\t\t\t\t\t\t<a class=\"c-button c-button--ghost-grey-dark c-button--large  \" href=\"http:\/\/filliers.wpengine.com\/fr\/products\/premium-brands\/barrel-aged\/\" >\n\t<span class=\"c-button__text\">plus d&rsquo;informations<\/span>\n\t<span class=\"c-button__icon\">\n\t\t<svg viewbox=\"0 0 16 16\">\n\t\t\t<use xlink:href=\"#icon-arrow-right-circle-black\"><\/use>\n\t\t<\/svg>\n\t<\/span>\n<\/a>\n\n\t\t\t\t\t\t\t\t\t\t\t\t\t<\/div>\n\t\t\t\t\t\t\t\t\t\t\t<div class=\"swiper-slide\">\n\t\t\t\t\t\t\t<picture>\n\t\t\t\t\t\t\t\t<img class=\"swiper-lazy\" data-src=\"https:\/\/filliersdistillery.com\/wp-content\/uploads\/2020\/08\/TANGERINE-GEEN-ACHTERGROND-e1712668950602-1-e1712674836720.png\" alt=\"\"\/>\n\t\t\t\t\t\t\t<\/picture>\n\t\t\t\t\t\t\t<h5 class=\"c-other-products__slider-desc\">Tangerine<\/h5>\n\t\t\t\t\t\t\t\t\t\t\t\t\t\t<a class=\"c-button c-button--ghost-grey-dark c-button--large  \" href=\"http:\/\/filliers.wpengine.com\/fr\/products\/premium-brands\/tangerine\/\" >\n\t<span class=\"c-button__text\">plus d&rsquo;informations<\/span>\n\t<span class=\"c-button__icon\">\n\t\t<svg viewbox=\"0 0 16 16\">\n\t\t\t<use xlink:href=\"#icon-arrow-right-circle-black\"><\/use>\n\t\t<\/svg>\n\t<\/span>\n<\/a>\n\n\t\t\t\t\t\t\t\t\t\t\t\t\t<\/div>\n\t\t\t\t\t\t\t\t\t<\/div>\n\n\t\t\t\t<div class=\"swiper__nav\">\n\t\t\t\t\t<div class=\"swiper-scrollbar\"><\/div>\n\t\t\t\t\t<div class=\"swiper__nav-buttons\">\n\t\t\t\t\t\t<div class=\"swiper-button-prev\">\n\t\t\t\t\t\t\t<svg viewbox=\"0 0 16 16\">\n\t\t\t\t\t\t\t\t<use xlink:href=\"#icon-chevron-right-circle-white\"><\/use>\n\t\t\t\t\t\t\t<\/svg>\n\t\t\t\t\t\t<\/div>\n\t\t\t\t\t\t<div class=\"swiper-button-next\">\n\t\t\t\t\t\t\t<svg viewbox=\"0 0 16 16\">\n\t\t\t\t\t\t\t\t<use xlink:href=\"#icon-chevron-right-circle-white\"><\/use>\n\t\t\t\t\t\t\t<\/svg>\n\t\t\t\t\t\t<\/div>\n\t\t\t\t\t<\/div>\n\t\t\t\t<\/div>\n\n\t\t\t<\/div>\n\t\t<\/div>\n\t\t<!-- \/slider -->\n\t<\/div>\n<\/section>\n\n","protected":false},"parent":3592,"menu_order":0,"template":"","class_list":["post-3614","product","type-product","status-publish","hentry"],"yoast_head":"<!-- This site is optimized with the Yoast SEO plugin v14.8 - https:\/\/yoast.com\/wordpress\/plugins\/seo\/ -->\n<title>Barrel Aged | Filliers Distillery<\/title>\n<meta name=\"robots\" content=\"index, follow\" \/>\n<meta name=\"googlebot\" content=\"index, follow, max-snippet:-1, max-image-preview:large, max-video-preview:-1\" \/>\n<meta name=\"bingbot\" content=\"index, follow, max-snippet:-1, max-image-preview:large, max-video-preview:-1\" \/>\n<link rel=\"canonical\" href=\"https:\/\/filliersdistillery.com\/fr\/products\/premium-brands\/barrel-aged\/\" \/>\n<meta property=\"og:locale\" content=\"fr_FR\" \/>\n<meta property=\"og:type\" content=\"article\" \/>\n<meta property=\"og:title\" content=\"Barrel Aged | Filliers Distillery\" \/>\n<meta property=\"og:url\" content=\"https:\/\/filliersdistillery.com\/fr\/products\/premium-brands\/barrel-aged\/\" \/>\n<meta property=\"og:site_name\" content=\"Filliers Distillery\" \/>\n<meta property=\"article:modified_time\" content=\"2024-05-08T07:44:49+00:00\" \/>\n<meta name=\"twitter:card\" content=\"summary_large_image\" \/>\n<script type=\"application\/ld+json\" class=\"yoast-schema-graph\">{\"@context\":\"https:\/\/schema.org\",\"@graph\":[{\"@type\":\"Organization\",\"@id\":\"https:\/\/filliersdistillery.com\/fr\/#organization\",\"name\":\"Filliers Distillery\",\"url\":\"https:\/\/filliersdistillery.com\/fr\/\",\"sameAs\":[],\"logo\":{\"@type\":\"ImageObject\",\"@id\":\"https:\/\/filliersdistillery.com\/fr\/#logo\",\"inLanguage\":\"fr-FR\",\"url\":\"https:\/\/filliersdistillery.com\/wp-content\/uploads\/2024\/01\/FILLIERSDISTILLERY_black_CMYK.png\",\"width\":2363,\"height\":1182,\"caption\":\"Filliers Distillery\"},\"image\":{\"@id\":\"https:\/\/filliersdistillery.com\/fr\/#logo\"}},{\"@type\":\"WebSite\",\"@id\":\"https:\/\/filliersdistillery.com\/fr\/#website\",\"url\":\"https:\/\/filliersdistillery.com\/fr\/\",\"name\":\"Filliers Distillery\",\"description\":\"Filliers Distillery\",\"publisher\":{\"@id\":\"https:\/\/filliersdistillery.com\/fr\/#organization\"},\"potentialAction\":[{\"@type\":\"SearchAction\",\"target\":\"https:\/\/filliersdistillery.com\/fr\/?s={search_term_string}\",\"query-input\":\"required name=search_term_string\"}],\"inLanguage\":\"fr-FR\"},{\"@type\":\"WebPage\",\"@id\":\"https:\/\/filliersdistillery.com\/fr\/products\/premium-brands\/barrel-aged\/#webpage\",\"url\":\"https:\/\/filliersdistillery.com\/fr\/products\/premium-brands\/barrel-aged\/\",\"name\":\"Barrel Aged | Filliers Distillery\",\"isPartOf\":{\"@id\":\"https:\/\/filliersdistillery.com\/fr\/#website\"},\"datePublished\":\"2020-08-27T22:22:42+00:00\",\"dateModified\":\"2024-05-08T07:44:49+00:00\",\"breadcrumb\":{\"@id\":\"https:\/\/filliersdistillery.com\/fr\/products\/premium-brands\/barrel-aged\/#breadcrumb\"},\"inLanguage\":\"fr-FR\",\"potentialAction\":[{\"@type\":\"ReadAction\",\"target\":[\"https:\/\/filliersdistillery.com\/fr\/products\/premium-brands\/barrel-aged\/\"]}]},{\"@type\":\"BreadcrumbList\",\"@id\":\"https:\/\/filliersdistillery.com\/fr\/products\/premium-brands\/barrel-aged\/#breadcrumb\",\"itemListElement\":[{\"@type\":\"ListItem\",\"position\":1,\"item\":{\"@type\":\"WebPage\",\"@id\":\"https:\/\/filliersdistillery.com\/fr\/products\/\",\"url\":\"https:\/\/filliersdistillery.com\/fr\/products\/\",\"name\":\"Produits\"}},{\"@type\":\"ListItem\",\"position\":2,\"item\":{\"@type\":\"WebPage\",\"@id\":\"https:\/\/filliersdistillery.com\/fr\/products\/premium-brands\/\",\"url\":\"https:\/\/filliersdistillery.com\/fr\/products\/premium-brands\/\",\"name\":\"Spiritueux Premium\"}},{\"@type\":\"ListItem\",\"position\":3,\"item\":{\"@type\":\"WebPage\",\"@id\":\"https:\/\/filliersdistillery.com\/fr\/products\/premium-brands\/barrel-aged\/\",\"url\":\"https:\/\/filliersdistillery.com\/fr\/products\/premium-brands\/barrel-aged\/\",\"name\":\"Barrel Aged\"}}]}]}<\/script>\n<!-- \/ Yoast SEO plugin. -->","_links":{"self":[{"href":"https:\/\/filliersdistillery.com\/fr\/wp-json\/wp\/v2\/product\/3614","targetHints":{"allow":["GET"]}}],"collection":[{"href":"https:\/\/filliersdistillery.com\/fr\/wp-json\/wp\/v2\/product"}],"about":[{"href":"https:\/\/filliersdistillery.com\/fr\/wp-json\/wp\/v2\/types\/product"}],"up":[{"embeddable":true,"href":"https:\/\/filliersdistillery.com\/fr\/wp-json\/wp\/v2\/product\/3592"}],"wp:attachment":[{"href":"https:\/\/filliersdistillery.com\/fr\/wp-json\/wp\/v2\/media?parent=3614"}],"curies":[{"name":"wp","href":"https:\/\/api.w.org\/{rel}","templated":true}]}}