{"id":3981,"date":"2021-05-05T13:35:22","date_gmt":"2021-05-05T13:35:22","guid":{"rendered":"https:\/\/filliersdistillery.com\/products\/products\/premium-brands\/vodka\/"},"modified":"2023-04-18T09:40:18","modified_gmt":"2023-04-18T09:40:18","slug":"vodka","status":"publish","type":"product","link":"https:\/\/filliersdistillery.com\/fr\/products\/premium-brands\/vodka\/","title":{"rendered":"Vodka"},"content":{"rendered":"<section class=\"c-product-details \" id=\"product-details-block_5f40ef47abfad\" data-aos=\"fade-up\">\n\n\t<div class=\"c-hero-product-detail c-hero-product-detail--premium\">\n\t\t<div class=\"container container--narrow\">\n\t\t\t<div class=\"c-hero-product-detail__row\">\n\t\t\t\t<div class=\"c-hero-product-detail__photo\">\n\n\t\t\t\t\t\t\t\t\t\t\t<picture>\n\t\t\t\t\t\t\t<img class=\"c-lazy\" data-src=\"https:\/\/filliersdistillery.com\/wp-content\/uploads\/2021\/05\/premium-grain-vodka.png\" alt=\"\"\/>\n\t\t\t\t\t\t<\/picture>\n\t\t\t\t\t\n\t\t\t\t<\/div>\n\t\t\t\t<div class=\"c-hero-product-detail__col\">\n\t\t\t\t\t\t\t\t\t\t\t<h1>Premium Grain Vodka<\/h1>\n\t\t\t\t\t\t\t\t\t\t<p>La vodka Filliers Grain refl\u00e8te notre interpr\u00e9tation de cet esprit de puret\u00e9. Elle a \u00e9t\u00e9 distill\u00e9e trois fois dans nos alambics traditionnels en cuivre en utilisant uniquement les meilleurs ingr\u00e9dients, soigneusement s\u00e9lectionn\u00e9s par nos ma\u00eetres distillateurs. Lors de la troisi\u00e8me distillation, nous avons ajout\u00e9 un soup\u00e7on de notre propre vin de malt Filliers afin d&rsquo;apporter plus de profondeur et de complexit\u00e9 \u00e0 cet alcool de grains.<\/p>\r\n\n\t\t\t\t\t\t\t\t\t\t\t<p class=\"c-hero-product-detail__consist\">\n\t\t\t\t\t\t\t<span class=\"c-hero-product-detail__icon\">\n\t\t\t\t\t\t\t\t<svg viewbox=\"0 0 15 19\">\n\t\t\t\t\t\t\t\t\t<use xlink:href=\"#icon-wineglass\"><\/use>\n\t\t\t\t\t\t\t\t<\/svg>\n\t\t\t\t\t\t\t<\/span>\n\t\t\t\t\t\t\t<span class=\"c-hero-product-detail__percents\">40%<\/span>\n\t\t\t\t\t\t\t\t\t\t\t\t\t\t\t\t\t\t\t<span class=\"c-hero-product-detail__label\">VOL ALC<\/span>\n\t\t\t\t\t\t\t\t\t\t\t<\/p>\n\t\t\t\t<\/div>\n\n\t\t\t<\/div>\n\t\t<\/div>\n\t\t<!-- \/ container -->\n\t<\/div>\n\n\n\t<div class=\"c-product-consist\">\n\t\t<div class=\"container container--narrow\">\n\t\t\t<div class=\"c-product-consist__row\">\n\t\t\t\t<div class=\"c-product-consist__col\">\n\t\t\t\t\t<div class=\"c-product-consist__content\">\n\n\t\t\t\t\t\t\n\n              \t\t\t\t\t\t\t\n              \t\t\t\t\t\t\t\t\t\t\t\t\t\t\t\t\t<h4>Notes de d\u00e9gustation<\/h4>\n\t\t\t\t\t\t\t\t\t\t\t\t\t\t\t\t<p>Un nez rafra\u00eechissant et pur avec de petites touches de grains et d&rsquo;herbes. Tous deux prennent pleinement vie dans son go\u00fbt naturel avec des ar\u00f4mes de bl\u00e9, de seigle et de coriandre. Cette vodka pur grain a un go\u00fbt assez long en bouche qui s&rsquo;estompe doucement et d\u00e9licatement.<\/p>\n\t\t\t\t\t\t\t\n\t\t\t\t\t\t\t\t\t\t\t\t\t\n\n              \t\t\t\t\t\t\t\n              \n\t\t\t\t\t\t\t\t\t\t\t\t\t\t\t\t\t\t\t\t\t\t\t\t<h4>Fiches techniques &#038; formats<\/h4>\n\t\t\t\t\t\t\t\t\n\t\t\t\t\t\t\t\t<ul class=\"c-files-list\">\n\t\t\t\t\t\t\t\t\t\t\t\t\t\t\t\t\t\t\t<li class=\"c-files-list__item\">\n\t\t\t\t\t\t\t\t\t\t\t<a class=\"c-files-list__link\" href=\"https:\/\/filliersdistillery.com\/wp-content\/uploads\/2021\/06\/TF-Premium-PREMIUM-GRAIN-VODKA-PURE.pdf\" >\n\t\t\t\t\t\t\t\t\t\t\t\t<span class=\"c-files-list__icon-file\">\n\t\t\t\t\t\t\t\t\t\t\t\t\t<svg viewbox=\"0 0 26 29\">\n\t\t\t\t\t\t\t\t\t\t\t\t\t\t<use xlink:href=\"#icon-pdf\"><\/use>\n\t\t\t\t\t\t\t\t\t\t\t\t\t<\/svg>\n\t\t\t\t\t\t\t\t\t\t\t\t<\/span>\n\t\t\t\t\t\t\t\t\t\t\t\t<span>50 cl<\/span>\n\t\t\t\t\t\t\t\t\t\t\t\t<span class=\"c-files-list__icon-arrow\">\n\t\t\t\t\t\t\t\t\t\t\t\t\t<svg viewbox=\"0 0 16 16\">\n\t\t\t\t\t\t\t\t\t\t\t\t\t\t<use xlink:href=\"#icon-arrow-external\"><\/use>\n\t\t\t\t\t\t\t\t\t\t\t\t\t<\/svg>\n\t\t\t\t\t\t\t\t\t\t\t\t<\/span>\n\t\t\t\t\t\t\t\t\t\t\t<\/a>\n\t\t\t\t\t\t\t\t\t\t<\/li>\n\t\t\t\t\t\t\t\t\t\t\t\t\t\t\t\t\t\t\t<li class=\"c-files-list__item\">\n\t\t\t\t\t\t\t\t\t\t\t<a class=\"c-files-list__link\" href=\"https:\/\/filliersdistillery.com\/wp-content\/uploads\/2023\/04\/Technische-Fiches-Premium-Vodka-PURE-4CL.pdf\" >\n\t\t\t\t\t\t\t\t\t\t\t\t<span class=\"c-files-list__icon-file\">\n\t\t\t\t\t\t\t\t\t\t\t\t\t<svg viewbox=\"0 0 26 29\">\n\t\t\t\t\t\t\t\t\t\t\t\t\t\t<use xlink:href=\"#icon-pdf\"><\/use>\n\t\t\t\t\t\t\t\t\t\t\t\t\t<\/svg>\n\t\t\t\t\t\t\t\t\t\t\t\t<\/span>\n\t\t\t\t\t\t\t\t\t\t\t\t<span>4 cl<\/span>\n\t\t\t\t\t\t\t\t\t\t\t\t<span class=\"c-files-list__icon-arrow\">\n\t\t\t\t\t\t\t\t\t\t\t\t\t<svg viewbox=\"0 0 16 16\">\n\t\t\t\t\t\t\t\t\t\t\t\t\t\t<use xlink:href=\"#icon-arrow-external\"><\/use>\n\t\t\t\t\t\t\t\t\t\t\t\t\t<\/svg>\n\t\t\t\t\t\t\t\t\t\t\t\t<\/span>\n\t\t\t\t\t\t\t\t\t\t\t<\/a>\n\t\t\t\t\t\t\t\t\t\t<\/li>\n\t\t\t\t\t\t\t\t\t\t\t\t\t\t\t\t\t<\/ul>\n\t\t\t\t\t\t\t\t\t\t\t\t\t\n\t\t\t\t\t<\/div>\n\t\t\t\t<\/div>\n\t\t\t\t<div class=\"c-product-consist__col\"><\/div>\n\t\t\t<\/div>\n\t\t<\/div>\n\t<\/div>\n<\/section>\n\n\n\n\n<section class=\"c-awards \" id=\"awards-block_621c7f5a46562\" data-aos=\"fade-up\">\n\t<div class=\"container container--narrow\">\n\t\t\t\t\t<h3 class=\"c-awards__title\">Prix<\/h3>\n\t\t\n\t\t\n\t\t\t\n\t\t\n\t\t<!-- slider -->\n\t\t<div class=\"c-awards__slider\">\n\t\t\t<div class=\"swiper-container c-awards__swiper\">\n\n\t\t\t\t<div class=\"swiper-wrapper\">\n\t\t\t\t\t\t\t\t\t\t<div class=\"swiper-slide\">\n\t\t\t\t\t\t<div class=\"c-awards__item\">\n\n\t\t\t\t\t\t\t\t\t\t\t\t\t\t\t<picture>\n\t\t\t\t\t\t\t\t\t<img class=\"c-lazy\" data-src=\"https:\/\/filliersdistillery.com\/wp-content\/uploads\/2021\/05\/WVodkaA23-Winner-PureNeutral-Belgium.png\" alt=\"\"\/>\n\t\t\t\t\t\t\t\t<\/picture>\n\t\t\t\t\t\t\t\n\t\t\t\t\t\t\t<div class=\"c-awards__item-desc\">\n\t\t\t\t\t\t\t\t<p class=\"c-awards__item-year\">2023<\/p>\n\t\t\t\t\t\t\t\t<h5 class=\"c-awards__item-title\">Gold \u00ab\u00a0Best Belgian Pure\u00a0\u00bb &#8211; World Vodka Awards<\/h5>\n\t\t\t\t\t\t\t<\/div>\n\t\t\t\t\t\t<\/div>\n\t\t\t\t\t\t<\/div>\n\t\t\t\t\t\t\t\t\t\t<div class=\"swiper-slide\">\n\t\t\t\t\t\t<div class=\"c-awards__item\">\n\n\t\t\t\t\t\t\t\t\t\t\t\t\t\t\t<picture>\n\t\t\t\t\t\t\t\t\t<img class=\"c-lazy\" data-src=\"https:\/\/filliersdistillery.com\/wp-content\/uploads\/2021\/05\/WVodkaA23-Design-Silver.png\" alt=\"\"\/>\n\t\t\t\t\t\t\t\t<\/picture>\n\t\t\t\t\t\t\t\n\t\t\t\t\t\t\t<div class=\"c-awards__item-desc\">\n\t\t\t\t\t\t\t\t<p class=\"c-awards__item-year\">2023<\/p>\n\t\t\t\t\t\t\t\t<h5 class=\"c-awards__item-title\">Silver Bottle Design &#8211; World Vodka Awards<\/h5>\n\t\t\t\t\t\t\t<\/div>\n\t\t\t\t\t\t<\/div>\n\t\t\t\t\t\t<\/div>\n\t\t\t\t\t\t\t\t\t\t<div class=\"swiper-slide\">\n\t\t\t\t\t\t<div class=\"c-awards__item\">\n\n\t\t\t\t\t\t\t\t\t\t\t\t\t\t\t<picture>\n\t\t\t\t\t\t\t\t\t<img class=\"c-lazy\" data-src=\"https:\/\/filliersdistillery.com\/wp-content\/uploads\/2021\/05\/tmGold-1.png\" alt=\"\"\/>\n\t\t\t\t\t\t\t\t<\/picture>\n\t\t\t\t\t\t\t\n\t\t\t\t\t\t\t<div class=\"c-awards__item-desc\">\n\t\t\t\t\t\t\t\t<p class=\"c-awards__item-year\">2022<\/p>\n\t\t\t\t\t\t\t\t<h5 class=\"c-awards__item-title\">Gold &#8211; SIP Awards<\/h5>\n\t\t\t\t\t\t\t<\/div>\n\t\t\t\t\t\t<\/div>\n\t\t\t\t\t\t<\/div>\n\t\t\t\t\t\t\t\t\t\t<div class=\"swiper-slide\">\n\t\t\t\t\t\t<div class=\"c-awards__item\">\n\n\t\t\t\t\t\t\t\t\t\t\t\t\t\t\t<picture>\n\t\t\t\t\t\t\t\t\t<img class=\"c-lazy\" data-src=\"https:\/\/filliersdistillery.com\/wp-content\/uploads\/2021\/05\/2022-SFWSC-Silver-Med.-Artwork.png\" alt=\"\"\/>\n\t\t\t\t\t\t\t\t<\/picture>\n\t\t\t\t\t\t\t\n\t\t\t\t\t\t\t<div class=\"c-awards__item-desc\">\n\t\t\t\t\t\t\t\t<p class=\"c-awards__item-year\">2022<\/p>\n\t\t\t\t\t\t\t\t<h5 class=\"c-awards__item-title\">Silver &#8211; San Francisco World Spirits Competition<\/h5>\n\t\t\t\t\t\t\t<\/div>\n\t\t\t\t\t\t<\/div>\n\t\t\t\t\t\t<\/div>\n\t\t\t\t\t\t\t\t\t\t<div class=\"swiper-slide\">\n\t\t\t\t\t\t<div class=\"c-awards__item\">\n\n\t\t\t\t\t\t\t\t\t\t\t\t\t\t\t<picture>\n\t\t\t\t\t\t\t\t\t<img class=\"c-lazy\" data-src=\"https:\/\/filliersdistillery.com\/wp-content\/uploads\/2021\/05\/WVodkaA22-Belgian-PureNeutral.png\" alt=\"\"\/>\n\t\t\t\t\t\t\t\t<\/picture>\n\t\t\t\t\t\t\t\n\t\t\t\t\t\t\t<div class=\"c-awards__item-desc\">\n\t\t\t\t\t\t\t\t<p class=\"c-awards__item-year\">2022<\/p>\n\t\t\t\t\t\t\t\t<h5 class=\"c-awards__item-title\">Gold \u00ab\u00a0Best Belgian Pure\u00a0\u00bb &#8211; World Vodka Awards<\/h5>\n\t\t\t\t\t\t\t<\/div>\n\t\t\t\t\t\t<\/div>\n\t\t\t\t\t\t<\/div>\n\t\t\t\t\t\t\t\t\t<\/div>\n\n\t\t\t\t<div class=\"swiper__nav\">\n\t\t\t\t\t<div class=\"swiper-scrollbar\"><\/div>\n\t\t\t\t\t<div class=\"swiper__nav-buttons\">\n\t\t\t\t\t\t<div class=\"swiper-button-prev\">\n\t\t\t\t\t\t\t<svg viewbox=\"0 0 16 16\">\n\t\t\t\t\t\t\t\t<use xlink:href=\"#icon-chevron-right-circle-white\"><\/use>\n\t\t\t\t\t\t\t<\/svg>\n\t\t\t\t\t\t<\/div>\n\t\t\t\t\t\t<div class=\"swiper-button-next\">\n\t\t\t\t\t\t\t<svg viewbox=\"0 0 16 16\">\n\t\t\t\t\t\t\t\t<use xlink:href=\"#icon-chevron-right-circle-white\"><\/use>\n\t\t\t\t\t\t\t<\/svg>\n\t\t\t\t\t\t<\/div>\n\t\t\t\t\t<\/div>\n\t\t\t\t<\/div>\n\n\t\t\t<\/div>\n\t\t<\/div>\n\t\t<!-- \/slider -->\n\t<\/div>\n<\/section>\n\n\n\n\n<section class=\"c-recipes \" id=\"recipes-block_5f40f237717ac\">\n\t<div class=\"container\" data-aos=\"fade-up\">\n\t\t<h2>Cocktails<\/h2>\n\n\t\t<!-- slider -->\n\t\t<div class=\"c-recipes__slider\">\n\t\t\t<div class=\"swiper-container c-recipes__swiper\">\n\n\t\t\t\t<div class=\"swiper-wrapper\">\n\t\t\t\t\t\t\t\t\t\t\t<div class=\"swiper-slide\" data-index=\"popup-1\">\n\t\t\t\t\t\t\t<picture>\n\t\t\t\t\t\t\t\t<img class=\"swiper-lazy\" data-src=\"https:\/\/filliersdistillery.com\/wp-content\/uploads\/2021\/05\/MOSCOW-MULE_PURE_HR-thumb.jpg\" alt=\"\"\/>\n\t\t\t\t\t\t\t<\/picture>\n\t\t\t\t\t\t\t<h5 class=\"c-recipes__slider-desc\">Moscow Mule<\/h5>\n\t\t\t\t\t\t\t\t\t\t\t\t\t\t<a class=\"c-button c-button--ghost-light c-button--large  js-open-recipe-popup\" href=\"#\" >\n\t<span class=\"c-button__text\">Voir la recette<\/span>\n\t<span class=\"c-button__icon\">\n\t\t<svg viewbox=\"0 0 16 16\">\n\t\t\t<use xlink:href=\"#icon-arrow-right-circle-white\"><\/use>\n\t\t<\/svg>\n\t<\/span>\n<\/a>\n\n\t\t\t\t\t\t\t\t\t\t\t\t\t<\/div>\n\t\t\t\t\t\t\t\t\t<\/div>\n\n\t\t\t\t<div class=\"swiper__nav swiper__nav--inverse\">\n\t\t\t\t\t<div class=\"swiper-fraction\"><\/div>\n\t\t\t\t\t<div class=\"swiper-scrollbar\"><\/div>\n\t\t\t\t\t<div class=\"swiper__nav-buttons\">\n\t\t\t\t\t\t<div class=\"swiper-button-prev\">\n\t\t\t\t\t\t\t<svg viewbox=\"0 0 16 16\">\n\t\t\t\t\t\t\t\t<use xlink:href=\"#icon-chevron-right-circle-black\"><\/use>\n\t\t\t\t\t\t\t<\/svg>\n\t\t\t\t\t\t<\/div>\n\t\t\t\t\t\t<div class=\"swiper-button-next\">\n\t\t\t\t\t\t\t<svg viewbox=\"0 0 16 16\">\n\t\t\t\t\t\t\t\t<use xlink:href=\"#icon-chevron-right-circle-black\"><\/use>\n\t\t\t\t\t\t\t<\/svg>\n\t\t\t\t\t\t<\/div>\n\t\t\t\t\t<\/div>\n\t\t\t\t<\/div>\n\n\t\t\t<\/div>\n\t\t<\/div>\n\t\t<!-- \/slider -->\n\t<\/div>\n\t\n\n\t\t\t\t<div class=\"c-product-popup__container\" data-index=\"popup-1\">\n\t\t<div class=\"c-product-popup__shadow js-recipe-shadow\"><\/div>\n\t\t<div class=\"c-product-popup c-product-popup--texture\">\n\t\t\t<div class=\"c-product-popup__close js-close-recipe-popup\">\n\t\t\t\t<svg viewbox=\"0 0 16 16\">\n\t\t\t\t\t<use xlink:href=\"#menu-close\"><\/use>\n\t\t\t\t<\/svg>\n\t\t\t<\/div>\n\t\t\t<div class=\"c-product-popup__head\">\n\t\t\t\t<picture>\n\t\t\t\t\t<img class=\"c-lazy\" data-src=\"https:\/\/filliersdistillery.com\/wp-content\/uploads\/2021\/05\/MOSCOW-MULE_PURE_HR.jpg\" alt=\"\">\n\t\t\t\t<\/picture>\n\t\t\t<\/div>\n\t\t\t<div class=\"c-product-popup__body\">\n\t\t\t\t\t\t\t\t\t<h3>Moscow Mule<\/h3>\n\t\t\t\t\t\t\t\t<ul class=\"list--big-dots\">\n<li>50 ml de vodka Filliers Pure Grain<\/li>\n<li>Jus de citron vert (le jus de deux tranches)<\/li>\n<li>Bitters<\/li>\n<li>150 ml de ginger beer<\/li>\n<li>1 citron vert pour d\u00e9corer<\/li>\n<\/ul>\n<p>Remplissez une tasse en cuivre de glace et ajoutez 50 ml de vodka Pure Grain, le jus de citron vert (le jus de deux tranches) et un trait de bitters. M\u00e9langez et terminez pas 150 ml de ginger beer et quatre tranches de citron vert frais.<\/p>\n\n\t\t\t<\/div>\n\t\t<\/div>\n\t<\/div>\n\t<\/section>\n\n\n\n\n<section class=\"c-other-products  \" id=\"other-products-block_5f40f289717ae\" data-aos=\"fade-up\">\n\t<div class=\"container\">\n\t\t\t\t<h2>Plus de produits<\/h2>\n\t\t\n\t\t<!-- slider -->\n\t\t<div class=\"c-other-products__slider\">\n\t\t\t<div class=\"swiper-container c-other-products__swiper\">\n\n\t\t\t\t<div class=\"swiper-wrapper\">\n\t\t\t\t\t\t\t\t\t\t\t<div class=\"swiper-slide\">\n\t\t\t\t\t\t\t<picture>\n\t\t\t\t\t\t\t\t<img class=\"swiper-lazy\" data-src=\"https:\/\/filliersdistillery.com\/wp-content\/uploads\/2021\/05\/lemon-vodka-thumb.png\" alt=\"\"\/>\n\t\t\t\t\t\t\t<\/picture>\n\t\t\t\t\t\t\t<h5 class=\"c-other-products__slider-desc\">Lemon Vodka<\/h5>\n\t\t\t\t\t\t\t\t\t\t\t\t\t\t<a class=\"c-button c-button--ghost-grey-dark c-button--large  \" href=\"https:\/\/filliersdistillery.com\/fr\/products\/premium-brands\/lemon-vodka\/\" >\n\t<span class=\"c-button__text\">plus d\u2019informations<\/span>\n\t<span class=\"c-button__icon\">\n\t\t<svg viewbox=\"0 0 16 16\">\n\t\t\t<use xlink:href=\"#icon-arrow-right-circle-black\"><\/use>\n\t\t<\/svg>\n\t<\/span>\n<\/a>\n\n\t\t\t\t\t\t\t\t\t\t\t\t\t<\/div>\n\t\t\t\t\t\t\t\t\t\t\t<div class=\"swiper-slide\">\n\t\t\t\t\t\t\t<picture>\n\t\t\t\t\t\t\t\t<img class=\"swiper-lazy\" data-src=\"https:\/\/filliersdistillery.com\/wp-content\/uploads\/2021\/05\/strawberry-vodka-thumb.png\" alt=\"\"\/>\n\t\t\t\t\t\t\t<\/picture>\n\t\t\t\t\t\t\t<h5 class=\"c-other-products__slider-desc\">Wild Strawberry Vodka<\/h5>\n\t\t\t\t\t\t\t\t\t\t\t\t\t\t<a class=\"c-button c-button--ghost-grey-dark c-button--large  \" href=\"https:\/\/filliersdistillery.com\/fr\/products\/premium-brands\/strawberry-vodka\/\" >\n\t<span class=\"c-button__text\">plus d\u2019informations<\/span>\n\t<span class=\"c-button__icon\">\n\t\t<svg viewbox=\"0 0 16 16\">\n\t\t\t<use xlink:href=\"#icon-arrow-right-circle-black\"><\/use>\n\t\t<\/svg>\n\t<\/span>\n<\/a>\n\n\t\t\t\t\t\t\t\t\t\t\t\t\t<\/div>\n\t\t\t\t\t\t\t\t\t<\/div>\n\n\t\t\t\t<div class=\"swiper__nav\">\n\t\t\t\t\t<div class=\"swiper-scrollbar\"><\/div>\n\t\t\t\t\t<div class=\"swiper__nav-buttons\">\n\t\t\t\t\t\t<div class=\"swiper-button-prev\">\n\t\t\t\t\t\t\t<svg viewbox=\"0 0 16 16\">\n\t\t\t\t\t\t\t\t<use xlink:href=\"#icon-chevron-right-circle-white\"><\/use>\n\t\t\t\t\t\t\t<\/svg>\n\t\t\t\t\t\t<\/div>\n\t\t\t\t\t\t<div class=\"swiper-button-next\">\n\t\t\t\t\t\t\t<svg viewbox=\"0 0 16 16\">\n\t\t\t\t\t\t\t\t<use xlink:href=\"#icon-chevron-right-circle-white\"><\/use>\n\t\t\t\t\t\t\t<\/svg>\n\t\t\t\t\t\t<\/div>\n\t\t\t\t\t<\/div>\n\t\t\t\t<\/div>\n\n\t\t\t<\/div>\n\t\t<\/div>\n\t\t<!-- \/slider -->\n\t<\/div>\n<\/section>\n\n","protected":false},"parent":3592,"menu_order":0,"template":"","class_list":["post-3981","product","type-product","status-publish","hentry"],"yoast_head":"<!-- This site is optimized with the Yoast SEO plugin v14.8 - https:\/\/yoast.com\/wordpress\/plugins\/seo\/ -->\n<title>Vodka | Filliers Distillery<\/title>\n<meta name=\"robots\" content=\"index, follow\" \/>\n<meta name=\"googlebot\" content=\"index, follow, max-snippet:-1, max-image-preview:large, max-video-preview:-1\" \/>\n<meta name=\"bingbot\" content=\"index, follow, max-snippet:-1, max-image-preview:large, max-video-preview:-1\" \/>\n<link rel=\"canonical\" href=\"https:\/\/filliersdistillery.com\/fr\/products\/premium-brands\/vodka\/\" \/>\n<meta property=\"og:locale\" content=\"fr_FR\" \/>\n<meta property=\"og:type\" content=\"article\" \/>\n<meta property=\"og:title\" content=\"Vodka | Filliers Distillery\" \/>\n<meta property=\"og:url\" content=\"https:\/\/filliersdistillery.com\/fr\/products\/premium-brands\/vodka\/\" \/>\n<meta property=\"og:site_name\" content=\"Filliers Distillery\" \/>\n<meta property=\"article:modified_time\" content=\"2023-04-18T09:40:18+00:00\" \/>\n<meta name=\"twitter:card\" content=\"summary_large_image\" \/>\n<script type=\"application\/ld+json\" class=\"yoast-schema-graph\">{\"@context\":\"https:\/\/schema.org\",\"@graph\":[{\"@type\":\"Organization\",\"@id\":\"https:\/\/filliersdistillery.com\/fr\/#organization\",\"name\":\"Filliers Distillery\",\"url\":\"https:\/\/filliersdistillery.com\/fr\/\",\"sameAs\":[],\"logo\":{\"@type\":\"ImageObject\",\"@id\":\"https:\/\/filliersdistillery.com\/fr\/#logo\",\"inLanguage\":\"fr-FR\",\"url\":\"https:\/\/filliersdistillery.com\/wp-content\/uploads\/2024\/01\/FILLIERSDISTILLERY_black_CMYK.png\",\"width\":2363,\"height\":1182,\"caption\":\"Filliers Distillery\"},\"image\":{\"@id\":\"https:\/\/filliersdistillery.com\/fr\/#logo\"}},{\"@type\":\"WebSite\",\"@id\":\"https:\/\/filliersdistillery.com\/fr\/#website\",\"url\":\"https:\/\/filliersdistillery.com\/fr\/\",\"name\":\"Filliers Distillery\",\"description\":\"Filliers Distillery\",\"publisher\":{\"@id\":\"https:\/\/filliersdistillery.com\/fr\/#organization\"},\"potentialAction\":[{\"@type\":\"SearchAction\",\"target\":\"https:\/\/filliersdistillery.com\/fr\/?s={search_term_string}\",\"query-input\":\"required name=search_term_string\"}],\"inLanguage\":\"fr-FR\"},{\"@type\":\"WebPage\",\"@id\":\"https:\/\/filliersdistillery.com\/fr\/products\/premium-brands\/vodka\/#webpage\",\"url\":\"https:\/\/filliersdistillery.com\/fr\/products\/premium-brands\/vodka\/\",\"name\":\"Vodka | Filliers Distillery\",\"isPartOf\":{\"@id\":\"https:\/\/filliersdistillery.com\/fr\/#website\"},\"datePublished\":\"2021-05-05T13:35:22+00:00\",\"dateModified\":\"2023-04-18T09:40:18+00:00\",\"breadcrumb\":{\"@id\":\"https:\/\/filliersdistillery.com\/fr\/products\/premium-brands\/vodka\/#breadcrumb\"},\"inLanguage\":\"fr-FR\",\"potentialAction\":[{\"@type\":\"ReadAction\",\"target\":[\"https:\/\/filliersdistillery.com\/fr\/products\/premium-brands\/vodka\/\"]}]},{\"@type\":\"BreadcrumbList\",\"@id\":\"https:\/\/filliersdistillery.com\/fr\/products\/premium-brands\/vodka\/#breadcrumb\",\"itemListElement\":[{\"@type\":\"ListItem\",\"position\":1,\"item\":{\"@type\":\"WebPage\",\"@id\":\"https:\/\/filliersdistillery.com\/fr\/products\/\",\"url\":\"https:\/\/filliersdistillery.com\/fr\/products\/\",\"name\":\"Produits\"}},{\"@type\":\"ListItem\",\"position\":2,\"item\":{\"@type\":\"WebPage\",\"@id\":\"https:\/\/filliersdistillery.com\/fr\/products\/premium-brands\/\",\"url\":\"https:\/\/filliersdistillery.com\/fr\/products\/premium-brands\/\",\"name\":\"Spiritueux Premium\"}},{\"@type\":\"ListItem\",\"position\":3,\"item\":{\"@type\":\"WebPage\",\"@id\":\"https:\/\/filliersdistillery.com\/fr\/products\/premium-brands\/vodka\/\",\"url\":\"https:\/\/filliersdistillery.com\/fr\/products\/premium-brands\/vodka\/\",\"name\":\"Vodka\"}}]}]}<\/script>\n<!-- \/ Yoast SEO plugin. -->","_links":{"self":[{"href":"https:\/\/filliersdistillery.com\/fr\/wp-json\/wp\/v2\/product\/3981","targetHints":{"allow":["GET"]}}],"collection":[{"href":"https:\/\/filliersdistillery.com\/fr\/wp-json\/wp\/v2\/product"}],"about":[{"href":"https:\/\/filliersdistillery.com\/fr\/wp-json\/wp\/v2\/types\/product"}],"up":[{"embeddable":true,"href":"https:\/\/filliersdistillery.com\/fr\/wp-json\/wp\/v2\/product\/3592"}],"wp:attachment":[{"href":"https:\/\/filliersdistillery.com\/fr\/wp-json\/wp\/v2\/media?parent=3981"}],"curies":[{"name":"wp","href":"https:\/\/api.w.org\/{rel}","templated":true}]}}