{"id":5242,"date":"2024-04-25T10:18:32","date_gmt":"2024-04-25T10:18:32","guid":{"rendered":"https:\/\/filliersdistillery.com\/products\/passievrucht-spritz\/"},"modified":"2024-04-30T07:42:29","modified_gmt":"2024-04-30T07:42:29","slug":"passievrucht-spritz","status":"publish","type":"product","link":"https:\/\/filliersdistillery.com\/fr\/passievrucht-spritz\/","title":{"rendered":"Spritz Fruit de la passion"},"content":{"rendered":"<section class=\"c-product-details \" id=\"product-details-block_5f40ef47abfad\" data-aos=\"fade-up\">\n\n\t<div class=\"c-hero-product-detail c-hero-product-detail--premium\">\n\t\t<div class=\"container container--narrow\">\n\t\t\t<div class=\"c-hero-product-detail__row\">\n\t\t\t\t<div class=\"c-hero-product-detail__photo\">\n\n\t\t\t\t\t\t\t\t\t\t\t<picture>\n\t\t\t\t\t\t\t<img class=\"c-lazy\" data-src=\"https:\/\/filliersdistillery.com\/wp-content\/uploads\/2024\/04\/FIL-Spritz-Passievrucht-200ml-Packshot-RGB-Transp-UITGEZOOMD.png\" alt=\"\"\/>\n\t\t\t\t\t\t<\/picture>\n\t\t\t\t\t\n\t\t\t\t<\/div>\n\t\t\t\t<div class=\"c-hero-product-detail__col\">\n\t\t\t\t\t\t\t\t\t\t\t<h1>Spritz Fruit de la passion<\/h1>\n\t\t\t\t\t\t\t\t\t\tAvec notre Spritz fruit de la passion, nous apportons notre Gen\u00e8vre Fruit de la passion \u00e0 l&rsquo;\u00e9t\u00e9. Cet ap\u00e9ritif rafra\u00eechissant est le pendant de notre Spritz Pomme Verte acidul\u00e9e.\n\t\t\t\t\t\t\t\t\t\t\t<p class=\"c-hero-product-detail__consist\">\n\t\t\t\t\t\t\t<span class=\"c-hero-product-detail__icon\">\n\t\t\t\t\t\t\t\t<svg viewbox=\"0 0 15 19\">\n\t\t\t\t\t\t\t\t\t<use xlink:href=\"#icon-wineglass\"><\/use>\n\t\t\t\t\t\t\t\t<\/svg>\n\t\t\t\t\t\t\t<\/span>\n\t\t\t\t\t\t\t<span class=\"c-hero-product-detail__percents\">4%<\/span>\n\t\t\t\t\t\t\t\t\t\t\t\t\t\t\t\t\t\t\t<span class=\"c-hero-product-detail__label\">VOL ALC<\/span>\n\t\t\t\t\t\t\t\t\t\t\t<\/p>\n\t\t\t\t<\/div>\n\n\t\t\t<\/div>\n\t\t<\/div>\n\t\t<!-- \/ container -->\n\t<\/div>\n\n\n\t<div class=\"c-product-consist\">\n\t\t<div class=\"container container--narrow\">\n\t\t\t<div class=\"c-product-consist__row\">\n\t\t\t\t<div class=\"c-product-consist__col\">\n\t\t\t\t\t<div class=\"c-product-consist__content\">\n\n\t\t\t\t\t\t\n\n              \t\t\t\t\t\t\t\n              \t\t\t\t\t\t\t\t\t\t\t\t\t\t\t\t\t<h4>Details<\/h4>\n\t\t\t\t\t\t\t\t\t\t\t\t\t\t\t\tAlcoholpercentage: 4%\r\n250 ml\r\n\n\t\t\t\t\t\t\t\n\t\t\t\t\t\t\t\t\t\t\t\t\t\n\n              \t\t\t\t\t\t\t\n              \n\t\t\t\t\t\t\t\t\t\t\t\t\t\t\t\t\t\t\t\t\t\t\t\t<h4>Fiches techniques &#038; formats<\/h4>\n\t\t\t\t\t\t\t\t\n\t\t\t\t\t\t\t\t<ul class=\"c-files-list\">\n\t\t\t\t\t\t\t\t\t\t\t\t\t\t\t\t\t\t\t<li class=\"c-files-list__item\">\n\t\t\t\t\t\t\t\t\t\t\t<a class=\"c-files-list__link\" href=\"\" >\n\t\t\t\t\t\t\t\t\t\t\t\t<span class=\"c-files-list__icon-file\">\n\t\t\t\t\t\t\t\t\t\t\t\t\t<svg viewbox=\"0 0 26 29\">\n\t\t\t\t\t\t\t\t\t\t\t\t\t\t<use xlink:href=\"#icon-pdf\"><\/use>\n\t\t\t\t\t\t\t\t\t\t\t\t\t<\/svg>\n\t\t\t\t\t\t\t\t\t\t\t\t<\/span>\n\t\t\t\t\t\t\t\t\t\t\t\t<span><\/span>\n\t\t\t\t\t\t\t\t\t\t\t\t<span class=\"c-files-list__icon-arrow\">\n\t\t\t\t\t\t\t\t\t\t\t\t\t<svg viewbox=\"0 0 16 16\">\n\t\t\t\t\t\t\t\t\t\t\t\t\t\t<use xlink:href=\"#icon-arrow-external\"><\/use>\n\t\t\t\t\t\t\t\t\t\t\t\t\t<\/svg>\n\t\t\t\t\t\t\t\t\t\t\t\t<\/span>\n\t\t\t\t\t\t\t\t\t\t\t<\/a>\n\t\t\t\t\t\t\t\t\t\t<\/li>\n\t\t\t\t\t\t\t\t\t\t\t\t\t\t\t\t\t<\/ul>\n\t\t\t\t\t\t\t\t\t\t\t\t\t\n\t\t\t\t\t<\/div>\n\t\t\t\t<\/div>\n\t\t\t\t<div class=\"c-product-consist__col\"><\/div>\n\t\t\t<\/div>\n\t\t<\/div>\n\t<\/div>\n<\/section>\n\n","protected":false},"parent":3471,"menu_order":0,"template":"","class_list":["post-5242","product","type-product","status-publish","hentry"],"yoast_head":"<!-- This site is optimized with the Yoast SEO plugin v14.8 - https:\/\/yoast.com\/wordpress\/plugins\/seo\/ -->\n<title>Spritz Fruit de la passion | Filliers Distillery<\/title>\n<meta name=\"robots\" content=\"index, follow\" \/>\n<meta name=\"googlebot\" content=\"index, follow, max-snippet:-1, max-image-preview:large, max-video-preview:-1\" \/>\n<meta name=\"bingbot\" content=\"index, follow, max-snippet:-1, max-image-preview:large, max-video-preview:-1\" \/>\n<link rel=\"canonical\" href=\"https:\/\/filliersdistillery.com\/fr\/passievrucht-spritz\/\" \/>\n<meta property=\"og:locale\" content=\"fr_FR\" \/>\n<meta property=\"og:type\" content=\"article\" \/>\n<meta property=\"og:title\" content=\"Spritz Fruit de la passion | Filliers Distillery\" \/>\n<meta property=\"og:url\" content=\"https:\/\/filliersdistillery.com\/fr\/passievrucht-spritz\/\" \/>\n<meta property=\"og:site_name\" content=\"Filliers Distillery\" \/>\n<meta property=\"article:modified_time\" content=\"2024-04-30T07:42:29+00:00\" \/>\n<meta name=\"twitter:card\" content=\"summary_large_image\" \/>\n<script type=\"application\/ld+json\" class=\"yoast-schema-graph\">{\"@context\":\"https:\/\/schema.org\",\"@graph\":[{\"@type\":\"Organization\",\"@id\":\"https:\/\/filliersdistillery.com\/fr\/#organization\",\"name\":\"Filliers Distillery\",\"url\":\"https:\/\/filliersdistillery.com\/fr\/\",\"sameAs\":[],\"logo\":{\"@type\":\"ImageObject\",\"@id\":\"https:\/\/filliersdistillery.com\/fr\/#logo\",\"inLanguage\":\"fr-FR\",\"url\":\"https:\/\/filliersdistillery.com\/wp-content\/uploads\/2024\/01\/FILLIERSDISTILLERY_black_CMYK.png\",\"width\":2363,\"height\":1182,\"caption\":\"Filliers Distillery\"},\"image\":{\"@id\":\"https:\/\/filliersdistillery.com\/fr\/#logo\"}},{\"@type\":\"WebSite\",\"@id\":\"https:\/\/filliersdistillery.com\/fr\/#website\",\"url\":\"https:\/\/filliersdistillery.com\/fr\/\",\"name\":\"Filliers Distillery\",\"description\":\"Filliers Distillery\",\"publisher\":{\"@id\":\"https:\/\/filliersdistillery.com\/fr\/#organization\"},\"potentialAction\":[{\"@type\":\"SearchAction\",\"target\":\"https:\/\/filliersdistillery.com\/fr\/?s={search_term_string}\",\"query-input\":\"required name=search_term_string\"}],\"inLanguage\":\"fr-FR\"},{\"@type\":\"WebPage\",\"@id\":\"https:\/\/filliersdistillery.com\/fr\/passievrucht-spritz\/#webpage\",\"url\":\"https:\/\/filliersdistillery.com\/fr\/passievrucht-spritz\/\",\"name\":\"Spritz Fruit de la passion | Filliers Distillery\",\"isPartOf\":{\"@id\":\"https:\/\/filliersdistillery.com\/fr\/#website\"},\"datePublished\":\"2024-04-25T10:18:32+00:00\",\"dateModified\":\"2024-04-30T07:42:29+00:00\",\"breadcrumb\":{\"@id\":\"https:\/\/filliersdistillery.com\/fr\/passievrucht-spritz\/#breadcrumb\"},\"inLanguage\":\"fr-FR\",\"potentialAction\":[{\"@type\":\"ReadAction\",\"target\":[\"https:\/\/filliersdistillery.com\/fr\/passievrucht-spritz\/\"]}]},{\"@type\":\"BreadcrumbList\",\"@id\":\"https:\/\/filliersdistillery.com\/fr\/passievrucht-spritz\/#breadcrumb\",\"itemListElement\":[{\"@type\":\"ListItem\",\"position\":1,\"item\":{\"@type\":\"WebPage\",\"@id\":\"https:\/\/filliersdistillery.com\/fr\/products\/\",\"url\":\"https:\/\/filliersdistillery.com\/fr\/products\/\",\"name\":\"Produits\"}},{\"@type\":\"ListItem\",\"position\":2,\"item\":{\"@type\":\"WebPage\",\"@id\":\"https:\/\/filliersdistillery.com\/fr\/products\/fun-brands\/\",\"url\":\"https:\/\/filliersdistillery.com\/fr\/products\/fun-brands\/\",\"name\":\"Spiritueux Fun\"}},{\"@type\":\"ListItem\",\"position\":3,\"item\":{\"@type\":\"WebPage\",\"@id\":\"https:\/\/filliersdistillery.com\/fr\/passievrucht-spritz\/\",\"url\":\"https:\/\/filliersdistillery.com\/fr\/passievrucht-spritz\/\",\"name\":\"Spritz Fruit de la passion\"}}]}]}<\/script>\n<!-- \/ Yoast SEO plugin. -->","_links":{"self":[{"href":"https:\/\/filliersdistillery.com\/fr\/wp-json\/wp\/v2\/product\/5242","targetHints":{"allow":["GET"]}}],"collection":[{"href":"https:\/\/filliersdistillery.com\/fr\/wp-json\/wp\/v2\/product"}],"about":[{"href":"https:\/\/filliersdistillery.com\/fr\/wp-json\/wp\/v2\/types\/product"}],"up":[{"embeddable":true,"href":"https:\/\/filliersdistillery.com\/fr\/wp-json\/wp\/v2\/product\/3471"}],"wp:attachment":[{"href":"https:\/\/filliersdistillery.com\/fr\/wp-json\/wp\/v2\/media?parent=5242"}],"curies":[{"name":"wp","href":"https:\/\/api.w.org\/{rel}","templated":true}]}}