{"id":1025,"date":"2020-08-25T15:36:29","date_gmt":"2020-08-25T15:36:29","guid":{"rendered":"http:\/\/localhost:10013\/?page_id=1025"},"modified":"2024-02-05T15:40:14","modified_gmt":"2024-02-05T15:40:14","slug":"faq","status":"publish","type":"page","link":"https:\/\/filliersdistillery.com\/nl\/faq\/","title":{"rendered":"FAQ"},"content":{"rendered":"<section class=\"c-hero c-hero--left \" id=\"hero-block_5f5f8cdafde7b\" data-aos=\"fade-up\">\n\t<div class=\"c-hero__slider\">\n\t\t<div class=\"swiper-container c-hero__swiper\">\n\t\t\t<div class=\"swiper-wrapper\">\n\n\t\t\t\t\t\t\t\t<div class=\"swiper-slide\">\n\n\t\t\t\t\t\t\t\t\t\t<div class=\"c-hero__slider-image\">\n\t\t\t\t\t\t\n\t\t\n\t<picture>\n\t\t\t\t\t<source media=\"(min-width: 768px)\" data-srcset=\"https:\/\/filliersdistillery.com\/wp-content\/uploads\/2020\/09\/Filliers-FAQ-banner-800x0-c-default.webp 1x, https:\/\/filliersdistillery.com\/wp-content\/uploads\/2020\/09\/Filliers-FAQ-banner-1600x0-c-default.webp 2x\" \/>\n\t\t\t\t\t\t\t<source media=\"(min-width: 480px)\" data-srcset=\"https:\/\/filliersdistillery.com\/wp-content\/uploads\/2020\/09\/Filliers-FAQ-banner-400x0-c-default.webp 1x, https:\/\/filliersdistillery.com\/wp-content\/uploads\/2020\/09\/Filliers-FAQ-banner-800x0-c-default.webp 2x\" \/>\n\t\t\t<img class=\"swiper-lazy\" data-src=\"https:\/\/filliersdistillery.com\/wp-content\/uploads\/2020\/09\/Filliers-FAQ-banner.jpg\" alt=\"\" \/>\n\t\t\t<\/picture>\n\n\t\t\t\t\t<\/div>\n\t\t\t\t\t\t\t\t\t\t\n\n\t\t\t\t\t<div class=\"c-hero__slider-space\"><\/div>\n\t\t\t\t\t<div class=\"c-hero__slider-content\">\n\t\t\t\t\t\t<div class=\"container\">\n\t\t\t\t\t\t\t\t\t\t\t\t\t\t\t\t\t\t\t\t\t<h1 class=\"c-hero__slider-title\">FAQ<\/h1>\n\t\t\t\t\t\t\t\t\t\t\t\t\t\t\t\t\t\t\t\t\t<p>In dit overzicht vind je alvast vele vragen terug die regelmatig gesteld worden. Deze zijn al meteen voorzien van een antwoord. Is je nieuwsgierigheid niet gestild en heb je toch nog een vraag dan kan je ons een e-mail versturen. Deze wordt zo snel als mogelijk behandeld en beantwoord.<\/p>\n\t\t\t\t\t\t\t\t\t\t\t\t\t\t\t\t\t\t\t\t<\/div>\n\t\t\t\t\t<\/div>\n\t\t\t\t<\/div>\n\t\t\t\t\t\t\t<\/div>\n\n\t\t\t<div class=\"c-hero__slider-nav\">\n\t\t\t\t<div class=\"c-hero__slider-nav-container\">\n\n\t\t\t\t\t<div class=\"swiper-scrollbar\"><\/div>\n\t\t\t\t\t<div class=\"c-hero__slider-nav-controls\">\n\t\t\t\t\t\t<div class=\"swiper-fraction\"><\/div>\n\t\t\t\t\t\t<div class=\"swiper-titles\">\n\t\t\t\t\t\t\t\t\t\t\t\t\t\t<div class=\"swiper-title swiper-title--active\" data-index=\"0\">FAQ<\/div>\n\t\t\t\t\t\t\t\t\t\t\t\t\t<\/div>\n\t\t\t\t\t\t<div class=\"swiper-buttons\">\n\t\t\t\t\t\t\t<div class=\"swiper-button-prev\">\n\t\t\t\t\t\t\t\t<svg viewbox=\"0 0 16 16\">\n\t\t\t\t\t\t\t\t\t<use xlink:href=\"#circle-chevron-left\"><\/use>\n\t\t\t\t\t\t\t\t<\/svg>\n\t\t\t\t\t\t\t<\/div>\n\t\t\t\t\t\t\t<div class=\"swiper-button-next\">\n\t\t\t\t\t\t\t\t<svg viewbox=\"0 0 16 16\">\n\t\t\t\t\t\t\t\t\t<use xlink:href=\"#circle-chevron-right\"><\/use>\n\t\t\t\t\t\t\t\t<\/svg>\n\t\t\t\t\t\t\t<\/div>\n\t\t\t\t\t\t<\/div>\n\t\t\t\t\t<\/div>\n\t\t\t\t<\/div>\n\t\t\t<\/div>\n\n\t\t<\/div>\n\t<\/div>\n\n\n\t\t<a class=\"c-next-link c-next-link__center\" href=\"#de-stokerij\">\n\t\t<svg viewbox=\"0 0 20 20\">\n\t\t\t<use xlink:href=\"#arrow-down\"><\/use>\n\t\t<\/svg>\n\t<\/a>\n\t\n<\/section>\n\n\n\n\n<section class=\"c-pagenav \" id=\"page-nav\" data-aos=\"fade-up\">\n  <div class=\"container\">\n    <div class=\"c-pagenav__list c-pagenav__list--center\">\n            <div class=\"c-pagenav__item\">\n        <a class=\"c-pagenav__arrow\" href=\"#de-stokerij\">\n          <svg viewbox=\"0 0 20 20\">\n            <use xlink:href=\"#arrow-down-black\"><\/use>\n          <\/svg>\n        <\/a>\n      <\/div>\n            \n            <div class=\"c-pagenav__item\">\n        <a href=\"#de-stokerij\">De stokerij<\/a>\n      <\/div>\n            <div class=\"c-pagenav__item\">\n        <a href=\"#ons-vakmanschap\">Ons vakmanschap<\/a>\n      <\/div>\n            <div class=\"c-pagenav__item\">\n        <a href=\"#onze-producten\">Onze producten<\/a>\n      <\/div>\n          <\/div>\n  <\/div>\n<\/section>\n\n\n\n<section class=\"c-faq-section \" id=\"de-stokerij\">\n\t<div class=\"container container--narrow\" data-aos=\"fade-up\">\n\n\t\t\t\t\t<h4>De stokerij<\/h4>\n\t\t\n\t\t\t\t<div class=\"c-accordion\">\n\t\t\t\n\t\t\t\t\t\t<div class=\"c-accordion-item\">\t\t\n\t\t\t\t<div class=\"c-accordion-item__head\">\n\t\t\t\t\t<h6>Waarom kleuren de muren van rijpingskamers zwart?<\/h6>\n\t\t\t\t\t<div class=\"c-accordion-item__icon\"><\/div>\n\t\t\t\t<\/div>\n\t\t\t\t<div class=\"c-accordion-item__body\">\n\t\t\t\t\t<p>Deze verkleuring van het gesteente is een typisch fenomeen bij alle stokerijen waar spirits liggen te rijpen. Door de rijping op vat ademt een deel van de spirit weg, dit wordt ook wel het angel\u2019s share genoemd. Hiermee voedt een alcoholschimmel zich, het is die schimmel die zich vastzet op onze muren en een typische zwarte kleur geeft.<\/p>\n<p>Het gaat hier dus zeker niet over een schadelijke schimmel maar het is wel een heel typerend aspect van een stokerij waar spirits liggen te rijpen.<\/p>\n\n\t\t\t\t<\/div>\n\t\t\t<\/div>\n\t\t\t\t\t\t<div class=\"c-accordion-item\">\t\t\n\t\t\t\t<div class=\"c-accordion-item__head\">\n\t\t\t\t\t<h6>Is Filliers Distillery een familiebedrijf? <\/h6>\n\t\t\t\t\t<div class=\"c-accordion-item__icon\"><\/div>\n\t\t\t\t<\/div>\n\t\t\t\t<div class=\"c-accordion-item__body\">\n\t\t\t\t\t<p>Tot op vandaag is het bedrijf nog steeds 100% in familiale handen onder leiding van Marie Thiers.<\/p>\n<div id=\"gtx-trans\" style=\"position: absolute; left: 640px; top: 61.8px;\">\n<div class=\"gtx-trans-icon\"><\/div>\n<\/div>\n\n\t\t\t\t<\/div>\n\t\t\t<\/div>\n\t\t\t\t\t\t<div class=\"c-accordion-item\">\t\t\n\t\t\t\t<div class=\"c-accordion-item__head\">\n\t\t\t\t\t<h6>Wat is een warme stokerij? <\/h6>\n\t\t\t\t\t<div class=\"c-accordion-item__icon\"><\/div>\n\t\t\t\t<\/div>\n\t\t\t\t<div class=\"c-accordion-item__body\">\n\t\t\t\t\t<p>Bij een warme stokerij gebeurt het volledige productieproces in eigen huis, van graan tot glas met respect voor de artisanale traditie.<\/p>\n<p>Filliers Distillery is een van de laatste warme stokerijen in Belgi\u00eb die tot op vandaag volgens dergelijk productieproces spirits stookt.<\/p>\n\n\t\t\t\t<\/div>\n\t\t\t<\/div>\n\t\t\t\t\t\t<div class=\"c-accordion-item\">\t\t\n\t\t\t\t<div class=\"c-accordion-item__head\">\n\t\t\t\t\t<h6>Is Filliers Distillery op elk moment te bezoeken? <\/h6>\n\t\t\t\t\t<div class=\"c-accordion-item__icon\"><\/div>\n\t\t\t\t<\/div>\n\t\t\t\t<div class=\"c-accordion-item__body\">\n\t\t\t\t\t<p>De stokerij kan individueel niet bezocht worden maar wel in groep. Hier <a href=\"http:\/\/filliers.wpengine.com\/visits\/\">meer informatie<\/a> daarover.<\/p>\n\n\t\t\t\t<\/div>\n\t\t\t<\/div>\n\t\t\t\t\t\t<div class=\"c-accordion-item\">\t\t\n\t\t\t\t<div class=\"c-accordion-item__head\">\n\t\t\t\t\t<h6>Kunnen spirits van Filliers Distillery aangekocht worden op de site? <\/h6>\n\t\t\t\t\t<div class=\"c-accordion-item__icon\"><\/div>\n\t\t\t\t<\/div>\n\t\t\t\t<div class=\"c-accordion-item__body\">\n\t\t\t\t\t<p>De meeste spirits zijn verkrijgbaar in retail of gespecialiseerde drankenhandelaars. Aankopen op de stokerij zijn enkel mogelijk na een <a href=\"http:\/\/filliers.wpengine.com\/visits\/\">bezoek<\/a>.<\/p>\n\n\t\t\t\t<\/div>\n\t\t\t<\/div>\n\t\t\t\t\t\t<div class=\"c-accordion-item\">\t\t\n\t\t\t\t<div class=\"c-accordion-item__head\">\n\t\t\t\t\t<h6>Waar kan ik informatie vinden over het distillatieproces?<\/h6>\n\t\t\t\t\t<div class=\"c-accordion-item__icon\"><\/div>\n\t\t\t\t<\/div>\n\t\t\t\t<div class=\"c-accordion-item__body\">\n\t\t\t\t\t<p>Voor meer informatie over het distillatieproces, klik <a href=\"http:\/\/filliers.wpengine.com\/craftmanship\/\">hier<\/a>.<\/p>\n\n\t\t\t\t<\/div>\n\t\t\t<\/div>\n\t\t\t\t\t\t<div class=\"c-accordion-item\">\t\t\n\t\t\t\t<div class=\"c-accordion-item__head\">\n\t\t\t\t\t<h6>Hebben jullie seminarieruimtes te huur? <\/h6>\n\t\t\t\t\t<div class=\"c-accordion-item__icon\"><\/div>\n\t\t\t\t<\/div>\n\t\t\t\t<div class=\"c-accordion-item__body\">\n\t\t\t\t\t<p>Voor meer informatie over het huren van onze seminarieruimtes, klik <a href=\"http:\/\/filliers.wpengine.com\/visits\/\">hier<\/a>.<\/p>\n\n\t\t\t\t<\/div>\n\t\t\t<\/div>\n\t\t\t\t\t\t<div class=\"c-accordion-item\">\t\t\n\t\t\t\t<div class=\"c-accordion-item__head\">\n\t\t\t\t\t<h6>Waar kan ik meer informatie vinden over sponsoring? <\/h6>\n\t\t\t\t\t<div class=\"c-accordion-item__icon\"><\/div>\n\t\t\t\t<\/div>\n\t\t\t\t<div class=\"c-accordion-item__body\">\n\t\t\t\t\t<p>Voor meer informatie over sponsoring, contacteer ons <a href=\"http:\/\/filliers.wpengine.com\/contact\/\">hier<\/a>.<\/p>\n\n\t\t\t\t<\/div>\n\t\t\t<\/div>\n\t\t\t\t\t\n\t\t<\/div>\n\t\t\n\t<\/div>\n<\/section>\n\n\n\n<section class=\"c-faq-section \" id=\"ons-vakmanschap\">\n\t<div class=\"container container--narrow\" data-aos=\"fade-up\">\n\n\t\t\t\t\t<h4>Ons vakmanschap<\/h4>\n\t\t\n\t\t\t\t<div class=\"c-accordion\">\n\t\t\t\n\t\t\t\t\t\t<div class=\"c-accordion-item\">\t\t\n\t\t\t\t<div class=\"c-accordion-item__head\">\n\t\t\t\t\t<h6>Wat is moutwijn? <\/h6>\n\t\t\t\t\t<div class=\"c-accordion-item__icon\"><\/div>\n\t\t\t\t<\/div>\n\t\t\t\t<div class=\"c-accordion-item__body\">\n\t\t\t\t\t<p>Moutwijn vormt de basis voor jenever &amp; whisky. Het is een graandistillaat dat gemaakt wordt van \u00e9\u00e9n of meerdere soorten granen zoals bv. mout (gekiemde &amp; gedroogde gerst), rogge, tarwe, \u2026 Water &amp; graan worden gemengd en verhit tot wort, deze wordt nadien vergist en tweemaal gedistilleerd in traditionele koperen kolom- en\/of potinstallaties. Het eindresultaat geeft ons moutwijn.<\/p>\n\n\t\t\t\t<\/div>\n\t\t\t<\/div>\n\t\t\t\t\t\t<div class=\"c-accordion-item\">\t\t\n\t\t\t\t<div class=\"c-accordion-item__head\">\n\t\t\t\t\t<h6>Wat is een distillaat?<\/h6>\n\t\t\t\t\t<div class=\"c-accordion-item__icon\"><\/div>\n\t\t\t\t<\/div>\n\t\t\t\t<div class=\"c-accordion-item__body\">\n\t\t\t\t\t<p>Bij een distillaat worden aromatische specerijen en\/of fruitsoorten geweekt in alcohol en vervolgens gedistilleerd. Een distillaat is altijd helder en transparant van kleur.<\/p>\n\n\t\t\t\t<\/div>\n\t\t\t<\/div>\n\t\t\t\t\t\t<div class=\"c-accordion-item\">\t\t\n\t\t\t\t<div class=\"c-accordion-item__head\">\n\t\t\t\t\t<h6>Wat is een maceraat?<\/h6>\n\t\t\t\t\t<div class=\"c-accordion-item__icon\"><\/div>\n\t\t\t\t<\/div>\n\t\t\t\t<div class=\"c-accordion-item__body\">\n\t\t\t\t\t<p>Bij een maceraat worden aromatische specerijen en\/of fruitsoorten geweekt in alcohol maar niet gedistilleerd. Een maceraat verkleurt naargelang de grondstof (specerijen en\/of fruitsoorten) die werd(en) gebruikt.<\/p>\n\n\t\t\t\t<\/div>\n\t\t\t<\/div>\n\t\t\t\t\t\t<div class=\"c-accordion-item\">\t\t\n\t\t\t\t<div class=\"c-accordion-item__head\">\n\t\t\t\t\t<h6>Wat is draf? <\/h6>\n\t\t\t\t\t<div class=\"c-accordion-item__icon\"><\/div>\n\t\t\t\t<\/div>\n\t\t\t\t<div class=\"c-accordion-item__body\">\n\t\t\t\t\t<p>Net zoals bij de productie van bier wordt voor de gisting het whisky-beslag onder druk gefilterd. De droge vezelrijke substantie die achterblijft in de filter wordt in vaktermen \u2018draf\u2019 genoemd en is zeer geschikt als veevoeder.<\/p>\n\n\t\t\t\t<\/div>\n\t\t\t<\/div>\n\t\t\t\t\t\t<div class=\"c-accordion-item\">\t\t\n\t\t\t\t<div class=\"c-accordion-item__head\">\n\t\t\t\t\t<h6>Wat is spoeling? <\/h6>\n\t\t\t\t\t<div class=\"c-accordion-item__icon\"><\/div>\n\t\t\t\t<\/div>\n\t\t\t\t<div class=\"c-accordion-item__body\">\n\t\t\t\t\t<p>Tijdens de eerste distillatie worden met behulp van stoom de ruwe alcoholdelen uit het vergiste beslag gehaald. De vloeibare nevenstroom die nadien onderaan de stookkolom overblijft wordt in vaktermen \u2018spoeling\u2019 genoemd en is zeer geschikt als veevoeder.<\/p>\n\n\t\t\t\t<\/div>\n\t\t\t<\/div>\n\t\t\t\t\t\t<div class=\"c-accordion-item\">\t\t\n\t\t\t\t<div class=\"c-accordion-item__head\">\n\t\t\t\t\t<h6>Wat is een Sherry vat? <\/h6>\n\t\t\t\t\t<div class=\"c-accordion-item__icon\"><\/div>\n\t\t\t\t<\/div>\n\t\t\t\t<div class=\"c-accordion-item__body\">\n\t\t\t\t\t<p>Sherry vaten zijn vaten die eerder gebruikt zijn voor het rijpen van Sherry (een versterkte wijn exclusief geproduceerd in Spanje) en worden gemaakt van Europese eik.<\/p>\n\n\t\t\t\t<\/div>\n\t\t\t<\/div>\n\t\t\t\t\t\t<div class=\"c-accordion-item\">\t\t\n\t\t\t\t<div class=\"c-accordion-item__head\">\n\t\t\t\t\t<h6>Wat is een Bourbon vat?<\/h6>\n\t\t\t\t\t<div class=\"c-accordion-item__icon\"><\/div>\n\t\t\t\t<\/div>\n\t\t\t\t<div class=\"c-accordion-item__body\">\n\t\t\t\t\t<p>Bourbon vaten zijn vaten die eerder gebruikt zijn voor het rijpen van Amerikaanse Bourbon whisky en worden gemaakt van Amerikaanse eik.<\/p>\n\n\t\t\t\t<\/div>\n\t\t\t<\/div>\n\t\t\t\t\t\t<div class=\"c-accordion-item\">\t\t\n\t\t\t\t<div class=\"c-accordion-item__head\">\n\t\t\t\t\t<h6>Wat zijn de grootste verschillen tussen een Sherry vat t.o.v. een Bourbon vat? <\/h6>\n\t\t\t\t\t<div class=\"c-accordion-item__icon\"><\/div>\n\t\t\t\t<\/div>\n\t\t\t\t<div class=\"c-accordion-item__body\">\n\t\t\t\t\t<p>Bourbon vaten (Amerikaanse eik) zijn een stuk poreuzer waardoor de positieve smaken relatief snel vrijkomen. Bij Filliers Distillery worden deze vaten gebruikt voor de rijping van de unieke Barrel Aged Genever range<\/p>\n<p>Sherry vaten (Europese eik) zijn een stuk stugger waardoor de smaken een stuk trager vrijkomen. Bij Filliers Distillery worden deze vaten gebruikt voor de rijping van de Single Malt Whisky.<\/p>\n<p>Tot slot zijn Sherry vaten enorm schaars aangezien deze enkel te verkrijgen zijn in de Xeres-streek in Spanje, de enige plaats waar Sherry gemaakt mag worden. Dit is een schril contrast ten opzichte van Bourbon vaten die over gans Amerika te verkrijgen zijn.<\/p>\n\n\t\t\t\t<\/div>\n\t\t\t<\/div>\n\t\t\t\t\t\t<div class=\"c-accordion-item\">\t\t\n\t\t\t\t<div class=\"c-accordion-item__head\">\n\t\t\t\t\t<h6>Hoeveel vaten rijpen er bij Filliers Distillery? <\/h6>\n\t\t\t\t\t<div class=\"c-accordion-item__icon\"><\/div>\n\t\t\t\t<\/div>\n\t\t\t\t<div class=\"c-accordion-item__body\">\n\t\t\t\t\t<p>De stokerij bezit op vandaag 5.000 vaten en heeft daarmee \u00e9\u00e9n van de grootste rijpingscapaciteit voor moutwijn in Belgi\u00eb, Nederland &amp; Luxemburg.<\/p>\n\n\t\t\t\t<\/div>\n\t\t\t<\/div>\n\t\t\t\t\t\t<div class=\"c-accordion-item\">\t\t\n\t\t\t\t<div class=\"c-accordion-item__head\">\n\t\t\t\t\t<h6>Wat is flegma of ruwstook? <\/h6>\n\t\t\t\t\t<div class=\"c-accordion-item__icon\"><\/div>\n\t\t\t\t<\/div>\n\t\t\t\t<div class=\"c-accordion-item__body\">\n\t\t\t\t\t<p>Bij het stoken wordt minimaal twee keer gedistilleerd. Na de eerste distillatie wordt een ruwstook of flegma verkregen. Dit stooksel is nog niet drinkbaar gezien het hart van de alcohol nog niet gescheiden is van kop en staart.<\/p>\n\n\t\t\t\t<\/div>\n\t\t\t<\/div>\n\t\t\t\t\t\t<div class=\"c-accordion-item\">\t\t\n\t\t\t\t<div class=\"c-accordion-item__head\">\n\t\t\t\t\t<h6>Waarom wordt er gesproken van kop, hart &#038; staart tijdens het distilleren? <\/h6>\n\t\t\t\t\t<div class=\"c-accordion-item__icon\"><\/div>\n\t\t\t\t<\/div>\n\t\t\t\t<div class=\"c-accordion-item__body\">\n\t\t\t\t\t<p>Na de eerste distillatie wordt een ruwstook bekomen die een tweede maal gedistilleerd wordt. In dit proces wordt de voorloop (kop) en de naloop (staart) van de pure spirit (hart) gescheiden. Dit wordt gedaan om de nefaste delen uit de alcohol te halen om verder te werken met het pure product.<\/p>\n\n\t\t\t\t<\/div>\n\t\t\t<\/div>\n\t\t\t\t\t\t<div class=\"c-accordion-item\">\t\t\n\t\t\t\t<div class=\"c-accordion-item__head\">\n\t\t\t\t\t<h6>Waarom wordt er bij Filliers Distillery gestookt in koper? <\/h6>\n\t\t\t\t\t<div class=\"c-accordion-item__icon\"><\/div>\n\t\t\t\t<\/div>\n\t\t\t\t<div class=\"c-accordion-item__body\">\n\t\t\t\t\t<p>Koper is niet alleen een goede warmtegeleider maar zorgt er tijdens het distillatieproces voor dat nefaste microscopische deeltjes afgebroken worden.<\/p>\n\n\t\t\t\t<\/div>\n\t\t\t<\/div>\n\t\t\t\t\t\t<div class=\"c-accordion-item\">\t\t\n\t\t\t\t<div class=\"c-accordion-item__head\">\n\t\t\t\t\t<h6>Hoe wordt Advokaat gemaakt? <\/h6>\n\t\t\t\t\t<div class=\"c-accordion-item__icon\"><\/div>\n\t\t\t\t<\/div>\n\t\t\t\t<div class=\"c-accordion-item__body\">\n\t\t\t\t\t<p>Bij Filliers Distillery volgen we nog steeds het authentieke recept van Julia Denecker, de vrouw van Firmin Filliers (3de generatie) die het recept in 1970 op de markt bracht. Advokaat van Filliers wordt op vandaag nog steeds ambachtelijk \u2018au bain-marie\u2019 bereid met verse eieren en melk.<\/p>\n\n\t\t\t\t<\/div>\n\t\t\t<\/div>\n\t\t\t\t\t\n\t\t<\/div>\n\t\t\n\t<\/div>\n<\/section>\n\n\n\n<section class=\"c-faq-section \" id=\"onze-producten\">\n\t<div class=\"container container--narrow\" data-aos=\"fade-up\">\n\n\t\t\t\t\t<h4>Onze producten<\/h4>\n\t\t\n\t\t\t\t<div class=\"c-accordion\">\n\t\t\t\n\t\t\t\t\t\t<div class=\"c-accordion-item\">\t\t\n\t\t\t\t<div class=\"c-accordion-item__head\">\n\t\t\t\t\t<h6>Wat is het verschil tussen Jenever &#038; Whisky? <\/h6>\n\t\t\t\t\t<div class=\"c-accordion-item__icon\"><\/div>\n\t\t\t\t<\/div>\n\t\t\t\t<div class=\"c-accordion-item__body\">\n\t\t\t\t\t<p>Jenever is een graandistillaat met als grondstoffen granen (mout, tarwe, rogge, \u2026), water, een verplicht percentage jeneverbes en in sommige gevallen graanalcohol.<\/p>\n<p>Whisky daarentegen wordt enkel en alleen gemaakt van een graandistillaat met als basis \u00e9\u00e9n of meerdere granen (gekiemde &amp; gedroogde gerst, rogge, tarwe, \u2026) &amp; water.<\/p>\n<p>Tijdens het productieproces wordt bij whisky het beslag gefilterd voor de gisting, wat bij jenever niet het geval is.<\/p>\n<p>Tot slot is het voor whisky verplicht om x-aantal tijd de spirit te laten rijpen in houten vaten. Voor jenever is dit niet verplicht.<\/p>\n\n\t\t\t\t<\/div>\n\t\t\t<\/div>\n\t\t\t\t\t\t<div class=\"c-accordion-item\">\t\t\n\t\t\t\t<div class=\"c-accordion-item__head\">\n\t\t\t\t\t<h6>Wat is Gin? <\/h6>\n\t\t\t\t\t<div class=\"c-accordion-item__icon\"><\/div>\n\t\t\t\t<\/div>\n\t\t\t\t<div class=\"c-accordion-item__body\">\n\t\t\t\t\t<p>Gin is een distillaat dat bestaat uit jeneverbes, verschillende aromatische specerijen &amp; fruitsoorten. Bij Filliers Distillery worden voor de samenstelling van onze Filliers Dry Gin 28 distillaten van gedroogde specerijen en vers fruit gebruikt.<\/p>\n\n\t\t\t\t<\/div>\n\t\t\t<\/div>\n\t\t\t\t\t\t<div class=\"c-accordion-item\">\t\t\n\t\t\t\t<div class=\"c-accordion-item__head\">\n\t\t\t\t\t<h6>Wat zijn de minimumvereisten om de naam \u2018Jenever\u2019 te mogen claimen? <\/h6>\n\t\t\t\t\t<div class=\"c-accordion-item__icon\"><\/div>\n\t\t\t\t<\/div>\n\t\t\t\t<div class=\"c-accordion-item__body\">\n\t\t\t\t\t<p>Jenever moet volgende eigenschappen bevatten:<\/p>\n<ul>\n<li>De spirit moet minimum 30% alcohol bevatten.<\/li>\n<li>Jenever moet een minimumgehalte moutwijn bevatten.<\/li>\n<li>Het moet gemaakt worden uit landbouwproducten.<\/li>\n<li>Er moet gearomatiseerd worden met jeneverbes.<\/li>\n<\/ul>\n\n\t\t\t\t<\/div>\n\t\t\t<\/div>\n\t\t\t\t\t\t<div class=\"c-accordion-item\">\t\t\n\t\t\t\t<div class=\"c-accordion-item__head\">\n\t\t\t\t\t<h6>Wordt jenever wereldwijd geproduceerd? <\/h6>\n\t\t\t\t\t<div class=\"c-accordion-item__icon\"><\/div>\n\t\t\t\t<\/div>\n\t\t\t\t<div class=\"c-accordion-item__body\">\n\t\t\t\t\t<p>Nee, de productie van jenever is geografisch afgebakend en mag enkel plaatsvinden in Belgi\u00eb, Nederland, twee Franse departementen (Nord &amp; Pas de Calais), twee Duitse deelstaten (Noordrijn Westfalen &amp; Rijnland Pfalts) &amp; Luxemburg.<\/p>\n\n\t\t\t\t<\/div>\n\t\t\t<\/div>\n\t\t\t\t\t\n\t\t<\/div>\n\t\t\n\t<\/div>\n<\/section>\n\n","protected":false},"excerpt":{"rendered":"","protected":false},"author":4,"featured_media":0,"parent":0,"menu_order":0,"comment_status":"closed","ping_status":"closed","template":"","meta":{"footnotes":""},"class_list":["post-1025","page","type-page","status-publish","hentry"],"yoast_head":"<!-- This site is optimized with the Yoast SEO plugin v14.8 - https:\/\/yoast.com\/wordpress\/plugins\/seo\/ -->\n<title>FAQ | Filliers Distillery<\/title>\n<meta name=\"robots\" content=\"index, follow\" \/>\n<meta name=\"googlebot\" content=\"index, follow, max-snippet:-1, max-image-preview:large, max-video-preview:-1\" \/>\n<meta name=\"bingbot\" content=\"index, follow, max-snippet:-1, max-image-preview:large, max-video-preview:-1\" \/>\n<link rel=\"canonical\" href=\"https:\/\/filliersdistillery.com\/nl\/faq\/\" \/>\n<meta property=\"og:locale\" content=\"nl_NL\" \/>\n<meta property=\"og:type\" content=\"article\" \/>\n<meta property=\"og:title\" content=\"FAQ | Filliers Distillery\" \/>\n<meta property=\"og:url\" content=\"https:\/\/filliersdistillery.com\/nl\/faq\/\" \/>\n<meta property=\"og:site_name\" content=\"Filliers Distillery\" \/>\n<meta property=\"article:modified_time\" content=\"2024-02-05T15:40:14+00:00\" \/>\n<meta name=\"twitter:card\" content=\"summary_large_image\" \/>\n<script type=\"application\/ld+json\" class=\"yoast-schema-graph\">{\"@context\":\"https:\/\/schema.org\",\"@graph\":[{\"@type\":\"Organization\",\"@id\":\"https:\/\/filliersdistillery.com\/nl\/#organization\",\"name\":\"Filliers Distillery\",\"url\":\"https:\/\/filliersdistillery.com\/nl\/\",\"sameAs\":[],\"logo\":{\"@type\":\"ImageObject\",\"@id\":\"https:\/\/filliersdistillery.com\/nl\/#logo\",\"inLanguage\":\"nl-NL\",\"url\":\"https:\/\/filliersdistillery.com\/wp-content\/uploads\/2024\/01\/FILLIERSDISTILLERY_black_CMYK.png\",\"width\":2363,\"height\":1182,\"caption\":\"Filliers Distillery\"},\"image\":{\"@id\":\"https:\/\/filliersdistillery.com\/nl\/#logo\"}},{\"@type\":\"WebSite\",\"@id\":\"https:\/\/filliersdistillery.com\/nl\/#website\",\"url\":\"https:\/\/filliersdistillery.com\/nl\/\",\"name\":\"Filliers Distillery\",\"description\":\"Filliers Distillery\",\"publisher\":{\"@id\":\"https:\/\/filliersdistillery.com\/nl\/#organization\"},\"potentialAction\":[{\"@type\":\"SearchAction\",\"target\":\"https:\/\/filliersdistillery.com\/nl\/?s={search_term_string}\",\"query-input\":\"required name=search_term_string\"}],\"inLanguage\":\"nl-NL\"},{\"@type\":\"WebPage\",\"@id\":\"https:\/\/filliersdistillery.com\/nl\/faq\/#webpage\",\"url\":\"https:\/\/filliersdistillery.com\/nl\/faq\/\",\"name\":\"FAQ | Filliers Distillery\",\"isPartOf\":{\"@id\":\"https:\/\/filliersdistillery.com\/nl\/#website\"},\"datePublished\":\"2020-08-25T15:36:29+00:00\",\"dateModified\":\"2024-02-05T15:40:14+00:00\",\"breadcrumb\":{\"@id\":\"https:\/\/filliersdistillery.com\/nl\/faq\/#breadcrumb\"},\"inLanguage\":\"nl-NL\",\"potentialAction\":[{\"@type\":\"ReadAction\",\"target\":[\"https:\/\/filliersdistillery.com\/nl\/faq\/\"]}]},{\"@type\":\"BreadcrumbList\",\"@id\":\"https:\/\/filliersdistillery.com\/nl\/faq\/#breadcrumb\",\"itemListElement\":[{\"@type\":\"ListItem\",\"position\":1,\"item\":{\"@type\":\"WebPage\",\"@id\":\"https:\/\/filliersdistillery.com\/nl\/faq\/\",\"url\":\"https:\/\/filliersdistillery.com\/nl\/faq\/\",\"name\":\"FAQ\"}}]}]}<\/script>\n<!-- \/ Yoast SEO plugin. -->","_links":{"self":[{"href":"https:\/\/filliersdistillery.com\/nl\/wp-json\/wp\/v2\/pages\/1025","targetHints":{"allow":["GET"]}}],"collection":[{"href":"https:\/\/filliersdistillery.com\/nl\/wp-json\/wp\/v2\/pages"}],"about":[{"href":"https:\/\/filliersdistillery.com\/nl\/wp-json\/wp\/v2\/types\/page"}],"author":[{"embeddable":true,"href":"https:\/\/filliersdistillery.com\/nl\/wp-json\/wp\/v2\/users\/4"}],"replies":[{"embeddable":true,"href":"https:\/\/filliersdistillery.com\/nl\/wp-json\/wp\/v2\/comments?post=1025"}],"version-history":[{"count":0,"href":"https:\/\/filliersdistillery.com\/nl\/wp-json\/wp\/v2\/pages\/1025\/revisions"}],"wp:attachment":[{"href":"https:\/\/filliersdistillery.com\/nl\/wp-json\/wp\/v2\/media?parent=1025"}],"curies":[{"name":"wp","href":"https:\/\/api.w.org\/{rel}","templated":true}]}}