{"id":224,"date":"2020-08-08T07:09:46","date_gmt":"2020-08-08T07:09:46","guid":{"rendered":"http:\/\/localhost:10013\/?page_id=224"},"modified":"2024-09-26T07:14:08","modified_gmt":"2024-09-26T07:14:08","slug":"craftmanship-2","status":"publish","type":"page","link":"https:\/\/filliersdistillery.com\/nl\/craftmanship\/","title":{"rendered":"Ons Vakmanschap"},"content":{"rendered":"<section class=\"c-hero c-hero--left \" id=\"hero-block_5f317c804c29c\" data-aos=\"fade-up\">\n\t<div class=\"c-hero__slider\">\n\t\t<div class=\"swiper-container c-hero__swiper\">\n\t\t\t<div class=\"swiper-wrapper\">\n\n\t\t\t\t\t\t\t\t<div class=\"swiper-slide\">\n\n\t\t\t\t\t\t\t\t\t\t<div class=\"c-hero__slider-image\">\n\t\t\t\t\t\t\n\t\t\n\t<picture>\n\t\t\t\t\t<source media=\"(min-width: 768px)\" data-srcset=\"https:\/\/filliersdistillery.com\/wp-content\/uploads\/2020\/09\/Filliers-een-site-drie-stokerijen-800x0-c-default.webp 1x, https:\/\/filliersdistillery.com\/wp-content\/uploads\/2020\/09\/Filliers-een-site-drie-stokerijen-1600x0-c-default.webp 2x\" \/>\n\t\t\t\t\t\t\t<source media=\"(min-width: 480px)\" data-srcset=\"https:\/\/filliersdistillery.com\/wp-content\/uploads\/2020\/09\/Filliers-een-site-drie-stokerijen-400x0-c-default.webp 1x, https:\/\/filliersdistillery.com\/wp-content\/uploads\/2020\/09\/Filliers-een-site-drie-stokerijen-800x0-c-default.webp 2x\" \/>\n\t\t\t<img class=\"swiper-lazy\" data-src=\"https:\/\/filliersdistillery.com\/wp-content\/uploads\/2020\/09\/Filliers-een-site-drie-stokerijen.jpg\" alt=\"\" \/>\n\t\t\t<\/picture>\n\n\t\t\t\t\t<\/div>\n\t\t\t\t\t\t\t\t\t\t\n\n\t\t\t\t\t<div class=\"c-hero__slider-space\"><\/div>\n\t\t\t\t\t<div class=\"c-hero__slider-content\">\n\t\t\t\t\t\t<div class=\"container\">\n\t\t\t\t\t\t\t\t\t\t\t\t\t\t\t\t\t\t\t\t\t<h1 class=\"c-hero__slider-title\">E\u00e9n site, <br \/>drie stokerijen<\/h1>\n\t\t\t\t\t\t\t\t\t\t\t\t\t\t\t\t\t\t\t\t\t\t\t\t\t\t\t<\/div>\n\t\t\t\t\t<\/div>\n\t\t\t\t<\/div>\n\t\t\t\t\t\t\t<\/div>\n\n\t\t\t<div class=\"c-hero__slider-nav\">\n\t\t\t\t<div class=\"c-hero__slider-nav-container\">\n\n\t\t\t\t\t<div class=\"swiper-scrollbar\"><\/div>\n\t\t\t\t\t<div class=\"c-hero__slider-nav-controls\">\n\t\t\t\t\t\t<div class=\"swiper-fraction\"><\/div>\n\t\t\t\t\t\t<div class=\"swiper-titles\">\n\t\t\t\t\t\t\t\t\t\t\t\t\t\t<div class=\"swiper-title swiper-title--active\" data-index=\"0\">E\u00e9n site, <br \/>drie stokerijen<\/div>\n\t\t\t\t\t\t\t\t\t\t\t\t\t<\/div>\n\t\t\t\t\t\t<div class=\"swiper-buttons\">\n\t\t\t\t\t\t\t<div class=\"swiper-button-prev\">\n\t\t\t\t\t\t\t\t<svg viewbox=\"0 0 16 16\">\n\t\t\t\t\t\t\t\t\t<use xlink:href=\"#circle-chevron-left\"><\/use>\n\t\t\t\t\t\t\t\t<\/svg>\n\t\t\t\t\t\t\t<\/div>\n\t\t\t\t\t\t\t<div class=\"swiper-button-next\">\n\t\t\t\t\t\t\t\t<svg viewbox=\"0 0 16 16\">\n\t\t\t\t\t\t\t\t\t<use xlink:href=\"#circle-chevron-right\"><\/use>\n\t\t\t\t\t\t\t\t<\/svg>\n\t\t\t\t\t\t\t<\/div>\n\t\t\t\t\t\t<\/div>\n\t\t\t\t\t<\/div>\n\t\t\t\t<\/div>\n\t\t\t<\/div>\n\n\t\t<\/div>\n\t<\/div>\n\n\n\t\t<a class=\"c-next-link c-next-link__center\" href=\"#meesterstokers\">\n\t\t<svg viewbox=\"0 0 20 20\">\n\t\t\t<use xlink:href=\"#arrow-down\"><\/use>\n\t\t<\/svg>\n\t<\/a>\n\t\n<\/section>\n\n\n\n\n<section class=\"c-pagenav \" id=\"pagenav-block_5f3181319061b\" data-aos=\"fade-up\">\n  <div class=\"container\">\n    <div class=\"c-pagenav__list c-pagenav__list--left\">\n            <div class=\"c-pagenav__item\">\n        <a class=\"c-pagenav__arrow\" href=\"#meesterstokers\">\n          <svg viewbox=\"0 0 20 20\">\n            <use xlink:href=\"#arrow-down-black\"><\/use>\n          <\/svg>\n        <\/a>\n      <\/div>\n            \n            <div class=\"c-pagenav__item\">\n        <a href=\"#meesterstokers\">Zes generaties meesterstokers<\/a>\n      <\/div>\n            <div class=\"c-pagenav__item\">\n        <a href=\"#drie-stokerijen\">Drie stokerijen<\/a>\n      <\/div>\n            <div class=\"c-pagenav__item\">\n        <a href=\"#rijpen-op-vat\">Rijpen op vat<\/a>\n      <\/div>\n          <\/div>\n  <\/div>\n<\/section>\n\n\n\n\n<section class=\"c-master-distillers \" id=\"meesterstokers\">\n\t<div class=\"container\" data-aos=\"fade-up\">\n\t\t<div class=\"c-master-distillers__row\">\n\t\t\t<div class=\"c-master-distillers__col\">\n\t\t\t\t\t\t\t<picture class=\"c-intro-home__pic-2\">\n\t\t\t\t\t<img class=\"c-lazy\" data-src=\"https:\/\/filliersdistillery.com\/wp-content\/uploads\/2020\/08\/craftmanship-photo-1.jpg\" alt=\"\"\/>\n\t\t\t\t<\/picture>\n\t\t\t\t\t\t<\/div>\n\t\t\t<div class=\"c-master-distillers__col\">\n\t\t\t\t<div class=\"c-master-distillers__text\">\n\t\t\t\t\t\t\t\t\t\t<h2>Zes generaties meesterstokers<\/h2>\n\t\t\t\t\t\t\t\t\t\t\t\t\t\t\t<p>De zes generaties hebben elk hun DNA nagelaten en bijgedragen aan het bedrijf met haar drie stokerijen. <\/p>\r\nGeheime recepten spreken daarvan uiteraard onmiddellijk tot de verbeelding. Maar net zo belangrijk is de opgebouwde kennis. <\/p>\n\t\t\t\t\t\t\t\t\t<\/div>\n\t\t\t\t\t\t\t\t<picture class=\"c-intro-home__pic-2\">\n\t\t\t\t\t<img class=\"c-lazy\" data-src=\"https:\/\/filliersdistillery.com\/wp-content\/uploads\/2020\/08\/craftmanship-photo-2.jpg\" alt=\"\"\/>\n\t\t\t\t<\/picture>\n\t\t\t\t\t\t<\/div>\n\t\t<\/div>\n\t<\/div>\n<\/section>\n\n\n\n\n<section class=\"c-visit c-visit--inverse\" id=\"drie-stokerijen\">\n\t<div class=\"c-visit__row\" data-aos=\"fade-up\">\n\t\t<div class=\"c-visit__col c-visit__col--left\">\n\t\t\t<div class=\"c-visit__inner c-visit__inner--left\">\n\t\t\t\t<div class=\"c-visit__head\">\n\t\t\t\t\t\t\t\t\t\t\t\t\t\t\t<h3>Drie stokerijen<\/h3>\n\t\t\t\t\t\t\t\t\t<\/div>\n\t\t\t\t<div class=\"c-visit__desc\">\n\t\t\t\t\t<p>Filliers Distillery heeft drie verschillende stokerijen, \u00e9\u00e9n voor gin, \u00e9\u00e9n voor genever &#038; \u00e9\u00e9n voor whisky. Wat uniek is in Belgi\u00eb. Alhoewel deze dranken veel gelijkenissen hebben, zijn er ook vele verschillen waarneembaar. Zo doorlopen deze spirits elk hun eigen proces. <\/p>\n\n\t\t\t\t\t<div class=\"c-visit__action\">\n\t\t\t\t\t\t\t\t\t\t<\/div>\n\t\t\t\t<\/div>\n\t\t\t<\/div>\n\t\t<\/div>\n\t\t<div class=\"c-visit__col c-visit__col--right\">\n\t\t\t<div class=\"c-visit__inner c-visit__inner--right\">\n\n\t\t\t\t<div class=\"c-visit__slider\">\n\t\t\t\t\t<div class=\"swiper-container c-visit__swiper\">\n\n\t\t\t\t\t\t<div class=\"swiper-wrapper\">\n\t\t\t\t\t\n\t\t\t\t\t\t\t\t\t\t\t\t\t\t<div class=\"swiper-slide\">\n\t\t\t\t\t\t\t\t\t\t\t\t\t\t\t\t\t<picture class=\"c-intro-home__pic-1\">\n\t\t\t\t\t\t\t\t\t\t<source media=\"(min-width: 600px)\" data-srcset=\"https:\/\/filliersdistillery.com\/wp-content\/uploads\/2020\/09\/filliers-drie-stokerijen-1-1.webp\" \/>\n\t\t\t\t\t\t\t\t\t\t<img class=\"c-lazy\" data-src=\"https:\/\/filliersdistillery.com\/wp-content\/uploads\/2020\/09\/filliers-drie-stokerijen-1-1-768x508.webp\" \n\t\t\t\t\t\t\t\t\t\talt=\"\"\/>\n\t\t\t\t\t\t\t\t\t<\/picture>\n\t\t\t\t\t\t\t\t\t\t\t\t\t\t\t\t\t<p class=\"c-visit__slide-footnote\">Whisky stokerij<\/p>\n\t\t\t\t\t\t\t\t\t\t\t\t\t\t\t<\/div>\n\t\t\t\t\t\t\t\t\t\t\t\t\t\t<div class=\"swiper-slide\">\n\t\t\t\t\t\t\t\t\t\t\t\t\t\t\t\t\t<picture class=\"c-intro-home__pic-1\">\n\t\t\t\t\t\t\t\t\t\t<source media=\"(min-width: 600px)\" data-srcset=\"https:\/\/filliersdistillery.com\/wp-content\/uploads\/2020\/09\/filliers-drie-stokerijen-2-1.webp\" \/>\n\t\t\t\t\t\t\t\t\t\t<img class=\"c-lazy\" data-src=\"https:\/\/filliersdistillery.com\/wp-content\/uploads\/2020\/09\/filliers-drie-stokerijen-2-1-768x508.webp\" \n\t\t\t\t\t\t\t\t\t\talt=\"\"\/>\n\t\t\t\t\t\t\t\t\t<\/picture>\n\t\t\t\t\t\t\t\t\t\t\t\t\t\t\t\t\t<p class=\"c-visit__slide-footnote\">Genever stokerij<\/p>\n\t\t\t\t\t\t\t\t\t\t\t\t\t\t\t<\/div>\n\t\t\t\t\t\t\t\t\t\t\t\t\t\t<div class=\"swiper-slide\">\n\t\t\t\t\t\t\t\t\t\t\t\t\t\t\t\t\t<picture class=\"c-intro-home__pic-1\">\n\t\t\t\t\t\t\t\t\t\t<source media=\"(min-width: 600px)\" data-srcset=\"https:\/\/filliersdistillery.com\/wp-content\/uploads\/2020\/09\/filliers-drie-stokerijen-3-1.webp\" \/>\n\t\t\t\t\t\t\t\t\t\t<img class=\"c-lazy\" data-src=\"https:\/\/filliersdistillery.com\/wp-content\/uploads\/2020\/09\/filliers-drie-stokerijen-3-1-768x508.webp\" \n\t\t\t\t\t\t\t\t\t\talt=\"\"\/>\n\t\t\t\t\t\t\t\t\t<\/picture>\n\t\t\t\t\t\t\t\t\t\t\t\t\t\t\t\t\t<p class=\"c-visit__slide-footnote\">Gin stokerij<\/p>\n\t\t\t\t\t\t\t\t\t\t\t\t\t\t\t<\/div>\n\t\t\t\t\t\t\t\t\t\t\t\t\t<\/div>\n\t\t\t\t\t\t<div class=\"swiper__nav swiper__nav--inverse\">\n\t\t\t\t\t\t\t<div class=\"swiper-fraction\"><\/div>\n\t\t\t\t\t\t\t<div class=\"swiper-scrollbar\"><\/div>\n\t\t\t\t\t\t\t<div class=\"swiper__nav-buttons\">\n\t\t\t\t\t\t\t\t\n\t\t\t\t\t\t\t\t\t\t\t\t\t\t\t\t<div class=\"swiper-button-prev\">\n\t\t\t\t\t\t\t\t\t<svg viewbox=\"0 0 16 16\">\n\t\t\t\t\t\t\t\t\t\t<use xlink:href=\"#icon-chevron-right-circle-black\"><\/use>\n\t\t\t\t\t\t\t\t\t<\/svg>\n\t\t\t\t\t\t\t\t<\/div>\n\t\t\t\t\t\t\t\t<div class=\"swiper-button-next\">\n\t\t\t\t\t\t\t\t\t<svg viewbox=\"0 0 16 16\">\n\t\t\t\t\t\t\t\t\t\t<use xlink:href=\"#icon-chevron-right-circle-black\"><\/use>\n\t\t\t\t\t\t\t\t\t<\/svg>\n\t\t\t\t\t\t\t\t<\/div>\n\t\t\t\t\t\t\t\t\t\t\t\t\t\t\t<\/div>\n\t\t\t\t\t\t<\/div>\n\t\t\t\t\t<\/div>\n\t\t\t\t<\/div>\n\n\t\t\t<\/div>\n\t\t<\/div>\n\t<\/div>\n\t<div class=\"c-visit__footer\">\n\t\t<div class=\"c-visit__desc\">\n\t\t\t<p>Filliers Distillery heeft drie verschillende stokerijen, \u00e9\u00e9n voor gin, \u00e9\u00e9n voor genever &#038; \u00e9\u00e9n voor whisky. Wat uniek is in Belgi\u00eb. Alhoewel deze dranken veel gelijkenissen hebben, zijn er ook vele verschillen waarneembaar. Zo doorlopen deze spirits elk hun eigen proces. <\/p>\n\n\t\t\t<div class=\"c-visit__action\">\n\t\t\t\t\t\t<\/div>\n\t\t<\/div>\n\t<\/div>\n<\/section>\n\n\n\n\n<section class=\"c-videos \" id=\"videos-block_5f32670367b31\" data-aos=\"fade-up\">\n\t<div class=\"container\">\n\t\t<div class=\"c-videos__row\">\n\t\t\n\t\t\t\t\t<div class=\"c-videos__col\">\n\t\t\t\t<div class=\"c-video-card\">\n\t\t\t\t\t<a href=\"https:\/\/filliersdistillery.com\/wp-content\/uploads\/2022\/12\/jenever.mp4\" class=\"glightbox\">\n\t\t\t\t\t\t\t\t\t\t\t\t<picture class=\"c-video-card__poster\">\n\t\t\t\t\t\t\t<img class=\"c-lazy\" data-src=\"https:\/\/filliersdistillery.com\/wp-content\/uploads\/2020\/10\/Tekengebied-1-1.jpg\" alt=\"\" \/>\n\t\t\t\t\t\t<\/picture>\n\t\t\t\t\t\t\t\t\t\t\t\t<div class=\"c-video-card__icon\">\n\t\t\t\t\t\t\t<svg viewbox=\"0 0 72 72\">\n\t\t\t\t\t\t\t\t<use xlink:href=\"#icon-play\"><\/use>\n\t\t\t\t\t\t\t<\/svg>\n\t\t\t\t\t\t<\/div>\n\t\t\t\t\t\t<div class=\"c-video-card__text\">\n\t\t\t\t\t\t\t\t\t\t\t\t\t\t<h4>Genever<\/h4>\n\t\t\t\t\t\t\t\t\t\t\t\t\t\t\t\t\t\t\t\t\t<p>Ontdek hoe onze genevers worden gemaakt.<\/p>\n\t\t\t\t\t\t\t\t\t\t\t\t\t<\/div>\n\t\t\t\t\t<\/a>\n\t\t\t\t<\/div>\n\t\t\t\t\t\t\t<\/div>\t\n\t\t\t\t\t<div class=\"c-videos__col\">\n\t\t\t\t<div class=\"c-video-card\">\n\t\t\t\t\t<a href=\"https:\/\/filliersdistillery.com\/wp-content\/uploads\/2022\/12\/gin.mp4\" class=\"glightbox\">\n\t\t\t\t\t\t\t\t\t\t\t\t<picture class=\"c-video-card__poster\">\n\t\t\t\t\t\t\t<img class=\"c-lazy\" data-src=\"https:\/\/filliersdistillery.com\/wp-content\/uploads\/2020\/09\/Tekengebied-3-1.jpg\" alt=\"\" \/>\n\t\t\t\t\t\t<\/picture>\n\t\t\t\t\t\t\t\t\t\t\t\t<div class=\"c-video-card__icon\">\n\t\t\t\t\t\t\t<svg viewbox=\"0 0 72 72\">\n\t\t\t\t\t\t\t\t<use xlink:href=\"#icon-play\"><\/use>\n\t\t\t\t\t\t\t<\/svg>\n\t\t\t\t\t\t<\/div>\n\t\t\t\t\t\t<div class=\"c-video-card__text\">\n\t\t\t\t\t\t\t\t\t\t\t\t\t\t<h4>Gin<\/h4>\n\t\t\t\t\t\t\t\t\t\t\t\t\t\t\t\t\t\t\t\t\t<p>Hoe komt onze gin tot stand? <\/p>\n\t\t\t\t\t\t\t\t\t\t\t\t\t<\/div>\n\t\t\t\t\t<\/a>\n\t\t\t\t<\/div>\n\t\t\t\t\t\t\t<\/div>\t\n\t\t\t\t\t<div class=\"c-videos__col\">\n\t\t\t\t<div class=\"c-video-card\">\n\t\t\t\t\t<a href=\"https:\/\/filliersdistillery.com\/wp-content\/uploads\/2022\/12\/wiskey.mp4\" class=\"glightbox\">\n\t\t\t\t\t\t\t\t\t\t\t\t<picture class=\"c-video-card__poster\">\n\t\t\t\t\t\t\t<img class=\"c-lazy\" data-src=\"https:\/\/filliersdistillery.com\/wp-content\/uploads\/2020\/09\/Tekengebied-2-1.jpg\" alt=\"\" \/>\n\t\t\t\t\t\t<\/picture>\n\t\t\t\t\t\t\t\t\t\t\t\t<div class=\"c-video-card__icon\">\n\t\t\t\t\t\t\t<svg viewbox=\"0 0 72 72\">\n\t\t\t\t\t\t\t\t<use xlink:href=\"#icon-play\"><\/use>\n\t\t\t\t\t\t\t<\/svg>\n\t\t\t\t\t\t<\/div>\n\t\t\t\t\t\t<div class=\"c-video-card__text\">\n\t\t\t\t\t\t\t\t\t\t\t\t\t\t<h4>Whisky<\/h4>\n\t\t\t\t\t\t\t\t\t\t\t\t\t\t\t\t\t\t\t\t\t<p>Bekijk hier het volledige whisky proces.<\/p>\n\t\t\t\t\t\t\t\t\t\t\t\t\t<\/div>\n\t\t\t\t\t<\/a>\n\t\t\t\t<\/div>\n\t\t\t\t\t\t\t<\/div>\t\n\t\t\n\t\t<\/div>\n\t<\/div>\n<\/section>\n\n\n\n\n<section class=\"c-image-desc c-image-desc--reverse \" id=\"rijpen-op-vat\">\n\n\t<div class=\"container\" data-aos=\"fade-up\">\n\t\t<div class=\"c-image-desc__row\">\n\n\t\t\t<div class=\"c-image-desc__col\">\n\t\t\t\t\t\t\t\t<picture class=\"c-image-desc__image\">\n\t\t\t\t\t<img class=\"c-lazy\" data-src=\"https:\/\/filliersdistillery.com\/wp-content\/uploads\/2020\/09\/Filliers-rijpen-op-vat.jpg\" alt=\"\" \/>\n\t\t\t\t<\/picture>\n\t\t\t\t\t\t\t<\/div>\n\n\t\t\t<div class=\"c-image-desc__col\">\n\t\t\t\t<div class=\"c-image-desc__inner\">\n\t\t\t\t\t<div class=\"c-image-desc__head\">\n\t\t\t\t\t\t\t\t\t\t\t\t\t\t\t\t\t\t<h3>Rijpen op vat<\/h3>\n\t\t\t\t\t\t\t\t\t\t\t<\/div>\n\t\t\t\t\t<div class=\"c-image-desc__desc c-image-desc__desc--normal\">\n\t\t\t\t\t\t<p>Al in de jaren 1960 werd bij Filliers Distillery begonnen met het rijpen (barrel ageing) van spirits. Aanvankelijk gebeurde het rijpen enkel op Bourbon vaten van Amerikaanse eik, dit puur voor onze genever. Later werden hier ook Sherry vaten van Europese eik aan toegevoegd, die gebruiken we op vandaag nog altijd voor het rijpen van onze single malt whisky.<p>Het is een punt van eer om daarbij te vermelden dat de aanwezige Bourbon &#038; Sherry aspecten in de smaak effectief afkomstig zijn van het hout, net zoals de kleur, en niet van toegevoegde aroma\u2019s of kleurstoffen.<p>Dankzij het pionierswerk van Carlos &#038; Louis Filliers beschikt Filliers Distillery vandaag over een van de grootste rijpingscapaciteiten van Belgi\u00eb, Nederland &#038; Luxemburg.<\/p>\n\n\t\t\t\t\t\t\t\t\t\t\t<\/div>\n\t\t\t\t<\/div>\n\t\t\t<\/div>\n\t\t\t\n\t\t<\/div>\n\t<\/div>\n\n<\/section>\n\n\n\n\n\n\n<section class=\"c-craftmanship \" id=\"craftmanship-block_5f33cfa51cfd0\" data-aos=\"fade-up\">\n  <div class=\"container\">\n\n    \n    \n    \n      <div class=\"c-craftmanship__desc\">\n              <\/div>\n    \n  <\/div>\n  <div class=\"c-craftmanship__slider\">\n    <div class=\"swiper-container c-craftmanship__swiper\">\n      <div class=\"swiper-wrapper\">\n\n                <div class=\"swiper-slide\">\n          <picture>\n            <img class=\"swiper-lazy\" data-src=\"https:\/\/filliersdistillery.com\/wp-content\/uploads\/2020\/09\/Filliers-rijpen-op-vat-collage-1.jpg\" alt=\"\"\/>\n          <\/picture>\n        <\/div>\n                <div class=\"swiper-slide\">\n          <picture>\n            <img class=\"swiper-lazy\" data-src=\"https:\/\/filliersdistillery.com\/wp-content\/uploads\/2020\/09\/filliers-rijpen-op-vat-2.jpg\" alt=\"\"\/>\n          <\/picture>\n        <\/div>\n                <div class=\"swiper-slide\">\n          <picture>\n            <img class=\"swiper-lazy\" data-src=\"https:\/\/filliersdistillery.com\/wp-content\/uploads\/2020\/09\/filliers-rijpen-op-vat-3.jpg\" alt=\"\"\/>\n          <\/picture>\n        <\/div>\n                \n      <\/div>\n      <div class=\"container\">\n        <div class=\"swiper__nav\">\n          <div class=\"swiper-fraction\"><\/div>\n          <div class=\"swiper-scrollbar\"><\/div>\n          <div class=\"swiper__nav-buttons\">\n            <div class=\"swiper-button-prev\">\n              <svg viewbox=\"0 0 16 16\">\n                <use xlink:href=\"#icon-chevron-right-circle-white\"><\/use>\n              <\/svg>\n            <\/div>\n            <div class=\"swiper-button-next\">\n              <svg viewbox=\"0 0 16 16\">\n                <use xlink:href=\"#icon-chevron-right-circle-white\"><\/use>\n              <\/svg>\n            <\/div>\n          <\/div>\n        <\/div>\n      <\/div>\n      \n    <\/div>\n  <\/div>\n\n  <\/section>","protected":false},"excerpt":{"rendered":"","protected":false},"author":4,"featured_media":0,"parent":226,"menu_order":0,"comment_status":"closed","ping_status":"closed","template":"","meta":{"footnotes":""},"class_list":["post-224","page","type-page","status-publish","hentry"],"yoast_head":"<!-- This site is optimized with the Yoast SEO plugin v14.8 - https:\/\/yoast.com\/wordpress\/plugins\/seo\/ -->\n<title>Ons Vakmanschap | Filliers Distillery<\/title>\n<meta name=\"robots\" content=\"index, follow\" \/>\n<meta name=\"googlebot\" content=\"index, follow, max-snippet:-1, max-image-preview:large, max-video-preview:-1\" \/>\n<meta name=\"bingbot\" content=\"index, follow, max-snippet:-1, max-image-preview:large, max-video-preview:-1\" \/>\n<link rel=\"canonical\" href=\"https:\/\/filliersdistillery.com\/nl\/craftmanship\/\" \/>\n<meta property=\"og:locale\" content=\"nl_NL\" \/>\n<meta property=\"og:type\" content=\"article\" \/>\n<meta property=\"og:title\" content=\"Ons Vakmanschap | Filliers Distillery\" \/>\n<meta property=\"og:url\" content=\"https:\/\/filliersdistillery.com\/nl\/craftmanship\/\" \/>\n<meta property=\"og:site_name\" content=\"Filliers Distillery\" \/>\n<meta property=\"article:modified_time\" content=\"2024-09-26T07:14:08+00:00\" \/>\n<meta name=\"twitter:card\" content=\"summary_large_image\" \/>\n<script type=\"application\/ld+json\" class=\"yoast-schema-graph\">{\"@context\":\"https:\/\/schema.org\",\"@graph\":[{\"@type\":\"Organization\",\"@id\":\"https:\/\/filliersdistillery.com\/nl\/#organization\",\"name\":\"Filliers Distillery\",\"url\":\"https:\/\/filliersdistillery.com\/nl\/\",\"sameAs\":[],\"logo\":{\"@type\":\"ImageObject\",\"@id\":\"https:\/\/filliersdistillery.com\/nl\/#logo\",\"inLanguage\":\"nl-NL\",\"url\":\"https:\/\/filliersdistillery.com\/wp-content\/uploads\/2024\/01\/FILLIERSDISTILLERY_black_CMYK.png\",\"width\":2363,\"height\":1182,\"caption\":\"Filliers Distillery\"},\"image\":{\"@id\":\"https:\/\/filliersdistillery.com\/nl\/#logo\"}},{\"@type\":\"WebSite\",\"@id\":\"https:\/\/filliersdistillery.com\/nl\/#website\",\"url\":\"https:\/\/filliersdistillery.com\/nl\/\",\"name\":\"Filliers Distillery\",\"description\":\"Filliers Distillery\",\"publisher\":{\"@id\":\"https:\/\/filliersdistillery.com\/nl\/#organization\"},\"potentialAction\":[{\"@type\":\"SearchAction\",\"target\":\"https:\/\/filliersdistillery.com\/nl\/?s={search_term_string}\",\"query-input\":\"required name=search_term_string\"}],\"inLanguage\":\"nl-NL\"},{\"@type\":\"WebPage\",\"@id\":\"https:\/\/filliersdistillery.com\/nl\/craftmanship\/#webpage\",\"url\":\"https:\/\/filliersdistillery.com\/nl\/craftmanship\/\",\"name\":\"Ons Vakmanschap | Filliers Distillery\",\"isPartOf\":{\"@id\":\"https:\/\/filliersdistillery.com\/nl\/#website\"},\"datePublished\":\"2020-08-08T07:09:46+00:00\",\"dateModified\":\"2024-09-26T07:14:08+00:00\",\"breadcrumb\":{\"@id\":\"https:\/\/filliersdistillery.com\/nl\/craftmanship\/#breadcrumb\"},\"inLanguage\":\"nl-NL\",\"potentialAction\":[{\"@type\":\"ReadAction\",\"target\":[\"https:\/\/filliersdistillery.com\/nl\/craftmanship\/\"]}]},{\"@type\":\"BreadcrumbList\",\"@id\":\"https:\/\/filliersdistillery.com\/nl\/craftmanship\/#breadcrumb\",\"itemListElement\":[{\"@type\":\"ListItem\",\"position\":1,\"item\":{\"@type\":\"WebPage\",\"@id\":\"https:\/\/filliersdistillery.com\/nl\/our-distillery\/\",\"url\":\"https:\/\/filliersdistillery.com\/nl\/our-distillery\/\",\"name\":\"Onze Stokerij\"}},{\"@type\":\"ListItem\",\"position\":2,\"item\":{\"@type\":\"WebPage\",\"@id\":\"https:\/\/filliersdistillery.com\/nl\/craftmanship\/\",\"url\":\"https:\/\/filliersdistillery.com\/nl\/craftmanship\/\",\"name\":\"Ons Vakmanschap\"}}]}]}<\/script>\n<!-- \/ Yoast SEO plugin. -->","_links":{"self":[{"href":"https:\/\/filliersdistillery.com\/nl\/wp-json\/wp\/v2\/pages\/224","targetHints":{"allow":["GET"]}}],"collection":[{"href":"https:\/\/filliersdistillery.com\/nl\/wp-json\/wp\/v2\/pages"}],"about":[{"href":"https:\/\/filliersdistillery.com\/nl\/wp-json\/wp\/v2\/types\/page"}],"author":[{"embeddable":true,"href":"https:\/\/filliersdistillery.com\/nl\/wp-json\/wp\/v2\/users\/4"}],"replies":[{"embeddable":true,"href":"https:\/\/filliersdistillery.com\/nl\/wp-json\/wp\/v2\/comments?post=224"}],"version-history":[{"count":0,"href":"https:\/\/filliersdistillery.com\/nl\/wp-json\/wp\/v2\/pages\/224\/revisions"}],"up":[{"embeddable":true,"href":"https:\/\/filliersdistillery.com\/nl\/wp-json\/wp\/v2\/pages\/226"}],"wp:attachment":[{"href":"https:\/\/filliersdistillery.com\/nl\/wp-json\/wp\/v2\/media?parent=224"}],"curies":[{"name":"wp","href":"https:\/\/api.w.org\/{rel}","templated":true}]}}