{"id":808,"date":"2020-08-24T12:53:15","date_gmt":"2020-08-24T12:53:15","guid":{"rendered":"http:\/\/localhost:10013\/?page_id=808"},"modified":"2020-12-01T16:46:40","modified_gmt":"2020-12-01T16:46:40","slug":"services","status":"publish","type":"page","link":"https:\/\/filliersdistillery.com\/nl\/services\/","title":{"rendered":"Services"},"content":{"rendered":"<section class=\"c-hero c-hero--left \" id=\"hero-block_5f5f592eb6139\" data-aos=\"fade-up\">\n\t<div class=\"c-hero__slider\">\n\t\t<div class=\"swiper-container c-hero__swiper\">\n\t\t\t<div class=\"swiper-wrapper\">\n\n\t\t\t\t\t\t\t\t<div class=\"swiper-slide\">\n\n\t\t\t\t\t\t\t\t\t\t<div class=\"c-hero__slider-image\">\n\t\t\t\t\t\t\n\t\t\n\t<picture>\n\t\t\t\t\t<source media=\"(min-width: 768px)\" data-srcset=\"https:\/\/filliersdistillery.com\/wp-content\/uploads\/2020\/09\/Filliers-header-services-1-800x0-c-default.webp 1x, https:\/\/filliersdistillery.com\/wp-content\/uploads\/2020\/09\/Filliers-header-services-1-1600x0-c-default.webp 2x\" \/>\n\t\t\t\t\t\t\t<source media=\"(min-width: 480px)\" data-srcset=\"https:\/\/filliersdistillery.com\/wp-content\/uploads\/2020\/09\/Filliers-header-services-1-400x0-c-default.webp 1x, https:\/\/filliersdistillery.com\/wp-content\/uploads\/2020\/09\/Filliers-header-services-1-800x0-c-default.webp 2x\" \/>\n\t\t\t<img class=\"swiper-lazy\" data-src=\"https:\/\/filliersdistillery.com\/wp-content\/uploads\/2020\/09\/Filliers-header-services-1.jpg\" alt=\"\" \/>\n\t\t\t<\/picture>\n\n\t\t\t\t\t<\/div>\n\t\t\t\t\t\t\t\t\t\t\n\n\t\t\t\t\t<div class=\"c-hero__slider-space\"><\/div>\n\t\t\t\t\t<div class=\"c-hero__slider-content\">\n\t\t\t\t\t\t<div class=\"container\">\n\t\t\t\t\t\t\t\t\t\t\t\t\t\t\t\t\t\t\t\t\t<h1 class=\"c-hero__slider-title\">Services<\/h1>\n\t\t\t\t\t\t\t\t\t\t\t\t\t\t\t\t\t\t\t\t\t<p>Naast een lange ervaring in het produceren van eigen merken kan Filliers Distillery andere bedrijven actief in de spirits business helpen met verschillende services. Dit gaat van de productie van halffabricaten of afgewerkte producten tot nieuwe spirits en distillaten. Met een jaarlijkse productie van enkele miljoenen liter is Filliers Distillery daardoor een van de grootste aanbieders in haar soort.\r\n<\/p>\n\t\t\t\t\t\t\t\t\t\t\t\t\t\t\t\t\t\t\t\t<\/div>\n\t\t\t\t\t<\/div>\n\t\t\t\t<\/div>\n\t\t\t\t\t\t\t<\/div>\n\n\t\t\t<div class=\"c-hero__slider-nav\">\n\t\t\t\t<div class=\"c-hero__slider-nav-container\">\n\n\t\t\t\t\t<div class=\"swiper-scrollbar\"><\/div>\n\t\t\t\t\t<div class=\"c-hero__slider-nav-controls\">\n\t\t\t\t\t\t<div class=\"swiper-fraction\"><\/div>\n\t\t\t\t\t\t<div class=\"swiper-titles\">\n\t\t\t\t\t\t\t\t\t\t\t\t\t\t<div class=\"swiper-title swiper-title--active\" data-index=\"0\">Services<\/div>\n\t\t\t\t\t\t\t\t\t\t\t\t\t<\/div>\n\t\t\t\t\t\t<div class=\"swiper-buttons\">\n\t\t\t\t\t\t\t<div class=\"swiper-button-prev\">\n\t\t\t\t\t\t\t\t<svg viewbox=\"0 0 16 16\">\n\t\t\t\t\t\t\t\t\t<use xlink:href=\"#circle-chevron-left\"><\/use>\n\t\t\t\t\t\t\t\t<\/svg>\n\t\t\t\t\t\t\t<\/div>\n\t\t\t\t\t\t\t<div class=\"swiper-button-next\">\n\t\t\t\t\t\t\t\t<svg viewbox=\"0 0 16 16\">\n\t\t\t\t\t\t\t\t\t<use xlink:href=\"#circle-chevron-right\"><\/use>\n\t\t\t\t\t\t\t\t<\/svg>\n\t\t\t\t\t\t\t<\/div>\n\t\t\t\t\t\t<\/div>\n\t\t\t\t\t<\/div>\n\t\t\t\t<\/div>\n\t\t\t<\/div>\n\n\t\t<\/div>\n\t<\/div>\n\n\n\t\t<a class=\"c-next-link c-next-link__left\" href=\"#fermentatie\">\n\t\t<svg viewbox=\"0 0 20 20\">\n\t\t\t<use xlink:href=\"#arrow-down\"><\/use>\n\t\t<\/svg>\n\t<\/a>\n\t\n<\/section>\n\n\n\n\n<section class=\"c-pagenav \" id=\"pagenav-block_5f43b958867b2\" data-aos=\"fade-up\">\n  <div class=\"container\">\n    <div class=\"c-pagenav__list c-pagenav__list--left\">\n            <div class=\"c-pagenav__item\">\n        <a class=\"c-pagenav__arrow\" href=\"#fermentatie\">\n          <svg viewbox=\"0 0 20 20\">\n            <use xlink:href=\"#arrow-down-black\"><\/use>\n          <\/svg>\n        <\/a>\n      <\/div>\n            \n            <div class=\"c-pagenav__item\">\n        <a href=\"#fermentatie\">Fermentatie, distillatie, rectificatie<\/a>\n      <\/div>\n            <div class=\"c-pagenav__item\">\n        <a href=\"#liquid-engineering\">Liquid Engineering<\/a>\n      <\/div>\n            <div class=\"c-pagenav__item\">\n        <a href=\"#bottelen-verpakken\">Bottelen &amp; Verpakken<\/a>\n      <\/div>\n            <div class=\"c-pagenav__item\">\n        <a href=\"#distillaten-rijpen\">Distillaten rijpen<\/a>\n      <\/div>\n          <\/div>\n  <\/div>\n<\/section>\n\n\n\n\n<section class=\"c-image-desc  \" id=\"fermentatie\">\n\n\t<div class=\"container\" data-aos=\"fade-up\">\n\t\t<div class=\"c-image-desc__row\">\n\n\t\t\t<div class=\"c-image-desc__col\">\n\t\t\t\t\t\t\t\t<picture class=\"c-image-desc__image\">\n\t\t\t\t\t<img class=\"c-lazy\" data-src=\"https:\/\/filliersdistillery.com\/wp-content\/uploads\/2020\/09\/Filliers-fermentatie.jpg\" alt=\"\" \/>\n\t\t\t\t<\/picture>\n\t\t\t\t\t\t\t<\/div>\n\n\t\t\t<div class=\"c-image-desc__col\">\n\t\t\t\t<div class=\"c-image-desc__inner\">\n\t\t\t\t\t<div class=\"c-image-desc__head\">\n\t\t\t\t\t\t\t\t\t\t\t\t\t\t\t\t\t\t<h3>Fermentatie, distillatie, rectificatie<\/h3>\n\t\t\t\t\t\t\t\t\t\t\t<\/div>\n\t\t\t\t\t<div class=\"c-image-desc__desc c-image-desc__desc--small\">\n\t\t\t\t\t\t<p>Het fermenteren en distilleren van granen is al sinds 1880 de hoofdzaak van Filliers Distillery. Daardoor is de stokerij een van de topspelers in de productie van new spirits op een globale schaal. Het bedrijf heeft een vari\u00ebteit aan verschillende maisch-methodes voor quasi alle types graan (mout, tarwe, rogge, haver, mais, sorghum, &#8230;) zowel bio als niet-bio. Daarnaast bieden onze meesterstokers de nodige assistentie en adviezen om de goeie selectie en proporties van granen te maken.<\/p>\r\n<p>De stokerij is een professionele partner voor andere professionals die hulp nodig hebben bij het distilleren of rectificeren van spirits. Hiervoor worden verschillende soorten stookinstallaties gebruikt voor het distilleren van zowel granen alsook kruiden en fruit. <\/p>\r\n<p>Doorheen de jaren heeft de stokerij een uitgebreide kennis vergaard van zowel grondstoffen als \u2018\u2019versnijden\u201d van spirits en andere distillatie technieken. Naast de eerste distillatie kan ook een tweede en\/of derde distillatie voorzien worden, afhankelijk van de noden van de klant. <\/p>\r\n<p>Filliers Distillery kan deze producten in bulk bijna overal ter wereld laten leveren, compleet volgens de wensen van de klant.<\/p>\n\n\t\t\t\t\t\t\t\t\t\t\t<\/div>\n\t\t\t\t<\/div>\n\t\t\t<\/div>\n\t\t\t\n\t\t<\/div>\n\t<\/div>\n\n<\/section>\n\n\n\n\n<section class=\"c-image-desc c-image-desc--reverse \" id=\"liquid-engineering\">\n\n\t<div class=\"container\" data-aos=\"fade-up\">\n\t\t<div class=\"c-image-desc__row\">\n\n\t\t\t<div class=\"c-image-desc__col\">\n\t\t\t\t\t\t\t\t<picture class=\"c-image-desc__image\">\n\t\t\t\t\t<img class=\"c-lazy\" data-src=\"https:\/\/filliersdistillery.com\/wp-content\/uploads\/2020\/09\/Filliers-liquid-engineering.jpg\" alt=\"\" \/>\n\t\t\t\t<\/picture>\n\t\t\t\t\t\t\t<\/div>\n\n\t\t\t<div class=\"c-image-desc__col\">\n\t\t\t\t<div class=\"c-image-desc__inner\">\n\t\t\t\t\t<div class=\"c-image-desc__head\">\n\t\t\t\t\t\t\t\t\t\t\t\t\t\t\t\t\t\t<h3>Liquid Engineering<\/h3>\n\t\t\t\t\t\t\t\t\t\t\t<\/div>\n\t\t\t\t\t<div class=\"c-image-desc__desc c-image-desc__desc--small\">\n\t\t\t\t\t\t<p>Naast het begeleiden van specifieke noden voor verscheidene spirit processing bedrijven, kan Filliers Distillery ook bedrijven helpen met een op maat gemaakt ontwikkelingsproces voor eender welk type spirit.<p> Onze meesterstokers hebben toegang tot flexibele distillatie mogelijkheden die ervoor zorgen dat een uitgebreid arsenaal aan spirits kan gemaakt worden zoals: gin, genever, whisky (new spirits), vodka, gearomatiseerde spirits, likeuren, distillaten, moutwijn, \u2026<\/p>\n\n\t\t\t\t\t\t\t\t\t\t\t<\/div>\n\t\t\t\t<\/div>\n\t\t\t<\/div>\n\t\t\t\n\t\t<\/div>\n\t<\/div>\n\n<\/section>\n\n\n\n\n<section class=\"c-image-desc  \" id=\"bottelen-verpakken\">\n\n\t<div class=\"container\" data-aos=\"fade-up\">\n\t\t<div class=\"c-image-desc__row\">\n\n\t\t\t<div class=\"c-image-desc__col\">\n\t\t\t\t\t\t\t\t<picture class=\"c-image-desc__image\">\n\t\t\t\t\t<img class=\"c-lazy\" data-src=\"https:\/\/filliersdistillery.com\/wp-content\/uploads\/2020\/09\/Filliers-bottelen-verpakken.jpg\" alt=\"\" \/>\n\t\t\t\t<\/picture>\n\t\t\t\t\t\t\t<\/div>\n\n\t\t\t<div class=\"c-image-desc__col\">\n\t\t\t\t<div class=\"c-image-desc__inner\">\n\t\t\t\t\t<div class=\"c-image-desc__head\">\n\t\t\t\t\t\t\t\t\t\t\t\t\t\t\t\t\t\t<h3>Bottelen &#038; Verpakken<\/h3>\n\t\t\t\t\t\t\t\t\t\t\t<\/div>\n\t\t\t\t\t<div class=\"c-image-desc__desc c-image-desc__desc--small\">\n\t\t\t\t\t\t<p>Ondanks dat distilleren de core business is van Filliers Distillery heeft de stokerij ook haar eigen bottelarij. Met verschillende lijnen ter beschikking kan Filliers Distillery flessen vullen en labelen volgens verschillende methodes. <p>Deze service kan ook in combinatie met de productie van spirits aangeboden worden.\r\n<\/p>\n\n\t\t\t\t\t\t\t\t\t\t\t<\/div>\n\t\t\t\t<\/div>\n\t\t\t<\/div>\n\t\t\t\n\t\t<\/div>\n\t<\/div>\n\n<\/section>\n\n\n\n\n<section class=\"c-image-desc c-image-desc--reverse \" id=\"distillaten-rijpen\">\n\n\t<div class=\"container\" data-aos=\"fade-up\">\n\t\t<div class=\"c-image-desc__row\">\n\n\t\t\t<div class=\"c-image-desc__col\">\n\t\t\t\t\t\t\t\t<picture class=\"c-image-desc__image\">\n\t\t\t\t\t<img class=\"c-lazy\" data-src=\"https:\/\/filliersdistillery.com\/wp-content\/uploads\/2020\/09\/Filliers-distillaten-rijpen.jpg\" alt=\"\" \/>\n\t\t\t\t<\/picture>\n\t\t\t\t\t\t\t<\/div>\n\n\t\t\t<div class=\"c-image-desc__col\">\n\t\t\t\t<div class=\"c-image-desc__inner\">\n\t\t\t\t\t<div class=\"c-image-desc__head\">\n\t\t\t\t\t\t\t\t\t\t\t\t\t\t\t\t\t\t<h3>Distillaten rijpen<\/h3>\n\t\t\t\t\t\t\t\t\t\t\t<\/div>\n\t\t\t\t\t<div class=\"c-image-desc__desc c-image-desc__desc--small\">\n\t\t\t\t\t\t<p>Filliers Distillery heeft \u00e9\u00e9n van de grootste rijpingscapaciteiten in Belgi\u00eb, Nederland &#038; Luxemburg. Hierdoor kan de stokerij verschillende mogelijkheden bieden voor het rijpen van spirits. <p>Filliers Distillery heeft dankzij het jarenlang rijpen de nodige kennis en betrouwbare partners om op een effectieve manier spirits te laten rijpen. Zowel op Bourbon vaten, Sherry vaten, Limousin vaten, \u2026 Het correct blenden van de verschillende vaten (indien nodig) is uiteraard een evidentie hierin.<\/p>\n\n\t\t\t\t\t\t\t\t\t\t\t<\/div>\n\t\t\t\t<\/div>\n\t\t\t<\/div>\n\t\t\t\n\t\t<\/div>\n\t<\/div>\n\n<\/section>\n\n\n\n<section class=\"c-cta \" id=\"cta-block_5fa061e61dba2\" data-aos=\"fade-up\">\n\t<div class=\"c-cta__background\">\n\t\t\n\t\t\n\t<picture>\n\t\t\t\t\t<source media=\"(min-width: 768px)\" data-srcset=\"https:\/\/filliersdistillery.com\/wp-content\/uploads\/2020\/08\/cta-scaled-800x0-c-default.webp 1x, https:\/\/filliersdistillery.com\/wp-content\/uploads\/2020\/08\/cta-scaled-1600x0-c-default.webp 2x\" \/>\n\t\t\t\t\t\t\t<source media=\"(min-width: 480px)\" data-srcset=\"https:\/\/filliersdistillery.com\/wp-content\/uploads\/2020\/08\/cta-scaled-400x0-c-default.webp 1x, https:\/\/filliersdistillery.com\/wp-content\/uploads\/2020\/08\/cta-scaled-800x0-c-default.webp 2x\" \/>\n\t\t\t<img class=\"c-lazy\" data-src=\"https:\/\/filliersdistillery.com\/wp-content\/uploads\/2020\/08\/cta-scaled.jpg\" alt=\"\" \/>\n\t\t\t<\/picture>\n\n\t<\/div>\n\t<div class=\"container\">\n\t\t<div class=\"c-cta__content\">\n\t\t\t\t\t\t\t<h3 class=\"c-cta__title\">Heb je een vraag?<\/h3>\n\t\t\t\t\t\t<div class=\"c-cta__desc\">\n\t\t\t\t\t\t\t\t\t<p>Ben je op zoek naar meer informatie over onze stokerij? Contacteer ons hier.<\/p>\n\t\t\t\t\t\t\t\t\t\t\t\t<a class=\"c-button c-button--ghost-light c-button--large  \" href=\"http:\/\/filliers.wpengine.com\/contact\/\" >\n\t<span class=\"c-button__text\">Contact<\/span>\n\t<span class=\"c-button__icon\">\n\t\t<svg viewbox=\"0 0 16 16\">\n\t\t\t<use xlink:href=\"#icon-arrow-right-circle-white\"><\/use>\n\t\t<\/svg>\n\t<\/span>\n<\/a>\n\n\t\t\t\t\t\t\t<\/div>\n\t\t<\/div>\n\t<\/div>\n<\/section>\n\n","protected":false},"excerpt":{"rendered":"","protected":false},"author":4,"featured_media":0,"parent":737,"menu_order":0,"comment_status":"closed","ping_status":"closed","template":"","meta":{"footnotes":""},"class_list":["post-808","page","type-page","status-publish","hentry"],"yoast_head":"<!-- This site is optimized with the Yoast SEO plugin v14.8 - https:\/\/yoast.com\/wordpress\/plugins\/seo\/ -->\n<title>Services | Filliers Distillery<\/title>\n<meta name=\"robots\" content=\"index, follow\" \/>\n<meta name=\"googlebot\" content=\"index, follow, max-snippet:-1, max-image-preview:large, max-video-preview:-1\" \/>\n<meta name=\"bingbot\" content=\"index, follow, max-snippet:-1, max-image-preview:large, max-video-preview:-1\" \/>\n<link rel=\"canonical\" href=\"http:\/\/filliers.wpengine.com\/nl\/services\/\" \/>\n<meta property=\"og:locale\" content=\"nl_NL\" \/>\n<meta property=\"og:type\" content=\"article\" \/>\n<meta property=\"og:title\" content=\"Services | Filliers Distillery\" \/>\n<meta property=\"og:url\" content=\"http:\/\/filliers.wpengine.com\/nl\/services\/\" \/>\n<meta property=\"og:site_name\" content=\"Filliers Distillery\" \/>\n<meta property=\"article:modified_time\" content=\"2020-12-01T16:46:40+00:00\" \/>\n<meta name=\"twitter:card\" content=\"summary_large_image\" \/>\n<script type=\"application\/ld+json\" class=\"yoast-schema-graph\">{\"@context\":\"https:\/\/schema.org\",\"@graph\":[{\"@type\":\"Organization\",\"@id\":\"https:\/\/filliersdistillery.com\/nl\/#organization\",\"name\":\"Filliers Distillery\",\"url\":\"https:\/\/filliersdistillery.com\/nl\/\",\"sameAs\":[],\"logo\":{\"@type\":\"ImageObject\",\"@id\":\"https:\/\/filliersdistillery.com\/nl\/#logo\",\"inLanguage\":\"nl-NL\",\"url\":\"https:\/\/filliersdistillery.com\/wp-content\/uploads\/2024\/01\/FILLIERSDISTILLERY_black_CMYK.png\",\"width\":2363,\"height\":1182,\"caption\":\"Filliers Distillery\"},\"image\":{\"@id\":\"https:\/\/filliersdistillery.com\/nl\/#logo\"}},{\"@type\":\"WebSite\",\"@id\":\"https:\/\/filliersdistillery.com\/nl\/#website\",\"url\":\"https:\/\/filliersdistillery.com\/nl\/\",\"name\":\"Filliers Distillery\",\"description\":\"Filliers Distillery\",\"publisher\":{\"@id\":\"https:\/\/filliersdistillery.com\/nl\/#organization\"},\"potentialAction\":[{\"@type\":\"SearchAction\",\"target\":\"https:\/\/filliersdistillery.com\/nl\/?s={search_term_string}\",\"query-input\":\"required name=search_term_string\"}],\"inLanguage\":\"nl-NL\"},{\"@type\":\"WebPage\",\"@id\":\"http:\/\/filliers.wpengine.com\/nl\/services\/#webpage\",\"url\":\"http:\/\/filliers.wpengine.com\/nl\/services\/\",\"name\":\"Services | Filliers Distillery\",\"isPartOf\":{\"@id\":\"https:\/\/filliersdistillery.com\/nl\/#website\"},\"datePublished\":\"2020-08-24T12:53:15+00:00\",\"dateModified\":\"2020-12-01T16:46:40+00:00\",\"breadcrumb\":{\"@id\":\"http:\/\/filliers.wpengine.com\/nl\/services\/#breadcrumb\"},\"inLanguage\":\"nl-NL\",\"potentialAction\":[{\"@type\":\"ReadAction\",\"target\":[\"http:\/\/filliers.wpengine.com\/nl\/services\/\"]}]},{\"@type\":\"BreadcrumbList\",\"@id\":\"http:\/\/filliers.wpengine.com\/nl\/services\/#breadcrumb\",\"itemListElement\":[{\"@type\":\"ListItem\",\"position\":1,\"item\":{\"@type\":\"WebPage\",\"@id\":\"https:\/\/filliersdistillery.com\/nl\/professionals\/\",\"url\":\"https:\/\/filliersdistillery.com\/nl\/professionals\/\",\"name\":\"Professionals\"}},{\"@type\":\"ListItem\",\"position\":2,\"item\":{\"@type\":\"WebPage\",\"@id\":\"http:\/\/filliers.wpengine.com\/nl\/services\/\",\"url\":\"http:\/\/filliers.wpengine.com\/nl\/services\/\",\"name\":\"Services\"}}]}]}<\/script>\n<!-- \/ Yoast SEO plugin. -->","_links":{"self":[{"href":"https:\/\/filliersdistillery.com\/nl\/wp-json\/wp\/v2\/pages\/808","targetHints":{"allow":["GET"]}}],"collection":[{"href":"https:\/\/filliersdistillery.com\/nl\/wp-json\/wp\/v2\/pages"}],"about":[{"href":"https:\/\/filliersdistillery.com\/nl\/wp-json\/wp\/v2\/types\/page"}],"author":[{"embeddable":true,"href":"https:\/\/filliersdistillery.com\/nl\/wp-json\/wp\/v2\/users\/4"}],"replies":[{"embeddable":true,"href":"https:\/\/filliersdistillery.com\/nl\/wp-json\/wp\/v2\/comments?post=808"}],"version-history":[{"count":0,"href":"https:\/\/filliersdistillery.com\/nl\/wp-json\/wp\/v2\/pages\/808\/revisions"}],"up":[{"embeddable":true,"href":"https:\/\/filliersdistillery.com\/nl\/wp-json\/wp\/v2\/pages\/737"}],"wp:attachment":[{"href":"https:\/\/filliersdistillery.com\/nl\/wp-json\/wp\/v2\/media?parent=808"}],"curies":[{"name":"wp","href":"https:\/\/api.w.org\/{rel}","templated":true}]}}